{"id":10381,"date":"2025-04-16T12:25:42","date_gmt":"2025-04-16T12:25:42","guid":{"rendered":"https:\/\/whitelip.com\/killa-double-mint-large-portion-xxl\/"},"modified":"2026-05-09T10:11:09","modified_gmt":"2026-05-09T10:11:09","slug":"killa-double-mint-large-portion-xxl","status":"publish","type":"product","link":"https:\/\/whitelip.com\/tr\/killa\/killa-double-mint-large-portion-xxl\/","title":{"rendered":"KILLA Double Mint Large Portion XXL"},"content":{"rendered":"<h2><strong>KILLA Double Mint Large Portion XXL<\/strong><\/h2>\n<p class=\"\" data-start=\"100\" data-end=\"587\">KILLA Double Mint Large Portion XXL, pepermint ve spearmint'in cesur ve buzlu bir f\u00fczyonunu sunarak \u00e7ift nane i\u00e7in \u00e7ift tazelik sunar. Deneyimli kullan\u0131c\u0131lar i\u00e7in tasarlanan bu t\u00fct\u00fcns\u00fcz po\u015fetler, aroma sal\u0131n\u0131m\u0131n\u0131 iyile\u015ftiren ve raf \u00f6mr\u00fcn\u00fc uzatan b\u00fcy\u00fck, kuru porsiyon format\u0131nda g\u00fc\u00e7l\u00fc bir nikotin vuru\u015fu paklar. Kutu ba\u015f\u0131na 30 po\u015fetle, bu XXL s\u00fcr\u00fcm\u00fc, her po\u015fette yo\u011fun nane aromas\u0131 ve g\u00fc\u00e7l\u00fc performans\u0131 arayan yo\u011fun nikotin tatmin edenleri i\u00e7in uzun s\u00fcreli tatmin sa\u011flar.<\/p>\n<table>\n<tbody>\n<tr>\n<td><b>Attribute<\/b><\/td>\n<td><b>Ayr\u0131nt\u0131lar<\/b><\/td>\n<\/tr>\n<tr>\n<td><b>10g (20 po\u015fet)<\/b><\/td>\n<td><span style=\"font-weight: 400;\">24g (30 po\u015fet)<\/span><\/td>\n<\/tr>\n<tr>\n<td><b>Nikotin i\u00e7eri\u011fi<\/b><\/td>\n<td><span style=\"font-weight: 400;\">16 mg\/g (po\u015fet ba\u015f\u0131na 12,8 mg)<\/span><\/td>\n<\/tr>\n<tr>\n<td><b>Po\u015fet format\u0131<\/b><\/td>\n<td><span style=\"font-weight: 400;\">Large Dry Portion<\/span><\/td>\n<\/tr>\n<tr>\n<td><b>\u00dcretici<\/b><\/td>\n<td><span style=\"font-weight: 400;\">N.G.P. Empire<\/span><\/td>\n<\/tr>\n<tr>\n<td><b>Aroma<\/b><\/td>\n<td><span style=\"font-weight: 400;\">Double Mint (Pepermint &amp; Spearmint)<\/span><\/td>\n<\/tr>\n<tr>\n<td><b>T\u00fcr<\/b><\/td>\n<td><span style=\"font-weight: 400;\">T\u00fcm beyaz po\u015fet, t\u00fct\u00fcns\u00fcz<\/span><\/td>\n<\/tr>\n<\/tbody>\n<\/table>","protected":false},"excerpt":{"rendered":"<p>Keskin, buz so\u011fu\u011fu <strong data-start=\"16\" data-end=\"31\">Double Mint<\/strong> cesur nane-ve-menthol tekmeyle. <strong data-start=\"67\" data-end=\"88\">B\u00fcy\u00fck Porsiyon XXL<\/strong>, t\u00fct\u00fcns\u00fcz po\u015fetler uzun s\u00fcreli yo\u011funluk i\u00e7in duda\u011f\u0131n alt\u0131nda gizli bir \u015fekilde oturur; <strong data-start=\"168\" data-end=\"190\">kutu ba\u015f\u0131na 30 po\u015fet<\/strong>. Her po\u015fet i\u00e7erir <strong data-start=\"212\" data-end=\"232\">12,8 mg nikotin<\/strong>, g\u00fc\u00e7l\u00fc, tatmin edici bir yumruk sunar.<\/p>","protected":false},"featured_media":10382,"comment_status":"open","ping_status":"closed","template":"","format":[204],"meta":{"_acf_changed":false},"product_brand":[],"product_cat":[64],"product_tag":[16676],"flavours":[199],"nicotine":[213,232],"class_list":{"0":"post-10381","1":"product","2":"type-product","3":"status-publish","4":"has-post-thumbnail","6":"product_cat-killa","7":"product_tag-12-8-mg-pouch","8":"pa_quantity-1-pack","9":"pa_quantity-10-pack","10":"pa_quantity-3-pack","11":"pa_quantity-30-pack","12":"pa_quantity-5-pack","13":"pa_quantity-60-pack","14":"flavours-mint","15":"format-large","16":"nicotine-16-mg-g","17":"nicotine-extra-strong","19":"first","20":"outofstock","21":"taxable","22":"shipping-taxable","23":"purchasable","24":"product-type-variable","25":"has-default-attributes"},"acf":[],"_links":{"self":[{"href":"https:\/\/whitelip.com\/tr\/wp-json\/wp\/v2\/product\/10381","targetHints":{"allow":["GET"]}}],"collection":[{"href":"https:\/\/whitelip.com\/tr\/wp-json\/wp\/v2\/product"}],"about":[{"href":"https:\/\/whitelip.com\/tr\/wp-json\/wp\/v2\/types\/product"}],"replies":[{"embeddable":true,"href":"https:\/\/whitelip.com\/tr\/wp-json\/wp\/v2\/comments?post=10381"}],"wp:featuredmedia":[{"embeddable":true,"href":"https:\/\/whitelip.com\/tr\/wp-json\/wp\/v2\/media\/10382"}],"wp:attachment":[{"href":"https:\/\/whitelip.com\/tr\/wp-json\/wp\/v2\/media?parent=10381"}],"wp:term":[{"taxonomy":"product_brand","embeddable":true,"href":"https:\/\/whitelip.com\/tr\/wp-json\/wp\/v2\/product_brand?post=10381"},{"taxonomy":"product_cat","embeddable":true,"href":"https:\/\/whitelip.com\/tr\/wp-json\/wp\/v2\/product_cat?post=10381"},{"taxonomy":"product_tag","embeddable":true,"href":"https:\/\/whitelip.com\/tr\/wp-json\/wp\/v2\/product_tag?post=10381"},{"taxonomy":"flavours","embeddable":true,"href":"https:\/\/whitelip.com\/tr\/wp-json\/wp\/v2\/flavours?post=10381"},{"taxonomy":"format","embeddable":true,"href":"https:\/\/whitelip.com\/tr\/wp-json\/wp\/v2\/format?post=10381"},{"taxonomy":"nicotine","embeddable":true,"href":"https:\/\/whitelip.com\/tr\/wp-json\/wp\/v2\/nicotine?post=10381"}],"curies":[{"name":"wp","href":"https:\/\/api.w.org\/{rel}","templated":true}]}}