{"id":10366,"date":"2025-04-16T12:25:46","date_gmt":"2025-04-16T12:25:46","guid":{"rendered":"https:\/\/whitelip.com\/killa-gingerbread\/"},"modified":"2026-03-06T21:02:03","modified_gmt":"2026-03-06T21:02:03","slug":"killa-gingerbread","status":"publish","type":"product","link":"https:\/\/whitelip.com\/tr\/killa\/killa-gingerbread\/","title":{"rendered":"KILLA Gingerbread"},"content":{"rendered":"<h2><strong>KILLA Gingerbread<\/strong><\/h2>\n<p class=\"\" data-start=\"100\" data-end=\"587\">KILLA Gingerbread nikotin po\u015fetleri, s\u0131cak, baharatl\u0131 zencefil cevizi aromas\u0131 ile rutininize cesur bir d\u00f6n\u00fc\u015f getirir. Farkl\u0131 bir \u015fey isteyen ki\u015filer i\u00e7in m\u00fckemmel, bu po\u015fetler rahat tat\u0131l\u0131l\u0131\u011f\u0131 g\u00fc\u00e7l\u00fc bir nikotin etkisi ile birle\u015ftirir. T\u00fct\u00fcns\u00fcz ve dar format ile tasarland\u0131, nikotin po\u015fetlerini gizli ve aromal\u0131 bir \u015fekilde kullanman\u0131n yolu sunar. \u0130ster tatil mevsimi olsun ister sadece ba\u015fka bir g\u00fcn, KILLA Gingerbread rahatl\u0131k ve yo\u011funlu\u011fu bir benzersiz po\u015fette sunar.<\/p>\n<table>\n<tbody>\n<tr>\n<td><b>Attribute<\/b><\/td>\n<td><b>Ayr\u0131nt\u0131lar<\/b><\/td>\n<\/tr>\n<tr>\n<td><b>10g (20 po\u015fet)<\/b><\/td>\n<td><span style=\"font-weight: 400;\">16g (20 po\u015fet)<\/span><\/td>\n<\/tr>\n<tr>\n<td><b>Nikotin i\u00e7eri\u011fi<\/b><\/td>\n<td><span style=\"font-weight: 400;\">16 mg\/g (po\u015fet ba\u015f\u0131na 12,8 mg)<\/span><\/td>\n<\/tr>\n<tr>\n<td><b>Po\u015fet format\u0131<\/b><\/td>\n<td><span style=\"font-weight: 400;\">\u0130nce<\/span><\/td>\n<\/tr>\n<tr>\n<td><b>\u00dcretici<\/b><\/td>\n<td><span style=\"font-weight: 400;\">NGP Empire<\/span><\/td>\n<\/tr>\n<tr>\n<td><b>Aroma<\/b><\/td>\n<td><span style=\"font-weight: 400;\">Gingerbread<\/span><\/td>\n<\/tr>\n<tr>\n<td><b>T\u00fcr<\/b><\/td>\n<td><span style=\"font-weight: 400;\">T\u00fcm beyaz po\u015fet, t\u00fct\u00fcns\u00fcz<\/span><\/td>\n<\/tr>\n<\/tbody>\n<\/table>","protected":false},"excerpt":{"rendered":"<p>S\u0131cak, baharatl\u0131 <strong data-start=\"13\" data-end=\"28\">gingerbread<\/strong> rahat tat\u0131l\u0131l\u0131k ve bir <strong data-start=\"55\" data-end=\"79\">g\u00fc\u00e7l\u00fc nikotin etkisi<\/strong>. <strong data-start=\"81\" data-end=\"89\">\u0130nce<\/strong>, t\u00fct\u00fcns\u00fcz po\u015fetler temiz, aromal\u0131 kullan\u0131m i\u00e7in lip alt\u0131nda gizlice oturur. \u0130stedi\u011finiz zaman kesintisiz, mevsimsel bir d\u00f6n\u00fc\u015f i\u00e7in m\u00fckemmel.<\/p>","protected":false},"featured_media":10367,"comment_status":"open","ping_status":"closed","template":"","format":[206],"meta":{"_acf_changed":false},"product_brand":[],"product_cat":[64],"product_tag":[16676],"flavours":[197],"nicotine":[213,232],"class_list":{"0":"post-10366","1":"product","2":"type-product","3":"status-publish","4":"has-post-thumbnail","6":"product_cat-killa","7":"product_tag-12-8-mg-pouch","8":"pa_quantity-1-pack","9":"pa_quantity-10-pack","10":"pa_quantity-3-pack","11":"pa_quantity-30-pack","12":"pa_quantity-5-pack","13":"pa_quantity-60-pack","14":"flavours-ginger","15":"format-slim","16":"nicotine-16-mg-g","17":"nicotine-extra-strong","19":"first","20":"outofstock","21":"taxable","22":"shipping-taxable","23":"purchasable","24":"product-type-variable"},"acf":[],"_links":{"self":[{"href":"https:\/\/whitelip.com\/tr\/wp-json\/wp\/v2\/product\/10366","targetHints":{"allow":["GET"]}}],"collection":[{"href":"https:\/\/whitelip.com\/tr\/wp-json\/wp\/v2\/product"}],"about":[{"href":"https:\/\/whitelip.com\/tr\/wp-json\/wp\/v2\/types\/product"}],"replies":[{"embeddable":true,"href":"https:\/\/whitelip.com\/tr\/wp-json\/wp\/v2\/comments?post=10366"}],"wp:featuredmedia":[{"embeddable":true,"href":"https:\/\/whitelip.com\/tr\/wp-json\/wp\/v2\/media\/10367"}],"wp:attachment":[{"href":"https:\/\/whitelip.com\/tr\/wp-json\/wp\/v2\/media?parent=10366"}],"wp:term":[{"taxonomy":"product_brand","embeddable":true,"href":"https:\/\/whitelip.com\/tr\/wp-json\/wp\/v2\/product_brand?post=10366"},{"taxonomy":"product_cat","embeddable":true,"href":"https:\/\/whitelip.com\/tr\/wp-json\/wp\/v2\/product_cat?post=10366"},{"taxonomy":"product_tag","embeddable":true,"href":"https:\/\/whitelip.com\/tr\/wp-json\/wp\/v2\/product_tag?post=10366"},{"taxonomy":"flavours","embeddable":true,"href":"https:\/\/whitelip.com\/tr\/wp-json\/wp\/v2\/flavours?post=10366"},{"taxonomy":"format","embeddable":true,"href":"https:\/\/whitelip.com\/tr\/wp-json\/wp\/v2\/format?post=10366"},{"taxonomy":"nicotine","embeddable":true,"href":"https:\/\/whitelip.com\/tr\/wp-json\/wp\/v2\/nicotine?post=10366"}],"curies":[{"name":"wp","href":"https:\/\/api.w.org\/{rel}","templated":true}]}}