{"id":10335,"date":"2025-04-10T12:49:29","date_gmt":"2025-04-10T12:49:29","guid":{"rendered":"https:\/\/whitelip.com\/kelly-white-strawberry-lime-mini\/"},"modified":"2026-03-26T03:34:12","modified_gmt":"2026-03-26T03:34:12","slug":"kelly-white-strawberry-lime-mini","status":"publish","type":"product","link":"https:\/\/whitelip.com\/tr\/kelly-white\/kelly-white-strawberry-lime-mini\/","title":{"rendered":"KELLY WHITE Strawberry Lime Mini"},"content":{"rendered":"<h2><strong>KELLY WHITE Strawberry Lime Mini<\/strong><\/h2>\n<p>Kelly White Strawberry Lime Mini nikotin po\u015fetleri tatl\u0131 \u00e7ilek ve baharatl\u0131 limon tatlar\u0131n\u0131n canl\u0131 bir kombinasyonunu sunarak, p\u00fcr\u00fczs\u00fcz bir nikotin deneyimi ile dengelenir. Her mini-format po\u015fet 5 mg nikotin i\u00e7erir, d\u00fczenli kullan\u0131c\u0131lar i\u00e7in uygun tatmin edici ve lezzetli bir se\u00e7enek sunar. Po\u015fetler, di\u015fleri lekelemeden gizli kullan\u0131m i\u00e7in tasarlanm\u0131\u015f olup, hareket halindeyken keyif almak i\u00e7in m\u00fckemmeldir. \u0130sve\u00e7li bir \u00fcretici olan White Industries AB taraf\u0131ndan \u00fcretilen bu po\u015fetler, modern teknikleri geleneksel kalite ile birle\u015ftirmesiyle tan\u0131n\u0131r ve \u00fcst\u00fcn el sanatlar\u0131 ile cesur tat inovasyonunun temsilidir.<\/p>\n<table>\n<tbody>\n<tr>\n<th>Attribute<\/th>\n<th>Ayr\u0131nt\u0131lar<\/th>\n<\/tr>\n<tr>\n<td>10g (20 po\u015fet)<\/td>\n<td>8g (20 po\u015fet)<\/td>\n<\/tr>\n<tr>\n<td>Nikotin i\u00e7eri\u011fi<\/td>\n<td>po\u015fet ba\u015f\u0131na 5 mg<\/td>\n<\/tr>\n<tr>\n<td>Po\u015fet format\u0131<\/td>\n<td>Mini<\/td>\n<\/tr>\n<tr>\n<td>\u00dcretici<\/td>\n<td>White Industries AB<\/td>\n<\/tr>\n<tr>\n<td>Aroma<\/td>\n<td>\u00c7ilek ve Limon<\/td>\n<\/tr>\n<tr>\n<td>T\u00fcr<\/td>\n<td>Tamamen beyaz po\u015fet<\/td>\n<\/tr>\n<\/tbody>\n<\/table>","protected":false},"excerpt":{"rendered":"<p>Canl\u0131, tatl\u0131 <strong data-start=\"15\" data-end=\"34\">\u00e7ilek limon<\/strong> baharatl\u0131 bir y\u00fckseli\u015fle. <strong data-start=\"54\" data-end=\"62\">Mini<\/strong> po\u015fetler dudak alt\u0131nda g\u00f6r\u00fcnmez \u015fekilde oturur ve di\u015fleri lekelemez. Her po\u015fet i\u00e7erir <strong data-start=\"143\" data-end=\"160\">5 mg nikotin<\/strong>, d\u00fczenli kullan\u0131c\u0131lar i\u00e7in tatmin edici, lezzetli bir deneyim sunarak. White Industries AB (\u0130sve\u00e7) taraf\u0131ndan \u00fcretilmi\u015ftir.<\/p>","protected":false},"featured_media":92079,"comment_status":"open","ping_status":"closed","template":"","format":[205],"meta":{"_acf_changed":false},"product_brand":[],"product_cat":[83],"product_tag":[16565],"flavours":[196],"nicotine":[209,236],"class_list":{"0":"post-10335","1":"product","2":"type-product","3":"status-publish","4":"has-post-thumbnail","6":"product_cat-kelly-white","7":"product_tag-5-mg-pouch","8":"pa_quantity-1-pack","9":"pa_quantity-10-pack","10":"pa_quantity-3-pack","11":"pa_quantity-30-pack","12":"pa_quantity-5-pack","13":"pa_quantity-60-pack","14":"flavours-fruits-berries","15":"format-mini","16":"nicotine-12-mg-g","17":"nicotine-strong","19":"first","20":"outofstock","21":"taxable","22":"shipping-taxable","23":"purchasable","24":"product-type-variable","25":"has-default-attributes"},"acf":[],"_links":{"self":[{"href":"https:\/\/whitelip.com\/tr\/wp-json\/wp\/v2\/product\/10335","targetHints":{"allow":["GET"]}}],"collection":[{"href":"https:\/\/whitelip.com\/tr\/wp-json\/wp\/v2\/product"}],"about":[{"href":"https:\/\/whitelip.com\/tr\/wp-json\/wp\/v2\/types\/product"}],"replies":[{"embeddable":true,"href":"https:\/\/whitelip.com\/tr\/wp-json\/wp\/v2\/comments?post=10335"}],"wp:featuredmedia":[{"embeddable":true,"href":"https:\/\/whitelip.com\/tr\/wp-json\/wp\/v2\/media\/92079"}],"wp:attachment":[{"href":"https:\/\/whitelip.com\/tr\/wp-json\/wp\/v2\/media?parent=10335"}],"wp:term":[{"taxonomy":"product_brand","embeddable":true,"href":"https:\/\/whitelip.com\/tr\/wp-json\/wp\/v2\/product_brand?post=10335"},{"taxonomy":"product_cat","embeddable":true,"href":"https:\/\/whitelip.com\/tr\/wp-json\/wp\/v2\/product_cat?post=10335"},{"taxonomy":"product_tag","embeddable":true,"href":"https:\/\/whitelip.com\/tr\/wp-json\/wp\/v2\/product_tag?post=10335"},{"taxonomy":"flavours","embeddable":true,"href":"https:\/\/whitelip.com\/tr\/wp-json\/wp\/v2\/flavours?post=10335"},{"taxonomy":"format","embeddable":true,"href":"https:\/\/whitelip.com\/tr\/wp-json\/wp\/v2\/format?post=10335"},{"taxonomy":"nicotine","embeddable":true,"href":"https:\/\/whitelip.com\/tr\/wp-json\/wp\/v2\/nicotine?post=10335"}],"curies":[{"name":"wp","href":"https:\/\/api.w.org\/{rel}","templated":true}]}}