{"id":10305,"date":"2025-04-08T11:30:04","date_gmt":"2025-04-08T11:30:04","guid":{"rendered":"https:\/\/whitelip.com\/apres-lemon-curd-hyper-strong\/"},"modified":"2026-05-07T10:11:32","modified_gmt":"2026-05-07T10:11:32","slug":"apres-lemon-curd-hyper-strong","status":"publish","type":"product","link":"https:\/\/whitelip.com\/tr\/apres\/apres-lemon-curd-hyper-strong\/","title":{"rendered":"APR\u00c8S Lemon Curd Hyp\u00e8r Strong"},"content":{"rendered":"<h2><strong>APR\u00c8S Lemon Curd Hyp\u00e8r Strong<\/strong><\/h2>\n<p><span style=\"font-weight: 400;\">APR\u00c8S Lemon Curd Hyp\u00e8r Strong nikotin po\u015fetleri, klasik limon re\u00e7eli an\u0131msatan tatl\u0131 ve ek\u015fi limon tad\u0131 sunar. Her ince, tamamen beyaz po\u015fet 11 mg nikotin i\u00e7erir ve deneyimli kullan\u0131c\u0131lar i\u00e7in uygun sa\u011flam bir his sa\u011flar. Ayr\u0131k tasar\u0131m, duda\u011f\u0131n alt\u0131nda rahat bir oturum sa\u011flayarak hi\u00e7bir zaman di\u015fleri boyamadan kullan\u0131labilir. APR\u00c8S Nicotine AB taraf\u0131ndan \u00fcretilen bu t\u00fct\u00fcns\u00fcz po\u015fetler y\u00fcksek kalite standartlar\u0131 ve yenilik\u00e7i tat kombinasyonlar\u0131n\u0131 \u00f6rneklendirir.<\/span><\/p>\n<table>\n<tbody>\n<tr>\n<td><b>Attribute<\/b><\/td>\n<td><b>Ayr\u0131nt\u0131lar<\/b><\/td>\n<\/tr>\n<tr>\n<td><b>10g (20 po\u015fet)<\/b><\/td>\n<td><span style=\"font-weight: 400;\">11g (20 po\u015fet)<\/span><\/td>\n<\/tr>\n<tr>\n<td><b>Nikotin i\u00e7eri\u011fi<\/b><\/td>\n<td><span style=\"font-weight: 400;\">20 mg\/g (pou\u00e7 ba\u015f\u0131na 11 mg)<\/span><\/td>\n<\/tr>\n<tr>\n<td><b>Po\u015fet format\u0131<\/b><\/td>\n<td><span style=\"font-weight: 400;\">\u0130nce<\/span><\/td>\n<\/tr>\n<tr>\n<td><b>\u00dcretici<\/b><\/td>\n<td><span style=\"font-weight: 400;\">APR\u00c8S Nicotine AB<\/span><\/td>\n<\/tr>\n<tr>\n<td><b>Aroma<\/b><\/td>\n<td><span style=\"font-weight: 400;\">Lemon Curd<\/span><\/td>\n<\/tr>\n<tr>\n<td><b>T\u00fcr<\/b><\/td>\n<td><span style=\"font-weight: 400;\">Tamamen beyaz po\u015fet<\/span><\/td>\n<\/tr>\n<\/tbody>\n<\/table>\n<p>\u00a0<\/p>","protected":false},"excerpt":{"rendered":"<p>Tatl\u0131, ek\u015fi <strong data-start=\"13\" data-end=\"27\">lemon curd<\/strong> parlak, tatl\u0131 benzeri sitrus etkisi i\u00e7in. <strong data-start=\"71\" data-end=\"90\">tamamen beyaz po\u015fetler duda\u011f\u0131n alt\u0131nda gizli ve rahat bir \u015fekilde oturur, leke olmadan istedi\u011finiz zaman kullan\u0131labilir. Her po\u015fet i\u00e7erir <\/strong>tamamen beyaz po\u015fetler duda\u011f\u0131n alt\u0131nda gizli ve rahat oturur, temiz, her zaman kullan\u0131m i\u00e7in. Her po\u015fet <strong data-start=\"188\" data-end=\"206\">11 mg nikotin<\/strong>, APR\u00c8S Nikotin AB'den g\u00fc\u00e7l\u00fc bir Hyp\u00e8r G\u00fc\u00e7l\u00fc deneyimi sunarak.<\/p>","protected":false},"featured_media":10306,"comment_status":"open","ping_status":"closed","template":"","format":[206],"meta":{"_acf_changed":false},"product_brand":[],"product_cat":[41],"product_tag":[16551],"flavours":[190],"nicotine":[218,232],"class_list":{"0":"post-10305","1":"product","2":"type-product","3":"status-publish","4":"has-post-thumbnail","6":"product_cat-apres","7":"product_tag-11-mg-pouch","8":"pa_quantity-1-pack","9":"pa_quantity-10-pack","10":"pa_quantity-3-pack","11":"pa_quantity-30-pack","12":"pa_quantity-5-pack","13":"pa_quantity-60-pack","14":"flavours-citrus","15":"format-slim","16":"nicotine-20-mg-g","17":"nicotine-extra-strong","19":"first","20":"outofstock","21":"taxable","22":"shipping-taxable","23":"purchasable","24":"product-type-variable"},"acf":[],"_links":{"self":[{"href":"https:\/\/whitelip.com\/tr\/wp-json\/wp\/v2\/product\/10305","targetHints":{"allow":["GET"]}}],"collection":[{"href":"https:\/\/whitelip.com\/tr\/wp-json\/wp\/v2\/product"}],"about":[{"href":"https:\/\/whitelip.com\/tr\/wp-json\/wp\/v2\/types\/product"}],"replies":[{"embeddable":true,"href":"https:\/\/whitelip.com\/tr\/wp-json\/wp\/v2\/comments?post=10305"}],"wp:featuredmedia":[{"embeddable":true,"href":"https:\/\/whitelip.com\/tr\/wp-json\/wp\/v2\/media\/10306"}],"wp:attachment":[{"href":"https:\/\/whitelip.com\/tr\/wp-json\/wp\/v2\/media?parent=10305"}],"wp:term":[{"taxonomy":"product_brand","embeddable":true,"href":"https:\/\/whitelip.com\/tr\/wp-json\/wp\/v2\/product_brand?post=10305"},{"taxonomy":"product_cat","embeddable":true,"href":"https:\/\/whitelip.com\/tr\/wp-json\/wp\/v2\/product_cat?post=10305"},{"taxonomy":"product_tag","embeddable":true,"href":"https:\/\/whitelip.com\/tr\/wp-json\/wp\/v2\/product_tag?post=10305"},{"taxonomy":"flavours","embeddable":true,"href":"https:\/\/whitelip.com\/tr\/wp-json\/wp\/v2\/flavours?post=10305"},{"taxonomy":"format","embeddable":true,"href":"https:\/\/whitelip.com\/tr\/wp-json\/wp\/v2\/format?post=10305"},{"taxonomy":"nicotine","embeddable":true,"href":"https:\/\/whitelip.com\/tr\/wp-json\/wp\/v2\/nicotine?post=10305"}],"curies":[{"name":"wp","href":"https:\/\/api.w.org\/{rel}","templated":true}]}}