{"id":10240,"date":"2025-04-02T12:06:04","date_gmt":"2025-04-02T12:06:04","guid":{"rendered":"https:\/\/whitelip.com\/shogun-lemon-g\/"},"modified":"2026-03-10T09:29:09","modified_gmt":"2026-03-10T09:29:09","slug":"shogun-lemon-g","status":"publish","type":"product","link":"https:\/\/whitelip.com\/tr\/shogun\/shogun-lemon-g\/","title":{"rendered":"SHOGUN Limon-G"},"content":{"rendered":"<h2><strong>SHOGUN Limon-G<\/strong><\/h2>\n<div class=\"x_elementToProof\" data-ogsc=\"rgb(0, 0, 0)\" data-olk-copy-source=\"MessageBody\">Tatl\u0131, ek\u015fi ve kesinlikle ferah\u2014Lemon-G tamamen bir ruh hali. Limonotu'nun cesur tad\u0131 tropikal tatl\u0131l\u0131\u011f\u0131 sitruslu bir keskinlikle harmanlar, ayn\u0131 zamanda ekstra so\u011futma hissi dudaklar\u0131 kar\u0131ncaland\u0131ran bir deneyim i\u00e7in ba\u015flar. Bu ince, nemli 0,6g po\u015fet sadece bir nikotin dozaj\u0131 de\u011fildir\u2014bu bir tat maceras\u0131d\u0131r. 15 mg\/g nikotin (po\u015fet ba\u015f\u0131na 9 mg) ile daha g\u00fc\u00e7l\u00fc bir buzz isteyenler i\u00e7in biraz daha fazla vuru\u015f var. Sitruslu bir c\u0131z\u0131rt\u0131 ile ferah bir b\u00fck\u00fclme yapmas\u0131n\u0131 sevenlere m\u00fckemmel.<\/div>\n<table>\n<tbody>\n<tr>\n<td><b>Attribute<\/b><\/td>\n<td><b>Ayr\u0131nt\u0131lar<\/b><\/td>\n<\/tr>\n<tr>\n<td><b>10g (20 po\u015fet)<\/b><\/td>\n<td>15g\/g (20 po\u015fet)<\/td>\n<\/tr>\n<tr>\n<td><b>Nikotin i\u00e7eri\u011fi<\/b><\/td>\n<td>15 mg\/g (po\u015fet ba\u015f\u0131na 9 mg)<\/td>\n<\/tr>\n<tr>\n<td><b>Po\u015fet format\u0131<\/b><\/td>\n<td>\u0130nce<\/td>\n<\/tr>\n<tr>\n<td><b>\u00dcretici<\/b><\/td>\n<td>Wizax Sp. z o.o<\/td>\n<\/tr>\n<tr>\n<td><b>Aroma<\/b><\/td>\n<td>Limon<\/td>\n<\/tr>\n<tr>\n<td><b>T\u00fcr<\/b><\/td>\n<td>Nikotin po\u015feti<\/td>\n<\/tr>\n<\/tbody>\n<\/table>","protected":false},"excerpt":{"rendered":"<div class=\"relative my-1 min-h-6\">\n<div class=\"relative flex origin-top-left flex-col gap-2 overflow-x-clip\">\n<div class=\"relative w-full text-start\">\n<div class=\"flex w-full flex-col items-start justify-between text-start flex-row\">Lemon-G nikotin po\u015fetleri cesur, ferah <strong data-start=\"52\" data-end=\"73\">Limonotu Sitrus<\/strong> tad\u0131 ekstra so\u011futma vuru\u015fu ile sunar. <strong data-start=\"109\" data-end=\"117\">\u0130nce<\/strong>, nemli 0,6 g format p\u00fcr\u00fczs\u00fcz, rahat kullan\u0131m i\u00e7in. Her po\u015fet i\u00e7erir <strong data-start=\"187\" data-end=\"204\">9 mg nikotin<\/strong> (15 mg\/g). Daha g\u00fc\u00e7l\u00fc bir buzz isteyenler i\u00e7in ac\u0131 bir se\u00e7im.<\/div>\n<\/div>\n<\/div>\n<\/div>","protected":false},"featured_media":10241,"comment_status":"open","ping_status":"closed","template":"","format":[206],"meta":{"_acf_changed":false},"product_brand":[],"product_cat":[105],"product_tag":[16563],"flavours":[190],"nicotine":[212,232],"class_list":{"0":"post-10240","1":"product","2":"type-product","3":"status-publish","4":"has-post-thumbnail","6":"product_cat-shogun","7":"product_tag-9-mg-pouch","8":"pa_quantity-1-pack","9":"pa_quantity-10-pack","10":"pa_quantity-3-pack","11":"pa_quantity-30-pack","12":"pa_quantity-5-pack","13":"pa_quantity-60-pack","14":"flavours-citrus","15":"format-slim","16":"nicotine-15-mg-g","17":"nicotine-extra-strong","19":"first","20":"outofstock","21":"taxable","22":"shipping-taxable","23":"purchasable","24":"product-type-variable","25":"has-default-attributes"},"acf":[],"_links":{"self":[{"href":"https:\/\/whitelip.com\/tr\/wp-json\/wp\/v2\/product\/10240","targetHints":{"allow":["GET"]}}],"collection":[{"href":"https:\/\/whitelip.com\/tr\/wp-json\/wp\/v2\/product"}],"about":[{"href":"https:\/\/whitelip.com\/tr\/wp-json\/wp\/v2\/types\/product"}],"replies":[{"embeddable":true,"href":"https:\/\/whitelip.com\/tr\/wp-json\/wp\/v2\/comments?post=10240"}],"wp:featuredmedia":[{"embeddable":true,"href":"https:\/\/whitelip.com\/tr\/wp-json\/wp\/v2\/media\/10241"}],"wp:attachment":[{"href":"https:\/\/whitelip.com\/tr\/wp-json\/wp\/v2\/media?parent=10240"}],"wp:term":[{"taxonomy":"product_brand","embeddable":true,"href":"https:\/\/whitelip.com\/tr\/wp-json\/wp\/v2\/product_brand?post=10240"},{"taxonomy":"product_cat","embeddable":true,"href":"https:\/\/whitelip.com\/tr\/wp-json\/wp\/v2\/product_cat?post=10240"},{"taxonomy":"product_tag","embeddable":true,"href":"https:\/\/whitelip.com\/tr\/wp-json\/wp\/v2\/product_tag?post=10240"},{"taxonomy":"flavours","embeddable":true,"href":"https:\/\/whitelip.com\/tr\/wp-json\/wp\/v2\/flavours?post=10240"},{"taxonomy":"format","embeddable":true,"href":"https:\/\/whitelip.com\/tr\/wp-json\/wp\/v2\/format?post=10240"},{"taxonomy":"nicotine","embeddable":true,"href":"https:\/\/whitelip.com\/tr\/wp-json\/wp\/v2\/nicotine?post=10240"}],"curies":[{"name":"wp","href":"https:\/\/api.w.org\/{rel}","templated":true}]}}