{"id":10215,"date":"2025-03-31T11:32:48","date_gmt":"2025-03-31T11:32:48","guid":{"rendered":"https:\/\/whitelip.com\/iceberg-strawberry-mango-gum-extreme\/"},"modified":"2026-05-11T10:11:37","modified_gmt":"2026-05-11T10:11:37","slug":"iceberg-strawberry-mango-gum-extreme","status":"publish","type":"product","link":"https:\/\/whitelip.com\/tr\/iceberg\/iceberg-strawberry-mango-gum-extreme\/","title":{"rendered":"ICEBERG Strawberry Mango Gum Extreme"},"content":{"rendered":"<h2><strong>ICEBERG Strawberry Mango Gum Extreme<\/strong><\/h2>\n<p class=\"\" data-start=\"95\" data-end=\"773\">ICEBERG \u00c7ilek Mango Sak\u0131z Extreme nikotin po\u015fetleri, olgun \u00e7ileklerin sulu tatl\u0131l\u0131\u011f\u0131n\u0131 tropikal mango ve nostaljik sak\u0131z twist'i ile birle\u015ftirerek, canl\u0131 ve \u015feker benzeri bir lezzet patlamas\u0131 yarat\u0131r. Her dar formatl\u0131 po\u015fet gram ba\u015f\u0131na 50 mg nikotin i\u00e7erir; po\u015fet ba\u015f\u0131na yakla\u015f\u0131k 35 mg, g\u00fc\u00e7l\u00fc ve aromal\u0131 bir nikotin vurmas\u0131 arayan deneyimli kullan\u0131c\u0131lar i\u00e7in m\u00fckemmel. Duda\u011f\u0131n alt\u0131nda g\u00f6zle g\u00f6r\u00fclmez kullan\u0131m i\u00e7in tasarlanm\u0131\u015f ve di\u015f lekelendirmez, hareket halindeki tatminli anlar i\u00e7in idealdir. Polonya \u00fcreticisi Neoptolem taraf\u0131ndan \u00fcretilen bu t\u00fct\u00fcns\u00fcz po\u015fetler, modern yenili\u011fi geleneksel kaliteyle birle\u015ftirerek, a\u015f\u0131r\u0131 g\u00fcc\u00fc e\u011flenceli, meyveli bir tasar\u0131mla sunar.<\/p>\n<table>\n<tbody>\n<tr>\n<td><b>Attribute<\/b><\/td>\n<td><b>Ayr\u0131nt\u0131lar<\/b><\/td>\n<\/tr>\n<tr>\n<td><b>10g (20 po\u015fet)<\/b><\/td>\n<td><span style=\"font-weight: 400;\">13g (20 po\u015fet)<\/span><\/td>\n<\/tr>\n<tr>\n<td><b>Nikotin i\u00e7eri\u011fi<\/b><\/td>\n<td><span style=\"font-weight: 400;\">50 mg\/g (po\u015fet ba\u015f\u0131na 35 mg)<\/span><\/td>\n<\/tr>\n<tr>\n<td><b>Po\u015fet format\u0131<\/b><\/td>\n<td><span style=\"font-weight: 400;\">\u0130nce<\/span><\/td>\n<\/tr>\n<tr>\n<td><b>\u00dcretici<\/b><\/td>\n<td><span style=\"font-weight: 400;\">Neoptolem<\/span><\/td>\n<\/tr>\n<tr>\n<td><b>Aroma<\/b><\/td>\n<td>Strawberry Mango Gum<\/td>\n<\/tr>\n<tr>\n<td><b>T\u00fcr<\/b><\/td>\n<td><span style=\"font-weight: 400;\">Tamamen beyaz po\u015fet<\/span><\/td>\n<\/tr>\n<\/tbody>\n<\/table>\n<p>\u00a0<\/p>","protected":false},"excerpt":{"rendered":"<p>ICEBERG Strawberry Mango Gum: <strong data-start=\"30\" data-end=\"82\">olgun \u00e7ilek, tropikal mango, sak\u0131z twist<\/strong> canl\u0131, \u015feker benzeri bir profil i\u00e7in. <strong data-start=\"118\" data-end=\"126\">\u0130nce<\/strong> tamamen beyaz po\u015fetler duda\u011f\u0131n alt\u0131nda g\u00f6zle g\u00f6r\u00fclmez bir \u015fekilde oturur ve leke olu\u015fturmaz. 50 mg\/g \u015fiddetinde Extreme g\u00fcc\u00fc; her po\u015fet i\u00e7erir ~<strong>35 mg nikotin<\/strong>. T\u00fct\u00fcns\u00fcz ve g\u00fc\u00e7l\u00fc, hareket halinde tatmin i\u00e7in ideal. Polonya'da Neoptolem taraf\u0131ndan \u00fcretilmi\u015ftir.<\/p>","protected":false},"featured_media":10216,"comment_status":"open","ping_status":"closed","template":"","format":[206],"meta":{"_acf_changed":false},"product_brand":[],"product_cat":[50],"product_tag":[16603],"flavours":[196],"nicotine":[226,233],"class_list":{"0":"post-10215","1":"product","2":"type-product","3":"status-publish","4":"has-post-thumbnail","6":"product_cat-iceberg","7":"product_tag-35-mg-pouch","8":"pa_quantity-1-pack","9":"pa_quantity-10-pack","10":"pa_quantity-3-pack","11":"pa_quantity-30-pack","12":"pa_quantity-5-pack","13":"pa_quantity-60-pack","14":"flavours-fruits-berries","15":"format-slim","16":"nicotine-50-mg-g","17":"nicotine-extreme","19":"first","20":"instock","21":"taxable","22":"shipping-taxable","23":"purchasable","24":"product-type-variable","25":"has-default-attributes"},"acf":[],"_links":{"self":[{"href":"https:\/\/whitelip.com\/tr\/wp-json\/wp\/v2\/product\/10215","targetHints":{"allow":["GET"]}}],"collection":[{"href":"https:\/\/whitelip.com\/tr\/wp-json\/wp\/v2\/product"}],"about":[{"href":"https:\/\/whitelip.com\/tr\/wp-json\/wp\/v2\/types\/product"}],"replies":[{"embeddable":true,"href":"https:\/\/whitelip.com\/tr\/wp-json\/wp\/v2\/comments?post=10215"}],"wp:featuredmedia":[{"embeddable":true,"href":"https:\/\/whitelip.com\/tr\/wp-json\/wp\/v2\/media\/10216"}],"wp:attachment":[{"href":"https:\/\/whitelip.com\/tr\/wp-json\/wp\/v2\/media?parent=10215"}],"wp:term":[{"taxonomy":"product_brand","embeddable":true,"href":"https:\/\/whitelip.com\/tr\/wp-json\/wp\/v2\/product_brand?post=10215"},{"taxonomy":"product_cat","embeddable":true,"href":"https:\/\/whitelip.com\/tr\/wp-json\/wp\/v2\/product_cat?post=10215"},{"taxonomy":"product_tag","embeddable":true,"href":"https:\/\/whitelip.com\/tr\/wp-json\/wp\/v2\/product_tag?post=10215"},{"taxonomy":"flavours","embeddable":true,"href":"https:\/\/whitelip.com\/tr\/wp-json\/wp\/v2\/flavours?post=10215"},{"taxonomy":"format","embeddable":true,"href":"https:\/\/whitelip.com\/tr\/wp-json\/wp\/v2\/format?post=10215"},{"taxonomy":"nicotine","embeddable":true,"href":"https:\/\/whitelip.com\/tr\/wp-json\/wp\/v2\/nicotine?post=10215"}],"curies":[{"name":"wp","href":"https:\/\/api.w.org\/{rel}","templated":true}]}}