{"id":10200,"date":"2025-03-31T11:25:22","date_gmt":"2025-03-31T11:25:22","guid":{"rendered":"https:\/\/whitelip.com\/iceberg-emerald-extreme\/"},"modified":"2026-04-18T17:42:35","modified_gmt":"2026-04-18T17:42:35","slug":"iceberg-emerald-extreme","status":"publish","type":"product","link":"https:\/\/whitelip.com\/tr\/iceberg\/iceberg-emerald-extreme\/","title":{"rendered":"ICEBERG Emerald Extreme"},"content":{"rendered":"<h2><strong>ICEBERG Emerald Extreme<\/strong><\/h2>\n<p class=\"\" data-start=\"83\" data-end=\"752\">ICEBERG Emerald Extreme nikotin po\u015fetleri, serin, minty bir \u00f6z ve hafif bitki alttonlar\u0131 ile frais ve serinletici bir lezzet sunarak temiz ve canland\u0131r\u0131c\u0131 bir deneyim sa\u011flar. Her ince formatl\u0131 po\u015fet gram ba\u015f\u0131na 50 mg nikotin i\u00e7erir\u2014po\u015fet ba\u015f\u0131na yakla\u015f\u0131k 35 mg\u2014g\u00fc\u00e7l\u00fc ve canland\u0131r\u0131c\u0131 nikotin hiti arayan deneyimli kullan\u0131c\u0131lar i\u00e7in tasarlanm\u0131\u015ft\u0131r. Di\u015fleri boyamadan duda\u011f\u0131n alt\u0131nda ayr\u0131k kullan\u0131m i\u00e7in tasarlanan bu po\u015fetler, her zaman her yerde kullan\u0131m i\u00e7in m\u00fckemmeldir. Modern yenili\u011fi geleneksel kalite ile harmonila\u015ft\u0131rmakla bilinir olan Polonyal \u00fcreticisi Neoptolem taraf\u0131ndan \u00fcretilen bu t\u00fct\u00fcns\u00fcz po\u015fetler, rafine lezzet ve a\u015f\u0131r\u0131 potans ile \u00f6ne \u00e7\u0131kmaktad\u0131r.<\/p>\n<table>\n<tbody>\n<tr>\n<td><b>Attribute<\/b><\/td>\n<td><b>Ayr\u0131nt\u0131lar<\/b><\/td>\n<\/tr>\n<tr>\n<td><b>10g (20 po\u015fet)<\/b><\/td>\n<td><span style=\"font-weight: 400;\">13g (20 po\u015fet)<\/span><\/td>\n<\/tr>\n<tr>\n<td><b>Nikotin i\u00e7eri\u011fi<\/b><\/td>\n<td><span style=\"font-weight: 400;\">50 mg\/g (po\u015fet ba\u015f\u0131na 35 mg)<\/span><\/td>\n<\/tr>\n<tr>\n<td><b>Po\u015fet format\u0131<\/b><\/td>\n<td><span style=\"font-weight: 400;\">\u0130nce<\/span><\/td>\n<\/tr>\n<tr>\n<td><b>\u00dcretici<\/b><\/td>\n<td><span style=\"font-weight: 400;\">Neoptolem<\/span><\/td>\n<\/tr>\n<tr>\n<td><b>Aroma<\/b><\/td>\n<td>Nane<\/td>\n<\/tr>\n<tr>\n<td><b>T\u00fcr<\/b><\/td>\n<td><span style=\"font-weight: 400;\">Tamamen beyaz po\u015fet<\/span><\/td>\n<\/tr>\n<\/tbody>\n<\/table>\n<p>\u00a0<\/p>","protected":false},"excerpt":{"rendered":"<p>ICEBERG Emerald crisp,<strong data-start=\"131\" data-end=\"187\"> serinletici nane <\/strong>hafif bitki alttonlar\u0131 ile temiz, serinletici bir deneyim i\u00e7in. <strong data-start=\"227\" data-end=\"235\">\u0130nce<\/strong> all-white po\u015fetler duda\u011f\u0131n alt\u0131nda diskrete olarak oturur ve di\u015fleri renklendirmez. 50 mg\/g'de Extreme g\u00fcc\u00fc; her po\u015fet i\u00e7erir <strong data-start=\"362\" data-end=\"381\">~35 mg nikotin<\/strong>. T\u00fct\u00fcns\u00fcz. Polonya'da Neoptolem taraf\u0131ndan \u00fcretilmi\u015ftir.<\/p>","protected":false},"featured_media":10201,"comment_status":"open","ping_status":"closed","template":"","format":[206],"meta":{"_acf_changed":false},"product_brand":[],"product_cat":[50],"product_tag":[16603],"flavours":[199],"nicotine":[226,233],"class_list":{"0":"post-10200","1":"product","2":"type-product","3":"status-publish","4":"has-post-thumbnail","6":"product_cat-iceberg","7":"product_tag-35-mg-pouch","8":"pa_quantity-1-pack","9":"pa_quantity-10-pack","10":"pa_quantity-3-pack","11":"pa_quantity-30-pack","12":"pa_quantity-5-pack","13":"pa_quantity-60-pack","14":"flavours-mint","15":"format-slim","16":"nicotine-50-mg-g","17":"nicotine-extreme","19":"first","20":"instock","21":"taxable","22":"shipping-taxable","23":"purchasable","24":"product-type-variable","25":"has-default-attributes"},"acf":[],"_links":{"self":[{"href":"https:\/\/whitelip.com\/tr\/wp-json\/wp\/v2\/product\/10200","targetHints":{"allow":["GET"]}}],"collection":[{"href":"https:\/\/whitelip.com\/tr\/wp-json\/wp\/v2\/product"}],"about":[{"href":"https:\/\/whitelip.com\/tr\/wp-json\/wp\/v2\/types\/product"}],"replies":[{"embeddable":true,"href":"https:\/\/whitelip.com\/tr\/wp-json\/wp\/v2\/comments?post=10200"}],"wp:featuredmedia":[{"embeddable":true,"href":"https:\/\/whitelip.com\/tr\/wp-json\/wp\/v2\/media\/10201"}],"wp:attachment":[{"href":"https:\/\/whitelip.com\/tr\/wp-json\/wp\/v2\/media?parent=10200"}],"wp:term":[{"taxonomy":"product_brand","embeddable":true,"href":"https:\/\/whitelip.com\/tr\/wp-json\/wp\/v2\/product_brand?post=10200"},{"taxonomy":"product_cat","embeddable":true,"href":"https:\/\/whitelip.com\/tr\/wp-json\/wp\/v2\/product_cat?post=10200"},{"taxonomy":"product_tag","embeddable":true,"href":"https:\/\/whitelip.com\/tr\/wp-json\/wp\/v2\/product_tag?post=10200"},{"taxonomy":"flavours","embeddable":true,"href":"https:\/\/whitelip.com\/tr\/wp-json\/wp\/v2\/flavours?post=10200"},{"taxonomy":"format","embeddable":true,"href":"https:\/\/whitelip.com\/tr\/wp-json\/wp\/v2\/format?post=10200"},{"taxonomy":"nicotine","embeddable":true,"href":"https:\/\/whitelip.com\/tr\/wp-json\/wp\/v2\/nicotine?post=10200"}],"curies":[{"name":"wp","href":"https:\/\/api.w.org\/{rel}","templated":true}]}}