{"id":10195,"date":"2025-03-31T11:23:02","date_gmt":"2025-03-31T11:23:02","guid":{"rendered":"https:\/\/whitelip.com\/iceberg-dragonfire-extreme\/"},"modified":"2026-05-09T10:11:08","modified_gmt":"2026-05-09T10:11:08","slug":"iceberg-dragonfire-extreme","status":"publish","type":"product","link":"https:\/\/whitelip.com\/tr\/iceberg\/iceberg-dragonfire-extreme\/","title":{"rendered":"ICEBERG Ejder\u00e7\u00f6p\u00e7\u00fc Extreme"},"content":{"rendered":"<h2><strong>ICEBERG Ejder\u00e7\u00f6p\u00e7\u00fc Extreme<\/strong><\/h2>\n<p class=\"\" data-start=\"85\" data-end=\"754\">ICEBERG Dragonfire Extreme nikotin po\u015fetleri, tropik meyve notalar\u0131 ve hafif baharatl\u0131 bir dokunu\u015f ile ate\u015fli ve egzotik bir lezzet kar\u0131\u015f\u0131m\u0131 sunarak duyular\u0131 ate\u015fler ve cesur, unutulmaz bir deneyim yarat\u0131r. Her ince formatl\u0131 po\u015fet gram ba\u015f\u0131na 50 mg nikotin i\u00e7erir\u2014po\u015fet ba\u015f\u0131na yakla\u015f\u0131k 35 mg\u2014yo\u011fun ve macal\u0131 nikotin hiti arayan deneyimli kullan\u0131c\u0131lar i\u00e7in tasarlanm\u0131\u015ft\u0131r. Di\u015fleri boyamadan duda\u011f\u0131n alt\u0131nda ayr\u0131k kullan\u0131m i\u00e7in tasarlanan bu po\u015fetler, g\u00fc\u00e7l\u00fc her yerde kullan\u0131m i\u00e7in idealdir. Keskin yenili\u011fi geleneksel kalite ile harmonila\u015ft\u0131rmakla bilinen Polonyal \u00fcreticisi Neoptolem taraf\u0131ndan \u00fcretilen bu t\u00fct\u00fcns\u00fcz po\u015fetler, patlay\u0131c\u0131 lezzet ve a\u015f\u0131r\u0131 g\u00fc\u00e7 sa\u011flar.<\/p>\n<table>\n<tbody>\n<tr>\n<td><b>Attribute<\/b><\/td>\n<td><b>Ayr\u0131nt\u0131lar<\/b><\/td>\n<\/tr>\n<tr>\n<td><b>10g (20 po\u015fet)<\/b><\/td>\n<td><span style=\"font-weight: 400;\">13g (20 po\u015fet)<\/span><\/td>\n<\/tr>\n<tr>\n<td><b>Nikotin i\u00e7eri\u011fi<\/b><\/td>\n<td><span style=\"font-weight: 400;\">50 mg\/g (po\u015fet ba\u015f\u0131na 35 mg)<\/span><\/td>\n<\/tr>\n<tr>\n<td><b>Po\u015fet format\u0131<\/b><\/td>\n<td><span style=\"font-weight: 400;\">\u0130nce<\/span><\/td>\n<\/tr>\n<tr>\n<td><b>\u00dcretici<\/b><\/td>\n<td><span style=\"font-weight: 400;\">Neoptolem<\/span><\/td>\n<\/tr>\n<tr>\n<td><b>Aroma<\/b><\/td>\n<td>Meyveler<\/td>\n<\/tr>\n<tr>\n<td><b>T\u00fcr<\/b><\/td>\n<td><span style=\"font-weight: 400;\">Tamamen beyaz po\u015fet<\/span><\/td>\n<\/tr>\n<\/tbody>\n<\/table>\n<p>\u00a0<\/p>","protected":false},"excerpt":{"rendered":"<p>ICEBERG Ejder\u00e7\u00f6p\u00e7\u00fc Ate\u015fli <strong>tropik meyve<\/strong> hafif baharatl\u0131 bir dokunu\u015f ile cesur, ak\u0131lda kal\u0131c\u0131 bir lezzet. <strong>\u0130nce<\/strong> t\u00fcm beyaz po\u015fetler duda\u011f\u0131n alt\u0131nda dikkat \u00e7ekmeden oturur ve di\u015fleri boyamaz. A\u015f\u0131r\u0131 g\u00fc\u00e7l\u00fc 50 mg\/g; her po\u015fet i\u00e7erir <strong data-start=\"212\" data-end=\"231\">~35 mg nikotin<\/strong>. T\u00fct\u00fcns\u00fcz ve g\u00fc\u00e7l\u00fc, her yerde kullan\u0131m i\u00e7in m\u00fckemmeldir. Neoptolem taraf\u0131ndan Polonya'da \u00fcretilmi\u015ftir.<\/p>","protected":false},"featured_media":10196,"comment_status":"open","ping_status":"closed","template":"","format":[206],"meta":{"_acf_changed":false},"product_brand":[],"product_cat":[50],"product_tag":[16603],"flavours":[196],"nicotine":[226,233],"class_list":{"0":"post-10195","1":"product","2":"type-product","3":"status-publish","4":"has-post-thumbnail","6":"product_cat-iceberg","7":"product_tag-35-mg-pouch","8":"pa_quantity-1-pack","9":"pa_quantity-10-pack","10":"pa_quantity-3-pack","11":"pa_quantity-30-pack","12":"pa_quantity-5-pack","13":"pa_quantity-60-pack","14":"flavours-fruits-berries","15":"format-slim","16":"nicotine-50-mg-g","17":"nicotine-extreme","19":"first","20":"instock","21":"taxable","22":"shipping-taxable","23":"purchasable","24":"product-type-variable","25":"has-default-attributes"},"acf":[],"_links":{"self":[{"href":"https:\/\/whitelip.com\/tr\/wp-json\/wp\/v2\/product\/10195","targetHints":{"allow":["GET"]}}],"collection":[{"href":"https:\/\/whitelip.com\/tr\/wp-json\/wp\/v2\/product"}],"about":[{"href":"https:\/\/whitelip.com\/tr\/wp-json\/wp\/v2\/types\/product"}],"replies":[{"embeddable":true,"href":"https:\/\/whitelip.com\/tr\/wp-json\/wp\/v2\/comments?post=10195"}],"wp:featuredmedia":[{"embeddable":true,"href":"https:\/\/whitelip.com\/tr\/wp-json\/wp\/v2\/media\/10196"}],"wp:attachment":[{"href":"https:\/\/whitelip.com\/tr\/wp-json\/wp\/v2\/media?parent=10195"}],"wp:term":[{"taxonomy":"product_brand","embeddable":true,"href":"https:\/\/whitelip.com\/tr\/wp-json\/wp\/v2\/product_brand?post=10195"},{"taxonomy":"product_cat","embeddable":true,"href":"https:\/\/whitelip.com\/tr\/wp-json\/wp\/v2\/product_cat?post=10195"},{"taxonomy":"product_tag","embeddable":true,"href":"https:\/\/whitelip.com\/tr\/wp-json\/wp\/v2\/product_tag?post=10195"},{"taxonomy":"flavours","embeddable":true,"href":"https:\/\/whitelip.com\/tr\/wp-json\/wp\/v2\/flavours?post=10195"},{"taxonomy":"format","embeddable":true,"href":"https:\/\/whitelip.com\/tr\/wp-json\/wp\/v2\/format?post=10195"},{"taxonomy":"nicotine","embeddable":true,"href":"https:\/\/whitelip.com\/tr\/wp-json\/wp\/v2\/nicotine?post=10195"}],"curies":[{"name":"wp","href":"https:\/\/api.w.org\/{rel}","templated":true}]}}