{"id":10190,"date":"2025-03-31T11:18:20","date_gmt":"2025-03-31T11:18:20","guid":{"rendered":"https:\/\/whitelip.com\/iceberg-crazy-mix-extreme\/"},"modified":"2026-05-11T10:11:37","modified_gmt":"2026-05-11T10:11:37","slug":"iceberg-crazy-mix-extreme","status":"publish","type":"product","link":"https:\/\/whitelip.com\/tr\/iceberg\/iceberg-crazy-mix-extreme\/","title":{"rendered":"ICEBERG \u00c7\u0131lg\u0131n Kar\u0131\u015f\u0131m Extreme"},"content":{"rendered":"<h2><strong>ICEBERG \u00c7\u0131lg\u0131n Kar\u0131\u015f\u0131m Extreme<\/strong><\/h2>\n<p class=\"\" data-start=\"85\" data-end=\"764\">ICEBERG Crazy Mix Extreme nikotin po\u015fetleri, cesur, tatl\u0131 ve ek\u015fi aromalar\u0131n vah\u015fi ve meyveli kar\u0131\u015f\u0131m\u0131n\u0131 sunarak her po\u015fetle benzersiz ve \u00f6ng\u00f6r\u00fclemeyen bir tat deneyimi yarat\u0131r. Her ince formatl\u0131 po\u015fet gram ba\u015f\u0131na 50 mg nikotin i\u00e7erir\u2014po\u015fet ba\u015f\u0131na yakla\u015f\u0131k 35 mg\u2014g\u00fc\u00e7l\u00fc nikotin hiti ve canl\u0131, kar\u0131\u015f\u0131k meyve lezzeti arayan deneyimli kullan\u0131c\u0131lar i\u00e7in tasarlanm\u0131\u015ft\u0131r. Di\u015fleri boyamadan duda\u011f\u0131n alt\u0131nda ayr\u0131k kullan\u0131m i\u00e7in tasarlanan bu po\u015fetler, her yerde kullan\u0131m i\u00e7in m\u00fckemmeldir. Polonyal \u00fcreticisi Neoptolem taraf\u0131ndan \u00fcretilen bu t\u00fct\u00fcns\u00fcz po\u015fetler, modern yenili\u011fi geleneksel kalite ile harmonila\u015ft\u0131rarak lezzet s\u0131n\u0131rlar\u0131n\u0131 itmeye \u00e7al\u0131\u015f\u0131rken a\u015f\u0131r\u0131 g\u00fc\u00e7 sa\u011flar.<\/p>\n<table>\n<tbody>\n<tr>\n<td><b>Attribute<\/b><\/td>\n<td><b>Ayr\u0131nt\u0131lar<\/b><\/td>\n<\/tr>\n<tr>\n<td><b>10g (20 po\u015fet)<\/b><\/td>\n<td><span style=\"font-weight: 400;\">13g (20 po\u015fet)<\/span><\/td>\n<\/tr>\n<tr>\n<td><b>Nikotin i\u00e7eri\u011fi<\/b><\/td>\n<td><span style=\"font-weight: 400;\">50 mg\/g (po\u015fet ba\u015f\u0131na 35 mg)<\/span><\/td>\n<\/tr>\n<tr>\n<td><b>Po\u015fet format\u0131<\/b><\/td>\n<td><span style=\"font-weight: 400;\">\u0130nce<\/span><\/td>\n<\/tr>\n<tr>\n<td><b>\u00dcretici<\/b><\/td>\n<td><span style=\"font-weight: 400;\">Neoptolem<\/span><\/td>\n<\/tr>\n<tr>\n<td><b>Aroma<\/b><\/td>\n<td>Meyveler<\/td>\n<\/tr>\n<tr>\n<td><b>T\u00fcr<\/b><\/td>\n<td><span style=\"font-weight: 400;\">Tamamen beyaz po\u015fet<\/span><\/td>\n<\/tr>\n<\/tbody>\n<\/table>\n<p>\u00a0<\/p>","protected":false},"excerpt":{"rendered":"<p>ICEBERG \u00c7\u0131lg\u0131n Kar\u0131\u015f\u0131m <strong data-start=\"18\" data-end=\"55\">vah\u015fi kar\u0131\u015f\u0131k meyve, <\/strong>tatl\u0131 ve ek\u015fi benzeri benzersiz, \u00f6ng\u00f6r\u00fclemeyen bir tat. <strong data-start=\"91\" data-end=\"99\">\u0130nce<\/strong> t\u00fcm beyaz po\u015fetler duda\u011f\u0131n alt\u0131nda dikkat \u00e7ekmeden oturur ve di\u015fleri boyamaz. A\u015f\u0131r\u0131 g\u00fc\u00e7l\u00fc 50 mg\/g; her po\u015fet i\u00e7erir <strong data-start=\"211\" data-end=\"230\">~35 mg nikotin<\/strong>. T\u00fct\u00fcns\u00fcz ve her yerde kullan\u0131m i\u00e7in idealdir. Neoptolem taraf\u0131ndan Polonya'da \u00fcretilmi\u015ftir.<\/p>","protected":false},"featured_media":3339,"comment_status":"open","ping_status":"closed","template":"","format":[206],"meta":{"_acf_changed":false},"product_brand":[],"product_cat":[50],"product_tag":[16603],"flavours":[196],"nicotine":[226,233],"class_list":{"0":"post-10190","1":"product","2":"type-product","3":"status-publish","4":"has-post-thumbnail","6":"product_cat-iceberg","7":"product_tag-35-mg-pouch","8":"pa_quantity-1-pack","9":"pa_quantity-10-pack","10":"pa_quantity-3-pack","11":"pa_quantity-30-pack","12":"pa_quantity-5-pack","13":"pa_quantity-60-pack","14":"flavours-fruits-berries","15":"format-slim","16":"nicotine-50-mg-g","17":"nicotine-extreme","19":"first","20":"instock","21":"taxable","22":"shipping-taxable","23":"purchasable","24":"product-type-variable","25":"has-default-attributes"},"acf":[],"_links":{"self":[{"href":"https:\/\/whitelip.com\/tr\/wp-json\/wp\/v2\/product\/10190","targetHints":{"allow":["GET"]}}],"collection":[{"href":"https:\/\/whitelip.com\/tr\/wp-json\/wp\/v2\/product"}],"about":[{"href":"https:\/\/whitelip.com\/tr\/wp-json\/wp\/v2\/types\/product"}],"replies":[{"embeddable":true,"href":"https:\/\/whitelip.com\/tr\/wp-json\/wp\/v2\/comments?post=10190"}],"wp:featuredmedia":[{"embeddable":true,"href":"https:\/\/whitelip.com\/tr\/wp-json\/wp\/v2\/media\/3339"}],"wp:attachment":[{"href":"https:\/\/whitelip.com\/tr\/wp-json\/wp\/v2\/media?parent=10190"}],"wp:term":[{"taxonomy":"product_brand","embeddable":true,"href":"https:\/\/whitelip.com\/tr\/wp-json\/wp\/v2\/product_brand?post=10190"},{"taxonomy":"product_cat","embeddable":true,"href":"https:\/\/whitelip.com\/tr\/wp-json\/wp\/v2\/product_cat?post=10190"},{"taxonomy":"product_tag","embeddable":true,"href":"https:\/\/whitelip.com\/tr\/wp-json\/wp\/v2\/product_tag?post=10190"},{"taxonomy":"flavours","embeddable":true,"href":"https:\/\/whitelip.com\/tr\/wp-json\/wp\/v2\/flavours?post=10190"},{"taxonomy":"format","embeddable":true,"href":"https:\/\/whitelip.com\/tr\/wp-json\/wp\/v2\/format?post=10190"},{"taxonomy":"nicotine","embeddable":true,"href":"https:\/\/whitelip.com\/tr\/wp-json\/wp\/v2\/nicotine?post=10190"}],"curies":[{"name":"wp","href":"https:\/\/api.w.org\/{rel}","templated":true}]}}