{"id":10165,"date":"2025-03-31T11:03:17","date_gmt":"2025-03-31T11:03:17","guid":{"rendered":"https:\/\/whitelip.com\/iceberg-mango-banana-extreme\/"},"modified":"2026-04-19T02:45:59","modified_gmt":"2026-04-19T02:45:59","slug":"iceberg-mango-banana-extreme","status":"publish","type":"product","link":"https:\/\/whitelip.com\/tr\/iceberg\/iceberg-mango-banana-extreme\/","title":{"rendered":"ICEBERG Mango Banana Extreme"},"content":{"rendered":"<h2><strong>ICEBERG Mango Banana Extreme<\/strong><\/h2>\n<p class=\"\" data-start=\"88\" data-end=\"734\">ICEBERG Mango Banana Extreme nikotin po\u015fetleri, sulu mango ve kremsi muz tropikal kar\u0131\u015f\u0131m\u0131 sunar ve d\u00fczg\u00fcn ancak yo\u011fun lezzetli bir deneyim sa\u011flar. Her ince format po\u015fet, gram ba\u015f\u0131na 50 mg nikotin i\u00e7erir\u2014po\u015fet ba\u015f\u0131na yakla\u015f\u0131k 35 mg\u2014egzotik tatli\u011f\u0131n yan\u0131nda g\u00fc\u00e7l\u00fc nikotin etkisi arayan deneyimli kullan\u0131c\u0131lar i\u00e7in tasarlanm\u0131\u015ft\u0131r. Po\u015fetler ayr\u0131k, duda\u011f\u0131n alt\u0131nda rahat ve di\u015fleri leklemez, istedi\u011finiz zaman her yerde kullan\u0131m i\u00e7in idealdir. Neoptolem taraf\u0131ndan \u00fcretilen ve modern teknikleri geleneksel kalite ile birle\u015ftirmesiyle bilinen Polonya \u00fcreticisinin bu t\u00fct\u00fcns\u00fcz po\u015fetleri, cesur tat ve y\u00fcksek performans\u0131 \u00f6rneklendirir.<\/p>\n<table>\n<tbody>\n<tr>\n<td><b>Attribute<\/b><\/td>\n<td><b>Ayr\u0131nt\u0131lar<\/b><\/td>\n<\/tr>\n<tr>\n<td><b>10g (20 po\u015fet)<\/b><\/td>\n<td><span style=\"font-weight: 400;\">13g (20 po\u015fet)<\/span><\/td>\n<\/tr>\n<tr>\n<td><b>Nikotin i\u00e7eri\u011fi<\/b><\/td>\n<td><span style=\"font-weight: 400;\">50 mg\/g (po\u015fet ba\u015f\u0131na 35 mg)<\/span><\/td>\n<\/tr>\n<tr>\n<td><b>Po\u015fet format\u0131<\/b><\/td>\n<td><span style=\"font-weight: 400;\">\u0130nce<\/span><\/td>\n<\/tr>\n<tr>\n<td><b>\u00dcretici<\/b><\/td>\n<td><span style=\"font-weight: 400;\">Neoptolem<\/span><\/td>\n<\/tr>\n<tr>\n<td><b>Aroma<\/b><\/td>\n<td>Mango, Muz<\/td>\n<\/tr>\n<tr>\n<td><b>T\u00fcr<\/b><\/td>\n<td><span style=\"font-weight: 400;\">Tamamen beyaz po\u015fet<\/span><\/td>\n<\/tr>\n<\/tbody>\n<\/table>\n<p>\u00a0<\/p>","protected":false},"excerpt":{"rendered":"<p>ICEBERG Mango Banana, tropikal <strong data-start=\"39\" data-end=\"55\">mango banana<\/strong> kar\u0131\u015f\u0131m\u0131 sunar ve d\u00fczg\u00fcn ancak yo\u011fun bir tat ile. <strong data-start=\"95\" data-end=\"103\">\u0130nce<\/strong> beyaz po\u015fetler duda\u011f\u0131n alt\u0131nda gizlice yerle\u015fir ve leke yapmaz. Her po\u015fet <strong data-start=\"189\" data-end=\"207\">35 mg nikotin<\/strong>, g\u00fc\u00e7l\u00fc bir etki sa\u011flar. T\u00fct\u00fcns\u00fcz. Polonya'da Neoptolem taraf\u0131ndan \u00fcretilmi\u015ftir.<\/p>","protected":false},"featured_media":10166,"comment_status":"open","ping_status":"closed","template":"","format":[206],"meta":{"_acf_changed":false},"product_brand":[],"product_cat":[50],"product_tag":[16603],"flavours":[196],"nicotine":[226,233],"class_list":{"0":"post-10165","1":"product","2":"type-product","3":"status-publish","4":"has-post-thumbnail","6":"product_cat-iceberg","7":"product_tag-35-mg-pouch","8":"pa_quantity-1-pack","9":"pa_quantity-10-pack","10":"pa_quantity-3-pack","11":"pa_quantity-30-pack","12":"pa_quantity-5-pack","13":"pa_quantity-60-pack","14":"flavours-fruits-berries","15":"format-slim","16":"nicotine-50-mg-g","17":"nicotine-extreme","19":"first","20":"instock","21":"taxable","22":"shipping-taxable","23":"purchasable","24":"product-type-variable","25":"has-default-attributes"},"acf":[],"_links":{"self":[{"href":"https:\/\/whitelip.com\/tr\/wp-json\/wp\/v2\/product\/10165","targetHints":{"allow":["GET"]}}],"collection":[{"href":"https:\/\/whitelip.com\/tr\/wp-json\/wp\/v2\/product"}],"about":[{"href":"https:\/\/whitelip.com\/tr\/wp-json\/wp\/v2\/types\/product"}],"replies":[{"embeddable":true,"href":"https:\/\/whitelip.com\/tr\/wp-json\/wp\/v2\/comments?post=10165"}],"wp:featuredmedia":[{"embeddable":true,"href":"https:\/\/whitelip.com\/tr\/wp-json\/wp\/v2\/media\/10166"}],"wp:attachment":[{"href":"https:\/\/whitelip.com\/tr\/wp-json\/wp\/v2\/media?parent=10165"}],"wp:term":[{"taxonomy":"product_brand","embeddable":true,"href":"https:\/\/whitelip.com\/tr\/wp-json\/wp\/v2\/product_brand?post=10165"},{"taxonomy":"product_cat","embeddable":true,"href":"https:\/\/whitelip.com\/tr\/wp-json\/wp\/v2\/product_cat?post=10165"},{"taxonomy":"product_tag","embeddable":true,"href":"https:\/\/whitelip.com\/tr\/wp-json\/wp\/v2\/product_tag?post=10165"},{"taxonomy":"flavours","embeddable":true,"href":"https:\/\/whitelip.com\/tr\/wp-json\/wp\/v2\/flavours?post=10165"},{"taxonomy":"format","embeddable":true,"href":"https:\/\/whitelip.com\/tr\/wp-json\/wp\/v2\/format?post=10165"},{"taxonomy":"nicotine","embeddable":true,"href":"https:\/\/whitelip.com\/tr\/wp-json\/wp\/v2\/nicotine?post=10165"}],"curies":[{"name":"wp","href":"https:\/\/api.w.org\/{rel}","templated":true}]}}