{"id":10135,"date":"2025-03-31T09:36:00","date_gmt":"2025-03-31T09:36:00","guid":{"rendered":"https:\/\/whitelip.com\/iceberg-apple-lemon-pineapple-extreme\/"},"modified":"2026-05-11T10:11:36","modified_gmt":"2026-05-11T10:11:36","slug":"iceberg-apple-lemon-pineapple-extreme","status":"publish","type":"product","link":"https:\/\/whitelip.com\/tr\/iceberg\/iceberg-apple-lemon-pineapple-extreme\/","title":{"rendered":"ICEBERG Elma Limon Ananas Ekstrem"},"content":{"rendered":"<h2><strong>ICEBERG Elma Limon Ananas Ekstrem<\/strong><\/h2>\n<p class=\"\" data-start=\"89\" data-end=\"754\">ICEBERG Apple Lemon Pineapple Extreme nikotin po\u015fetleri, ye\u015fil elman\u0131n tazeli\u011fini, limonun ek\u015fi lezzetini ve ananas\u0131n tropikal tatll\u0131\u011f\u0131n\u0131 birle\u015ftiren cesur ve egzotik bir meyve f\u00fczyonu sunmaktad\u0131r. Gram ba\u015f\u0131na 50 mg y\u00fcksek nikotin i\u00e7eri\u011fiyle\u2014po\u015fet ba\u015f\u0131na yakla\u015f\u0131k 35 mg\u2014bu ince formatl\u0131 po\u015fetler, g\u00fc\u00e7l\u00fc ve lezzetli bir deneyim arayan deneyimli kullan\u0131c\u0131lar i\u00e7in haz\u0131rlanm\u0131\u015ft\u0131r. Duda\u011f\u0131n alt\u0131nda gizli ve rahat, di\u015f lekelenmesinden ka\u00e7\u0131nmak i\u00e7in tasarlanm\u0131\u015f olup, her zaman ve her yerde kullan\u0131ma uygundur. Polonya'l\u0131 \u00fcretici Neoptolem taraf\u0131ndan yap\u0131lan ve inovasyon ve kalite konusunda \u00fcnl\u00fc olan bu t\u00fct\u00fcn i\u00e7ermeyen po\u015fetler, cesur tat ve g\u00fcc\u00fcn s\u0131n\u0131rlar\u0131n\u0131 zorlamaktad\u0131r.<\/p>\n<table>\n<tbody>\n<tr>\n<td><b>Attribute<\/b><\/td>\n<td><b>Ayr\u0131nt\u0131lar<\/b><\/td>\n<\/tr>\n<tr>\n<td><b>10g (20 po\u015fet)<\/b><\/td>\n<td><span style=\"font-weight: 400;\">13g (20 po\u015fet)<\/span><\/td>\n<\/tr>\n<tr>\n<td><b>Nikotin i\u00e7eri\u011fi<\/b><\/td>\n<td><span style=\"font-weight: 400;\">50 mg\/g (po\u015fet ba\u015f\u0131na 35 mg)<\/span><\/td>\n<\/tr>\n<tr>\n<td><b>Po\u015fet format\u0131<\/b><\/td>\n<td><span style=\"font-weight: 400;\">\u0130nce<\/span><\/td>\n<\/tr>\n<tr>\n<td><b>\u00dcretici<\/b><\/td>\n<td><span style=\"font-weight: 400;\">Neoptolem<\/span><\/td>\n<\/tr>\n<tr>\n<td><b>Aroma<\/b><\/td>\n<td><span style=\"font-weight: 400;\">Elma, Limon, Ananas<\/span><\/td>\n<\/tr>\n<tr>\n<td><b>T\u00fcr<\/b><\/td>\n<td><span style=\"font-weight: 400;\">Tamamen beyaz po\u015fet<\/span><\/td>\n<\/tr>\n<\/tbody>\n<\/table>\n<p>\u00a0<\/p>","protected":false},"excerpt":{"rendered":"<p>ICEBERG Apple Lemon Pineapple cesur, egzotik <strong data-start=\"54\" data-end=\"79\">elma limon ananas<\/strong> taze elma, tatl\u0131 limon ve tropikal ananas kar\u0131\u015f\u0131m\u0131. <strong data-start=\"141\" data-end=\"149\">\u0130nce<\/strong> beyaz po\u015fetler duda\u011f\u0131n alt\u0131nda gizlice yerle\u015fir ve leke yapmaz. Her po\u015fet <strong data-start=\"235\" data-end=\"253\">35 mg nikotin<\/strong>i\u00e7erir, g\u00fc\u00e7l\u00fc ve lezzetli bir etki sa\u011flar. T\u00fct\u00fcn i\u00e7ermez. Polonya'da Neoptolem taraf\u0131ndan \u00fcretilmi\u015ftir.<\/p>","protected":false},"featured_media":10136,"comment_status":"open","ping_status":"closed","template":"","format":[206],"meta":{"_acf_changed":false},"product_brand":[],"product_cat":[50],"product_tag":[16603],"flavours":[196],"nicotine":[226,233],"class_list":{"0":"post-10135","1":"product","2":"type-product","3":"status-publish","4":"has-post-thumbnail","6":"product_cat-iceberg","7":"product_tag-35-mg-pouch","8":"pa_quantity-1-pack","9":"pa_quantity-10-pack","10":"pa_quantity-3-pack","11":"pa_quantity-30-pack","12":"pa_quantity-5-pack","13":"pa_quantity-60-pack","14":"flavours-fruits-berries","15":"format-slim","16":"nicotine-50-mg-g","17":"nicotine-extreme","19":"first","20":"instock","21":"taxable","22":"shipping-taxable","23":"purchasable","24":"product-type-variable","25":"has-default-attributes"},"acf":[],"_links":{"self":[{"href":"https:\/\/whitelip.com\/tr\/wp-json\/wp\/v2\/product\/10135","targetHints":{"allow":["GET"]}}],"collection":[{"href":"https:\/\/whitelip.com\/tr\/wp-json\/wp\/v2\/product"}],"about":[{"href":"https:\/\/whitelip.com\/tr\/wp-json\/wp\/v2\/types\/product"}],"replies":[{"embeddable":true,"href":"https:\/\/whitelip.com\/tr\/wp-json\/wp\/v2\/comments?post=10135"}],"wp:featuredmedia":[{"embeddable":true,"href":"https:\/\/whitelip.com\/tr\/wp-json\/wp\/v2\/media\/10136"}],"wp:attachment":[{"href":"https:\/\/whitelip.com\/tr\/wp-json\/wp\/v2\/media?parent=10135"}],"wp:term":[{"taxonomy":"product_brand","embeddable":true,"href":"https:\/\/whitelip.com\/tr\/wp-json\/wp\/v2\/product_brand?post=10135"},{"taxonomy":"product_cat","embeddable":true,"href":"https:\/\/whitelip.com\/tr\/wp-json\/wp\/v2\/product_cat?post=10135"},{"taxonomy":"product_tag","embeddable":true,"href":"https:\/\/whitelip.com\/tr\/wp-json\/wp\/v2\/product_tag?post=10135"},{"taxonomy":"flavours","embeddable":true,"href":"https:\/\/whitelip.com\/tr\/wp-json\/wp\/v2\/flavours?post=10135"},{"taxonomy":"format","embeddable":true,"href":"https:\/\/whitelip.com\/tr\/wp-json\/wp\/v2\/format?post=10135"},{"taxonomy":"nicotine","embeddable":true,"href":"https:\/\/whitelip.com\/tr\/wp-json\/wp\/v2\/nicotine?post=10135"}],"curies":[{"name":"wp","href":"https:\/\/api.w.org\/{rel}","templated":true}]}}