{"id":10100,"date":"2025-03-27T09:20:22","date_gmt":"2025-03-27T09:20:22","guid":{"rendered":"https:\/\/whitelip.com\/pablo-exclusive-dark-cherry-50mg\/"},"modified":"2026-05-06T10:11:19","modified_gmt":"2026-05-06T10:11:19","slug":"pablo-exclusive-dark-cherry-50mg","status":"publish","type":"product","link":"https:\/\/whitelip.com\/tr\/pablo\/pablo-exclusive-dark-cherry-50mg\/","title":{"rendered":"PABLO Exclusive Koyu Kiraz 50mg"},"content":{"rendered":"<h2><strong>PABLO Exclusive Koyu Kiraz 50mg<\/strong><\/h2>\n<p><span style=\"font-weight: 400;\">PABLO Exclusive Dark Cherry 50mg nikotin po\u015fetleri, tatl\u0131 ve sulu kiraz aromas\u0131n\u0131n cesur bir kar\u0131\u015f\u0131m\u0131n\u0131 ferah buzlu nane sonu ile sunarak, g\u00fc\u00e7l\u00fc bir deneyim i\u00e7in son derece y\u00fcksek nikotin g\u00fcc\u00fcyle birle\u015ftirilmi\u015ftir. Bu ince, t\u00fct\u00fcns\u00fcz po\u015fetler gizli ve rahat kullan\u0131m i\u00e7in tasarlanm\u0131\u015ft\u0131r ve duda\u011f\u0131n alt\u0131na sorunsuzca s\u0131\u011far. Deneyimli kullan\u0131c\u0131lar i\u00e7in tasarlanan PABLO Exclusive Dark Cherry, tutarl\u0131 bir aroma ve nikotin sal\u0131n\u0131m\u0131 sa\u011flayarak benzersiz ve canland\u0131r\u0131c\u0131 bir his sunar.<\/span><\/p>\n<table>\n<tbody>\n<tr>\n<td><b>Attribute<\/b><\/td>\n<td><b>Ayr\u0131nt\u0131lar<\/b><\/td>\n<\/tr>\n<tr>\n<td><span style=\"font-weight: 400;\">Kutu Ba\u015f\u0131na \u0130\u00e7erik<\/span><\/td>\n<td><span style=\"font-weight: 400;\">15g (20 po\u015fet)<\/span><\/td>\n<\/tr>\n<tr>\n<td><span style=\"font-weight: 400;\">Nikotin \u0130\u00e7eri\u011fi<\/span><\/td>\n<td><span style=\"font-weight: 400;\">50 mg\/g (po\u015fet ba\u015f\u0131na 30 mg)<\/span><\/td>\n<\/tr>\n<tr>\n<td><span style=\"font-weight: 400;\">Po\u015fet Format\u0131<\/span><\/td>\n<td><span style=\"font-weight: 400;\">\u0130nce<\/span><\/td>\n<\/tr>\n<tr>\n<td><span style=\"font-weight: 400;\">\u00dcretici<\/span><\/td>\n<td><span style=\"font-weight: 400;\">N.G.P Empire<\/span><\/td>\n<\/tr>\n<tr>\n<td><span style=\"font-weight: 400;\">Aroma<\/span><\/td>\n<td><span style=\"font-weight: 400;\">Kiraz ve Buzlu Nane<\/span><\/td>\n<\/tr>\n<tr>\n<td><span style=\"font-weight: 400;\">T\u00fcr<\/span><\/td>\n<td><span style=\"font-weight: 400;\">T\u00fcm beyaz po\u015fet, t\u00fct\u00fcns\u00fcz<\/span><\/td>\n<\/tr>\n<\/tbody>\n<\/table>","protected":false},"excerpt":{"rendered":"<p>PABLO Exclusive Dark Cherry 50mg nikotin po\u015fetleri cesur, sulu <strong data-start=\"72\" data-end=\"87\">Koyu Kiraz<\/strong> aromayla ferah buzlu nane tad\u0131 sunuyor. <strong data-start=\"130\" data-end=\"138\">\u0130nce<\/strong>, t\u00fct\u00fcns\u00fcz format gizli, rahat kullan\u0131m i\u00e7in ve temiz, sabit sal\u0131n\u0131m. Her kese i\u00e7erir <strong data-start=\"239\" data-end=\"259\">30 mg nikotin<\/strong>.<\/p>","protected":false},"featured_media":10101,"comment_status":"open","ping_status":"closed","template":"","format":[206],"meta":{"_acf_changed":false},"product_brand":[],"product_cat":[44],"product_tag":[16605],"flavours":[196],"nicotine":[226,233],"class_list":{"0":"post-10100","1":"product","2":"type-product","3":"status-publish","4":"has-post-thumbnail","6":"product_cat-pablo","7":"product_tag-30-mg-pouch","8":"pa_quantity-1-pack","9":"pa_quantity-10-pack","10":"pa_quantity-3-pack","11":"pa_quantity-30-pack","12":"pa_quantity-5-pack","13":"pa_quantity-60-pack","14":"flavours-fruits-berries","15":"format-slim","16":"nicotine-50-mg-g","17":"nicotine-extreme","19":"first","20":"instock","21":"taxable","22":"shipping-taxable","23":"purchasable","24":"product-type-variable","25":"has-default-attributes"},"acf":[],"_links":{"self":[{"href":"https:\/\/whitelip.com\/tr\/wp-json\/wp\/v2\/product\/10100","targetHints":{"allow":["GET"]}}],"collection":[{"href":"https:\/\/whitelip.com\/tr\/wp-json\/wp\/v2\/product"}],"about":[{"href":"https:\/\/whitelip.com\/tr\/wp-json\/wp\/v2\/types\/product"}],"replies":[{"embeddable":true,"href":"https:\/\/whitelip.com\/tr\/wp-json\/wp\/v2\/comments?post=10100"}],"wp:featuredmedia":[{"embeddable":true,"href":"https:\/\/whitelip.com\/tr\/wp-json\/wp\/v2\/media\/10101"}],"wp:attachment":[{"href":"https:\/\/whitelip.com\/tr\/wp-json\/wp\/v2\/media?parent=10100"}],"wp:term":[{"taxonomy":"product_brand","embeddable":true,"href":"https:\/\/whitelip.com\/tr\/wp-json\/wp\/v2\/product_brand?post=10100"},{"taxonomy":"product_cat","embeddable":true,"href":"https:\/\/whitelip.com\/tr\/wp-json\/wp\/v2\/product_cat?post=10100"},{"taxonomy":"product_tag","embeddable":true,"href":"https:\/\/whitelip.com\/tr\/wp-json\/wp\/v2\/product_tag?post=10100"},{"taxonomy":"flavours","embeddable":true,"href":"https:\/\/whitelip.com\/tr\/wp-json\/wp\/v2\/flavours?post=10100"},{"taxonomy":"format","embeddable":true,"href":"https:\/\/whitelip.com\/tr\/wp-json\/wp\/v2\/format?post=10100"},{"taxonomy":"nicotine","embeddable":true,"href":"https:\/\/whitelip.com\/tr\/wp-json\/wp\/v2\/nicotine?post=10100"}],"curies":[{"name":"wp","href":"https:\/\/api.w.org\/{rel}","templated":true}]}}