{"id":10047,"date":"2025-03-25T13:43:07","date_gmt":"2025-03-25T13:43:07","guid":{"rendered":"https:\/\/whitelip.com\/garant-raspberry-20mg\/"},"modified":"2026-05-07T00:00:06","modified_gmt":"2026-05-07T00:00:06","slug":"garant-raspberry-20mg","status":"publish","type":"product","link":"https:\/\/whitelip.com\/tr\/garant\/garant-raspberry-20mg\/","title":{"rendered":"Garant Raspberry 20mg"},"content":{"rendered":"<h2><strong>Garant Raspberry 20mg<\/strong><\/h2>\n<p>Garant Raspberry nikotin po\u015fetleri, tat\u0131 ve ek\u015fili\u011fin bir par\u00e7as\u0131 ile tatl\u0131, ek\u015fi notalar birle\u015ftiren ve m\u00fckemmel dengeli meyveli bir deneyim sunan canl\u0131 ve leziz bir tat sunmaktad\u0131r. Parlak ahududu tad\u0131 tazeleyici bir patlama sa\u011flarken, yumu\u015fak asitlik tat profiline derinlik katmaktad\u0131r. Her ince, t\u00fcm\u00fc beyaz po\u015fet 10 mg nikotin i\u00e7ermekte, gram ba\u015f\u0131na toplam 20 mg nikotin ile g\u00fc\u00e7l\u00fc, uzun s\u00fcreli etki sunmaktad\u0131r. Ayr\u0131k kullan\u0131m i\u00e7in tasarlanan bu t\u00fct\u00fcns\u00fcz po\u015fetler duda\u011f\u0131n alt\u0131na rahat oturmakta, cesur meyveli tatlardan ho\u015flananlar i\u00e7in keyifli ve uzun s\u00fcreli nikotin deneyimi sunmaktad\u0131r.<\/p>\n<table>\n<tbody>\n<tr>\n<td><b>Attribute<\/b><\/td>\n<td><b>Ayr\u0131nt\u0131lar<\/b><\/td>\n<\/tr>\n<tr>\n<td><span style=\"font-weight: 400;\">Kutu Ba\u015f\u0131na \u0130\u00e7erik<\/span><\/td>\n<td>27 po\u015f<\/td>\n<\/tr>\n<tr>\n<td><span style=\"font-weight: 400;\">Nikotin \u0130\u00e7eri\u011fi<\/span><\/td>\n<td><span style=\"font-weight: 400;\">20 mg\/g (10 mg po\u015fet ba\u015f\u0131na)<\/span><\/td>\n<\/tr>\n<tr>\n<td><span style=\"font-weight: 400;\">Po\u015fet Format\u0131<\/span><\/td>\n<td><span style=\"font-weight: 400;\">\u0130nce<\/span><\/td>\n<\/tr>\n<tr>\n<td><span style=\"font-weight: 400;\">\u00dcretici<\/span><\/td>\n<td><span style=\"font-weight: 400;\">Garant<\/span><\/td>\n<\/tr>\n<tr>\n<td><span style=\"font-weight: 400;\">Aroma<\/span><\/td>\n<td>Raspberry<\/td>\n<\/tr>\n<tr>\n<td><span style=\"font-weight: 400;\">T\u00fcr<\/span><\/td>\n<td><span style=\"font-weight: 400;\">T\u00fcm beyaz po\u015fet, t\u00fct\u00fcns\u00fcz<\/span><\/td>\n<\/tr>\n<\/tbody>\n<\/table>","protected":false},"excerpt":{"rendered":"<p>Parlak, tat\u0131-asidik <strong data-start=\"20\" data-end=\"33\">frambuaz<\/strong> hafif ek\u015filik ipucu ile dengeli meyveli patlama i\u00e7in. <strong data-start=\"88\" data-end=\"96\">\u0130nce<\/strong>, tamamen beyaz, t\u00fct\u00fcns\u00fcz po\u015flar duda\u011f\u0131n alt\u0131nda ayr\u0131k bir \u015fekilde oturur rahat kullan\u0131m i\u00e7in. Her po\u015f i\u00e7erir <strong data-start=\"200\" data-end=\"218\">, 77 Group'tan sabit orta g\u00fc\u00e7te bir deneyim sunar.<\/strong> (20 mg\/g), g\u00fc\u00e7l\u00fc, uzun s\u00fcreli bir etki sunmu\u015ftur.<\/p>","protected":false},"featured_media":10048,"comment_status":"open","ping_status":"closed","template":"","format":[206],"meta":{"_acf_changed":false},"product_brand":[],"product_cat":[102],"product_tag":[16587,16510],"flavours":[196],"nicotine":[218,232],"class_list":{"0":"post-10047","1":"product","2":"type-product","3":"status-publish","4":"has-post-thumbnail","6":"product_cat-garant","7":"product_tag-10-mg-pouch","8":"product_tag-12-off","9":"pa_quantity-1-pack","10":"pa_quantity-10-pack","11":"pa_quantity-3-pack","12":"pa_quantity-30-pack","13":"pa_quantity-5-pack","14":"pa_quantity-60-pack","15":"flavours-fruits-berries","16":"format-slim","17":"nicotine-20-mg-g","18":"nicotine-extra-strong","20":"first","21":"instock","22":"sale","23":"taxable","24":"shipping-taxable","25":"purchasable","26":"product-type-variable","27":"has-default-attributes"},"acf":[],"_links":{"self":[{"href":"https:\/\/whitelip.com\/tr\/wp-json\/wp\/v2\/product\/10047","targetHints":{"allow":["GET"]}}],"collection":[{"href":"https:\/\/whitelip.com\/tr\/wp-json\/wp\/v2\/product"}],"about":[{"href":"https:\/\/whitelip.com\/tr\/wp-json\/wp\/v2\/types\/product"}],"replies":[{"embeddable":true,"href":"https:\/\/whitelip.com\/tr\/wp-json\/wp\/v2\/comments?post=10047"}],"wp:featuredmedia":[{"embeddable":true,"href":"https:\/\/whitelip.com\/tr\/wp-json\/wp\/v2\/media\/10048"}],"wp:attachment":[{"href":"https:\/\/whitelip.com\/tr\/wp-json\/wp\/v2\/media?parent=10047"}],"wp:term":[{"taxonomy":"product_brand","embeddable":true,"href":"https:\/\/whitelip.com\/tr\/wp-json\/wp\/v2\/product_brand?post=10047"},{"taxonomy":"product_cat","embeddable":true,"href":"https:\/\/whitelip.com\/tr\/wp-json\/wp\/v2\/product_cat?post=10047"},{"taxonomy":"product_tag","embeddable":true,"href":"https:\/\/whitelip.com\/tr\/wp-json\/wp\/v2\/product_tag?post=10047"},{"taxonomy":"flavours","embeddable":true,"href":"https:\/\/whitelip.com\/tr\/wp-json\/wp\/v2\/flavours?post=10047"},{"taxonomy":"format","embeddable":true,"href":"https:\/\/whitelip.com\/tr\/wp-json\/wp\/v2\/format?post=10047"},{"taxonomy":"nicotine","embeddable":true,"href":"https:\/\/whitelip.com\/tr\/wp-json\/wp\/v2\/nicotine?post=10047"}],"curies":[{"name":"wp","href":"https:\/\/api.w.org\/{rel}","templated":true}]}}