{"id":10002,"date":"2025-03-25T13:43:09","date_gmt":"2025-03-25T13:43:09","guid":{"rendered":"https:\/\/whitelip.com\/garant-extreme-edition-ice-blueberry-50-mg\/"},"modified":"2026-03-25T00:51:25","modified_gmt":"2026-03-25T00:51:25","slug":"garant-extreme-edition-ice-blueberry-50-mg","status":"publish","type":"product","link":"https:\/\/whitelip.com\/tr\/garant\/garant-extreme-edition-ice-blueberry-50-mg\/","title":{"rendered":"Garant Extreme Edition Buzlu Mirtil 50 mg"},"content":{"rendered":"<h2><strong>Garant Extreme Edition Buzlu Mirtil 50 mg<\/strong><\/h2>\n<p>Garant Extreme Ice Mirtille nikotin po\u015fetleri, vah\u015fi orman mirtillerinin ger\u00e7ek tad\u0131n\u0131 sunar ve zengin, do\u011fal tatl\u0131l\u0131kla dolu olur. Bu orijinal meyve aromas\u0131, tazeleyici bir so\u011fukluk katan hafif bir nane ile m\u00fckemmel bir \u015fekilde tamamlanm\u0131\u015ft\u0131r. Her ince, tamamen beyaz po\u015fet 25 mg nikotin i\u00e7ermekte olup, gram ba\u015f\u0131na toplam 50 mg nikotini ile g\u00fc\u00e7l\u00fc ve uzun s\u00fcreli bir etki sa\u011flamaktad\u0131r. Konfor ve gizlilik i\u00e7in tasarlanan bu t\u00fct\u00fcns\u00fcz po\u015fetler, do\u011fan\u0131n en iyi tatlar\u0131n\u0131 serinletici ve canland\u0131r\u0131c\u0131 bir d\u00f6ng\u00fc ile bir araya getirerek, d\u00fczg\u00fcn ve canland\u0131r\u0131c\u0131 bir nikotin deneyimi sa\u011flar.<\/p>\n<table>\n<tbody>\n<tr>\n<td><b>Attribute<\/b><\/td>\n<td><b>Ayr\u0131nt\u0131lar<\/b><\/td>\n<\/tr>\n<tr>\n<td><span style=\"font-weight: 400;\">Kutu Ba\u015f\u0131na \u0130\u00e7erik<\/span><\/td>\n<td>27 po\u015f<\/td>\n<\/tr>\n<tr>\n<td><span style=\"font-weight: 400;\">Nikotin \u0130\u00e7eri\u011fi<\/span><\/td>\n<td><span style=\"font-weight: 400;\">50 mg\/g (po\u015fet ba\u015f\u0131na 25 mg)<\/span><\/td>\n<\/tr>\n<tr>\n<td><span style=\"font-weight: 400;\">Po\u015fet Format\u0131<\/span><\/td>\n<td><span style=\"font-weight: 400;\">\u0130nce<\/span><\/td>\n<\/tr>\n<tr>\n<td><span style=\"font-weight: 400;\">\u00dcretici<\/span><\/td>\n<td><span style=\"font-weight: 400;\">Garant<\/span><\/td>\n<\/tr>\n<tr>\n<td><span style=\"font-weight: 400;\">Aroma<\/span><\/td>\n<td>Mirtille, Nane<\/td>\n<\/tr>\n<tr>\n<td><span style=\"font-weight: 400;\">T\u00fcr<\/span><\/td>\n<td><span style=\"font-weight: 400;\">T\u00fcm beyaz po\u015fet, t\u00fct\u00fcns\u00fcz<\/span><\/td>\n<\/tr>\n<\/tbody>\n<\/table>","protected":false},"excerpt":{"rendered":"<p>Zengin, do\u011fal <strong data-start=\"14\" data-end=\"27\">mirtil<\/strong> tatl\u0131l\u0131k hafif nane so\u011fuklu\u011fu ile tazeleyici bir kald\u0131r\u0131\u015f i\u00e7in. <strong data-start=\"87\" data-end=\"95\">\u0130nce<\/strong>, tamamen beyaz, t\u00fct\u00fcns\u00fcz po\u015fetler duda\u011f\u0131n alt\u0131na gizli bir \u015fekilde yerle\u015fir. Her po\u015fet i\u00e7erir <strong data-start=\"179\" data-end=\"197\">25 mg nikotin<\/strong> (50 mg\/g), g\u00fc\u00e7l\u00fc ve uzun s\u00fcreli bir etki sa\u011flar.<\/p>","protected":false},"featured_media":3302,"comment_status":"open","ping_status":"closed","template":"","format":[206],"meta":{"_acf_changed":false},"product_brand":[],"product_cat":[102],"product_tag":[16510,16589],"flavours":[196,199],"nicotine":[226,233],"class_list":{"0":"post-10002","1":"product","2":"type-product","3":"status-publish","4":"has-post-thumbnail","6":"product_cat-garant","7":"product_tag-12-off","8":"product_tag-25-mg-pouch","9":"pa_quantity-1-pack","10":"pa_quantity-10-pack","11":"pa_quantity-3-pack","12":"pa_quantity-30-pack","13":"pa_quantity-5-pack","14":"pa_quantity-60-pack","15":"flavours-fruits-berries","16":"flavours-mint","17":"format-slim","18":"nicotine-50-mg-g","19":"nicotine-extreme","21":"first","22":"instock","23":"sale","24":"taxable","25":"shipping-taxable","26":"purchasable","27":"product-type-variable","28":"has-default-attributes"},"acf":[],"_links":{"self":[{"href":"https:\/\/whitelip.com\/tr\/wp-json\/wp\/v2\/product\/10002","targetHints":{"allow":["GET"]}}],"collection":[{"href":"https:\/\/whitelip.com\/tr\/wp-json\/wp\/v2\/product"}],"about":[{"href":"https:\/\/whitelip.com\/tr\/wp-json\/wp\/v2\/types\/product"}],"replies":[{"embeddable":true,"href":"https:\/\/whitelip.com\/tr\/wp-json\/wp\/v2\/comments?post=10002"}],"wp:featuredmedia":[{"embeddable":true,"href":"https:\/\/whitelip.com\/tr\/wp-json\/wp\/v2\/media\/3302"}],"wp:attachment":[{"href":"https:\/\/whitelip.com\/tr\/wp-json\/wp\/v2\/media?parent=10002"}],"wp:term":[{"taxonomy":"product_brand","embeddable":true,"href":"https:\/\/whitelip.com\/tr\/wp-json\/wp\/v2\/product_brand?post=10002"},{"taxonomy":"product_cat","embeddable":true,"href":"https:\/\/whitelip.com\/tr\/wp-json\/wp\/v2\/product_cat?post=10002"},{"taxonomy":"product_tag","embeddable":true,"href":"https:\/\/whitelip.com\/tr\/wp-json\/wp\/v2\/product_tag?post=10002"},{"taxonomy":"flavours","embeddable":true,"href":"https:\/\/whitelip.com\/tr\/wp-json\/wp\/v2\/flavours?post=10002"},{"taxonomy":"format","embeddable":true,"href":"https:\/\/whitelip.com\/tr\/wp-json\/wp\/v2\/format?post=10002"},{"taxonomy":"nicotine","embeddable":true,"href":"https:\/\/whitelip.com\/tr\/wp-json\/wp\/v2\/nicotine?post=10002"}],"curies":[{"name":"wp","href":"https:\/\/api.w.org\/{rel}","templated":true}]}}