{"id":7547,"date":"2024-11-29T20:19:41","date_gmt":"2024-11-29T20:19:41","guid":{"rendered":"https:\/\/whitelip.com\/payments\/"},"modified":"2025-07-16T20:33:07","modified_gmt":"2025-07-16T20:33:07","slug":"payments","status":"publish","type":"page","link":"https:\/\/whitelip.com\/tr\/payments\/","title":{"rendered":"\u00d6demeler"},"content":{"rendered":"<div class=\"wp-block-group container\"><div class=\"wp-block-group__inner-container is-layout-constrained wp-block-group-is-layout-constrained\">\n<h1 class=\"wp-block-heading has-text-align-center\">\u00d6DEMELER<\/h1>\n\n\n<section class=\"block--title_aside\">\n    <aside class=\"block_aside\">\n        <p><strong>G\u00fcvenli \u00f6demeler<\/strong><\/p>\n\n    <\/aside>\n\n    <main class=\"block_main\">\n        \n\n<p>Whitelip.com'da, size sorunsuz ve g\u00fcvenli bir \u00f6deme deneyimi sa\u011flamay\u0131 taahh\u00fct ediyoruz. Rahatl\u0131k ve g\u00fcvenilirli\u011fi sa\u011flamak i\u00e7in, t\u00fcm i\u015flemleri en y\u00fcksek g\u00fcvenlik ve verimlilik standartlar\u0131yla ger\u00e7ekle\u015ftirmek \u00fczere g\u00fcvenilir bir \u00f6deme ge\u00e7idi olan Nets ile ortakl\u0131k yap\u0131yoruz.<br><\/p>\n\n\n    <\/main>\n<\/section>\n\n\n<section class=\"block--title_aside\">\n    <aside class=\"block_aside\">\n        <p><strong>Kabul Edilen \u00d6deme Y\u00f6ntemleri<\/strong><\/p>\n\n    <\/aside>\n\n    <main class=\"block_main\">\n        \n\n<p>M\u00fc\u015fterilerimizin \u00f6deme yapma konusunda farkl\u0131 tercihlere sahip oldu\u011funu anl\u0131yoruz. Bu nedenle a\u015fa\u011f\u0131dakiler dahil geni\u015f bir \u00f6deme se\u00e7ene\u011fi yelpazesini destekliyoruz:<\/p>\n\n\n\n<p>PayPal: H\u0131zl\u0131 \u00e7evrimi\u00e7i \u00f6demeler i\u00e7in pop\u00fcler ve g\u00fcvenli PayPal platformunu kullan\u0131n.<\/p>\n\n\n\n<p>Visa: Visa kredi veya banka kart\u0131n\u0131zla g\u00fcvenli \u00f6demeler yap\u0131n.<\/p>\n\n\n\n<p>Mastercard: Mastercard kredi veya banka kart\u0131n\u0131z\u0131 kullanarak rahat\u00e7a \u00f6deme yap\u0131n.<\/p>\n\n\n\n<p>Trustly: Banka hesab\u0131n\u0131zdan do\u011frudan h\u0131zl\u0131 ve do\u011frudan \u00f6demeler yap\u0131n.<\/p>\n\n\n\n<p>Apple Pay: Apple cihazlar\u0131n\u0131zdan do\u011frudan Apple Pay ile zahmetsiz i\u015flemleri deneyimleyin.<\/p>\n\n\n\n<p>Google Pay: Google Hesab\u0131n\u0131za kaydedilmi\u015f kartlar kullanarak siteler, uygulamalar ve ma\u011fazalarda \u00f6demenin h\u0131zl\u0131 ve basit yolu.<\/p>\n\n\n    <\/main>\n<\/section>\n\n\n<section class=\"block--title_aside\">\n    <aside class=\"block_aside\">\n        <p><strong>Neden Whitelip.com'u G\u00fcvenli \u0130\u015flemler i\u00e7in Se\u00e7melisiniz?<\/strong><\/p>\n\n    <\/aside>\n\n    <main class=\"block_main\">\n        \n\n<ol class=\"wp-block-list\">\n<li>G\u00fcvenlik Birinci<br>Nets'i \u00f6deme i\u015flemciniz olarak kullanarak, hassas \u00f6deme bilgileriniz end\u00fcstri standartlar\u0131nda \u015fifreleme ve koruma ile korunur.<\/li>\n\n\n\n<li>Esneklik ve Se\u00e7im<br>Kart ile, bankan\u0131z arac\u0131l\u0131\u011f\u0131yla veya dijital bir c\u00fczdan arac\u0131l\u0131\u011f\u0131yla \u00f6deme yapmay\u0131 tercih etseniz de, sizi kapsar\u0131z.<\/li>\n\n\n\n<li>H\u0131zl\u0131 ve Kolay \u00d6deme<br>Basitle\u015ftirilmi\u015f \u00f6deme s\u00fcrecimiz, sat\u0131n alma i\u015fleminizi h\u0131zl\u0131 ve sorunsuz bir \u015fekilde tamamlaman\u0131z\u0131 sa\u011flar.<\/li>\n\n\n\n<li>\u015eeffaf S\u00fcre\u00e7ler<br>Gizli \u00fccret veya beklenmedik masraf yoktur. Sipari\u015finizin toplam maliyeti her zaman \u00f6deme sayfas\u0131nda a\u00e7\u0131k\u00e7a g\u00f6sterilecektir.<\/li>\n<\/ol>\n\n\n    <\/main>\n<\/section>\n\n\n<section class=\"block--title_aside\">\n    <aside class=\"block_aside\">\n        <p><strong>\u00d6demeleri Nas\u0131l Y\u00f6netiriz<\/strong><\/p>\n\n    <\/aside>\n\n    <main class=\"block_main\">\n        \n\n<p>Ekibimiz, her i\u015flemin do\u011fru ve zaman\u0131nda i\u015flenmesini sa\u011flamak i\u00e7in \u00e7al\u0131\u015f\u0131r. \u00d6demeniz onayland\u0131ktan sonra, e-posta ile ayr\u0131nt\u0131l\u0131 bir makbuz alacaks\u0131n\u0131z. \u00d6demeniz hakk\u0131nda herhangi bir sorun veya soru olmas\u0131 durumunda, m\u00fc\u015fteri destek ekibimiz her zaman size yard\u0131mc\u0131 olmaya haz\u0131rd\u0131r.<\/p>\n\n\n\n<p>Whitelip.com'da, al\u0131\u015fveri\u015f deneyiminizin her ad\u0131m\u0131n\u0131 sorunsuz ve endi\u015fesiz k\u0131lmak i\u00e7in \u00e7al\u0131\u015f\u0131r\u0131z. Nets \u00f6deme sisteminizi g\u00fc\u00e7lendirirken, i\u015flemlerinizin g\u00fcvenli ve \u00f6deme se\u00e7eneklerinizin bol oldu\u011funu bilerek g\u00fcvenle al\u0131\u015fveri\u015f yapabilirsiniz.<\/p>\n\n\n    <\/main>\n<\/section>\n<\/div><\/div>\n\n\n\n<p><\/p>","protected":false},"excerpt":{"rendered":"<p>\u00d6DEMELER<\/p>","protected":false},"author":8456,"featured_media":0,"parent":0,"menu_order":0,"comment_status":"open","ping_status":"open","template":"text.php","meta":{"_acf_changed":false,"footnotes":""},"class_list":["post-7547","page","type-page","status-publish","hentry"],"acf":[],"_links":{"self":[{"href":"https:\/\/whitelip.com\/tr\/wp-json\/wp\/v2\/pages\/7547","targetHints":{"allow":["GET"]}}],"collection":[{"href":"https:\/\/whitelip.com\/tr\/wp-json\/wp\/v2\/pages"}],"about":[{"href":"https:\/\/whitelip.com\/tr\/wp-json\/wp\/v2\/types\/page"}],"author":[{"embeddable":true,"href":"https:\/\/whitelip.com\/tr\/wp-json\/wp\/v2\/users\/8456"}],"replies":[{"embeddable":true,"href":"https:\/\/whitelip.com\/tr\/wp-json\/wp\/v2\/comments?post=7547"}],"version-history":[{"count":0,"href":"https:\/\/whitelip.com\/tr\/wp-json\/wp\/v2\/pages\/7547\/revisions"}],"wp:attachment":[{"href":"https:\/\/whitelip.com\/tr\/wp-json\/wp\/v2\/media?parent=7547"}],"curies":[{"name":"wp","href":"https:\/\/api.w.org\/{rel}","templated":true}]}}