{"id":7545,"date":"2024-11-29T20:01:43","date_gmt":"2024-11-29T20:01:43","guid":{"rendered":"https:\/\/whitelip.com\/shipping-deliveries\/"},"modified":"2026-01-07T11:03:03","modified_gmt":"2026-01-07T11:03:03","slug":"shipping-deliveries","status":"publish","type":"page","link":"https:\/\/whitelip.com\/tr\/shipping-deliveries\/","title":{"rendered":"Kargo ve teslimatlar"},"content":{"rendered":"<div class=\"wp-block-group container\"><div class=\"wp-block-group__inner-container is-layout-constrained wp-block-group-is-layout-constrained\"><section class=\"block--text\">\n    <div class=\"inner_blocks\">\n        \n\n<h1 class=\"wp-block-heading\">KARGO &amp; TESL\u0130MATLAR<\/h1>\n\n\n\n<p><strong>Kargo ko\u015fullar\u0131 &amp; Bilgi<\/strong><\/p>\n\n\n\n<p>\u015eu anda UPS, USPS, DHL Express, DHL Freight, PostNord, FedEx International Economy ve FedEx International Priority ile teslimat sunmaktay\u0131z.<\/p>\n\n\n\n<p>Ev adresinize, bir Hizmet Noktas\u0131na veya sizin taraf\u0131ndan sa\u011flanan ba\u015fka bir adrese teslimat se\u00e7ebilirsiniz.<\/p>\n\n\n\n<p><strong>\u00dclkeye g\u00f6re kargo<\/strong><\/p>\n\n\n\n<p>ABD: USPS 3-20 i\u015f g\u00fcn\u00fc, bulundu\u011funuz eyalete ba\u011fl\u0131 olarak de\u011fi\u015fir. Bizim taraf\u0131ndan g\u00f6nderilen ilk takip ba\u011flant\u0131s\u0131 ile paketinizi takip etmekte sorun ya\u015f\u0131yorsan\u0131z, l\u00fctfen https:\/\/www.17track.net\/en adresini ziyaret edin ve daha fazla bilgi i\u00e7in takip numaran\u0131z\u0131 girin. ABD'ye sipari\u015f vermeden \u00f6nce l\u00fctfen bizim <a href=\"https:\/\/whitelip.com\/tr\/returns\/\">iade politikam\u0131z\u0131<\/a>.<\/p>\n\n\n\n<p>Okuyunuz: UPS Express 1-2 g\u00fcn teslimat \u2013 L\u00fctfen not edin \u2013 Hi\u00e7bir ithalat\u00e7\u0131 vergisi uygulanmayacakt\u0131r, \u00f6deme sayfas\u0131nda g\u00f6r\u00fcnt\u00fclenen t\u00fcm fiyatlar nihai fiyatt\u0131r.<br>\u2013 Yukar\u0131daki konularla ilgili herhangi bir sorunla kar\u015f\u0131la\u015f\u0131rsan\u0131z, l\u00fctfen support@whitelip.com adresine yaz\u0131n.<\/p>\n\n\n\n<p>AB: \u00dclkeye g\u00f6re de\u011fi\u015fir ancak \u00e7o\u011fu \u00fclkede FedEx Express, FedEx Economy ve DHL Express vard\u0131r.<\/p>\n\n\n\n<p><strong>Whitelip.com karg\u0131s\u0131 nas\u0131l i\u015flenir?<\/strong><\/p>\n\n\n\n<ol class=\"wp-block-list\">\n<li>Sat\u0131n almay\u0131 tamamlad\u0131ktan sonra, kullan\u0131lan E-posta adresine bir sipari\u015f onay\u0131 alacaks\u0131n\u0131z. Bu E-posta sat\u0131n almay\u0131n\u0131z hakk\u0131nda bilgi i\u00e7erecektir.<\/li>\n\n\n\n<li>\u00dcr\u00fcnlerinizi dayan\u0131kl\u0131 ve hafif bir kutuda paketliyoruz ve ek hediyeler ekliyoruz.<\/li>\n\n\n\n<li>Sipari\u015finiz se\u00e7ti\u011finiz kargo orta\u011f\u0131na teslim edildikten sonra, takip numaras\u0131n\u0131 i\u00e7eren bir E-posta g\u00f6nderilecektir. Bu takip numaras\u0131 ile paketinizi size do\u011fru yolundaki ilerlemeyi takip edebilirsiniz.<\/li>\n<\/ol>\n\n\n\n<p><\/p>\n\n\n\n<p><strong>\u0130\u015fleme S\u00fcresi<\/strong><\/p>\n\n\n\n<p>Sipari\u015flerimizin \u00e7o\u011fu () sipari\u015f geldi\u011fi g\u00fcn g\u00f6nderilir. \u0130\u015fleme s\u00fcrelerinin daha uzun oldu\u011fu durumlar, \u00f6rne\u011fin sipari\u015finizin \u00fcr\u00fcnleri stokta olmad\u0131\u011f\u0131nda meydana gelir. Size bu durum olursa ve i\u015fleme s\u00fcreniz 48 saati ge\u00e7erse, nedenleri hakk\u0131nda sizinle ileti\u015fim kuraca\u011f\u0131z. &nbsp;<\/p>\n\n\n\n<p><strong>Ek Bilgiler<\/strong><\/p>\n\n\n\n<p>Whitelip.com, g\u00fcvenlik incelemesi i\u00e7in herhangi bir sipari\u015fi tutma hakk\u0131n\u0131 sakl\u0131 tutar. Sipari\u015finiz etkilenirse, iki i\u015f g\u00fcn\u00fc i\u00e7inde size bilgi verilecektir.<\/p>\n\n\n\n<p>L\u00fctfen not edin \u2013 ABD m\u00fc\u015fterileri yaln\u0131zca 21 ya\u015f\u0131ndan b\u00fcy\u00fckse paketlerini alabilirler.<\/p>\n\n\n\n<p><strong>Avrupa Birli\u011fi (AB) d\u0131\u015f\u0131nda sat\u0131n alan m\u00fc\u015fteriler i\u00e7in<\/strong><\/p>\n\n\n\n<p>M\u00fc\u015fteri olarak siz, \u00fcr\u00fcn\u00fcn hedef \u00fclkeye yasal olarak ithal edilebilece\u011fini sa\u011flamaktan sorumlusunuz. Whitelip.com'dan sipari\u015f verirken, al\u0131c\u0131 kay\u0131tl\u0131 ithalat\u00e7\u0131d\u0131r ve hedef \u00fclkenin t\u00fcm yasalar\u0131na ve d\u00fczenlemelerine uymal\u0131d\u0131r. \u0130sve\u00e7 d\u0131\u015f\u0131ndaki \u00fclkelere g\u00f6nderilen sipari\u015fler, yerel \u00fclke ve\/veya yarg\u0131 alan\u0131 taraf\u0131ndan uygulanan t\u00fcketim vergileri, g\u00fcmr\u00fck tarifeleri ve \u00fccretlerine tabi olabilir. Uluslararas\u0131 bir g\u00f6nderinin al\u0131c\u0131s\u0131, kargo \u00fclkenize ve\/veya teslimat adresinize ula\u015ft\u0131\u011f\u0131nda uygulanacak bu t\u00fcketim vergileri, g\u00fcmr\u00fck tarifeleri ve \u00fccretlere tabi olabilir. Bu vergileri bildirme ve \u00f6deme sorumlulu\u011fu m\u00fc\u015fterinin olmas\u0131d\u0131r. G\u00fcmr\u00fck tasfiyesi i\u00e7in ek \u00fccretler al\u0131c\u0131 taraf\u0131ndan kar\u015f\u0131lanmal\u0131d\u0131r; bu \u00fccretler \u00fczerinde hi\u00e7bir kontrol\u00fcm\u00fcz yoktur ve ne olaca\u011f\u0131n\u0131 tahmin edemeyiz. G\u00fcmr\u00fck politikalar\u0131 \u00fclkeden \u00fclkeye b\u00fcy\u00fck \u00f6l\u00e7\u00fcde de\u011fi\u015fir; daha fazla bilgi i\u00e7in yerel g\u00fcmr\u00fck m\u00fcd\u00fcrl\u00fc\u011f\u00fcn\u00fcze ba\u015fvurmal\u0131s\u0131n\u0131z. G\u00fcmr\u00fck tasfiyesi prosed\u00fcrleri gerekli oldu\u011funda, orijinal teslimat tahminlerimizin \u00f6tesinde gecikmeler meydana gelebilir. Sipari\u015f Whitelip.com'un deposundan ayr\u0131ld\u0131\u011f\u0131nda, art\u0131k paketten sorumlu de\u011filiz ve sorumluluk size, m\u00fc\u015fteri olarak ge\u00e7mektedir. AB d\u0131\u015f\u0131nda sipari\u015f vermeden \u00f6nce l\u00fctfen tam <a href=\"https:\/\/whitelip.com\/tr\/returns\/\">iade politikam\u0131z\u0131<\/a> Oku.<\/p>\n\n\n    <\/div>\n<\/section>\n<\/div><\/div>","protected":false},"excerpt":{"rendered":"","protected":false},"author":8456,"featured_media":0,"parent":0,"menu_order":0,"comment_status":"open","ping_status":"open","template":"text.php","meta":{"_acf_changed":false,"footnotes":""},"class_list":["post-7545","page","type-page","status-publish","hentry"],"acf":[],"_links":{"self":[{"href":"https:\/\/whitelip.com\/tr\/wp-json\/wp\/v2\/pages\/7545","targetHints":{"allow":["GET"]}}],"collection":[{"href":"https:\/\/whitelip.com\/tr\/wp-json\/wp\/v2\/pages"}],"about":[{"href":"https:\/\/whitelip.com\/tr\/wp-json\/wp\/v2\/types\/page"}],"author":[{"embeddable":true,"href":"https:\/\/whitelip.com\/tr\/wp-json\/wp\/v2\/users\/8456"}],"replies":[{"embeddable":true,"href":"https:\/\/whitelip.com\/tr\/wp-json\/wp\/v2\/comments?post=7545"}],"version-history":[{"count":0,"href":"https:\/\/whitelip.com\/tr\/wp-json\/wp\/v2\/pages\/7545\/revisions"}],"wp:attachment":[{"href":"https:\/\/whitelip.com\/tr\/wp-json\/wp\/v2\/media?parent=7545"}],"curies":[{"name":"wp","href":"https:\/\/api.w.org\/{rel}","templated":true}]}}