{"id":7542,"date":"2024-11-29T19:42:42","date_gmt":"2024-11-29T19:42:42","guid":{"rendered":"https:\/\/whitelip.com\/faq\/"},"modified":"2026-03-11T10:42:48","modified_gmt":"2026-03-11T10:42:48","slug":"faq","status":"publish","type":"page","link":"https:\/\/whitelip.com\/tr\/faq\/","title":{"rendered":"SSS"},"content":{"rendered":"<div class=\"wp-block-group container\"><div class=\"wp-block-group__inner-container is-layout-constrained wp-block-group-is-layout-constrained\">\n<h1 class=\"wp-block-heading has-text-align-center\">SSS<\/h1>\n\n\n<section class=\"block--title_aside\">\n    <aside class=\"block_aside\">\n        <p><strong>Sipari\u015f verdi\u011finizde<\/strong><\/p>\n\n    <\/aside>\n\n    <main class=\"block_main\">\n        \n\n<p>Do\u011fru bilgileri girdi\u011finizi kontrol edin. Whitelip.com, yanl\u0131\u015f adres bilgilerine kar\u015f\u0131 sorumluluk kabul etmez. T\u00fcm gerekli teslimat bilgilerini ald\u0131\u011f\u0131n\u0131zdan emin olmak ve tedarik\u00e7ilerimizin teslimat\u0131 kolayla\u015ft\u0131rmas\u0131 i\u00e7in telefon numaran\u0131z\u0131 ve e-posta adresinizi dahil edin.<br><\/p>\n\n\n    <\/main>\n<\/section>\n\n\n<section class=\"block--title_aside\">\n    <aside class=\"block_aside\">\n        <p><strong>Sipari\u015f verdi\u011fimde g\u00fcmr\u00fck vergisi veya vergi \u00f6demek zorunda m\u0131y\u0131m?<\/strong><\/p>\n\n    <\/aside>\n\n    <main class=\"block_main\">\n        \n\n<p>G\u00fcmr\u00fck vergisi ve vergiler ulusuna g\u00f6re de\u011fi\u015fir. Sipari\u015finiz hakk\u0131nda daha fazla ayr\u0131nt\u0131 i\u00e7in yerel g\u00fcmr\u00fck yetkisine dan\u0131\u015fman\u0131z\u0131 tavsiye ederiz.<br><\/p>\n\n\n    <\/main>\n<\/section>\n\n\n<section class=\"block--title_aside\">\n    <aside class=\"block_aside\">\n        <p><strong>Nikotin \u00fcr\u00fcnleri sipari\u015f etmek i\u00e7in ya\u015f s\u0131n\u0131r\u0131 nedir?<\/strong><\/p>\n\n    <\/aside>\n\n    <main class=\"block_main\">\n        \n\n<p>\u00dcr\u00fcnlerimizi sat\u0131n almak i\u00e7in ya\u015f s\u0131n\u0131r\u0131 18 veya 21 ya\u015ft\u0131r; nerede ya\u015fad\u0131\u011f\u0131n\u0131za ba\u011fl\u0131d\u0131r. Hi\u00e7bir istisna yap\u0131lmayacakt\u0131r.<br><\/p>\n\n\n    <\/main>\n<\/section>\n\n\n<section class=\"block--title_aside\">\n    <aside class=\"block_aside\">\n        <p><strong>\u00dcr\u00fcnlerimi Nas\u0131l Saklayaca\u011f\u0131m?<\/strong><\/p>\n\n    <\/aside>\n\n    <main class=\"block_main\">\n        \n\n<p>Her \u00fcr\u00fcn\u00fcn depolanmas\u0131 farkl\u0131d\u0131r, ancak genellikle so\u011futuldu\u011funda en iyi tatlar\u0131 verir. A\u00e7\u0131lmam\u0131\u015f kutular, daha uzun s\u00fcre taze kalmas\u0131 i\u00e7in her zaman buzdolab\u0131nda saklanmal\u0131d\u0131r, ancak t\u00fcm beyaz i\u00e7in bu bir gereklilik de\u011fildir.<br><\/p>\n\n\n    <\/main>\n<\/section>\n\n\n<section class=\"block--title_aside\">\n    <aside class=\"block_aside\">\n        <p><strong>Sipari\u015fimi \u0130ade Edebilir misiniz?<\/strong><\/p>\n\n    <\/aside>\n\n    <main class=\"block_main\">\n        \n\n<p>\u00dcr\u00fcnlerimizin bozulabilir do\u011fas\u0131 nedeniyle, iade kabul etmiyoruz. Al\u0131nan paketiniz hasar g\u00f6rm\u00fc\u015fse, do\u011frudan destek birimiyle ileti\u015fime ge\u00e7melisiniz. Al\u0131nan paket yanl\u0131\u015f \u00fcr\u00fcn\/miktar i\u00e7eriyorsa, l\u00fctfen destek ekibimize do\u011frudan ba\u015fvurun.<\/p>\n\n\n\n<p>Tam iade politikam\u0131z\u0131 burada okuyun:\u00a0<a href=\"https:\/\/whitelip.com\/tr\/returns\/\">\u0130ade Politikas\u0131<\/a><\/p>\n\n\n    <\/main>\n<\/section>\n\n\n<section class=\"block--title_aside\">\n    <aside class=\"block_aside\">\n        <p><strong>Teslimat s\u00fcresi ne kadar?<\/strong><\/p>\n\n    <\/aside>\n\n    <main class=\"block_main\">\n        \n\n<p>Teslimat, sipari\u015f etti\u011finiz \u00fcr\u00fcne ve se\u00e7ti\u011finiz teslimat y\u00f6ntemine ba\u011fl\u0131 olarak de\u011fi\u015febilir, ancak genellikle teslimat 2-5 i\u015f g\u00fcn\u00fcd\u00fcr. \u00dcr\u00fcn\u00fcn\u00fcz stokta yoksa, teslimat s\u00fcresi de etkilenebilir; bu durumda genellikle 7 i\u015f g\u00fcn\u00fc i\u00e7inde size e-posta ile haberimiz olacakt\u0131r.<\/p>\n\n\n\n<p>14:00'den \u00f6nce verilen sipari\u015fler, t\u00fcm \u00fcr\u00fcnler stokta s\u00fcrece, ayn\u0131 g\u00fcn kesinle\u015ftirilir ve kargo ortaklar\u0131na iletilir. Maa\u015f g\u00fcnleri ve yeni ba\u015flatmalar gibi y\u00fcksek bask\u0131 olaylar\u0131na uygulanmaz.<\/p>\n\n\n\n<p>Tam kargo politikam\u0131z\u0131 burada okuyun:&nbsp;<a href=\"https:\/\/whitelip.com\/tr\/shipping-deliveries\/\">Kargo ve teslimatlar<\/a><\/p>\n\n\n    <\/main>\n<\/section>\n\n\n<section class=\"block--title_aside\">\n    <aside class=\"block_aside\">\n        <p><strong>Sipari\u015fimi Nerede \u0130zleyebilirim?<\/strong><\/p>\n\n    <\/aside>\n\n    <main class=\"block_main\">\n        \n\n<p>Sipari\u015finizi paketledikten sonra, sipari\u015finizin i\u015flenece\u011fini bildirmek i\u00e7in size bir e-posta alacaks\u0131n\u0131z. Bu e-posta, pakete ve takip linki de i\u00e7erecektir.<br><\/p>\n\n\n    <\/main>\n<\/section>\n<\/div><\/div>","protected":false},"excerpt":{"rendered":"<p>SSS<\/p>","protected":false},"author":8456,"featured_media":0,"parent":0,"menu_order":0,"comment_status":"open","ping_status":"open","template":"text.php","meta":{"_acf_changed":false,"footnotes":""},"class_list":["post-7542","page","type-page","status-publish","hentry"],"acf":[],"_links":{"self":[{"href":"https:\/\/whitelip.com\/tr\/wp-json\/wp\/v2\/pages\/7542","targetHints":{"allow":["GET"]}}],"collection":[{"href":"https:\/\/whitelip.com\/tr\/wp-json\/wp\/v2\/pages"}],"about":[{"href":"https:\/\/whitelip.com\/tr\/wp-json\/wp\/v2\/types\/page"}],"author":[{"embeddable":true,"href":"https:\/\/whitelip.com\/tr\/wp-json\/wp\/v2\/users\/8456"}],"replies":[{"embeddable":true,"href":"https:\/\/whitelip.com\/tr\/wp-json\/wp\/v2\/comments?post=7542"}],"version-history":[{"count":0,"href":"https:\/\/whitelip.com\/tr\/wp-json\/wp\/v2\/pages\/7542\/revisions"}],"wp:attachment":[{"href":"https:\/\/whitelip.com\/tr\/wp-json\/wp\/v2\/media?parent=7542"}],"curies":[{"name":"wp","href":"https:\/\/api.w.org\/{rel}","templated":true}]}}