{"id":7540,"date":"2024-11-29T19:26:30","date_gmt":"2024-11-29T19:26:30","guid":{"rendered":"https:\/\/whitelip.com\/about-us\/"},"modified":"2025-10-01T13:10:02","modified_gmt":"2025-10-01T13:10:02","slug":"about-us","status":"publish","type":"page","link":"https:\/\/whitelip.com\/tr\/about-us\/","title":{"rendered":"Hakk\u0131m\u0131zda"},"content":{"rendered":"<div class=\"wp-block-group container\"><div class=\"wp-block-group__inner-container is-layout-constrained wp-block-group-is-layout-constrained\">\n<h1 class=\"wp-block-heading has-text-align-center\">HAKKIMIZDA<\/h1>\n\n\n<section class=\"block--title_aside\">\n    <aside class=\"block_aside\">\n        <p><strong>Whitelip AB<\/strong><\/p>\n\n    <\/aside>\n\n    <main class=\"block_main\">\n        \n\n<p>Whitelip.com, son derece rekabet\u00e7i fiyatlarla kapsaml\u0131 ve dinamik bir tam beyaz nikotin po\u015feti se\u00e7kisi sunmak amac\u0131yla kurulmu\u015ftur. Pazardaki bir bo\u015flu\u011fu fark ederek, en uygun fiyatl\u0131dan premium se\u00e7eneklere, en hafiften en yo\u011fun \u00fcr\u00fcnlere kadar her tercihe hitap eden bir platform hayal ettik. A\u011f\u0131rl\u0131kl\u0131 olarak yerle\u015fik, ana ak\u0131m markalara odaklanan pek \u00e7ok b\u00fcy\u00fck perakendecinin aksine, benzersiz ve \u00f6zg\u00fcn \u00fcr\u00fcnler sunarak s\u0131radanl\u0131\u011f\u0131n \u00f6tesine ge\u00e7meye \u00e7al\u0131\u015f\u0131yoruz. Misyonumuz, m\u00fc\u015fterilerimizi yeni aromalar ve \u00e7e\u015fitler ke\u015ffetmeye te\u015fvik ederek bir sonraki favorilerini bulmalar\u0131na yard\u0131mc\u0131 olmakt\u0131r. M\u00fckemmeliyete olan ba\u011fl\u0131l\u0131\u011f\u0131m\u0131z\u0131n bir par\u00e7as\u0131 olarak, herkes i\u00e7in bir \u015feyler olmas\u0131n\u0131 sa\u011flamak ad\u0131na \u00fcr\u00fcn yelpazemizi s\u00fcrekli geni\u015fletiyoruz.<\/p>\n\n\n    <\/main>\n<\/section>\n<\/div><\/div>\n\n\n<section class=\"tbs-image_cards\">\n  \n  <div class=\"wrapper centered_cards\">\n          <div class=\"card_wrapper\">\n        <div class=\"image-wrapper\">\n          <img decoding=\"async\" src=\"https:\/\/spcdn.shortpixel.ai\/spio\/ret_img,q_cdnize,to_avif,s_avif\/whitelip.com\/wp-content\/uploads\/2025\/07\/Daniel.webp\" alt=\"\" loading=\"lazy\" width=\"200\" height=\"200\" title=\"\">\n        <\/div>\n\n        <div class=\"info\">\n          <span class=\"name\">Daniel Holgersson<\/span>\n          <span class=\"title\">CEO<\/span>\n        <\/div>\n\n        <div class=\"wrapper-buttons\">\n                      <a href=\"mailto:daniel@whitelip.com\"><img decoding=\"async\" src=\"https:\/\/spcdn.shortpixel.ai\/spio\/ret_img,q_cdnize,to_avif,s_avif\/whitelip.com\/wp-content\/themes\/whitelip\/static\/img\/envelope-solid-full.svg\" alt=\"\" title=\"\"><\/a>\n          \n                      <a href=\"tel:+46707907751\"><img decoding=\"async\" src=\"https:\/\/spcdn.shortpixel.ai\/spio\/ret_img,q_cdnize,to_avif,s_avif\/whitelip.com\/wp-content\/themes\/whitelip\/static\/img\/phone-solid-full.svg\" alt=\"\" title=\"\"><\/a>\n          \n                      <a href=\"\"><img decoding=\"async\" src=\"https:\/\/spcdn.shortpixel.ai\/spio\/ret_img,q_cdnize,to_avif,s_avif\/whitelip.com\/wp-content\/themes\/whitelip\/static\/img\/linkedin-brands-solid-full.svg\" alt=\"\" title=\"\"><\/a>\n                  <\/div>\n      <\/div>\n          <div class=\"card_wrapper\">\n        <div class=\"image-wrapper\">\n          <img decoding=\"async\" src=\"https:\/\/spcdn.shortpixel.ai\/spio\/ret_img,q_cdnize,to_avif,s_avif\/whitelip.com\/wp-content\/uploads\/2025\/07\/Albin.webp\" alt=\"\" loading=\"lazy\" width=\"200\" height=\"200\" title=\"\">\n        <\/div>\n\n        <div class=\"info\">\n          <span class=\"name\">Albin Dahlin<\/span>\n          <span class=\"title\">CFO<\/span>\n        <\/div>\n\n        <div class=\"wrapper-buttons\">\n                      <a href=\"mailto:albin@whitelip.com\"><img decoding=\"async\" src=\"https:\/\/spcdn.shortpixel.ai\/spio\/ret_img,q_cdnize,to_avif,s_avif\/whitelip.com\/wp-content\/themes\/whitelip\/static\/img\/envelope-solid-full.svg\" alt=\"\" title=\"\"><\/a>\n          \n                      <a href=\"tel:+46708302150\"><img decoding=\"async\" src=\"https:\/\/spcdn.shortpixel.ai\/spio\/ret_img,q_cdnize,to_avif,s_avif\/whitelip.com\/wp-content\/themes\/whitelip\/static\/img\/phone-solid-full.svg\" alt=\"\" title=\"\"><\/a>\n          \n                      <a href=\"\"><img decoding=\"async\" src=\"https:\/\/spcdn.shortpixel.ai\/spio\/ret_img,q_cdnize,to_avif,s_avif\/whitelip.com\/wp-content\/themes\/whitelip\/static\/img\/linkedin-brands-solid-full.svg\" alt=\"\" title=\"\"><\/a>\n                  <\/div>\n      <\/div>\n          <div class=\"card_wrapper\">\n        <div class=\"image-wrapper\">\n          <img decoding=\"async\" src=\"https:\/\/spcdn.shortpixel.ai\/spio\/ret_img,q_cdnize,to_avif,s_avif\/whitelip.com\/wp-content\/uploads\/2025\/07\/Max.webp\" alt=\"\" loading=\"lazy\" width=\"200\" height=\"200\" title=\"\">\n        <\/div>\n\n        <div class=\"info\">\n          <span class=\"name\">Max Juserius<\/span>\n          <span class=\"title\">CMO<\/span>\n        <\/div>\n\n        <div class=\"wrapper-buttons\">\n                      <a href=\"mailto:max@whitelip.com\"><img decoding=\"async\" src=\"https:\/\/spcdn.shortpixel.ai\/spio\/ret_img,q_cdnize,to_avif,s_avif\/whitelip.com\/wp-content\/themes\/whitelip\/static\/img\/envelope-solid-full.svg\" alt=\"\" title=\"\"><\/a>\n          \n                      <a href=\"tel:+46707484475\"><img decoding=\"async\" src=\"https:\/\/spcdn.shortpixel.ai\/spio\/ret_img,q_cdnize,to_avif,s_avif\/whitelip.com\/wp-content\/themes\/whitelip\/static\/img\/phone-solid-full.svg\" alt=\"\" title=\"\"><\/a>\n          \n                      <a href=\"\"><img decoding=\"async\" src=\"https:\/\/spcdn.shortpixel.ai\/spio\/ret_img,q_cdnize,to_avif,s_avif\/whitelip.com\/wp-content\/themes\/whitelip\/static\/img\/linkedin-brands-solid-full.svg\" alt=\"\" title=\"\"><\/a>\n                  <\/div>\n      <\/div>\n          <div class=\"card_wrapper\">\n        <div class=\"image-wrapper\">\n          <img decoding=\"async\" src=\"https:\/\/spcdn.shortpixel.ai\/spio\/ret_img,q_cdnize,to_avif,s_avif\/whitelip.com\/wp-content\/uploads\/2025\/07\/1699907329647.webp\" alt=\"\" loading=\"lazy\" width=\"800\" height=\"800\" title=\"\">\n        <\/div>\n\n        <div class=\"info\">\n          <span class=\"name\">Edvin Andersson<\/span>\n          <span class=\"title\">TOPTAN SATI\u015e<\/span>\n        <\/div>\n\n        <div class=\"wrapper-buttons\">\n                      <a href=\"mailto:edvin@whitelip.com\"><img decoding=\"async\" src=\"https:\/\/spcdn.shortpixel.ai\/spio\/ret_img,q_cdnize,to_avif,s_avif\/whitelip.com\/wp-content\/themes\/whitelip\/static\/img\/envelope-solid-full.svg\" alt=\"\" title=\"\"><\/a>\n          \n                      <a href=\"tel:+46722070808\"><img decoding=\"async\" src=\"https:\/\/spcdn.shortpixel.ai\/spio\/ret_img,q_cdnize,to_avif,s_avif\/whitelip.com\/wp-content\/themes\/whitelip\/static\/img\/phone-solid-full.svg\" alt=\"\" title=\"\"><\/a>\n          \n                      <a href=\"\"><img decoding=\"async\" src=\"https:\/\/spcdn.shortpixel.ai\/spio\/ret_img,q_cdnize,to_avif,s_avif\/whitelip.com\/wp-content\/themes\/whitelip\/static\/img\/linkedin-brands-solid-full.svg\" alt=\"\" title=\"\"><\/a>\n                  <\/div>\n      <\/div>\n      <\/div>\n<\/section>\n\n\n\n<p><\/p>","protected":false},"excerpt":{"rendered":"<p>HAKKIMIZDA<\/p>","protected":false},"author":8456,"featured_media":0,"parent":0,"menu_order":0,"comment_status":"open","ping_status":"open","template":"text.php","meta":{"_acf_changed":false,"footnotes":""},"class_list":["post-7540","page","type-page","status-publish","hentry"],"acf":[],"_links":{"self":[{"href":"https:\/\/whitelip.com\/tr\/wp-json\/wp\/v2\/pages\/7540","targetHints":{"allow":["GET"]}}],"collection":[{"href":"https:\/\/whitelip.com\/tr\/wp-json\/wp\/v2\/pages"}],"about":[{"href":"https:\/\/whitelip.com\/tr\/wp-json\/wp\/v2\/types\/page"}],"author":[{"embeddable":true,"href":"https:\/\/whitelip.com\/tr\/wp-json\/wp\/v2\/users\/8456"}],"replies":[{"embeddable":true,"href":"https:\/\/whitelip.com\/tr\/wp-json\/wp\/v2\/comments?post=7540"}],"version-history":[{"count":0,"href":"https:\/\/whitelip.com\/tr\/wp-json\/wp\/v2\/pages\/7540\/revisions"}],"wp:attachment":[{"href":"https:\/\/whitelip.com\/tr\/wp-json\/wp\/v2\/media?parent=7540"}],"curies":[{"name":"wp","href":"https:\/\/api.w.org\/{rel}","templated":true}]}}