{"id":9997,"date":"2025-03-25T13:43:09","date_gmt":"2025-03-25T13:43:09","guid":{"rendered":"https:\/\/whitelip.com\/garant-extreme-edition-ice-peach-50mg\/"},"modified":"2026-04-28T10:11:24","modified_gmt":"2026-04-28T10:11:24","slug":"garant-extreme-edition-ice-peach-50mg","status":"publish","type":"product","link":"https:\/\/whitelip.com\/sk\/garant\/garant-extreme-edition-ice-peach-50mg\/","title":{"rendered":"Garant Extreme Edition Ice Peach 50mg"},"content":{"rendered":"<h2><strong>Garant Extreme Edition Ice Peach 50mg<\/strong><\/h2>\n<p>Nikot\u00ednov\u00e9 vrec\u00fa\u0161ka Garant Extreme Ice Peach pon\u00fakaj\u00fa dokonal\u00fd letn\u00fd z\u00e1\u017eitok so \u0161\u0165avnatou sladkos\u0165ou plne zrel\u00fdch brosk\u00fd\u0148 v kombin\u00e1cii s osvie\u017euj\u00facim \u013eadov\u00fdm n\u00e1dychom. Pr\u00edrodn\u00e1, slnkom pobozkan\u00e1 brosky\u0148ov\u00e1 chu\u0165 je \u017eiv\u00e1 a bohat\u00e1, zatia\u013e \u010do charakteristick\u00fd \u013eadov\u00fd pocit dod\u00e1va osvie\u017euj\u00faci n\u00e1dych a prin\u00e1\u0161a chladiv\u00fd, svie\u017ei z\u00e1ver. Ka\u017ed\u00e9 tenk\u00e9, celobiele vrec\u00fa\u0161ko obsahuje 25 mg nikot\u00ednu, celkovo 50 mg nikot\u00ednu na gram, \u010do zaru\u010duje siln\u00fd a dlhotrvaj\u00faci \u00fa\u010dinok. Tieto vrec\u00fa\u0161ka bez tabaku, navrhnut\u00e9 na diskr\u00e9tne pou\u017e\u00edvanie, poskytuj\u00fa hladk\u00fa, osvie\u017euj\u00facu d\u00e1vku nikot\u00ednu a zachyt\u00e1vaj\u00fa esenciu leta v ka\u017edom vrec\u00fa\u0161ku.<\/p>\n<table>\n<tbody>\n<tr>\n<td><b>Atrib\u00fat<\/b><\/td>\n<td><b>Podrobnosti<\/b><\/td>\n<\/tr>\n<tr>\n<td><span style=\"font-weight: 400;\">Obsah na plechovku<\/span><\/td>\n<td>27 vreciek<\/td>\n<\/tr>\n<tr>\n<td><span style=\"font-weight: 400;\">Obsah nikot\u00ednu<\/span><\/td>\n<td><span style=\"font-weight: 400;\">50 mg\/g (25 mg na vrecko)<\/span><\/td>\n<\/tr>\n<tr>\n<td><span style=\"font-weight: 400;\">Form\u00e1t vrecka<\/span><\/td>\n<td><span style=\"font-weight: 400;\">Slim<\/span><\/td>\n<\/tr>\n<tr>\n<td><span style=\"font-weight: 400;\">V\u00fdrobca<\/span><\/td>\n<td><span style=\"font-weight: 400;\">Garant<\/span><\/td>\n<\/tr>\n<tr>\n<td><span style=\"font-weight: 400;\">Pr\u00edchu\u0165<\/span><\/td>\n<td>Brosky\u0148a, m\u00e4ta<\/td>\n<\/tr>\n<tr>\n<td><span style=\"font-weight: 400;\">Typ<\/span><\/td>\n<td><span style=\"font-weight: 400;\">Celobiele vrecko, bez tabaku<\/span><\/td>\n<\/tr>\n<\/tbody>\n<\/table>","protected":false},"excerpt":{"rendered":"<p>\u0160\u0165avnat\u00e9, osvie\u017euj\u00face <strong data-start=\"18\" data-end=\"31\">\u013eadov\u00e1 brosky\u0148a<\/strong> so zrelou sladkos\u0165ou a chladn\u00fdm, svie\u017eim z\u00e1verom. <strong data-start=\"78\" data-end=\"86\">Slim<\/strong>, \u00faplne biele vrec\u00fa\u0161ka bez tabaku sa diskr\u00e9tne umiestnia pod pery, aby sa pohodlne pou\u017e\u00edvali. Ka\u017ed\u00e9 vrecko obsahuje <strong data-start=\"190\" data-end=\"208\">25 mg nikot\u00ednu<\/strong> (50 mg\/g), \u010do prin\u00e1\u0161a siln\u00fd a dlhotrvaj\u00faci \u00fa\u010dinok.<\/p>","protected":false},"featured_media":9998,"comment_status":"open","ping_status":"closed","template":"","format":[206],"meta":{"_acf_changed":false},"product_brand":[],"product_cat":[102],"product_tag":[16510,16589],"flavours":[196,199],"nicotine":[226,233],"class_list":{"0":"post-9997","1":"product","2":"type-product","3":"status-publish","4":"has-post-thumbnail","6":"product_cat-garant","7":"product_tag-12-off","8":"product_tag-25-mg-pouch","9":"pa_quantity-1-pack","10":"pa_quantity-10-pack","11":"pa_quantity-3-pack","12":"pa_quantity-30-pack","13":"pa_quantity-5-pack","14":"pa_quantity-60-pack","15":"flavours-fruits-berries","16":"flavours-mint","17":"format-slim","18":"nicotine-50-mg-g","19":"nicotine-extreme","21":"first","22":"instock","23":"sale","24":"taxable","25":"shipping-taxable","26":"purchasable","27":"product-type-variable","28":"has-default-attributes"},"acf":[],"_links":{"self":[{"href":"https:\/\/whitelip.com\/sk\/wp-json\/wp\/v2\/product\/9997","targetHints":{"allow":["GET"]}}],"collection":[{"href":"https:\/\/whitelip.com\/sk\/wp-json\/wp\/v2\/product"}],"about":[{"href":"https:\/\/whitelip.com\/sk\/wp-json\/wp\/v2\/types\/product"}],"replies":[{"embeddable":true,"href":"https:\/\/whitelip.com\/sk\/wp-json\/wp\/v2\/comments?post=9997"}],"wp:featuredmedia":[{"embeddable":true,"href":"https:\/\/whitelip.com\/sk\/wp-json\/wp\/v2\/media\/9998"}],"wp:attachment":[{"href":"https:\/\/whitelip.com\/sk\/wp-json\/wp\/v2\/media?parent=9997"}],"wp:term":[{"taxonomy":"product_brand","embeddable":true,"href":"https:\/\/whitelip.com\/sk\/wp-json\/wp\/v2\/product_brand?post=9997"},{"taxonomy":"product_cat","embeddable":true,"href":"https:\/\/whitelip.com\/sk\/wp-json\/wp\/v2\/product_cat?post=9997"},{"taxonomy":"product_tag","embeddable":true,"href":"https:\/\/whitelip.com\/sk\/wp-json\/wp\/v2\/product_tag?post=9997"},{"taxonomy":"flavours","embeddable":true,"href":"https:\/\/whitelip.com\/sk\/wp-json\/wp\/v2\/flavours?post=9997"},{"taxonomy":"format","embeddable":true,"href":"https:\/\/whitelip.com\/sk\/wp-json\/wp\/v2\/format?post=9997"},{"taxonomy":"nicotine","embeddable":true,"href":"https:\/\/whitelip.com\/sk\/wp-json\/wp\/v2\/nicotine?post=9997"}],"curies":[{"name":"wp","href":"https:\/\/api.w.org\/{rel}","templated":true}]}}