{"id":9987,"date":"2025-03-25T13:43:09","date_gmt":"2025-03-25T13:43:09","guid":{"rendered":"https:\/\/whitelip.com\/garant-extreme-edition-licorice-50-mg\/"},"modified":"2026-04-29T10:11:14","modified_gmt":"2026-04-29T10:11:14","slug":"garant-extreme-edition-licorice-50-mg","status":"publish","type":"product","link":"https:\/\/whitelip.com\/sk\/garant\/garant-extreme-edition-licorice-50-mg\/","title":{"rendered":"Garant Extreme Edition sladk\u00e9ho drievka 50 mg"},"content":{"rendered":"<h2><strong>Garant Extreme Edition sladk\u00e9ho drievka 50 mg<\/strong><\/h2>\n<p>Nikot\u00ednov\u00e9 vrec\u00fa\u0161ka Garant Extreme Licorice prin\u00e1\u0161aj\u00fa v\u00fdrazn\u00fa, aromatick\u00fa chu\u0165 s n\u00e1dychom korenia a an\u00edzu, ktor\u00e1 dokonale dop\u013a\u0148a bohat\u00fa, zemit\u00fa sladkos\u0165 sladk\u00e9ho drievka. Hlbok\u00e1, v\u00fdrazn\u00e1 chu\u0165 pon\u00faka skuto\u010dne jedine\u010dn\u00fd z\u00e1\u017eitok a v ka\u017edom vrec\u00fa\u0161ku kombinuje intenzitu a jemnos\u0165. S 25 mg nikot\u00ednu v jednom tenkom, celobielom vrec\u00fa\u0161ku a celkovo 50 mg nikot\u00ednu v jednom grame poskytuj\u00fa tieto vrec\u00fa\u0161ka siln\u00fd, dlhotrvaj\u00faci \u00fa\u010dinok. Ich diskr\u00e9tny dizajn zaru\u010duje pohodln\u00e9 ulo\u017eenie pod perou a pon\u00faka prvotriedny nikot\u00ednov\u00fd z\u00e1\u017eitok bez tabaku.<\/p>\n<table>\n<tbody>\n<tr>\n<td><b>Atrib\u00fat<\/b><\/td>\n<td><b>Podrobnosti<\/b><\/td>\n<\/tr>\n<tr>\n<td><span style=\"font-weight: 400;\">Obsah na plechovku<\/span><\/td>\n<td>27 vreciek<\/td>\n<\/tr>\n<tr>\n<td><span style=\"font-weight: 400;\">Obsah nikot\u00ednu<\/span><\/td>\n<td><span style=\"font-weight: 400;\">50 mg\/g (25 mg na vrecko)<\/span><\/td>\n<\/tr>\n<tr>\n<td><span style=\"font-weight: 400;\">Form\u00e1t vrecka<\/span><\/td>\n<td><span style=\"font-weight: 400;\">Slim<\/span><\/td>\n<\/tr>\n<tr>\n<td><span style=\"font-weight: 400;\">V\u00fdrobca<\/span><\/td>\n<td><span style=\"font-weight: 400;\">Garant<\/span><\/td>\n<\/tr>\n<tr>\n<td><span style=\"font-weight: 400;\">Pr\u00edchu\u0165<\/span><\/td>\n<td>Sladk\u00e9 drievko<\/td>\n<\/tr>\n<tr>\n<td><span style=\"font-weight: 400;\">Typ<\/span><\/td>\n<td><span style=\"font-weight: 400;\">Celobiele vrecko, bez tabaku<\/span><\/td>\n<\/tr>\n<\/tbody>\n<\/table>","protected":false},"excerpt":{"rendered":"<p>Odv\u00e1\u017eny, aromatick\u00fd <strong data-start=\"15\" data-end=\"27\">sladk\u00e9 drievko<\/strong> s n\u00e1dychom korenia a an\u00edzu, vyv\u00e1\u017een\u00e9 bohatou zemitou sladkos\u0165ou. <strong data-start=\"96\" data-end=\"104\">Slim<\/strong>, \u00faplne biele vrec\u00fa\u0161ka bez tabaku sa diskr\u00e9tne umiestnia pod pery, aby sa pohodlne pou\u017e\u00edvali. Ka\u017ed\u00e9 vrecko obsahuje <strong data-start=\"208\" data-end=\"226\">25 mg nikot\u00ednu<\/strong> (50 mg\/g), \u010do prin\u00e1\u0161a siln\u00fd a dlhotrvaj\u00faci \u00fa\u010dinok.<\/p>","protected":false},"featured_media":9988,"comment_status":"open","ping_status":"closed","template":"","format":[206],"meta":{"_acf_changed":false},"product_brand":[],"product_cat":[102],"product_tag":[16589],"flavours":[198],"nicotine":[226,233],"class_list":{"0":"post-9987","1":"product","2":"type-product","3":"status-publish","4":"has-post-thumbnail","6":"product_cat-garant","7":"product_tag-25-mg-pouch","8":"pa_quantity-1-pack","9":"pa_quantity-10-pack","10":"pa_quantity-3-pack","11":"pa_quantity-30-pack","12":"pa_quantity-5-pack","13":"pa_quantity-60-pack","14":"flavours-licorice","15":"format-slim","16":"nicotine-50-mg-g","17":"nicotine-extreme","19":"first","20":"outofstock","21":"taxable","22":"shipping-taxable","23":"purchasable","24":"product-type-variable","25":"has-default-attributes"},"acf":[],"_links":{"self":[{"href":"https:\/\/whitelip.com\/sk\/wp-json\/wp\/v2\/product\/9987","targetHints":{"allow":["GET"]}}],"collection":[{"href":"https:\/\/whitelip.com\/sk\/wp-json\/wp\/v2\/product"}],"about":[{"href":"https:\/\/whitelip.com\/sk\/wp-json\/wp\/v2\/types\/product"}],"replies":[{"embeddable":true,"href":"https:\/\/whitelip.com\/sk\/wp-json\/wp\/v2\/comments?post=9987"}],"wp:featuredmedia":[{"embeddable":true,"href":"https:\/\/whitelip.com\/sk\/wp-json\/wp\/v2\/media\/9988"}],"wp:attachment":[{"href":"https:\/\/whitelip.com\/sk\/wp-json\/wp\/v2\/media?parent=9987"}],"wp:term":[{"taxonomy":"product_brand","embeddable":true,"href":"https:\/\/whitelip.com\/sk\/wp-json\/wp\/v2\/product_brand?post=9987"},{"taxonomy":"product_cat","embeddable":true,"href":"https:\/\/whitelip.com\/sk\/wp-json\/wp\/v2\/product_cat?post=9987"},{"taxonomy":"product_tag","embeddable":true,"href":"https:\/\/whitelip.com\/sk\/wp-json\/wp\/v2\/product_tag?post=9987"},{"taxonomy":"flavours","embeddable":true,"href":"https:\/\/whitelip.com\/sk\/wp-json\/wp\/v2\/flavours?post=9987"},{"taxonomy":"format","embeddable":true,"href":"https:\/\/whitelip.com\/sk\/wp-json\/wp\/v2\/format?post=9987"},{"taxonomy":"nicotine","embeddable":true,"href":"https:\/\/whitelip.com\/sk\/wp-json\/wp\/v2\/nicotine?post=9987"}],"curies":[{"name":"wp","href":"https:\/\/api.w.org\/{rel}","templated":true}]}}