{"id":9962,"date":"2025-03-25T13:43:36","date_gmt":"2025-03-25T13:43:36","guid":{"rendered":"https:\/\/whitelip.com\/garant-extreme-edition-citrus-50-mg\/"},"modified":"2026-04-28T10:11:24","modified_gmt":"2026-04-28T10:11:24","slug":"garant-extreme-edition-citrus-50-mg","status":"publish","type":"product","link":"https:\/\/whitelip.com\/sk\/garant\/garant-extreme-edition-citrus-50-mg\/","title":{"rendered":"Garant Extreme Edition Citrus 50 mg"},"content":{"rendered":"<h2><strong>Garant Extreme Edition Citrus 50 mg<\/strong><\/h2>\n<p>Nikot\u00ednov\u00e9 vrec\u00fa\u0161ka Garant Extreme Citrus pon\u00fakaj\u00fa \u017eiv\u00fd, \u0161tip\u013eav\u00fd pr\u00edval citrusov, ktor\u00fd dokonale vyva\u017euje sladk\u00e9 a kysl\u00e9 t\u00f3ny pre skuto\u010dne osvie\u017euj\u00faci z\u00e1\u017eitok. Ka\u017ed\u00e9 tenk\u00e9, \u00faplne biele vrec\u00fa\u0161ko obsahuje 25 mg nikot\u00ednu, \u010do predstavuje celkovo 50 mg nikot\u00ednu na gram, \u010do prin\u00e1\u0161a siln\u00fd a dlhotrvaj\u00faci \u00fa\u010dinok pre sk\u00fasen\u00fdch u\u017e\u00edvate\u013eov. Elegantn\u00fd dizajn zaru\u010duje diskr\u00e9tne a pohodln\u00e9 ulo\u017eenie pod perou, \u010d\u00edm poskytuje hladk\u00fd a pr\u00edjemn\u00fd pocit bez zafarbenia zubov. Pre t\u00fdch, ktor\u00ed t\u00fa\u017eia po \u0161tip\u013eavom citrusovom n\u00e1boji so silnou d\u00e1vkou nikot\u00ednu, tieto vrec\u00fa\u0161ka bez tabaku poskytuj\u00fa dokonal\u00fa kombin\u00e1ciu chuti a intenzity.<\/p>\n<table>\n<tbody>\n<tr>\n<td><b>Atrib\u00fat<\/b><\/td>\n<td><b>Podrobnosti<\/b><\/td>\n<\/tr>\n<tr>\n<td><span style=\"font-weight: 400;\">Obsah na plechovku<\/span><\/td>\n<td><\/td>\n<\/tr>\n<tr>\n<td><span style=\"font-weight: 400;\">Obsah nikot\u00ednu<\/span><\/td>\n<td><span style=\"font-weight: 400;\">50 mg\/g (25 mg na vrecko)<\/span><\/td>\n<\/tr>\n<tr>\n<td><span style=\"font-weight: 400;\">Form\u00e1t vrecka<\/span><\/td>\n<td><span style=\"font-weight: 400;\">Slim<\/span><\/td>\n<\/tr>\n<tr>\n<td><span style=\"font-weight: 400;\">V\u00fdrobca<\/span><\/td>\n<td><span style=\"font-weight: 400;\">Garant<\/span><\/td>\n<\/tr>\n<tr>\n<td><span style=\"font-weight: 400;\">Pr\u00edchu\u0165<\/span><\/td>\n<td>Citrusov\u00e9 plody<\/td>\n<\/tr>\n<tr>\n<td><span style=\"font-weight: 400;\">Typ<\/span><\/td>\n<td><span style=\"font-weight: 400;\">Celobiele vrecko, bez tabaku<\/span><\/td>\n<\/tr>\n<\/tbody>\n<\/table>","protected":false},"excerpt":{"rendered":"<p data-start=\"0\" data-end=\"264\">\u017div\u00fd, pikantn\u00fd <strong data-start=\"15\" data-end=\"25\">citrusy<\/strong> s vyv\u00e1\u017een\u00fdm sladkokysl\u00fdm n\u00e1dychom. <strong data-start=\"59\" data-end=\"67\">Slim<\/strong>, \u00faplne biele vrec\u00fa\u0161ka bez tabaku sa diskr\u00e9tne umiestnia pod pery bez zafarbenia zubov. Ka\u017ed\u00e9 vrecko obsahuje <strong data-start=\"174\" data-end=\"192\">25 mg nikot\u00ednu<\/strong> (50 mg\/g), \u010do prin\u00e1\u0161a siln\u00fd a dlhotrvaj\u00faci \u00fa\u010dinok pre sk\u00fasen\u00fdch u\u017e\u00edvate\u013eov.<\/p>\n<p data-start=\"266\" data-end=\"380\" data-is-last-node=\"\" data-is-only-node=\"\">","protected":false},"featured_media":9963,"comment_status":"open","ping_status":"closed","template":"","format":[206],"meta":{"_acf_changed":false},"product_brand":[],"product_cat":[102],"product_tag":[16589],"flavours":[190],"nicotine":[226,233],"class_list":{"0":"post-9962","1":"product","2":"type-product","3":"status-publish","4":"has-post-thumbnail","6":"product_cat-garant","7":"product_tag-25-mg-pouch","8":"pa_quantity-1-pack","9":"pa_quantity-10-pack","10":"pa_quantity-3-pack","11":"pa_quantity-30-pack","12":"pa_quantity-5-pack","13":"pa_quantity-60-pack","14":"flavours-citrus","15":"format-slim","16":"nicotine-50-mg-g","17":"nicotine-extreme","19":"first","20":"outofstock","21":"taxable","22":"shipping-taxable","23":"purchasable","24":"product-type-variable","25":"has-default-attributes"},"acf":[],"_links":{"self":[{"href":"https:\/\/whitelip.com\/sk\/wp-json\/wp\/v2\/product\/9962","targetHints":{"allow":["GET"]}}],"collection":[{"href":"https:\/\/whitelip.com\/sk\/wp-json\/wp\/v2\/product"}],"about":[{"href":"https:\/\/whitelip.com\/sk\/wp-json\/wp\/v2\/types\/product"}],"replies":[{"embeddable":true,"href":"https:\/\/whitelip.com\/sk\/wp-json\/wp\/v2\/comments?post=9962"}],"wp:featuredmedia":[{"embeddable":true,"href":"https:\/\/whitelip.com\/sk\/wp-json\/wp\/v2\/media\/9963"}],"wp:attachment":[{"href":"https:\/\/whitelip.com\/sk\/wp-json\/wp\/v2\/media?parent=9962"}],"wp:term":[{"taxonomy":"product_brand","embeddable":true,"href":"https:\/\/whitelip.com\/sk\/wp-json\/wp\/v2\/product_brand?post=9962"},{"taxonomy":"product_cat","embeddable":true,"href":"https:\/\/whitelip.com\/sk\/wp-json\/wp\/v2\/product_cat?post=9962"},{"taxonomy":"product_tag","embeddable":true,"href":"https:\/\/whitelip.com\/sk\/wp-json\/wp\/v2\/product_tag?post=9962"},{"taxonomy":"flavours","embeddable":true,"href":"https:\/\/whitelip.com\/sk\/wp-json\/wp\/v2\/flavours?post=9962"},{"taxonomy":"format","embeddable":true,"href":"https:\/\/whitelip.com\/sk\/wp-json\/wp\/v2\/format?post=9962"},{"taxonomy":"nicotine","embeddable":true,"href":"https:\/\/whitelip.com\/sk\/wp-json\/wp\/v2\/nicotine?post=9962"}],"curies":[{"name":"wp","href":"https:\/\/api.w.org\/{rel}","templated":true}]}}