{"id":9927,"date":"2025-03-05T13:43:29","date_gmt":"2025-03-05T13:43:29","guid":{"rendered":"https:\/\/whitelip.com\/zyn-spearmint-6-5mg\/"},"modified":"2026-05-06T18:32:58","modified_gmt":"2026-05-06T18:32:58","slug":"zyn-spearmint-6-5mg","status":"publish","type":"product","link":"https:\/\/whitelip.com\/sk\/zyn\/zyn-spearmint-6-5mg\/","title":{"rendered":"ZYN m\u00e4ta pieporn\u00e1 6,5 mg"},"content":{"rendered":"<h2><strong>ZYN m\u00e4ta pieporn\u00e1 6,5 mg<\/strong><\/h2>\n<p><span style=\"font-weight: 400;\">ZYN Spearmint 6,5 mg pon\u00faka osvie\u017euj\u00faci a povzbudzuj\u00faci nikot\u00ednov\u00fd z\u00e1\u017eitok v\u010faka zmesi pr\u00edchut\u00ed m\u00e4ty piepornej a m\u00e4ty piepornej. Ka\u017ed\u00e9 tenk\u00e9, \u00faplne biele vrec\u00fa\u0161ko obsahuje 6,5 mg nikot\u00ednu, ktor\u00fd poskytuje siln\u00e9, ale stabiln\u00e9 uvo\u013e\u0148ovanie, ide\u00e1lne pre t\u00fdch, ktor\u00ed h\u013eadaj\u00fa siln\u00fd impulz.<\/span><\/p>\n<p><span style=\"font-weight: 400;\">\u0160t\u00edhly form\u00e1t zaru\u010duje diskr\u00e9tne a pohodln\u00e9 umiestnenie pod pery, \u010do umo\u017e\u0148uje \u010dist\u00e9 pou\u017eitie bez \u0161kv\u0155n v akomko\u013evek \u010dase. ZYN Spearmint 6,5 mg, vyroben\u00fd v\u00fdhradne z vysokokvalitn\u00fdch rastlinn\u00fdch materi\u00e1lov, pon\u00faka modern\u00fa a pr\u00edjemn\u00fa nikot\u00ednov\u00fa alternat\u00edvu so \u017eivou, chladivou pr\u00edchu\u0165ou.<\/span><\/p>\n<table>\n<tbody>\n<tr>\n<td><b>Atrib\u00fat<\/b><\/td>\n<td><b>Podrobnosti<\/b><\/td>\n<\/tr>\n<tr>\n<td><span style=\"font-weight: 400;\">Zna\u010dka<\/span><\/td>\n<td><span style=\"font-weight: 400;\">ZYN<\/span><\/td>\n<\/tr>\n<tr>\n<td><span style=\"font-weight: 400;\">Typ v\u00fdrobku<\/span><\/td>\n<td><span style=\"font-weight: 400;\">V\u0161etky biele nikot\u00ednov\u00e9 vreck\u00e1<\/span><\/td>\n<\/tr>\n<tr>\n<td><span style=\"font-weight: 400;\">Form\u00e1t<\/span><\/td>\n<td><span style=\"font-weight: 400;\">Slim<\/span><\/td>\n<\/tr>\n<tr>\n<td><span style=\"font-weight: 400;\">Pr\u00edchu\u0165<\/span><\/td>\n<td><span style=\"font-weight: 400;\">M\u00e4ta pieporn\u00e1 a m\u00e4ta pieporn\u00e1<\/span><\/td>\n<\/tr>\n<tr>\n<td><span style=\"font-weight: 400;\">Sila nikot\u00ednu<\/span><\/td>\n<td><span style=\"font-weight: 400;\">6,5 mg na vrecko<\/span><\/td>\n<\/tr>\n<tr>\n<td><span style=\"font-weight: 400;\">Hmotnos\u0165 porcie<\/span><\/td>\n<td><span style=\"font-weight: 400;\">0,7 gramu<\/span><\/td>\n<\/tr>\n<tr>\n<td><span style=\"font-weight: 400;\">Po\u010det porci\u00ed<\/span><\/td>\n<td><span style=\"font-weight: 400;\">21 za plechovku<\/span><\/td>\n<\/tr>\n<tr>\n<td><span style=\"font-weight: 400;\">Celkov\u00e1 hmotnos\u0165 plechovky<\/span><\/td>\n<td><span style=\"font-weight: 400;\">14,7 gramov<\/span><\/td>\n<\/tr>\n<tr>\n<td><span style=\"font-weight: 400;\">V\u00fdrobca<\/span><\/td>\n<td><span style=\"font-weight: 400;\">\u0160v\u00e9dska z\u00e1palka<\/span><\/td>\n<\/tr>\n<tr>\n<td><span style=\"font-weight: 400;\">Pozoruhodn\u00e9 funkcie<\/span><\/td>\n<td><span style=\"font-weight: 400;\">Bez tabaku, tenk\u00fd form\u00e1t, osvie\u017euj\u00faca m\u00e4tov\u00e1 pr\u00edchu\u0165<\/span><\/td>\n<\/tr>\n<\/tbody>\n<\/table>","protected":false},"excerpt":{"rendered":"<p><strong>Nov\u00fd dizajn! Po\u010das prechodu sa m\u00f4\u017eu pred\u00e1va\u0165 oba dizajny.<\/strong><\/p>\n<p>ZYN <strong data-start=\"4\" data-end=\"17\">M\u00e4ta pieporn\u00e1<\/strong> <strong data-start=\"18\" data-end=\"26\">\u0161t\u00edhly<\/strong> sp\u00e1ja m\u00e4tu pieporn\u00fa a m\u00e4tu pieporn\u00fa, ktor\u00e9 osvie\u017euj\u00fa a povzbudzuj\u00fa. Celobiele vrec\u00fa\u0161ka s\u00fa diskr\u00e9tne a pohodln\u00e9. Ka\u017ed\u00e9 vrecko obsahuje <strong data-start=\"171\" data-end=\"190\">6,5 mg nikot\u00ednu<\/strong> pre siln\u00e9 a stabiln\u00e9 uvo\u013enenie.<\/p>","protected":false},"featured_media":9928,"comment_status":"open","ping_status":"closed","template":"","format":[206],"meta":{"_acf_changed":false},"product_brand":[],"product_cat":[37],"product_tag":[16638],"flavours":[199],"nicotine":[231,236],"class_list":{"0":"post-9927","1":"product","2":"type-product","3":"status-publish","4":"has-post-thumbnail","6":"product_cat-zyn","7":"product_tag-6-5-mg-pouch","8":"pa_quantity-1-pack","9":"pa_quantity-10-pack","10":"pa_quantity-3-pack","11":"pa_quantity-30-pack","12":"pa_quantity-5-pack","13":"pa_quantity-60-pack","14":"flavours-mint","15":"format-slim","16":"nicotine-9-mg-g","17":"nicotine-strong","19":"first","20":"instock","21":"taxable","22":"shipping-taxable","23":"purchasable","24":"product-type-variable","25":"has-default-attributes"},"acf":[],"_links":{"self":[{"href":"https:\/\/whitelip.com\/sk\/wp-json\/wp\/v2\/product\/9927","targetHints":{"allow":["GET"]}}],"collection":[{"href":"https:\/\/whitelip.com\/sk\/wp-json\/wp\/v2\/product"}],"about":[{"href":"https:\/\/whitelip.com\/sk\/wp-json\/wp\/v2\/types\/product"}],"replies":[{"embeddable":true,"href":"https:\/\/whitelip.com\/sk\/wp-json\/wp\/v2\/comments?post=9927"}],"wp:featuredmedia":[{"embeddable":true,"href":"https:\/\/whitelip.com\/sk\/wp-json\/wp\/v2\/media\/9928"}],"wp:attachment":[{"href":"https:\/\/whitelip.com\/sk\/wp-json\/wp\/v2\/media?parent=9927"}],"wp:term":[{"taxonomy":"product_brand","embeddable":true,"href":"https:\/\/whitelip.com\/sk\/wp-json\/wp\/v2\/product_brand?post=9927"},{"taxonomy":"product_cat","embeddable":true,"href":"https:\/\/whitelip.com\/sk\/wp-json\/wp\/v2\/product_cat?post=9927"},{"taxonomy":"product_tag","embeddable":true,"href":"https:\/\/whitelip.com\/sk\/wp-json\/wp\/v2\/product_tag?post=9927"},{"taxonomy":"flavours","embeddable":true,"href":"https:\/\/whitelip.com\/sk\/wp-json\/wp\/v2\/flavours?post=9927"},{"taxonomy":"format","embeddable":true,"href":"https:\/\/whitelip.com\/sk\/wp-json\/wp\/v2\/format?post=9927"},{"taxonomy":"nicotine","embeddable":true,"href":"https:\/\/whitelip.com\/sk\/wp-json\/wp\/v2\/nicotine?post=9927"}],"curies":[{"name":"wp","href":"https:\/\/api.w.org\/{rel}","templated":true}]}}