{"id":9924,"date":"2025-02-25T11:38:43","date_gmt":"2025-02-25T11:38:43","guid":{"rendered":"https:\/\/whitelip.com\/zxs-icy-mint-jumbo-can\/"},"modified":"2026-04-16T11:32:04","modified_gmt":"2026-04-16T11:32:04","slug":"zxs-icy-mint-jumbo-can","status":"publish","type":"product","link":"https:\/\/whitelip.com\/sk\/jumbo-can\/zxs-icy-mint-jumbo-can\/","title":{"rendered":"Z!XS Icy Mint Jumbo Can"},"content":{"rendered":"<h2><strong>Z!XS Icy Mint Jumbo Can<\/strong><\/h2>\n<p><span style=\"font-weight: 400;\">Z!XS Icy Mint Jumbo Can prin\u00e1\u0161a <strong>\u013eadov\u00e1 m\u00e4tov\u00e1 pr\u00edchu\u0165<\/strong><\/span><span style=\"font-weight: 400;\"> v kombin\u00e1cii so siln\u00fdm nikot\u00ednom, \u010do z nej rob\u00ed odv\u00e1\u017enu vo\u013ebu pre sk\u00fasen\u00fdch u\u017e\u00edvate\u013eov. Ostr\u00fd a osvie\u017euj\u00faci pocit m\u00e4ty poskytuje \u010dist\u00fd a povzbudzuj\u00faci z\u00e1\u017eitok, zatia\u013e \u010do vysok\u00fd obsah nikot\u00ednu zaru\u010duje <\/span><b>siln\u00e9 a dlhotrvaj\u00face uvo\u013e\u0148ovanie<\/b><span style=\"font-weight: 400;\">. Ka\u017ed\u00e9 biele vrecko obsahuje <\/span><b>8 mg nikot\u00ednu<\/b><span style=\"font-weight: 400;\">, a pon\u00faka mimoriadne siln\u00fa mo\u017enos\u0165 pre t\u00fdch, ktor\u00ed h\u013eadaj\u00fa maxim\u00e1lnu silu.<\/span><\/p>\n<p><span style=\"font-weight: 400;\">Balen\u00e9 v praktickom <\/span><b>jumbo plechovka<\/b><span style=\"font-weight: 400;\"> s v\u00e4\u010d\u0161\u00edm po\u010dtom porci\u00ed je tento produkt ide\u00e1lny pre n\u00e1ro\u010dn\u00fdch pou\u017e\u00edvate\u013eov alebo pre t\u00fdch, ktor\u00ed chc\u00fa pred\u013a\u017ei\u0165 dostupnos\u0165. Tenk\u00fd form\u00e1t zaru\u010duje pohodln\u00e9 a diskr\u00e9tne ulo\u017eenie pod perou, zatia\u013e \u010do beztabakov\u00e9 zlo\u017eenie poskytuje modern\u00fa alternat\u00edvu tradi\u010dn\u00fdch v\u00fdrobkov bez \u0161kv\u0155n. Z!XS Icy Mint kombinuje extr\u00e9mnu silu s osvie\u017euj\u00facim chladiv\u00fdm \u00fa\u010dinkom pre jedine\u010dn\u00fd nikot\u00ednov\u00fd z\u00e1\u017eitok.<\/span><\/p>\n<table>\n<tbody>\n<tr>\n<td><b>Atrib\u00fat<\/b><\/td>\n<td><b>Podrobnosti<\/b><\/td>\n<\/tr>\n<tr>\n<td><b>Zna\u010dka<\/b><\/td>\n<td><span style=\"font-weight: 400;\">Z!XS<\/span><\/td>\n<\/tr>\n<tr>\n<td><b>Typ v\u00fdrobku<\/b><\/td>\n<td><span style=\"font-weight: 400;\">V\u0161etky biele nikot\u00ednov\u00e9 vreck\u00e1<\/span><\/td>\n<\/tr>\n<tr>\n<td><b>Form\u00e1t<\/b><\/td>\n<td><span style=\"font-weight: 400;\">Slim<\/span><\/td>\n<\/tr>\n<tr>\n<td><b>Pr\u00edchu\u0165<\/b><\/td>\n<td><span style=\"font-weight: 400;\">M\u00e4ta<\/span><\/td>\n<\/tr>\n<tr>\n<td><b>Sila nikot\u00ednu<\/b><\/td>\n<td><span style=\"font-weight: 400;\">8 mg na vrecko<\/span><\/td>\n<\/tr>\n<tr>\n<td><b>Hmotnos\u0165 porcie<\/b><\/td>\n<td><span style=\"font-weight: 400;\">0,7 gramu<\/span><\/td>\n<\/tr>\n<tr>\n<td><b>Po\u010det porci\u00ed<\/b><\/td>\n<td><span style=\"font-weight: 400;\">320 za plechovku (Jumbo Can)<\/span><\/td>\n<\/tr>\n<tr>\n<td><b>Celkov\u00e1 hmotnos\u0165 plechovky<\/b><\/td>\n<td><span style=\"font-weight: 400;\">46,2 gramov<\/span><\/td>\n<\/tr>\n<tr>\n<td><b>V\u00fdrobca<\/b><\/td>\n<td><span style=\"font-weight: 400;\">Z!XS International<\/span><\/td>\n<\/tr>\n<tr>\n<td><b>Pozoruhodn\u00e9 funkcie<\/b><\/td>\n<td><span style=\"font-weight: 400;\">Bez tabaku, tenk\u00fd form\u00e1t, extra siln\u00e1 \u013eadovo-m\u00e4tov\u00e1 pr\u00edchu\u0165, ve\u013ek\u00e1 plechovka so 66 porciami<\/span><\/td>\n<\/tr>\n<\/tbody>\n<\/table>","protected":false},"excerpt":{"rendered":"<p>Z!XS <strong data-start=\"5\" data-end=\"17\">\u013dadov\u00e1 m\u00e4ta<\/strong> <strong data-start=\"18\" data-end=\"34\">Extra siln\u00fd<\/strong> dod\u00e1va ostr\u00fa, osvie\u017euj\u00facu m\u00e4tu pre \u010dist\u00fd, osvie\u017euj\u00faci pocit. . <strong data-start=\"105\" data-end=\"118\">\u00faplne biely<\/strong> Vreck\u00e1 s\u00fa diskr\u00e9tne a pohodln\u00e9. Ka\u017ed\u00e9 vrecko obsahuje <strong data-start=\"177\" data-end=\"194\">8 mg nikot\u00ednu<\/strong>, a poskytuje siln\u00e9 a dlhotrvaj\u00face uvo\u013enenie. Ve\u013ek\u00e1 plechovka obsahuje pribli\u017ene <strong>320 Slim<\/strong> vreck\u00e1, ktor\u00e9 poskytuj\u00fa v\u00fdrazne v\u00e4\u010d\u0161\u00ed objem ako \u0161tandardn\u00e9 form\u00e1ty plechoviek.<\/p>","protected":false},"featured_media":9925,"comment_status":"open","ping_status":"closed","template":"","format":[206],"meta":{"_acf_changed":false},"product_brand":[],"product_cat":[92,39],"product_tag":[16583],"flavours":[199],"nicotine":[230,236],"class_list":{"0":"post-9924","1":"product","2":"type-product","3":"status-publish","4":"has-post-thumbnail","6":"product_cat-jumbo-can","7":"product_cat-zxs","8":"product_tag-8-mg-pouch","9":"pa_quantity-1-pack","10":"pa_quantity-10-pack","11":"pa_quantity-2-pack","12":"pa_quantity-3-pack","13":"pa_quantity-30-pack","14":"pa_quantity-5-pack","15":"pa_quantity-60-pack","16":"flavours-mint","17":"format-slim","18":"nicotine-8-mg-g","19":"nicotine-strong","21":"first","22":"instock","23":"taxable","24":"shipping-taxable","25":"purchasable","26":"product-type-variable"},"acf":[],"_links":{"self":[{"href":"https:\/\/whitelip.com\/sk\/wp-json\/wp\/v2\/product\/9924","targetHints":{"allow":["GET"]}}],"collection":[{"href":"https:\/\/whitelip.com\/sk\/wp-json\/wp\/v2\/product"}],"about":[{"href":"https:\/\/whitelip.com\/sk\/wp-json\/wp\/v2\/types\/product"}],"replies":[{"embeddable":true,"href":"https:\/\/whitelip.com\/sk\/wp-json\/wp\/v2\/comments?post=9924"}],"wp:featuredmedia":[{"embeddable":true,"href":"https:\/\/whitelip.com\/sk\/wp-json\/wp\/v2\/media\/9925"}],"wp:attachment":[{"href":"https:\/\/whitelip.com\/sk\/wp-json\/wp\/v2\/media?parent=9924"}],"wp:term":[{"taxonomy":"product_brand","embeddable":true,"href":"https:\/\/whitelip.com\/sk\/wp-json\/wp\/v2\/product_brand?post=9924"},{"taxonomy":"product_cat","embeddable":true,"href":"https:\/\/whitelip.com\/sk\/wp-json\/wp\/v2\/product_cat?post=9924"},{"taxonomy":"product_tag","embeddable":true,"href":"https:\/\/whitelip.com\/sk\/wp-json\/wp\/v2\/product_tag?post=9924"},{"taxonomy":"flavours","embeddable":true,"href":"https:\/\/whitelip.com\/sk\/wp-json\/wp\/v2\/flavours?post=9924"},{"taxonomy":"format","embeddable":true,"href":"https:\/\/whitelip.com\/sk\/wp-json\/wp\/v2\/format?post=9924"},{"taxonomy":"nicotine","embeddable":true,"href":"https:\/\/whitelip.com\/sk\/wp-json\/wp\/v2\/nicotine?post=9924"}],"curies":[{"name":"wp","href":"https:\/\/api.w.org\/{rel}","templated":true}]}}