{"id":9911,"date":"2025-02-20T13:47:21","date_gmt":"2025-02-20T13:47:21","guid":{"rendered":"https:\/\/whitelip.com\/frokens-energy\/"},"modified":"2026-04-09T22:33:34","modified_gmt":"2026-04-09T22:33:34","slug":"frokens-energy","status":"publish","type":"product","link":"https:\/\/whitelip.com\/sk\/frokens\/frokens-energy\/","title":{"rendered":"FR\u00d6KENS Energy D\u00e1tum skon\u010denia platnosti: 2024-12-04"},"content":{"rendered":"<h2><strong>FR\u00d6KENS Energia<\/strong><\/h2>\n<p><strong>V\u00fdrobok, ktor\u00e9mu uplynula doba pou\u017eite\u013enosti - D\u00e1tum exspir\u00e1cie: 2024-12-04<\/strong><\/p>\n<p><span style=\"font-weight: 400;\">Nikot\u00ednov\u00e9 vrec\u00fa\u0161ka FR\u00d6KENS Energy prin\u00e1\u0161aj\u00fa osvie\u017euj\u00facu pr\u00edchu\u0165 energetick\u00e9ho n\u00e1poja s povzbudzuj\u00facim pocitom, ide\u00e1lnu pre milovn\u00edkov energetick\u00fdch n\u00e1pojov, ktor\u00ed h\u013eadaj\u00fa sladk\u00fa chu\u0165. Ka\u017ed\u00e9 tenk\u00e9, celobiele vrec\u00fa\u0161ko obsahuje 6 mg nikot\u00ednu a pon\u00faka miernu silu vhodn\u00fa pre nov\u00fdch aj sk\u00fasen\u00fdch u\u017e\u00edvate\u013eov. Diskr\u00e9tny dizajn umo\u017e\u0148uje pou\u017eitie kedyko\u013evek a kdeko\u013evek bez zafarbenia zubov. Tieto vrec\u00fa\u0161ka bez tabaku, vyroben\u00e9 spolo\u010dnos\u0165ou Smitify Limited, zaru\u010duj\u00fa uspokojiv\u00fa chu\u0165 energetick\u00e9ho n\u00e1poja.<\/span><\/p>\n<p><b>\u0160pecifik\u00e1cie<\/b><\/p>\n<table>\n<tbody>\n<tr>\n<td><b>Atrib\u00fat<\/b><\/td>\n<td><b>Podrobnosti<\/b><\/td>\n<\/tr>\n<tr>\n<td><b>Obsah na plechovku<\/b><\/td>\n<td><span style=\"font-weight: 400;\">11 g (20 vrec\u00fa\u0161ok)<\/span><\/td>\n<\/tr>\n<tr>\n<td><b>Obsah nikot\u00ednu<\/b><\/td>\n<td><span style=\"font-weight: 400;\">6 mg\/g (3 mg na vrecko)<\/span><\/td>\n<\/tr>\n<tr>\n<td><b>Form\u00e1t vrecka<\/b><\/td>\n<td><span style=\"font-weight: 400;\">Slim<\/span><\/td>\n<\/tr>\n<tr>\n<td><b>V\u00fdrobca<\/b><\/td>\n<td><span style=\"font-weight: 400;\">Smitify Limited<\/span><\/td>\n<\/tr>\n<tr>\n<td><b>Pr\u00edchu\u0165<\/b><\/td>\n<td><span style=\"font-weight: 400;\">Energetick\u00fd n\u00e1poj<\/span><\/td>\n<\/tr>\n<tr>\n<td><b>Typ<\/b><\/td>\n<td><span style=\"font-weight: 400;\">Celobiele vrecko<\/span><\/td>\n<\/tr>\n<\/tbody>\n<\/table>","protected":false},"excerpt":{"rendered":"<p><strong>V\u00fdrobok, ktor\u00e9mu uplynula doba pou\u017eite\u013enosti - D\u00e1tum exspir\u00e1cie: 2024-12-04<\/strong><\/p>\n<p><span style=\"font-weight: 400;\">Nikot\u00ednov\u00e9 vrec\u00fa\u0161ka FR\u00d6KENS Energy prin\u00e1\u0161aj\u00fa osvie\u017euj\u00facu pr\u00edchu\u0165 energetick\u00e9ho n\u00e1poja s povzbudzuj\u00facim pocitom, ide\u00e1lnu pre milovn\u00edkov energetick\u00fdch n\u00e1pojov, ktor\u00ed h\u013eadaj\u00fa sladk\u00fa chu\u0165. Ka\u017ed\u00e9 tenk\u00e9, celobiele vrec\u00fa\u0161ko obsahuje 6 mg nikot\u00ednu a pon\u00faka miernu silu vhodn\u00fa pre nov\u00fdch aj sk\u00fasen\u00fdch u\u017e\u00edvate\u013eov. Diskr\u00e9tny dizajn umo\u017e\u0148uje pou\u017eitie kedyko\u013evek a kdeko\u013evek bez zafarbenia zubov. Tieto vrec\u00fa\u0161ka bez tabaku, vyroben\u00e9 spolo\u010dnos\u0165ou Smitify Limited, zaru\u010duj\u00fa uspokojiv\u00fa chu\u0165 energetick\u00e9ho n\u00e1poja.<\/span><\/p>","protected":false},"featured_media":3285,"comment_status":"open","ping_status":"closed","template":"","format":[206],"meta":{"_acf_changed":false},"product_brand":[],"product_cat":[100],"product_tag":[16579],"flavours":[196],"nicotine":[228,235],"class_list":{"0":"post-9911","1":"product","2":"type-product","3":"status-publish","4":"has-post-thumbnail","6":"product_cat-frokens","7":"product_tag-3-mg-pouch","8":"pa_quantity-30-pack","9":"pa_quantity-60-pack","10":"flavours-fruits-berries","11":"format-slim","12":"nicotine-6-mg-g","13":"nicotine-normal","15":"first","16":"instock","17":"taxable","18":"shipping-taxable","19":"purchasable","20":"product-type-variable"},"acf":[],"_links":{"self":[{"href":"https:\/\/whitelip.com\/sk\/wp-json\/wp\/v2\/product\/9911","targetHints":{"allow":["GET"]}}],"collection":[{"href":"https:\/\/whitelip.com\/sk\/wp-json\/wp\/v2\/product"}],"about":[{"href":"https:\/\/whitelip.com\/sk\/wp-json\/wp\/v2\/types\/product"}],"replies":[{"embeddable":true,"href":"https:\/\/whitelip.com\/sk\/wp-json\/wp\/v2\/comments?post=9911"}],"wp:featuredmedia":[{"embeddable":true,"href":"https:\/\/whitelip.com\/sk\/wp-json\/wp\/v2\/media\/3285"}],"wp:attachment":[{"href":"https:\/\/whitelip.com\/sk\/wp-json\/wp\/v2\/media?parent=9911"}],"wp:term":[{"taxonomy":"product_brand","embeddable":true,"href":"https:\/\/whitelip.com\/sk\/wp-json\/wp\/v2\/product_brand?post=9911"},{"taxonomy":"product_cat","embeddable":true,"href":"https:\/\/whitelip.com\/sk\/wp-json\/wp\/v2\/product_cat?post=9911"},{"taxonomy":"product_tag","embeddable":true,"href":"https:\/\/whitelip.com\/sk\/wp-json\/wp\/v2\/product_tag?post=9911"},{"taxonomy":"flavours","embeddable":true,"href":"https:\/\/whitelip.com\/sk\/wp-json\/wp\/v2\/flavours?post=9911"},{"taxonomy":"format","embeddable":true,"href":"https:\/\/whitelip.com\/sk\/wp-json\/wp\/v2\/format?post=9911"},{"taxonomy":"nicotine","embeddable":true,"href":"https:\/\/whitelip.com\/sk\/wp-json\/wp\/v2\/nicotine?post=9911"}],"curies":[{"name":"wp","href":"https:\/\/api.w.org\/{rel}","templated":true}]}}