{"id":9896,"date":"2025-02-20T13:47:23","date_gmt":"2025-02-20T13:47:23","guid":{"rendered":"https:\/\/whitelip.com\/frokens-heizenberg\/"},"modified":"2026-03-05T10:34:51","modified_gmt":"2026-03-05T10:34:51","slug":"frokens-heizenberg","status":"publish","type":"product","link":"https:\/\/whitelip.com\/sk\/frokens\/frokens-heizenberg\/","title":{"rendered":"FR\u00d6KENS Heizenberg D\u00e1tum skon\u010denia platnosti: 2024-12-01"},"content":{"rendered":"<h2><strong>FR\u00d6KENS Heizenberg <\/strong><\/h2>\n<p><strong>V\u00fdrobok, ktor\u00e9mu uplynula doba pou\u017eite\u013enosti - D\u00e1tum exspir\u00e1cie: 2024-12-01<\/strong><\/p>\n<p><span style=\"font-weight: 400;\">Nikot\u00ednov\u00e9 vrec\u00fa\u0161ka FR\u00d6KENS Heizenberg prin\u00e1\u0161aj\u00fa osvie\u017euj\u00facu pr\u00edchu\u0165 zmie\u0161an\u00e9ho bobu\u013eov\u00e9ho ovocia s plnou chu\u0165ou, ide\u00e1lnu pre milovn\u00edkov bobu\u013eov\u00e9ho ovocia, ktor\u00ed h\u013eadaj\u00fa osvie\u017euj\u00facu chu\u0165. Ka\u017ed\u00e9 tenk\u00e9, celobiele vrec\u00fa\u0161ko obsahuje 9 mg nikot\u00ednu a pon\u00faka miernu silu vhodn\u00fa pre nov\u00fdch aj sk\u00fasen\u00fdch u\u017e\u00edvate\u013eov. Diskr\u00e9tny dizajn umo\u017e\u0148uje pou\u017eitie kedyko\u013evek a kdeko\u013evek bez zafarbenia zubov. Tieto vrec\u00fa\u0161ka bez tabaku, vyroben\u00e9 spolo\u010dnos\u0165ou Smitify Limited, zaru\u010duj\u00fa uspokojuj\u00facu sladkos\u0165 bob\u00fa\u013e.<\/span><\/p>\n<p><b>\u0160pecifik\u00e1cie<\/b><\/p>\n<table>\n<tbody>\n<tr>\n<td><b>Atrib\u00fat<\/b><\/td>\n<td><b>Podrobnosti<\/b><\/td>\n<\/tr>\n<tr>\n<td><b>Obsah na plechovku<\/b><\/td>\n<td><span style=\"font-weight: 400;\">11 g (20 vrec\u00fa\u0161ok)<\/span><\/td>\n<\/tr>\n<tr>\n<td><b>Obsah nikot\u00ednu<\/b><\/td>\n<td><span style=\"font-weight: 400;\">18 mg\/g (9 mg na vrecko)<\/span><\/td>\n<\/tr>\n<tr>\n<td><b>Form\u00e1t vrecka<\/b><\/td>\n<td><span style=\"font-weight: 400;\">Slim<\/span><\/td>\n<\/tr>\n<tr>\n<td><b>V\u00fdrobca<\/b><\/td>\n<td><span style=\"font-weight: 400;\">Smitify Limited<\/span><\/td>\n<\/tr>\n<tr>\n<td><b>Pr\u00edchu\u0165<\/b><\/td>\n<td><span style=\"font-weight: 400;\">Berry<\/span><\/td>\n<\/tr>\n<tr>\n<td><b>Typ<\/b><\/td>\n<td><span style=\"font-weight: 400;\">Celobiele vrecko<\/span><\/td>\n<\/tr>\n<\/tbody>\n<\/table>","protected":false},"excerpt":{"rendered":"<p><strong>V\u00fdrobok, ktor\u00e9mu uplynula doba pou\u017eite\u013enosti - D\u00e1tum exspir\u00e1cie: 2024-12-01<\/strong><\/p>\n<p><span style=\"font-weight: 400;\">Nikot\u00ednov\u00e9 vrec\u00fa\u0161ka FR\u00d6KENS Heizenberg prin\u00e1\u0161aj\u00fa osvie\u017euj\u00facu pr\u00edchu\u0165 zmie\u0161an\u00e9ho bobu\u013eov\u00e9ho ovocia s plnou chu\u0165ou, ide\u00e1lnu pre milovn\u00edkov bobu\u013eov\u00e9ho ovocia, ktor\u00ed h\u013eadaj\u00fa osvie\u017euj\u00facu chu\u0165. Ka\u017ed\u00e9 tenk\u00e9, celobiele vrec\u00fa\u0161ko obsahuje 9 mg nikot\u00ednu a pon\u00faka miernu silu vhodn\u00fa pre nov\u00fdch aj sk\u00fasen\u00fdch u\u017e\u00edvate\u013eov. Diskr\u00e9tny dizajn umo\u017e\u0148uje pou\u017eitie kedyko\u013evek a kdeko\u013evek bez zafarbenia zubov. Tieto vrec\u00fa\u0161ka bez tabaku, vyroben\u00e9 spolo\u010dnos\u0165ou Smitify Limited, zaru\u010duj\u00fa uspokojuj\u00facu sladkos\u0165 bob\u00fa\u013e.<\/span><\/p>","protected":false},"featured_media":3282,"comment_status":"open","ping_status":"closed","template":"","format":[206],"meta":{"_acf_changed":false},"product_brand":[],"product_cat":[100],"product_tag":[16563],"flavours":[196],"nicotine":[215,232],"class_list":{"0":"post-9896","1":"product","2":"type-product","3":"status-publish","4":"has-post-thumbnail","6":"product_cat-frokens","7":"product_tag-9-mg-pouch","8":"pa_quantity-30-pack","9":"pa_quantity-60-pack","10":"flavours-fruits-berries","11":"format-slim","12":"nicotine-18-mg-g","13":"nicotine-extra-strong","15":"first","16":"instock","17":"taxable","18":"shipping-taxable","19":"purchasable","20":"product-type-variable"},"acf":[],"_links":{"self":[{"href":"https:\/\/whitelip.com\/sk\/wp-json\/wp\/v2\/product\/9896","targetHints":{"allow":["GET"]}}],"collection":[{"href":"https:\/\/whitelip.com\/sk\/wp-json\/wp\/v2\/product"}],"about":[{"href":"https:\/\/whitelip.com\/sk\/wp-json\/wp\/v2\/types\/product"}],"replies":[{"embeddable":true,"href":"https:\/\/whitelip.com\/sk\/wp-json\/wp\/v2\/comments?post=9896"}],"wp:featuredmedia":[{"embeddable":true,"href":"https:\/\/whitelip.com\/sk\/wp-json\/wp\/v2\/media\/3282"}],"wp:attachment":[{"href":"https:\/\/whitelip.com\/sk\/wp-json\/wp\/v2\/media?parent=9896"}],"wp:term":[{"taxonomy":"product_brand","embeddable":true,"href":"https:\/\/whitelip.com\/sk\/wp-json\/wp\/v2\/product_brand?post=9896"},{"taxonomy":"product_cat","embeddable":true,"href":"https:\/\/whitelip.com\/sk\/wp-json\/wp\/v2\/product_cat?post=9896"},{"taxonomy":"product_tag","embeddable":true,"href":"https:\/\/whitelip.com\/sk\/wp-json\/wp\/v2\/product_tag?post=9896"},{"taxonomy":"flavours","embeddable":true,"href":"https:\/\/whitelip.com\/sk\/wp-json\/wp\/v2\/flavours?post=9896"},{"taxonomy":"format","embeddable":true,"href":"https:\/\/whitelip.com\/sk\/wp-json\/wp\/v2\/format?post=9896"},{"taxonomy":"nicotine","embeddable":true,"href":"https:\/\/whitelip.com\/sk\/wp-json\/wp\/v2\/nicotine?post=9896"}],"curies":[{"name":"wp","href":"https:\/\/api.w.org\/{rel}","templated":true}]}}