{"id":9866,"date":"2025-02-24T11:02:14","date_gmt":"2025-02-24T11:02:14","guid":{"rendered":"https:\/\/whitelip.com\/camo-ice-cold-mint-12mg\/"},"modified":"2026-04-10T02:07:42","modified_gmt":"2026-04-10T02:07:42","slug":"camo-ice-cold-mint-12mg","status":"publish","type":"product","link":"https:\/\/whitelip.com\/sk\/camo\/camo-ice-cold-mint-12mg\/","title":{"rendered":"CAMO Ice Cold Mint 12 mg"},"content":{"rendered":"<h2><strong>CAMO Ice Cold Mint 12 mg<\/strong><\/h2>\n<p><span style=\"font-weight: 400;\">CAMO Ice Cold Mint 12 mg pon\u00faka v\u00fdrazn\u00fa a svie\u017eu m\u00e4tov\u00fa pr\u00edchu\u0165. Ka\u017ed\u00e9 tenk\u00e9, \u00faplne biele vrec\u00fa\u0161ko obsahuje 12 mg nikot\u00ednu, ktor\u00fd poskytuje siln\u00e9, ale stabiln\u00e9 uvo\u013e\u0148ovanie, ide\u00e1lne pre t\u00fdch, ktor\u00ed h\u013eadaj\u00fa siln\u00fd \u00fa\u010dinok.<\/span><\/p>\n<p><span style=\"font-weight: 400;\">\u0160t\u00edhly form\u00e1t zaru\u010duje diskr\u00e9tne a pohodln\u00e9 umiestnenie pod pery, \u010do umo\u017e\u0148uje \u010dist\u00e9 pou\u017eitie bez \u0161kv\u0155n v akomko\u013evek \u010dase. CAMO Ice Cold Mint 12 mg je vyroben\u00fd v\u00fdhradne z vysokokvalitn\u00fdch rastlinn\u00fdch materi\u00e1lov a pon\u00faka modern\u00fa a pr\u00edjemn\u00fa nikot\u00ednov\u00fa alternat\u00edvu so \u017eivou, chladivou chu\u0165ou.<\/span><\/p>\n<table>\n<tbody>\n<tr>\n<td><b>Atrib\u00fat<\/b><\/td>\n<td><b>Podrobnosti<\/b><\/td>\n<\/tr>\n<tr>\n<td><span style=\"font-weight: 400;\">Zna\u010dka<\/span><\/td>\n<td><span style=\"font-weight: 400;\">CAMO<\/span><\/td>\n<\/tr>\n<tr>\n<td><span style=\"font-weight: 400;\">Typ v\u00fdrobku<\/span><\/td>\n<td><span style=\"font-weight: 400;\">V\u0161etky biele nikot\u00ednov\u00e9 vreck\u00e1<\/span><\/td>\n<\/tr>\n<tr>\n<td><span style=\"font-weight: 400;\">Form\u00e1t<\/span><\/td>\n<td><span style=\"font-weight: 400;\">Slim<\/span><\/td>\n<\/tr>\n<tr>\n<td><span style=\"font-weight: 400;\">Pr\u00edchu\u0165<\/span><\/td>\n<td><span style=\"font-weight: 400;\">M\u00e4ta<\/span><\/td>\n<\/tr>\n<tr>\n<td><span style=\"font-weight: 400;\">Sila nikot\u00ednu<\/span><\/td>\n<td><span style=\"font-weight: 400;\">12 mg na vrecko<\/span><\/td>\n<\/tr>\n<tr>\n<td><span style=\"font-weight: 400;\">Hmotnos\u0165 porcie<\/span><\/td>\n<td><span style=\"font-weight: 400;\">0,75 gramu<\/span><\/td>\n<\/tr>\n<tr>\n<td><span style=\"font-weight: 400;\">Po\u010det porci\u00ed<\/span><\/td>\n<td><span style=\"font-weight: 400;\">20 za plechovku<\/span><\/td>\n<\/tr>\n<tr>\n<td><span style=\"font-weight: 400;\">Celkov\u00e1 hmotnos\u0165 plechovky<\/span><\/td>\n<td><span style=\"font-weight: 400;\">15 gramov<\/span><\/td>\n<\/tr>\n<tr>\n<td><span style=\"font-weight: 400;\">V\u00fdrobca<\/span><\/td>\n<td><span style=\"font-weight: 400;\">CAMO<\/span><\/td>\n<\/tr>\n<tr>\n<td><span style=\"font-weight: 400;\">Pozoruhodn\u00e9 funkcie<\/span><\/td>\n<td><span style=\"font-weight: 400;\">Bez tabaku, tenk\u00fd form\u00e1t, svie\u017ea m\u00e4tov\u00e1 pr\u00edchu\u0165<\/span><\/td>\n<\/tr>\n<\/tbody>\n<\/table>","protected":false},"excerpt":{"rendered":"<p>Odv\u00e1\u017eny, \u013eadov\u00fd <strong data-start=\"10\" data-end=\"18\">m\u00e4ta<\/strong> s chrumkavou, chladivou chu\u0165ou. Na str\u00e1nke . <strong data-start=\"53\" data-end=\"72\">\u0161t\u00edhly, <\/strong>Celobiele vrec\u00fa\u0161ka sa diskr\u00e9tne nach\u00e1dzaj\u00fa pod perami a poskytuj\u00fa \u010dist\u00fd, osvie\u017euj\u00faci pocit. Ka\u017ed\u00e9 vrecko obsahuje <strong data-start=\"160\" data-end=\"188\">12 mg nikot\u00ednu na vrecko<\/strong>, \u010d\u00edm sa dosiahne siln\u00e9 a stabiln\u00e9 uvo\u013enenie.<\/p>","protected":false},"featured_media":9867,"comment_status":"open","ping_status":"closed","template":"","format":[206],"meta":{"_acf_changed":false},"product_brand":[],"product_cat":[95],"product_tag":[16561],"flavours":[199],"nicotine":[209,232],"class_list":{"0":"post-9866","1":"product","2":"type-product","3":"status-publish","4":"has-post-thumbnail","6":"product_cat-camo","7":"product_tag-12-mg-pouch","8":"pa_quantity-1-pack","9":"pa_quantity-10-pack","10":"pa_quantity-3-pack","11":"pa_quantity-5-pack","12":"flavours-mint","13":"format-slim","14":"nicotine-12-mg-g","15":"nicotine-extra-strong","17":"first","18":"instock","19":"taxable","20":"shipping-taxable","21":"purchasable","22":"product-type-variable","23":"has-default-attributes"},"acf":[],"_links":{"self":[{"href":"https:\/\/whitelip.com\/sk\/wp-json\/wp\/v2\/product\/9866","targetHints":{"allow":["GET"]}}],"collection":[{"href":"https:\/\/whitelip.com\/sk\/wp-json\/wp\/v2\/product"}],"about":[{"href":"https:\/\/whitelip.com\/sk\/wp-json\/wp\/v2\/types\/product"}],"replies":[{"embeddable":true,"href":"https:\/\/whitelip.com\/sk\/wp-json\/wp\/v2\/comments?post=9866"}],"wp:featuredmedia":[{"embeddable":true,"href":"https:\/\/whitelip.com\/sk\/wp-json\/wp\/v2\/media\/9867"}],"wp:attachment":[{"href":"https:\/\/whitelip.com\/sk\/wp-json\/wp\/v2\/media?parent=9866"}],"wp:term":[{"taxonomy":"product_brand","embeddable":true,"href":"https:\/\/whitelip.com\/sk\/wp-json\/wp\/v2\/product_brand?post=9866"},{"taxonomy":"product_cat","embeddable":true,"href":"https:\/\/whitelip.com\/sk\/wp-json\/wp\/v2\/product_cat?post=9866"},{"taxonomy":"product_tag","embeddable":true,"href":"https:\/\/whitelip.com\/sk\/wp-json\/wp\/v2\/product_tag?post=9866"},{"taxonomy":"flavours","embeddable":true,"href":"https:\/\/whitelip.com\/sk\/wp-json\/wp\/v2\/flavours?post=9866"},{"taxonomy":"format","embeddable":true,"href":"https:\/\/whitelip.com\/sk\/wp-json\/wp\/v2\/format?post=9866"},{"taxonomy":"nicotine","embeddable":true,"href":"https:\/\/whitelip.com\/sk\/wp-json\/wp\/v2\/nicotine?post=9866"}],"curies":[{"name":"wp","href":"https:\/\/api.w.org\/{rel}","templated":true}]}}