{"id":98160,"date":"2026-05-13T09:49:35","date_gmt":"2026-05-13T09:49:35","guid":{"rendered":"https:\/\/whitelip.com\/?post_type=product&#038;p=98160"},"modified":"2026-05-14T10:11:49","modified_gmt":"2026-05-14T10:11:49","slug":"helwit-mint-extra-strong","status":"publish","type":"product","link":"https:\/\/whitelip.com\/sk\/helwit\/helwit-mint-extra-strong\/","title":{"rendered":"Helwit Mint Extra Strong"},"content":{"rendered":"<h1 data-section-id=\"hw1me2\" data-start=\"1\" data-end=\"50\"><strong>Helwit Mint Extra Strong<\/strong><\/h1>\n<p data-section-id=\"hw3me4\" data-start=\"52\" data-end=\"350\">Helwit Mint Extra Strong je beznik\u00f3tinov\u00e9 nik\u00f3tinov\u00e9 vrec\u00fa\u0161ko v slim form\u00e1te s \u010distou a osvie\u017euj\u00facou mintou, vyroben\u00e9 spolo\u010dnos\u0165ou YOIK v \u0160v\u00e9dsku. S \u010distou a uspokojuj\u00facou mintou a siln\u00fdm nik\u00f3t\u00ednov\u00fdm \u00fa\u010dinkom, tento produkt kombinuje klasick\u00fd a spo\u013eahliv\u00fd profil pr\u00edchu\u0165e s extra silnou silou. S obsahom nik\u00f3t\u00ednu 15 mg\/g (7,5 mg na vrec\u00fa\u0161ko), je to extra siln\u00e1 mo\u017enos\u0165 pre sk\u00fasen\u00fdch pou\u017e\u00edvate\u013eov, ktor\u00ed chc\u00fa \u010dist\u00fa a stimuluj\u00facu mint chu\u0165 v kombin\u00e1cii s r\u00fdchlym a vidite\u013en\u00fdm uvo\u013e\u0148ovan\u00edm nik\u00f3t\u00ednu.<\/p>\n<h2 data-section-id=\"hw5me6\" data-start=\"352\" data-end=\"370\">Chu\u0165 a sila<\/h2>\n<p data-section-id=\"hw7me8\" data-start=\"372\" data-end=\"570\">Helwit Mint Extra Strong delivers a clean and well-defined mint flavour that feels crisp and refreshing from the first moment. The mint profile is straightforward and reliable without being sharp or overwhelming, making it a consistent and enjoyable choice for everyday use. At 15mg\/g (7.5mg per pouch), this is an extra strong nicotine pouch that provides a fast and noticeable release &#8211; a solid choice for experienced users who want both a classic mint taste and a powerful nicotine hit.<\/p>\n<h2 data-section-id=\"hw9me0\" data-start=\"572\" data-end=\"590\">Form\u00e1t vrecka<\/h2>\n<p data-section-id=\"hw2me5\" data-start=\"592\" data-end=\"780\">Helwit Mint Extra Strong prich\u00e1dza v slim form\u00e1te. Ka\u017ed\u00e1 plechovka obsahuje 20 vrec\u00fa\u0161ok, v\u0161etky \u00faplne bez tab\u00e1ku a dymu. Slim vrec\u00fa\u0161ko sed\u00ed diskr\u00e9tne a pohodlne pod perami, \u010d\u00edm poskytuje rovnomern\u00e9 uvo\u013e\u0148ovanie pr\u00edchu\u0165e a nik\u00f3t\u00ednu v praktickom a nen\u00e1padnom form\u00e1te vhodnom na ka\u017edodenn\u00e9 pou\u017eitie.<\/p>\n<h2 data-section-id=\"hw4me7\" data-start=\"782\" data-end=\"796\">O zna\u010dke Helwit<\/h2>\n<p data-section-id=\"hw6me9\" data-start=\"798\" data-end=\"1050\">Helwit was established in 2021 by YOIK AB in Sweden. The brand produces white snus using its own hydroelectric power, and its packaging is made from bioplastic based on tall oil &#8211; reflecting a clear commitment to sustainability alongside product quality. Find more Helwit products at whitelip.se.<\/p>\n<table style=\"height: 235px;\" width=\"383\">\n<tbody>\n<tr>\n<td><b>Atrib\u00fat<\/b><\/td>\n<td><b>Podrobnosti<\/b><\/td>\n<\/tr>\n<tr>\n<td><b>Zna\u010dka<\/b><\/td>\n<td><em><strong>Helwit<\/strong><\/em><\/td>\n<\/tr>\n<tr>\n<td><b>Form\u00e1t vrecka<\/b><\/td>\n<td><em><strong>Slim<\/strong><\/em><\/td>\n<\/tr>\n<tr>\n<td><b>Sila<\/b><\/td>\n<td><em><strong>Extra siln\u00fd<\/strong><\/em><\/td>\n<\/tr>\n<tr>\n<td><b>V\u00fdrobca<\/b><\/td>\n<td><em><strong>YOIK<\/strong><\/em><\/td>\n<\/tr>\n<tr>\n<td><b>Pr\u00edchu\u0165<\/b><\/td>\n<td><span style=\"font-weight: 400;\">M\u00e4ta<\/span><\/td>\n<\/tr>\n<tr>\n<td><b>Obsah nikot\u00ednu<\/b><\/td>\n<td><b><span style=\"font-weight: 400;\">15mg\/g (7.5mg per pouch)<\/span><\/b><\/td>\n<\/tr>\n<tr>\n<td><b>Obsah na plechovku<\/b><\/td>\n<td><span style=\"font-weight: 400;\">20 vreciek<\/span><\/td>\n<\/tr>\n<tr>\n<td><b>Kateg\u00f3ria<\/b><\/td>\n<td><em><strong>White Snus<\/strong><\/em><\/td>\n<\/tr>\n<tr>\n<td><b>Typ<\/b><\/td>\n<td><b><span style=\"font-weight: 400;\">Celobiele vrecko, bez tabaku<\/span><\/b><\/td>\n<\/tr>\n<\/tbody>\n<\/table>\n<p>&nbsp;<\/p>","protected":false},"excerpt":{"rendered":"<p>Helwit Mint Extra Strong je beznik\u00f3tinov\u00e9 nik\u00f3tinov\u00e9 vrec\u00fa\u0161ko v slim form\u00e1te s \u010distou a osvie\u017euj\u00facou mintou. Pri 15 mg\/g (7,5 mg na vrec\u00fa\u0161ko) poskytuje extra siln\u00fa nik\u00f3t\u00ednov\u00fa sk\u00fasenos\u0165 pre sk\u00fasen\u00fdch pou\u017e\u00edvate\u013eov. 20 vrec\u00fa\u0161ok na plechovku, vyroben\u00e9 spolo\u010dnos\u0165ou YOIK v \u0160v\u00e9dsku.<\/p>","protected":false},"featured_media":98167,"comment_status":"open","ping_status":"closed","template":"","format":[206],"meta":{"_acf_changed":false},"product_brand":[],"product_cat":[52],"product_tag":[16601],"flavours":[199],"nicotine":[212,232],"class_list":{"0":"post-98160","1":"product","2":"type-product","3":"status-publish","4":"has-post-thumbnail","6":"product_cat-helwit","7":"product_tag-7-5-mg-pouch","8":"pa_quantity-1-pack","9":"pa_quantity-10-pack","10":"pa_quantity-3-pack","11":"pa_quantity-30-pack","12":"pa_quantity-5-pack","13":"pa_quantity-60-pack","14":"flavours-mint","15":"format-slim","16":"nicotine-15-mg-g","17":"nicotine-extra-strong","19":"first","20":"instock","21":"taxable","22":"shipping-taxable","23":"purchasable","24":"product-type-variable","25":"has-default-attributes"},"acf":[],"_links":{"self":[{"href":"https:\/\/whitelip.com\/sk\/wp-json\/wp\/v2\/product\/98160","targetHints":{"allow":["GET"]}}],"collection":[{"href":"https:\/\/whitelip.com\/sk\/wp-json\/wp\/v2\/product"}],"about":[{"href":"https:\/\/whitelip.com\/sk\/wp-json\/wp\/v2\/types\/product"}],"replies":[{"embeddable":true,"href":"https:\/\/whitelip.com\/sk\/wp-json\/wp\/v2\/comments?post=98160"}],"wp:featuredmedia":[{"embeddable":true,"href":"https:\/\/whitelip.com\/sk\/wp-json\/wp\/v2\/media\/98167"}],"wp:attachment":[{"href":"https:\/\/whitelip.com\/sk\/wp-json\/wp\/v2\/media?parent=98160"}],"wp:term":[{"taxonomy":"product_brand","embeddable":true,"href":"https:\/\/whitelip.com\/sk\/wp-json\/wp\/v2\/product_brand?post=98160"},{"taxonomy":"product_cat","embeddable":true,"href":"https:\/\/whitelip.com\/sk\/wp-json\/wp\/v2\/product_cat?post=98160"},{"taxonomy":"product_tag","embeddable":true,"href":"https:\/\/whitelip.com\/sk\/wp-json\/wp\/v2\/product_tag?post=98160"},{"taxonomy":"flavours","embeddable":true,"href":"https:\/\/whitelip.com\/sk\/wp-json\/wp\/v2\/flavours?post=98160"},{"taxonomy":"format","embeddable":true,"href":"https:\/\/whitelip.com\/sk\/wp-json\/wp\/v2\/format?post=98160"},{"taxonomy":"nicotine","embeddable":true,"href":"https:\/\/whitelip.com\/sk\/wp-json\/wp\/v2\/nicotine?post=98160"}],"curies":[{"name":"wp","href":"https:\/\/api.w.org\/{rel}","templated":true}]}}