{"id":9816,"date":"2025-02-24T11:02:22","date_gmt":"2025-02-24T11:02:22","guid":{"rendered":"https:\/\/whitelip.com\/camo-spicy-citrus-6mg\/"},"modified":"2026-03-05T10:13:05","modified_gmt":"2026-03-05T10:13:05","slug":"camo-spicy-citrus-6mg","status":"publish","type":"product","link":"https:\/\/whitelip.com\/sk\/camo\/camo-spicy-citrus-6mg\/","title":{"rendered":"CAMO Spicy Citrus 6mg"},"content":{"rendered":"<h2><strong>CAMO Spicy Citrus 6mg<\/strong><\/h2>\n<p><span style=\"font-weight: 400;\">CAMO Spicy Citrus 6 mg pon\u00faka v\u00fdrazn\u00fa a pikantn\u00fa citrusov\u00fa chu\u0165, ktor\u00e1 kombinuje pikantnos\u0165 \u010dili a kyslos\u0165 citrusov. Ka\u017ed\u00e9 tenk\u00e9, \u00faplne biele vrec\u00fa\u0161ko obsahuje 6 mg nikot\u00ednu, \u010do poskytuje siln\u00e9, ale stabiln\u00e9 uvo\u013e\u0148ovanie, ide\u00e1lne pre t\u00fdch, ktor\u00ed h\u013eadaj\u00fa siln\u00fd n\u00e1boj.<\/span><\/p>\n<p><span style=\"font-weight: 400;\">\u0160t\u00edhly form\u00e1t zaru\u010duje diskr\u00e9tne a pohodln\u00e9 umiestnenie pod pery, \u010do umo\u017e\u0148uje \u010dist\u00e9 pou\u017eitie bez \u0161kv\u0155n v akomko\u013evek \u010dase. CAMO Spicy Citrus 6 mg je vyroben\u00fd v\u00fdhradne z vysokokvalitn\u00fdch rastlinn\u00fdch materi\u00e1lov a pon\u00faka modern\u00fa a pr\u00edjemn\u00fa nikot\u00ednov\u00fa alternat\u00edvu so \u017eivou, chladivou chu\u0165ou.<\/span><\/p>\n<table>\n<tbody>\n<tr>\n<td><b>Atrib\u00fat<\/b><\/td>\n<td><b>Podrobnosti<\/b><\/td>\n<\/tr>\n<tr>\n<td><span style=\"font-weight: 400;\">Zna\u010dka<\/span><\/td>\n<td><span style=\"font-weight: 400;\">CAMO<\/span><\/td>\n<\/tr>\n<tr>\n<td><span style=\"font-weight: 400;\">Typ v\u00fdrobku<\/span><\/td>\n<td><span style=\"font-weight: 400;\">V\u0161etky biele nikot\u00ednov\u00e9 vreck\u00e1<\/span><\/td>\n<\/tr>\n<tr>\n<td><span style=\"font-weight: 400;\">Form\u00e1t<\/span><\/td>\n<td><span style=\"font-weight: 400;\">Slim<\/span><\/td>\n<\/tr>\n<tr>\n<td><span style=\"font-weight: 400;\">Pr\u00edchu\u0165<\/span><\/td>\n<td><span style=\"font-weight: 400;\">P\u00e1liv\u00e1 citrusov\u00e1 chute<\/span><\/td>\n<\/tr>\n<tr>\n<td><span style=\"font-weight: 400;\">Sila nikot\u00ednu<\/span><\/td>\n<td><span style=\"font-weight: 400;\">6 mg na vrecko<\/span><\/td>\n<\/tr>\n<tr>\n<td><span style=\"font-weight: 400;\">Hmotnos\u0165 porcie<\/span><\/td>\n<td><span style=\"font-weight: 400;\">0,75 gramu<\/span><\/td>\n<\/tr>\n<tr>\n<td><span style=\"font-weight: 400;\">Po\u010det porci\u00ed<\/span><\/td>\n<td><span style=\"font-weight: 400;\">20 za plechovku<\/span><\/td>\n<\/tr>\n<tr>\n<td><span style=\"font-weight: 400;\">Celkov\u00e1 hmotnos\u0165 plechovky<\/span><\/td>\n<td><span style=\"font-weight: 400;\">15 gramov<\/span><\/td>\n<\/tr>\n<tr>\n<td><span style=\"font-weight: 400;\">V\u00fdrobca<\/span><\/td>\n<td><span style=\"font-weight: 400;\">CAMO<\/span><\/td>\n<\/tr>\n<tr>\n<td><span style=\"font-weight: 400;\">Pozoruhodn\u00e9 funkcie<\/span><\/td>\n<td><span style=\"font-weight: 400;\">Bez tab\u00e1ku, \u0161t\u00edhly form\u00e1t, pikantn\u00e1 citr\u00f3nov\u00e1 chute<\/span><\/td>\n<\/tr>\n<\/tbody>\n<\/table>\n<p>\u00a0<\/p>","protected":false},"excerpt":{"rendered":"<p>Odv\u00e1\u017eny, pikantn\u00fd <strong data-start=\"12\" data-end=\"41\">citrusy <\/strong>s pikantnou chilli pr\u00edchu\u0165ou, ktor\u00e1 dod\u00e1va ostros\u0165 a \u017eivos\u0165. Na <strong data-start=\"80\" data-end=\"99\">\u0161t\u00edhly,<\/strong> Celobiele vrec\u00fa\u0161ka s\u00fa diskr\u00e9tne umiestnen\u00e9 pod perami, aby p\u00f4sobili \u010disto a pohodlne. Ka\u017ed\u00e9 vrecko obsahuje <strong data-start=\"188\" data-end=\"215\">6 mg nikot\u00ednu na vrecko<\/strong>, ktor\u00e1 prin\u00e1\u0161a siln\u00e9, stabiln\u00e9 uvo\u013enenie s pikantn\u00fdm n\u00e1bojom.<\/p>","protected":false},"featured_media":9817,"comment_status":"open","ping_status":"closed","template":"","format":[206],"meta":{"_acf_changed":false},"product_brand":[],"product_cat":[95],"product_tag":[16559],"flavours":[187,190],"nicotine":[208,236],"class_list":{"0":"post-9816","1":"product","2":"type-product","3":"status-publish","4":"has-post-thumbnail","6":"product_cat-camo","7":"product_tag-6-mg-pouch","8":"pa_quantity-1-pack","9":"pa_quantity-10-pack","10":"pa_quantity-3-pack","11":"pa_quantity-30-pack","12":"pa_quantity-5-pack","13":"pa_quantity-60-pack","14":"flavours-chili","15":"flavours-citrus","16":"format-slim","17":"nicotine-11-mg-g","18":"nicotine-strong","20":"first","21":"outofstock","22":"taxable","23":"shipping-taxable","24":"purchasable","25":"product-type-variable"},"acf":[],"_links":{"self":[{"href":"https:\/\/whitelip.com\/sk\/wp-json\/wp\/v2\/product\/9816","targetHints":{"allow":["GET"]}}],"collection":[{"href":"https:\/\/whitelip.com\/sk\/wp-json\/wp\/v2\/product"}],"about":[{"href":"https:\/\/whitelip.com\/sk\/wp-json\/wp\/v2\/types\/product"}],"replies":[{"embeddable":true,"href":"https:\/\/whitelip.com\/sk\/wp-json\/wp\/v2\/comments?post=9816"}],"wp:featuredmedia":[{"embeddable":true,"href":"https:\/\/whitelip.com\/sk\/wp-json\/wp\/v2\/media\/9817"}],"wp:attachment":[{"href":"https:\/\/whitelip.com\/sk\/wp-json\/wp\/v2\/media?parent=9816"}],"wp:term":[{"taxonomy":"product_brand","embeddable":true,"href":"https:\/\/whitelip.com\/sk\/wp-json\/wp\/v2\/product_brand?post=9816"},{"taxonomy":"product_cat","embeddable":true,"href":"https:\/\/whitelip.com\/sk\/wp-json\/wp\/v2\/product_cat?post=9816"},{"taxonomy":"product_tag","embeddable":true,"href":"https:\/\/whitelip.com\/sk\/wp-json\/wp\/v2\/product_tag?post=9816"},{"taxonomy":"flavours","embeddable":true,"href":"https:\/\/whitelip.com\/sk\/wp-json\/wp\/v2\/flavours?post=9816"},{"taxonomy":"format","embeddable":true,"href":"https:\/\/whitelip.com\/sk\/wp-json\/wp\/v2\/format?post=9816"},{"taxonomy":"nicotine","embeddable":true,"href":"https:\/\/whitelip.com\/sk\/wp-json\/wp\/v2\/nicotine?post=9816"}],"curies":[{"name":"wp","href":"https:\/\/api.w.org\/{rel}","templated":true}]}}