{"id":98152,"date":"2026-05-13T09:41:49","date_gmt":"2026-05-13T09:41:49","guid":{"rendered":"https:\/\/whitelip.com\/?post_type=product&#038;p=98152"},"modified":"2026-05-14T10:11:49","modified_gmt":"2026-05-14T10:11:49","slug":"loop-pineapple-ice-strong","status":"publish","type":"product","link":"https:\/\/whitelip.com\/sk\/loop\/loop-pineapple-ice-strong\/","title":{"rendered":"LOOP Pineapple Ice Strong"},"content":{"rendered":"<h1 data-section-id=\"lp1pi2\" data-start=\"1\" data-end=\"50\"><strong>Loop Pineapple Ice Strong<\/strong><\/h1>\n<p data-section-id=\"lp3pi4\" data-start=\"52\" data-end=\"350\">Loop Pineapple Ice Strong je beznik\u00f3tinov\u00e9 nik\u00f3tinov\u00e9 vrec\u00fa\u0161ko v slim form\u00e1te s odv\u00e1\u017enou a tropickou kombin\u00e1ciou pr\u00edchu\u0165e anan\u00e1su a m\u00e4ty, vyroben\u00e9 spolo\u010dnos\u0165ou Another Snus Factory v \u0160v\u00e9dsku. S vysok\u00fdm obsahom nik\u00f3t\u00ednu sa kombinuje sladk\u00fd a \u0161\u0165avnat\u00fd anan\u00e1s s chladiacou a osvie\u017euj\u00facou minty, t\u00e1to polo\u017eka pon\u00faka jedine\u010dn\u00fa a stimuluj\u00facu chu\u0165. S obsahom nik\u00f3t\u00ednu 15 mg\/g (9,4 mg na vrec\u00fa\u0161ko), je to extra siln\u00e1 mo\u017enos\u0165 pre sk\u00fasen\u00fdch pou\u017e\u00edvate\u013eov, ktor\u00ed chc\u00fa siln\u00e9 dzia\u0142anie nik\u00f3t\u00ednu s tropickou a \u013eadovou pr\u00edchu\u0165ou.<\/p>\n<h2 data-section-id=\"lp5pi6\" data-start=\"352\" data-end=\"370\">Chu\u0165 a sila<\/h2>\n<p data-section-id=\"lp7pi8\" data-start=\"372\" data-end=\"570\">Loop Pineapple Ice Strong delivers a vibrant and well-balanced flavour where sweet and juicy pineapple meets a cool and refreshing mint character. The tropical fruitiness of the pineapple combines naturally with the icy mint finish, creating a flavour profile that feels both energising and satisfying from start to finish. At 15mg\/g (9.4mg per pouch), this is an extra strong nicotine pouch that provides a fast and noticeable release &#8211; a bold choice for seasoned users who want both strength and a distinctive tropical flavour.<\/p>\n<h2 data-section-id=\"lp9pi0\" data-start=\"572\" data-end=\"590\">Form\u00e1t vrecka<\/h2>\n<p data-section-id=\"lp2pi5\" data-start=\"592\" data-end=\"780\">Loop Pineapple Ice Strong prich\u00e1dza v slim form\u00e1te. Ka\u017ed\u00e1 plechovka obsahuje 20 vrec\u00fa\u0161ok, v\u0161etky \u00faplne bez tab\u00e1ku a dymu. Slim vrec\u00fa\u0161ko sed\u00ed diskr\u00e9tne a pohodlne pod perami, \u010d\u00edm poskytuje rovnomern\u00e9 uvo\u013e\u0148ovanie pr\u00edchu\u0165e a nik\u00f3t\u00ednu v praktickom a nen\u00e1padnom form\u00e1te vhodnom na ka\u017edodenn\u00e9 pou\u017eitie.<\/p>\n<h2 data-section-id=\"lp4pi7\" data-start=\"782\" data-end=\"796\">O Loop<\/h2>\n<p data-section-id=\"lp6pi9\" data-start=\"798\" data-end=\"1050\">Loop bol spusten\u00fd v roku 2019 a je vyr\u00e1ban\u00fd spolo\u010dnos\u0165ou Another Snus Factory v \u0160v\u00e9dsku. Sortiment pokr\u00fdva biely snus v nieko\u013ek\u00fdch nik\u00f3t\u00ednov\u00fdch sil\u00e1ch a \u0161irokej variete pr\u00edchu\u0165i a form\u00e1tov. S siln\u00fdm zameran\u00edm na inov\u00e1ciu a kvalitu, Loop si vybudoval vern\u00fdch fan\u00fa\u0161ikov medzi pou\u017e\u00edvate\u013emi nik\u00f3t\u00ednov\u00fdch vrec\u00fa\u0161ok v celej Eur\u00f3pe. N\u00e1jdite \u010fal\u0161ie produkty Loop na whitelip.se.<\/p>\n<table style=\"height: 235px;\" width=\"383\">\n<tbody>\n<tr>\n<td><b>Atrib\u00fat<\/b><\/td>\n<td><b>Podrobnosti<\/b><\/td>\n<\/tr>\n<tr>\n<td><b>Zna\u010dka<\/b><\/td>\n<td><em><strong>Loop<\/strong><\/em><\/td>\n<\/tr>\n<tr>\n<td><b>Form\u00e1t vrecka<\/b><\/td>\n<td><em><strong>Slim<\/strong><\/em><\/td>\n<\/tr>\n<tr>\n<td><b>Sila<\/b><\/td>\n<td><em><strong>Extra siln\u00fd<\/strong><\/em><\/td>\n<\/tr>\n<tr>\n<td><b>V\u00fdrobca<\/b><\/td>\n<td><em><strong>Another Snus Factory<\/strong><\/em><\/td>\n<\/tr>\n<tr>\n<td><b>Pr\u00edchu\u0165<\/b><\/td>\n<td><span style=\"font-weight: 400;\">Pineapple, mint<\/span><\/td>\n<\/tr>\n<tr>\n<td><b>Obsah nikot\u00ednu<\/b><\/td>\n<td><b><span style=\"font-weight: 400;\">15mg\/g (9.4mg per pouch)<\/span><\/b><\/td>\n<\/tr>\n<tr>\n<td><b>Obsah na plechovku<\/b><\/td>\n<td><span style=\"font-weight: 400;\">20 vreciek<\/span><\/td>\n<\/tr>\n<tr>\n<td><b>Kateg\u00f3ria<\/b><\/td>\n<td><em><strong>White Snus<\/strong><\/em><\/td>\n<\/tr>\n<tr>\n<td><b>Typ<\/b><\/td>\n<td><b><span style=\"font-weight: 400;\">Celobiele vrecko, bez tabaku<\/span><\/b><\/td>\n<\/tr>\n<\/tbody>\n<\/table>\n<p>&nbsp;<\/p>","protected":false},"excerpt":{"rendered":"<p>Loop Pineapple Ice Strong je beznik\u00f3tinov\u00e9 nik\u00f3tinov\u00e9 vrec\u00fa\u0161ko v slim form\u00e1te s odv\u00e1\u017enou tropickou pr\u00edchu\u0165ou anan\u00e1su a m\u00e4ty. Pri 15 mg\/g (9,4 mg na vrec\u00fa\u0161ko) poskytuje extra siln\u00fa nik\u00f3t\u00ednov\u00fa sk\u00fasenos\u0165 pre sk\u00fasen\u00fdch pou\u017e\u00edvate\u013eov. 20 vrec\u00fa\u0161ok na plechovku, vyroben\u00e9 spolo\u010dnos\u0165ou Another Snus Factory v \u0160v\u00e9dsku.<\/p>","protected":false},"featured_media":98159,"comment_status":"open","ping_status":"closed","template":"","format":[206],"meta":{"_acf_changed":false},"product_brand":[],"product_cat":[32],"product_tag":[17011],"flavours":[196],"nicotine":[212,232],"class_list":{"0":"post-98152","1":"product","2":"type-product","3":"status-publish","4":"has-post-thumbnail","6":"product_cat-loop","7":"product_tag-9-4-mg-pouch","8":"pa_quantity-1-pack","9":"pa_quantity-10-pack","10":"pa_quantity-3-pack","11":"pa_quantity-30-pack","12":"pa_quantity-5-pack","13":"pa_quantity-60-pack","14":"flavours-fruits-berries","15":"format-slim","16":"nicotine-15-mg-g","17":"nicotine-extra-strong","19":"first","20":"instock","21":"taxable","22":"shipping-taxable","23":"purchasable","24":"product-type-variable"},"acf":[],"_links":{"self":[{"href":"https:\/\/whitelip.com\/sk\/wp-json\/wp\/v2\/product\/98152","targetHints":{"allow":["GET"]}}],"collection":[{"href":"https:\/\/whitelip.com\/sk\/wp-json\/wp\/v2\/product"}],"about":[{"href":"https:\/\/whitelip.com\/sk\/wp-json\/wp\/v2\/types\/product"}],"replies":[{"embeddable":true,"href":"https:\/\/whitelip.com\/sk\/wp-json\/wp\/v2\/comments?post=98152"}],"wp:featuredmedia":[{"embeddable":true,"href":"https:\/\/whitelip.com\/sk\/wp-json\/wp\/v2\/media\/98159"}],"wp:attachment":[{"href":"https:\/\/whitelip.com\/sk\/wp-json\/wp\/v2\/media?parent=98152"}],"wp:term":[{"taxonomy":"product_brand","embeddable":true,"href":"https:\/\/whitelip.com\/sk\/wp-json\/wp\/v2\/product_brand?post=98152"},{"taxonomy":"product_cat","embeddable":true,"href":"https:\/\/whitelip.com\/sk\/wp-json\/wp\/v2\/product_cat?post=98152"},{"taxonomy":"product_tag","embeddable":true,"href":"https:\/\/whitelip.com\/sk\/wp-json\/wp\/v2\/product_tag?post=98152"},{"taxonomy":"flavours","embeddable":true,"href":"https:\/\/whitelip.com\/sk\/wp-json\/wp\/v2\/flavours?post=98152"},{"taxonomy":"format","embeddable":true,"href":"https:\/\/whitelip.com\/sk\/wp-json\/wp\/v2\/format?post=98152"},{"taxonomy":"nicotine","embeddable":true,"href":"https:\/\/whitelip.com\/sk\/wp-json\/wp\/v2\/nicotine?post=98152"}],"curies":[{"name":"wp","href":"https:\/\/api.w.org\/{rel}","templated":true}]}}