{"id":9811,"date":"2025-02-24T11:02:23","date_gmt":"2025-02-24T11:02:23","guid":{"rendered":"https:\/\/whitelip.com\/camo-orange-bubble-gum-6mg\/"},"modified":"2026-03-05T10:12:59","modified_gmt":"2026-03-05T10:12:59","slug":"camo-orange-bubble-gum-6mg","status":"publish","type":"product","link":"https:\/\/whitelip.com\/sk\/camo\/camo-orange-bubble-gum-6mg\/","title":{"rendered":"CAMO Orange Bubble Gum 6mg"},"content":{"rendered":"<h2><strong>CAMO Orange Bubble Gum 6mg<\/strong><\/h2>\n<p><span style=\"font-weight: 400;\">CAMO Orange Bubble Gum 6 mg pon\u00faka v\u00fdrazn\u00fa a \u0161tip\u013eav\u00fa pr\u00edchu\u0165 pomaran\u010dovej \u017euva\u010dky, ktor\u00e1 kombinuje citrusy pomaran\u010da so sladkos\u0165ou \u017euva\u010dky. Ka\u017ed\u00e9 tenk\u00e9, \u00faplne biele vrec\u00fa\u0161ko obsahuje 6 mg nikot\u00ednu, ktor\u00fd poskytuje siln\u00e9, ale stabiln\u00e9 uvo\u013e\u0148ovanie, ide\u00e1lne pre t\u00fdch, ktor\u00ed h\u013eadaj\u00fa siln\u00fd kopanec.<\/span><\/p>\n<p><span style=\"font-weight: 400;\">\u0160t\u00edhly form\u00e1t zaru\u010duje diskr\u00e9tne a pohodln\u00e9 umiestnenie pod pery, \u010do umo\u017e\u0148uje kedyko\u013evek pou\u017e\u00edva\u0165 \u010dist\u00fd a bez \u0161kv\u0155n. \u017duva\u010dka CAMO Orange Bubble Gum 6 mg, vyroben\u00e1 v\u00fdhradne z vysokokvalitn\u00fdch rastlinn\u00fdch materi\u00e1lov, pon\u00faka modern\u00fa a pr\u00edjemn\u00fa nikot\u00ednov\u00fa alternat\u00edvu so \u017eivou, chladivou chu\u0165ou.<\/span><\/p>\n<table>\n<tbody>\n<tr>\n<td><b>Atrib\u00fat<\/b><\/td>\n<td><b>Podrobnosti<\/b><\/td>\n<\/tr>\n<tr>\n<td><span style=\"font-weight: 400;\">Zna\u010dka<\/span><\/td>\n<td><span style=\"font-weight: 400;\">CAMO<\/span><\/td>\n<\/tr>\n<tr>\n<td><span style=\"font-weight: 400;\">Typ v\u00fdrobku<\/span><\/td>\n<td><span style=\"font-weight: 400;\">V\u0161etky biele nikot\u00ednov\u00e9 vreck\u00e1<\/span><\/td>\n<\/tr>\n<tr>\n<td><span style=\"font-weight: 400;\">Form\u00e1t<\/span><\/td>\n<td><span style=\"font-weight: 400;\">Slim<\/span><\/td>\n<\/tr>\n<tr>\n<td><span style=\"font-weight: 400;\">Pr\u00edchu\u0165<\/span><\/td>\n<td><span style=\"font-weight: 400;\">Oran\u017eov\u00e1 \u017euva\u010dka<\/span><\/td>\n<\/tr>\n<tr>\n<td><span style=\"font-weight: 400;\">Sila nikot\u00ednu<\/span><\/td>\n<td><span style=\"font-weight: 400;\">6 mg na vrecko<\/span><\/td>\n<\/tr>\n<tr>\n<td><span style=\"font-weight: 400;\">Hmotnos\u0165 porcie<\/span><\/td>\n<td><span style=\"font-weight: 400;\">0,75 gramu<\/span><\/td>\n<\/tr>\n<tr>\n<td><span style=\"font-weight: 400;\">Po\u010det porci\u00ed<\/span><\/td>\n<td><span style=\"font-weight: 400;\">20 za plechovku<\/span><\/td>\n<\/tr>\n<tr>\n<td><span style=\"font-weight: 400;\">Celkov\u00e1 hmotnos\u0165 plechovky<\/span><\/td>\n<td><span style=\"font-weight: 400;\">15 gramov<\/span><\/td>\n<\/tr>\n<tr>\n<td><span style=\"font-weight: 400;\">V\u00fdrobca<\/span><\/td>\n<td><span style=\"font-weight: 400;\">Kamufl\u00e1\u017e<\/span><\/td>\n<\/tr>\n<tr>\n<td><span style=\"font-weight: 400;\">Pozoruhodn\u00e9 funkcie<\/span><\/td>\n<td><span style=\"font-weight: 400;\">Bez tabaku, tenk\u00fd form\u00e1t, \u0161tip\u013eav\u00e1 pomaran\u010dov\u00e1 pr\u00edchu\u0165<\/span><\/td>\n<\/tr>\n<\/tbody>\n<\/table>","protected":false},"excerpt":{"rendered":"<p>Odv\u00e1\u017eny, pikantn\u00fd <strong data-start=\"12\" data-end=\"33\">oran\u017eov\u00e1 \u017euva\u010dka<\/strong> kombinuje citrusov\u00fa svie\u017eos\u0165 so sladk\u00fdmi, \u017euva\u010dkov\u00fdmi t\u00f3nmi. Na <strong data-start=\"91\" data-end=\"110\">\u0161t\u00edhly, <\/strong>Celobiele vrec\u00fa\u0161ka s\u00fa diskr\u00e9tne umiestnen\u00e9 pod perami, aby p\u00f4sobili \u010disto a pohodlne. Ka\u017ed\u00e9 vrecko obsahuje <strong data-start=\"199\" data-end=\"226\">6 mg nikot\u00ednu na vrecko<\/strong>, \u010d\u00edm sa dosiahne siln\u00e9 a z\u00e1rove\u0148 hladk\u00e9 uvo\u013enenie.<\/p>","protected":false},"featured_media":9812,"comment_status":"open","ping_status":"closed","template":"","format":[206],"meta":{"_acf_changed":false},"product_brand":[],"product_cat":[95],"product_tag":[16559],"flavours":[185,190],"nicotine":[208,236],"class_list":{"0":"post-9811","1":"product","2":"type-product","3":"status-publish","4":"has-post-thumbnail","6":"product_cat-camo","7":"product_tag-6-mg-pouch","8":"pa_quantity-1-pack","9":"pa_quantity-10-pack","10":"pa_quantity-3-pack","11":"pa_quantity-30-pack","12":"pa_quantity-5-pack","13":"pa_quantity-60-pack","14":"flavours-candy","15":"flavours-citrus","16":"format-slim","17":"nicotine-11-mg-g","18":"nicotine-strong","20":"first","21":"outofstock","22":"taxable","23":"shipping-taxable","24":"purchasable","25":"product-type-variable"},"acf":[],"_links":{"self":[{"href":"https:\/\/whitelip.com\/sk\/wp-json\/wp\/v2\/product\/9811","targetHints":{"allow":["GET"]}}],"collection":[{"href":"https:\/\/whitelip.com\/sk\/wp-json\/wp\/v2\/product"}],"about":[{"href":"https:\/\/whitelip.com\/sk\/wp-json\/wp\/v2\/types\/product"}],"replies":[{"embeddable":true,"href":"https:\/\/whitelip.com\/sk\/wp-json\/wp\/v2\/comments?post=9811"}],"wp:featuredmedia":[{"embeddable":true,"href":"https:\/\/whitelip.com\/sk\/wp-json\/wp\/v2\/media\/9812"}],"wp:attachment":[{"href":"https:\/\/whitelip.com\/sk\/wp-json\/wp\/v2\/media?parent=9811"}],"wp:term":[{"taxonomy":"product_brand","embeddable":true,"href":"https:\/\/whitelip.com\/sk\/wp-json\/wp\/v2\/product_brand?post=9811"},{"taxonomy":"product_cat","embeddable":true,"href":"https:\/\/whitelip.com\/sk\/wp-json\/wp\/v2\/product_cat?post=9811"},{"taxonomy":"product_tag","embeddable":true,"href":"https:\/\/whitelip.com\/sk\/wp-json\/wp\/v2\/product_tag?post=9811"},{"taxonomy":"flavours","embeddable":true,"href":"https:\/\/whitelip.com\/sk\/wp-json\/wp\/v2\/flavours?post=9811"},{"taxonomy":"format","embeddable":true,"href":"https:\/\/whitelip.com\/sk\/wp-json\/wp\/v2\/format?post=9811"},{"taxonomy":"nicotine","embeddable":true,"href":"https:\/\/whitelip.com\/sk\/wp-json\/wp\/v2\/nicotine?post=9811"}],"curies":[{"name":"wp","href":"https:\/\/api.w.org\/{rel}","templated":true}]}}