{"id":97942,"date":"2026-05-11T13:47:58","date_gmt":"2026-05-11T13:47:58","guid":{"rendered":"https:\/\/whitelip.com\/?post_type=product&#038;p=97942"},"modified":"2026-05-16T10:11:08","modified_gmt":"2026-05-16T10:11:08","slug":"apres-raspberry-licorice-zero-nicotine-free","status":"publish","type":"product","link":"https:\/\/whitelip.com\/sk\/uncategorized\/apres-raspberry-licorice-zero-nicotine-free\/","title":{"rendered":"Apr\u00e8s Raspberry Licorice Zero bez nik\u00f3t\u00ednu"},"content":{"rendered":"<h1 data-section-id=\"ap1rl2\" data-start=\"1\" data-end=\"50\"><strong>Apr\u00e8s Raspberry Licorice Zero bez nik\u00f3t\u00ednu<\/strong><\/h1>\n<p data-section-id=\"ap3rl4\" data-start=\"52\" data-end=\"350\">Apr\u00e8s Raspberry Licorice Zero je snus bez nikot\u00ednu a tab\u00e1ku v slim form\u00e1te s odv\u00e1\u017enou a charakteristickou kombin\u00e1ciou chut\u00ed maliny a an\u00edzu, vyroben\u00fd spolo\u010dnos\u0165ou Apr\u00e8s Nicotine AB v \u0160v\u00e9dsku. \u00daplne bez nikot\u00ednu, tab\u00e1ku a kofe\u00ednu, tento produkt pon\u00faka jedine\u010dn\u00fd a dobrodru\u017en\u00fd z\u00e1\u017eitok z chute pre t\u00fdch, ktor\u00ed chc\u00fa vychutna\u0165 si form\u00e1t vank\u00fa\u0161ikov bez ak\u00fdchko\u013evek stimulantov. Spolo\u010dnos\u0165 Apr\u00e8s bola zalo\u017een\u00e1 v roku 2020 a svojimi vank\u00fa\u0161ikmi pou\u017e\u00edva rastlinn\u00e9 materi\u00e1ly ako na porcie, tak aj na balenie.<\/p>\n<h2 data-section-id=\"ap5rl6\" data-start=\"352\" data-end=\"370\">Chu\u0165 a form\u00e1t<\/h2>\n<p data-section-id=\"ap7rl8\" data-start=\"372\" data-end=\"570\">Apr\u00e8s Raspberry Licorice Zero pon\u00faka fascinuj\u00facu a vyv\u00e1\u017eenu kombin\u00e1ciu sladkej maliny a hlbok\u00e9ho, zemit\u00e9ho an\u00edzu. Ovocn\u00e1 sladkos\u0165 maliny dop\u013a\u0148a charakteristick\u00fd a mierne hork\u00fd charakter an\u00edzu a vytv\u00e1ra profil chute, ktor\u00fd je z\u00e1rove\u0148 odv\u00e1\u017eny a prekvapuj\u00faco harmonick\u00fd. Bez nikot\u00ednu a kofe\u00ednu je to skvel\u00e1 vo\u013eba pre t\u00fdch, ktor\u00ed chc\u00fa nie\u010do skuto\u010dne in\u00e9 a chutn\u00e9 bez ak\u00fdchko\u013evek stimulantov.<\/p>\n<h2 data-section-id=\"ap9rl0\" data-start=\"572\" data-end=\"590\">Form\u00e1t vrecka<\/h2>\n<p data-section-id=\"ap2rl5\" data-start=\"592\" data-end=\"780\">Apr\u00e8s Raspberry Licorice Zero sa dod\u00e1va v slim form\u00e1te. Ka\u017ed\u00e1 d\u00f3za obsahuje 20 vank\u00fa\u0161ikov, ktor\u00e9 s\u00fa \u00faplne bez nikot\u00ednu, tab\u00e1ku, kofe\u00ednu a dymu. \u0160t\u00edhly vank\u00fa\u0161ik sa pohodlne ukr\u00fdva pod pery a poskytuje rovnomern\u00e9 uvo\u013e\u0148ovanie chute v praktickom a nen\u00e1padnom form\u00e1te vhodnom na pou\u017eitie kedyko\u013evek a kdeko\u013evek.<\/p>\n<h2 data-section-id=\"ap4rl7\" data-start=\"782\" data-end=\"796\">O Apr\u00e8s<\/h2>\n<p data-section-id=\"ap6rl9\" data-start=\"798\" data-end=\"1050\">Apr\u00e8s was founded in 2020 in Sweden and is produced by Apr\u00e8s Nicotine AB. The range includes both nicotine-free and nicotine-containing products across a variety of flavours, strengths and formats, all made with plant-based materials. Apr\u00e8s Raspberry Licorice Zero is a prime example of Apr\u00e8s&#8217; ambition to offer creative and distinctive flavour profiles in a clean, nicotine-free format.<\/p>\n<table style=\"height: 235px;\" width=\"383\">\n<tbody>\n<tr>\n<td><b>Atrib\u00fat<\/b><\/td>\n<td><b>Podrobnosti<\/b><\/td>\n<\/tr>\n<tr>\n<td><b>Zna\u010dka<\/b><\/td>\n<td><em><strong>Apr\u00e8s<\/strong><\/em><\/td>\n<\/tr>\n<tr>\n<td><b>Form\u00e1t vrecka<\/b><\/td>\n<td><em><strong>Slim<\/strong><\/em><\/td>\n<\/tr>\n<tr>\n<td><b>Sila<\/b><\/td>\n<td><em><strong>Bez nikot\u00ednu<\/strong><\/em><\/td>\n<\/tr>\n<tr>\n<td><b>V\u00fdrobca<\/b><\/td>\n<td><em><strong>Apr\u00e8s Nicotine AB<\/strong><\/em><\/td>\n<\/tr>\n<tr>\n<td><b>Pr\u00edchu\u0165<\/b><\/td>\n<td><span style=\"font-weight: 400;\">Raspberry, licorice<\/span><\/td>\n<\/tr>\n<tr>\n<td><b>Obsah nikot\u00ednu<\/b><\/td>\n<td><b><span style=\"font-weight: 400;\">0mg (bez nikot\u00ednu)<\/span><\/b><\/td>\n<\/tr>\n<tr>\n<td><b>Obsah na plechovku<\/b><\/td>\n<td><span style=\"font-weight: 400;\">20 vreciek<\/span><\/td>\n<\/tr>\n<tr>\n<td><b>Kateg\u00f3ria<\/b><\/td>\n<td><em><strong>Bez nikot\u00ednu<\/strong><\/em><\/td>\n<\/tr>\n<tr>\n<td><b>Typ<\/b><\/td>\n<td><b><span style=\"font-weight: 400;\">Celobiele vrecko, bez tabaku<\/span><\/b><\/td>\n<\/tr>\n<\/tbody>\n<\/table>\n<p>&nbsp;<\/p>","protected":false},"excerpt":{"rendered":"<p>Apr\u00e8s Raspberry Licorice Zero je snus bez nikot\u00ednu, tab\u00e1ku a kofe\u00ednu v slim form\u00e1te s odv\u00e1\u017enou a charakteristickou kombin\u00e1ciou malinov\u00e9ho a an\u00edzu. Jedine\u010dn\u00e1 chu\u0165 pre t\u00fdch, ktor\u00ed chc\u00fa z\u00e1\u017eitok z vank\u00fa\u0161ikov bez ak\u00fdchko\u013evek stimulantov. 20 vank\u00fa\u0161ikov na d\u00f3zu, vyroben\u00e9 spolo\u010dnos\u0165ou Apr\u00e8s Nicotine AB v \u0160v\u00e9dsku.<\/p>","protected":false},"featured_media":97949,"comment_status":"open","ping_status":"closed","template":"","format":[206],"meta":{"_acf_changed":false},"product_brand":[],"product_cat":[15],"product_tag":[],"flavours":[196,198],"nicotine":[],"class_list":{"0":"post-97942","1":"product","2":"type-product","3":"status-publish","4":"has-post-thumbnail","6":"product_cat-uncategorized","7":"pa_quantity-1-pack","8":"pa_quantity-10-pack","9":"pa_quantity-3-pack","10":"pa_quantity-30-pack","11":"pa_quantity-5-pack","12":"pa_quantity-60-pack","13":"flavours-fruits-berries","14":"flavours-licorice","15":"format-slim","17":"first","18":"instock","19":"taxable","20":"shipping-taxable","21":"purchasable","22":"product-type-variable"},"acf":[],"_links":{"self":[{"href":"https:\/\/whitelip.com\/sk\/wp-json\/wp\/v2\/product\/97942","targetHints":{"allow":["GET"]}}],"collection":[{"href":"https:\/\/whitelip.com\/sk\/wp-json\/wp\/v2\/product"}],"about":[{"href":"https:\/\/whitelip.com\/sk\/wp-json\/wp\/v2\/types\/product"}],"replies":[{"embeddable":true,"href":"https:\/\/whitelip.com\/sk\/wp-json\/wp\/v2\/comments?post=97942"}],"wp:featuredmedia":[{"embeddable":true,"href":"https:\/\/whitelip.com\/sk\/wp-json\/wp\/v2\/media\/97949"}],"wp:attachment":[{"href":"https:\/\/whitelip.com\/sk\/wp-json\/wp\/v2\/media?parent=97942"}],"wp:term":[{"taxonomy":"product_brand","embeddable":true,"href":"https:\/\/whitelip.com\/sk\/wp-json\/wp\/v2\/product_brand?post=97942"},{"taxonomy":"product_cat","embeddable":true,"href":"https:\/\/whitelip.com\/sk\/wp-json\/wp\/v2\/product_cat?post=97942"},{"taxonomy":"product_tag","embeddable":true,"href":"https:\/\/whitelip.com\/sk\/wp-json\/wp\/v2\/product_tag?post=97942"},{"taxonomy":"flavours","embeddable":true,"href":"https:\/\/whitelip.com\/sk\/wp-json\/wp\/v2\/flavours?post=97942"},{"taxonomy":"format","embeddable":true,"href":"https:\/\/whitelip.com\/sk\/wp-json\/wp\/v2\/format?post=97942"},{"taxonomy":"nicotine","embeddable":true,"href":"https:\/\/whitelip.com\/sk\/wp-json\/wp\/v2\/nicotine?post=97942"}],"curies":[{"name":"wp","href":"https:\/\/api.w.org\/{rel}","templated":true}]}}