{"id":97934,"date":"2026-05-11T13:45:46","date_gmt":"2026-05-11T13:45:46","guid":{"rendered":"https:\/\/whitelip.com\/?post_type=product&#038;p=97934"},"modified":"2026-05-16T10:11:08","modified_gmt":"2026-05-16T10:11:08","slug":"apres-ice-tea-peach-zero-nicotine-free","status":"publish","type":"product","link":"https:\/\/whitelip.com\/sk\/uncategorized\/apres-ice-tea-peach-zero-nicotine-free\/","title":{"rendered":"Apr\u00e8s Ice Tea Peach Zero bez nik\u00f3t\u00ednu"},"content":{"rendered":"<h1 data-section-id=\"ap1ip2\" data-start=\"1\" data-end=\"50\">Apr\u00e8s Ice Tea Peach Zero bez nik\u00f3t\u00ednu<\/h1>\n<p data-section-id=\"ap3ip4\" data-start=\"52\" data-end=\"350\">Apr\u00e8s Ice Tea Peach Zero je biely snus bez nik\u00f3t\u00ednu a tab\u00e1ku v \u0161t\u00edhlej forme s osvie\u017euj\u00facou a ovocnou chut\u0165ou \u013eadov\u00e9ho \u010daju a brosky\u0148e, vyroben\u00fd spolo\u010dnos\u0165ou Apr\u00e8s Nicotine AB v \u0160v\u00e9dsku. \u00daplne bez nik\u00f3t\u00ednu, tab\u00e1ku a kofe\u00ednu poskytuje tento produkt jedine\u010dn\u00fd a letn\u00fd z\u00e1\u017eitok chute pre t\u00fdch, ktor\u00ed chc\u00fa u\u017e\u00edva\u0165 si form\u00e1t vank\u00fa\u0161ikov bez stimulantov. Spolo\u010dnos\u0165 Apr\u00e8s bola zalo\u017een\u00e1 v roku 2020 a vyr\u00e1ba svoje vank\u00fa\u0161iky pomocou rastlinn\u00fdch materi\u00e1lov na porcie aj na balenie.<\/p>\n<h2 data-section-id=\"ap5ip6\" data-start=\"352\" data-end=\"370\">Chu\u0165 a form\u00e1t<\/h2>\n<p data-section-id=\"ap7ip8\" data-start=\"372\" data-end=\"570\">Apr\u00e8s Ice Tea Peach Zero poskytuje \u013eahk\u00fa a osvie\u017euj\u00facu zmes \u013eadov\u00e9ho \u010daju a sladkej brosky\u0148e, ktor\u00e1 sa c\u00edt\u00ed letne a pr\u00edjemne po\u010das cel\u00e9ho pou\u017e\u00edvania. Kombin\u00e1cia jemn\u00fdch n\u00f4t \u010daju a zrelej, \u0161\u0165avnatej brosky\u0148e vytv\u00e1raj\u00fa charakteristick\u00fd a dobre vyv\u00e1\u017een\u00fd profil chute, ktor\u00fd sa odli\u0161uje od be\u017enej\u0161\u00edch mo\u017enost\u00ed m\u00e4ty alebo bob\u00fa\u013e. Bez nik\u00f3t\u00ednu a kofe\u00ednu je to v\u00fdborn\u00e1 vo\u013eba pre t\u00fdch, ktor\u00ed chc\u00fa nie\u010do chutn\u00e9, osvie\u017euj\u00face a \u00faplne bez stimulantov kedyko\u013evek po\u010das d\u0148a.<\/p>\n<h2 data-section-id=\"ap9ip0\" data-start=\"572\" data-end=\"590\">Form\u00e1t vrecka<\/h2>\n<p data-section-id=\"ap2ip5\" data-start=\"592\" data-end=\"780\">Apr\u00e8s Ice Tea Peach Zero je dostupn\u00fd v \u0161t\u00edhlej forme. Ka\u017ed\u00e1 plechovka obsahuje 20 vank\u00fa\u0161ikov, v\u0161etky \u00faplne bez nik\u00f3t\u00ednu, tab\u00e1ku, kofe\u00ednu a dymu. \u0160t\u00edhly vank\u00fa\u0161ik sed\u00ed diskr\u00e9tne a pohodlne pod perami a poskytuje rovnomern\u00e9 uvo\u013e\u0148ovanie chute v praktickom a nen\u00e1padnom form\u00e1te vhodnom na pou\u017eitie kedyko\u013evek a kdeko\u013evek.<\/p>\n<h2 data-section-id=\"ap4ip7\" data-start=\"782\" data-end=\"796\">O Apr\u00e8s<\/h2>\n<p data-section-id=\"ap6ip9\" data-start=\"798\" data-end=\"1050\">Apr\u00e8s bola zalo\u017een\u00e1 v roku 2020 a p\u00f4sob\u00ed v segmente nikot\u00ednov\u00fdch vrec\u00fa\u0161ok, pon\u00fakaj\u00fac rad chut\u00ed, s\u00edl a form\u00e1tov. Zna\u010dka pou\u017e\u00edva rastlinn\u00e9 materi\u00e1ly pri v\u00fdrobe svojich vrec\u00fa\u0161ok aj obalov. Apr\u00e8s Ice Tea Peach Zero je vzorom amb\u00edci\u00ed Apr\u00e8s pon\u00faka\u0165 kreat\u00edvne a jedine\u010dn\u00e9 profily chut\u00ed v \u010distom, bez nikot\u00ednu form\u00e1te.<\/p>\n<table style=\"height: 235px;\" width=\"383\">\n<tbody>\n<tr>\n<td><b>Atrib\u00fat<\/b><\/td>\n<td><b>Podrobnosti<\/b><\/td>\n<\/tr>\n<tr>\n<td><b>Zna\u010dka<\/b><\/td>\n<td><em><strong>Apr\u00e8s<\/strong><\/em><\/td>\n<\/tr>\n<tr>\n<td><b>Form\u00e1t vrecka<\/b><\/td>\n<td><em><strong>Slim<\/strong><\/em><\/td>\n<\/tr>\n<tr>\n<td><b>Sila<\/b><\/td>\n<td><em><strong>Bez nikot\u00ednu<\/strong><\/em><\/td>\n<\/tr>\n<tr>\n<td><b>V\u00fdrobca<\/b><\/td>\n<td><em><strong>Apr\u00e8s Nicotine AB<\/strong><\/em><\/td>\n<\/tr>\n<tr>\n<td><b>Pr\u00edchu\u0165<\/b><\/td>\n<td><span style=\"font-weight: 400;\">\u013dadov\u00fd \u010daj, brosky\u0148a<\/span><\/td>\n<\/tr>\n<tr>\n<td><b>Obsah nikot\u00ednu<\/b><\/td>\n<td><b><span style=\"font-weight: 400;\">0mg (bez nikot\u00ednu)<\/span><\/b><\/td>\n<\/tr>\n<tr>\n<td><b>Obsah na plechovku<\/b><\/td>\n<td><span style=\"font-weight: 400;\">20 vreciek<\/span><\/td>\n<\/tr>\n<tr>\n<td><b>Kateg\u00f3ria<\/b><\/td>\n<td><em><strong>Bez nikot\u00ednu<\/strong><\/em><\/td>\n<\/tr>\n<tr>\n<td><b>Typ<\/b><\/td>\n<td><b><span style=\"font-weight: 400;\">Celobiele vrecko, bez tabaku<\/span><\/b><\/td>\n<\/tr>\n<\/tbody>\n<\/table>\n<p>&nbsp;<\/p>","protected":false},"excerpt":{"rendered":"<p>Apr\u00e8s Ice Tea Peach Zero je biely snus bez nik\u00f3t\u00ednu, tab\u00e1ku a kofe\u00ednu v \u0161t\u00edhlej forme s osvie\u017euj\u00facou zmesou \u013eadov\u00e9ho \u010daju a brosky\u0148e. Jedine\u010dn\u00e1 a letn\u00e1 chut\u0165 pre t\u00fdch, ktor\u00ed chc\u00fa z\u00e1\u017eitok s vank\u00fa\u0161ikmi bez stimulantov. 20 vank\u00fa\u0161ikov za plechovku, vyroben\u00e9 spolo\u010dnos\u0165ou Apr\u00e8s Nicotine AB v \u0160v\u00e9dsku.<\/p>","protected":false},"featured_media":97941,"comment_status":"open","ping_status":"closed","template":"","format":[206],"meta":{"_acf_changed":false},"product_brand":[],"product_cat":[15],"product_tag":[],"flavours":[196],"nicotine":[],"class_list":{"0":"post-97934","1":"product","2":"type-product","3":"status-publish","4":"has-post-thumbnail","6":"product_cat-uncategorized","7":"pa_quantity-1-pack","8":"pa_quantity-10-pack","9":"pa_quantity-3-pack","10":"pa_quantity-30-pack","11":"pa_quantity-5-pack","12":"pa_quantity-60-pack","13":"flavours-fruits-berries","14":"format-slim","16":"first","17":"instock","18":"taxable","19":"shipping-taxable","20":"purchasable","21":"product-type-variable"},"acf":[],"_links":{"self":[{"href":"https:\/\/whitelip.com\/sk\/wp-json\/wp\/v2\/product\/97934","targetHints":{"allow":["GET"]}}],"collection":[{"href":"https:\/\/whitelip.com\/sk\/wp-json\/wp\/v2\/product"}],"about":[{"href":"https:\/\/whitelip.com\/sk\/wp-json\/wp\/v2\/types\/product"}],"replies":[{"embeddable":true,"href":"https:\/\/whitelip.com\/sk\/wp-json\/wp\/v2\/comments?post=97934"}],"wp:featuredmedia":[{"embeddable":true,"href":"https:\/\/whitelip.com\/sk\/wp-json\/wp\/v2\/media\/97941"}],"wp:attachment":[{"href":"https:\/\/whitelip.com\/sk\/wp-json\/wp\/v2\/media?parent=97934"}],"wp:term":[{"taxonomy":"product_brand","embeddable":true,"href":"https:\/\/whitelip.com\/sk\/wp-json\/wp\/v2\/product_brand?post=97934"},{"taxonomy":"product_cat","embeddable":true,"href":"https:\/\/whitelip.com\/sk\/wp-json\/wp\/v2\/product_cat?post=97934"},{"taxonomy":"product_tag","embeddable":true,"href":"https:\/\/whitelip.com\/sk\/wp-json\/wp\/v2\/product_tag?post=97934"},{"taxonomy":"flavours","embeddable":true,"href":"https:\/\/whitelip.com\/sk\/wp-json\/wp\/v2\/flavours?post=97934"},{"taxonomy":"format","embeddable":true,"href":"https:\/\/whitelip.com\/sk\/wp-json\/wp\/v2\/format?post=97934"},{"taxonomy":"nicotine","embeddable":true,"href":"https:\/\/whitelip.com\/sk\/wp-json\/wp\/v2\/nicotine?post=97934"}],"curies":[{"name":"wp","href":"https:\/\/api.w.org\/{rel}","templated":true}]}}