{"id":97926,"date":"2026-05-11T13:41:41","date_gmt":"2026-05-11T13:41:41","guid":{"rendered":"https:\/\/whitelip.com\/?post_type=product&#038;p=97926"},"modified":"2026-05-11T13:45:01","modified_gmt":"2026-05-11T13:45:01","slug":"apres-mint-zero-nicotine-free","status":"publish","type":"product","link":"https:\/\/whitelip.com\/sk\/uncategorized\/apres-mint-zero-nicotine-free\/","title":{"rendered":"Apr\u00e8s Mint Zero bez nik\u00f3t\u00ednu"},"content":{"rendered":"<h1 data-section-id=\"ap1mz2\" data-start=\"1\" data-end=\"50\"><strong>Apr\u00e8s Mint Zero bez nik\u00f3t\u00ednu<\/strong><\/h1>\n<p data-section-id=\"ap3mz4\" data-start=\"52\" data-end=\"350\">Apr\u00e8s Mint Zero je biely snus bez nik\u00f3t\u00ednu a tab\u00e1ku v \u0161t\u00edhlej forme s \u010distou a osvie\u017euj\u00facou chut\u0165ou m\u00e4ty, vyroben\u00fd spolo\u010dnos\u0165ou Apr\u00e8s Nicotine AB v \u0160v\u00e9dsku. \u00daplne bez nik\u00f3t\u00ednu, tab\u00e1ku a kofe\u00ednu je tento produkt ide\u00e1lnou vo\u013ebou pre t\u00fdch, ktor\u00ed chc\u00fa u\u017e\u00edva\u0165 si form\u00e1t vank\u00fa\u0161ikov bez nik\u00f3t\u00ednu alebo stimulantov. Spolo\u010dnos\u0165 Apr\u00e8s bola zalo\u017een\u00e1 v roku 2020 a etablovala sa ako d\u00f4veryhodn\u00fd n\u00e1zov v kateg\u00f3rii vank\u00fa\u0161ikov bez nik\u00f3t\u00ednu a tab\u00e1ku s r\u00f4znymi chutiacou a form\u00e1tami.<\/p>\n<h2 data-section-id=\"ap5mz6\" data-start=\"352\" data-end=\"370\">Chu\u0165 a form\u00e1t<\/h2>\n<p data-section-id=\"ap7mz8\" data-start=\"372\" data-end=\"570\">Apr\u00e8s Mint Zero delivers a clean and refreshing mint flavour that feels crisp and pleasant throughout use. The mint profile is clear and well-defined without being overpowering, providing a satisfying and enjoyable experience from start to finish &#8211; entirely without nicotine or caffeine. This makes it an ideal option for those cutting down on nicotine, staying completely nicotine-free, or simply enjoying a fresh mint pouch at any time of day.<\/p>\n<h2 data-section-id=\"ap9mz0\" data-start=\"572\" data-end=\"590\">Form\u00e1t vrecka<\/h2>\n<p data-section-id=\"ap2mz5\" data-start=\"592\" data-end=\"780\">Apr\u00e8s Mint Zero je dostupn\u00fd v \u0161t\u00edhlej forme. Ka\u017ed\u00e1 plechovka obsahuje 20 vank\u00fa\u0161ikov, v\u0161etky \u00faplne bez nik\u00f3t\u00ednu, tab\u00e1ku, kofe\u00ednu a dymu. \u0160t\u00edhly vank\u00fa\u0161ik sed\u00ed diskr\u00e9tne a pohodlne pod perami a poskytuje rovnomern\u00e9 uvo\u013e\u0148ovanie chute v praktickom a nen\u00e1padnom form\u00e1te vhodnom na pou\u017eitie kedyko\u013evek a kdeko\u013evek.<\/p>\n<h2 data-section-id=\"ap4mz7\" data-start=\"782\" data-end=\"796\">O Apr\u00e8s<\/h2>\n<p data-section-id=\"ap6mz9\" data-start=\"798\" data-end=\"1050\">Apr\u00e8s was founded in 2020 in Sweden and is produced by Apr\u00e8s Nicotine AB. The brand is known for its range of nicotine-free and tobacco-free pouches in a variety of flavours and formats, all made with plant-based materials. Apr\u00e8s Mint Zero is a prime example of Apr\u00e8s&#8217; commitment to offering clean, modern and accessible pouch options for every type of user.<\/p>\n<table style=\"height: 235px;\" width=\"383\">\n<tbody>\n<tr>\n<td><b>Atrib\u00fat<\/b><\/td>\n<td><b>Podrobnosti<\/b><\/td>\n<\/tr>\n<tr>\n<td><b>Zna\u010dka<\/b><\/td>\n<td><em><strong>Apr\u00e8s<\/strong><\/em><\/td>\n<\/tr>\n<tr>\n<td><b>Form\u00e1t vrecka<\/b><\/td>\n<td><em><strong>Slim<\/strong><\/em><\/td>\n<\/tr>\n<tr>\n<td><b>Sila<\/b><\/td>\n<td><em><strong>Bez nikot\u00ednu<\/strong><\/em><\/td>\n<\/tr>\n<tr>\n<td><b>V\u00fdrobca<\/b><\/td>\n<td><em><strong>Apr\u00e8s Nicotine AB<\/strong><\/em><\/td>\n<\/tr>\n<tr>\n<td><b>Pr\u00edchu\u0165<\/b><\/td>\n<td><span style=\"font-weight: 400;\">M\u00e4ta<\/span><\/td>\n<\/tr>\n<tr>\n<td><b>Obsah nikot\u00ednu<\/b><\/td>\n<td><b><span style=\"font-weight: 400;\">0mg (bez nikot\u00ednu)<\/span><\/b><\/td>\n<\/tr>\n<tr>\n<td><b>Obsah na plechovku<\/b><\/td>\n<td><span style=\"font-weight: 400;\">20 vreciek<\/span><\/td>\n<\/tr>\n<tr>\n<td><b>Kateg\u00f3ria<\/b><\/td>\n<td><em><strong>Bez nikot\u00ednu<\/strong><\/em><\/td>\n<\/tr>\n<tr>\n<td><b>Typ<\/b><\/td>\n<td><b><span style=\"font-weight: 400;\">Celobiele vrecko, bez tabaku<\/span><\/b><\/td>\n<\/tr>\n<\/tbody>\n<\/table>\n<p>&nbsp;<\/p>","protected":false},"excerpt":{"rendered":"<p>Apr\u00e8s Mint Zero je biely snus bez nik\u00f3t\u00ednu, tab\u00e1ku a kofe\u00ednu v \u0161t\u00edhlej forme s \u010distou a osvie\u017euj\u00facou chut\u0165ou m\u00e4ty. Ide\u00e1lna vo\u013eba pre t\u00fdch, ktor\u00ed chc\u00fa z\u00e1\u017eitok s vank\u00fa\u0161ikmi bez nik\u00f3t\u00ednu. 20 vank\u00fa\u0161ikov za plechovku, vyroben\u00e9 spolo\u010dnos\u0165ou Apr\u00e8s Nicotine AB v \u0160v\u00e9dsku.<\/p>","protected":false},"featured_media":97933,"comment_status":"open","ping_status":"closed","template":"","format":[206],"meta":{"_acf_changed":false},"product_brand":[],"product_cat":[15],"product_tag":[],"flavours":[199],"nicotine":[],"class_list":{"0":"post-97926","1":"product","2":"type-product","3":"status-publish","4":"has-post-thumbnail","6":"product_cat-uncategorized","7":"pa_quantity-1-pack","8":"pa_quantity-10-pack","9":"pa_quantity-3-pack","10":"pa_quantity-30-pack","11":"pa_quantity-5-pack","12":"pa_quantity-60-pack","13":"flavours-mint","14":"format-slim","16":"first","17":"instock","18":"taxable","19":"shipping-taxable","20":"purchasable","21":"product-type-variable"},"acf":[],"_links":{"self":[{"href":"https:\/\/whitelip.com\/sk\/wp-json\/wp\/v2\/product\/97926","targetHints":{"allow":["GET"]}}],"collection":[{"href":"https:\/\/whitelip.com\/sk\/wp-json\/wp\/v2\/product"}],"about":[{"href":"https:\/\/whitelip.com\/sk\/wp-json\/wp\/v2\/types\/product"}],"replies":[{"embeddable":true,"href":"https:\/\/whitelip.com\/sk\/wp-json\/wp\/v2\/comments?post=97926"}],"wp:featuredmedia":[{"embeddable":true,"href":"https:\/\/whitelip.com\/sk\/wp-json\/wp\/v2\/media\/97933"}],"wp:attachment":[{"href":"https:\/\/whitelip.com\/sk\/wp-json\/wp\/v2\/media?parent=97926"}],"wp:term":[{"taxonomy":"product_brand","embeddable":true,"href":"https:\/\/whitelip.com\/sk\/wp-json\/wp\/v2\/product_brand?post=97926"},{"taxonomy":"product_cat","embeddable":true,"href":"https:\/\/whitelip.com\/sk\/wp-json\/wp\/v2\/product_cat?post=97926"},{"taxonomy":"product_tag","embeddable":true,"href":"https:\/\/whitelip.com\/sk\/wp-json\/wp\/v2\/product_tag?post=97926"},{"taxonomy":"flavours","embeddable":true,"href":"https:\/\/whitelip.com\/sk\/wp-json\/wp\/v2\/flavours?post=97926"},{"taxonomy":"format","embeddable":true,"href":"https:\/\/whitelip.com\/sk\/wp-json\/wp\/v2\/format?post=97926"},{"taxonomy":"nicotine","embeddable":true,"href":"https:\/\/whitelip.com\/sk\/wp-json\/wp\/v2\/nicotine?post=97926"}],"curies":[{"name":"wp","href":"https:\/\/api.w.org\/{rel}","templated":true}]}}