{"id":97620,"date":"2026-05-08T10:31:42","date_gmt":"2026-05-08T10:31:42","guid":{"rendered":"https:\/\/whitelip.com\/?post_type=product&#038;p=97620"},"modified":"2026-05-09T10:11:29","modified_gmt":"2026-05-09T10:11:29","slug":"smogen-stormy-licorice-exp-02-25-2026","status":"publish","type":"product","link":"https:\/\/whitelip.com\/sk\/smogen\/smogen-stormy-licorice-exp-02-25-2026\/","title":{"rendered":"SM\u00d6GEN Stormy Licorice Exp.02\/25\/2026"},"content":{"rendered":"<h2>SM\u00d6GEN Stormy Licorice Exp.02\/25\/2026<\/h2>\n<p><span style=\"font-weight: 400;\">Nikot\u00ednov\u00e9 vrec\u00fa\u0161ka SM\u00d6GEN Stormy Licorice \u010derpaj\u00fa in\u0161pir\u00e1ciu z hlbok\u00e9ho n\u00e1morn\u00e9ho spojenia medzi sladk\u00fdm drievkom a morom. Odkedy lek\u00e1rnik James Lofthouse za\u010dal koncom 19. storo\u010dia pred\u00e1va\u0165 \u201cFisherman's Friend\u201d miestnym ryb\u00e1rom v Anglicku, sladk\u00e9 drievko je \u00fazko spojen\u00e9 s n\u00e1morn\u00edkmi na celom svete. T\u00e1to v\u00fdrazn\u00e1, slan\u00e1 a sladk\u00e1 pr\u00edchu\u0165 vzd\u00e1va hold tomuto odkazu a prin\u00e1\u0161a v\u00fdrazn\u00fa chu\u0165 sladk\u00e9ho drievka s b\u00farliv\u00fdm n\u00e1dychom. Ka\u017ed\u00e9 tenk\u00e9, \u00faplne biele vrec\u00fa\u0161ko obsahuje 8 mg nikot\u00ednu, \u010do pon\u00faka siln\u00fd a uspokojuj\u00faci z\u00e1\u017eitok pre sk\u00fasen\u00fdch u\u017e\u00edvate\u013eov. SM\u00d6GEN Stormy Licorice je beztabakov\u00e9 vrec\u00fa\u0161ko vyroben\u00e9 vo \u0160v\u00e9dsku, ktor\u00e9 si ct\u00ed trad\u00edciu a z\u00e1rove\u0148 pon\u00faka modern\u00fa rafinovanos\u0165.<\/span><\/p>\n<table>\n<tbody>\n<tr>\n<td><b>Atrib\u00fat<\/b><\/td>\n<td><b>Podrobnosti<\/b><\/td>\n<\/tr>\n<tr>\n<td><b>Obsah na plechovku<\/b><\/td>\n<td><span style=\"font-weight: 400;\">12 g (20 vrec\u00fa\u0161ok)<\/span><\/td>\n<\/tr>\n<tr>\n<td><b>Obsah nikot\u00ednu<\/b><\/td>\n<td><span style=\"font-weight: 400;\">13 mg\/g (8 mg na s\u00e1\u010dok)<\/span><\/td>\n<\/tr>\n<tr>\n<td><b>Form\u00e1t vrecka<\/b><\/td>\n<td><span style=\"font-weight: 400;\">Slim<\/span><\/td>\n<\/tr>\n<tr>\n<td><b>V\u00fdrobca<\/b><\/td>\n<td><span style=\"font-weight: 400;\">SM\u00d6GEN<\/span><\/td>\n<\/tr>\n<tr>\n<td><b>Pr\u00edchu\u0165<\/b><\/td>\n<td><span style=\"font-weight: 400;\">Lykorizia (b\u00farliv\u00e1, slanos\u0165 a sladkos\u0165)<\/span><\/td>\n<\/tr>\n<tr>\n<td><b>Typ<\/b><\/td>\n<td><span style=\"font-weight: 400;\">Celobiele vrecko<\/span><\/td>\n<\/tr>\n<\/tbody>\n<\/table>","protected":false},"excerpt":{"rendered":"<p>Nikot\u00ednov\u00e9 vrec\u00fa\u0161ka SM\u00d6GEN Stormy Licorice prin\u00e1\u0161aj\u00fa v\u00fdrazn\u00fa, slan\u00fa a sladk\u00fa chu\u0165. <strong data-start=\"68\" data-end=\"87\">B\u00farliv\u00e9 sladk\u00e9 drievko<\/strong> s v\u00fdraznou morskou chu\u0165ou. <strong data-start=\"125\" data-end=\"133\">Slim<\/strong>, \u00faplne biely form\u00e1t na diskr\u00e9tne a pohodln\u00e9 pou\u017e\u00edvanie. Ka\u017ed\u00e9 vrecko obsahuje <strong data-start=\"203\" data-end=\"220\">8 mg nikot\u00ednu<\/strong>. Vyroben\u00e9 vo \u0160v\u00e9dsku pre sk\u00fasen\u00fdch u\u017e\u00edvate\u013eov, ktor\u00ed h\u013eadaj\u00fa siln\u00fd, rafinovan\u00fd profil sladk\u00e9ho drievka.<\/p>","protected":false},"featured_media":3423,"comment_status":"open","ping_status":"closed","template":"","format":[],"meta":{"_acf_changed":false},"product_brand":[],"product_cat":[114],"product_tag":[17015,16583],"flavours":[],"nicotine":[],"class_list":{"0":"post-97620","1":"product","2":"type-product","3":"status-publish","4":"has-post-thumbnail","6":"product_cat-smogen","7":"product_tag-50-off","8":"product_tag-8-mg-pouch","9":"pa_quantity-1-pack","10":"pa_quantity-10-pack","11":"pa_quantity-3-pack","12":"pa_quantity-30-pack","13":"pa_quantity-5-pack","14":"pa_quantity-60-pack","16":"first","17":"instock","18":"sale","19":"taxable","20":"shipping-taxable","21":"purchasable","22":"product-type-variable"},"acf":[],"_links":{"self":[{"href":"https:\/\/whitelip.com\/sk\/wp-json\/wp\/v2\/product\/97620","targetHints":{"allow":["GET"]}}],"collection":[{"href":"https:\/\/whitelip.com\/sk\/wp-json\/wp\/v2\/product"}],"about":[{"href":"https:\/\/whitelip.com\/sk\/wp-json\/wp\/v2\/types\/product"}],"replies":[{"embeddable":true,"href":"https:\/\/whitelip.com\/sk\/wp-json\/wp\/v2\/comments?post=97620"}],"wp:featuredmedia":[{"embeddable":true,"href":"https:\/\/whitelip.com\/sk\/wp-json\/wp\/v2\/media\/3423"}],"wp:attachment":[{"href":"https:\/\/whitelip.com\/sk\/wp-json\/wp\/v2\/media?parent=97620"}],"wp:term":[{"taxonomy":"product_brand","embeddable":true,"href":"https:\/\/whitelip.com\/sk\/wp-json\/wp\/v2\/product_brand?post=97620"},{"taxonomy":"product_cat","embeddable":true,"href":"https:\/\/whitelip.com\/sk\/wp-json\/wp\/v2\/product_cat?post=97620"},{"taxonomy":"product_tag","embeddable":true,"href":"https:\/\/whitelip.com\/sk\/wp-json\/wp\/v2\/product_tag?post=97620"},{"taxonomy":"flavours","embeddable":true,"href":"https:\/\/whitelip.com\/sk\/wp-json\/wp\/v2\/flavours?post=97620"},{"taxonomy":"format","embeddable":true,"href":"https:\/\/whitelip.com\/sk\/wp-json\/wp\/v2\/format?post=97620"},{"taxonomy":"nicotine","embeddable":true,"href":"https:\/\/whitelip.com\/sk\/wp-json\/wp\/v2\/nicotine?post=97620"}],"curies":[{"name":"wp","href":"https:\/\/api.w.org\/{rel}","templated":true}]}}