{"id":97613,"date":"2026-05-08T10:28:53","date_gmt":"2026-05-08T10:28:53","guid":{"rendered":"https:\/\/whitelip.com\/?post_type=product&#038;p=97613"},"modified":"2026-05-10T02:58:39","modified_gmt":"2026-05-10T02:58:39","slug":"smogen-westcoast-berries-exp-02-24-2026","status":"publish","type":"product","link":"https:\/\/whitelip.com\/sk\/smogen\/smogen-westcoast-berries-exp-02-24-2026\/","title":{"rendered":"SM\u00d6GEN Westcoast Berries Exp.02\/24\/2026"},"content":{"rendered":"<h2>SM\u00d6GEN Westcoast Berries Exp.02\/24\/2026<\/h2>\n<p><span style=\"font-weight: 400;\">Nikot\u00ednov\u00e9 vrec\u00fa\u0161ka SM\u00d6GEN Westcoast Berries s\u00fa in\u0161pirovan\u00e9 drsn\u00fdm pobre\u017e\u00edm z\u00e1padn\u00e9ho pobre\u017eia \u0160v\u00e9dska, kde sa hol\u00e9 \u00fatesy stret\u00e1vaj\u00fa s ne\u00faprosnou silou mora. Napriek drsn\u00e9mu, vetrom bi\u010dovan\u00e9mu ter\u00e9nu a takmer \u00faplnej absencii stromov je nespo\u010detn\u00e9 mno\u017estvo mal\u00fdch ostrovov, ostrov\u010dekov a skerries v okol\u00ed Sm\u00f6genu ne\u010dakane bohat\u00e9 na kr\u00edky divok\u00fdch bob\u00fa\u013e. Aj tie najmen\u0161ie v\u00fdbe\u017eky \u010dasto prin\u00e1\u0161aj\u00fa prekvapiv\u00e9 mno\u017estvo ostru\u017e\u00edn, mal\u00edn a \u010du\u010doriedok. T\u00e1to pr\u00edchu\u0165 zachyt\u00e1va t\u00fato zmes divok\u00fdch pobre\u017en\u00fdch bob\u00fa\u013e - sladk\u00fa, pikantn\u00fa a osvie\u017euj\u00facu. Ka\u017ed\u00e9 tenk\u00e9, celobiele vrec\u00fa\u0161ko obsahuje 8 mg nikot\u00ednu a poskytuje uspokojuj\u00faci z\u00e1\u017eitok s chu\u0165ou pr\u00edrodnej severskej odolnosti. SM\u00d6GEN Westcoast Berries, vyroben\u00fd vo \u0160v\u00e9dsku, sp\u00e1ja trad\u00edciu, pr\u00edrodu a silu vo form\u00e1te vrec\u00fa\u0161ka bez tabaku.<\/span><\/p>\n<table>\n<tbody>\n<tr>\n<td><b>Atrib\u00fat<\/b><\/td>\n<td><b>Podrobnosti<\/b><\/td>\n<\/tr>\n<tr>\n<td><b>Obsah na plechovku<\/b><\/td>\n<td><span style=\"font-weight: 400;\">12 g (20 vrec\u00fa\u0161ok)<\/span><\/td>\n<\/tr>\n<tr>\n<td><b>Obsah nikot\u00ednu<\/b><\/td>\n<td><span style=\"font-weight: 400;\">13 mg\/g (8 mg na s\u00e1\u010dok)<\/span><\/td>\n<\/tr>\n<tr>\n<td><b>Form\u00e1t vrecka<\/b><\/td>\n<td><span style=\"font-weight: 400;\">Slim<\/span><\/td>\n<\/tr>\n<tr>\n<td><b>V\u00fdrobca<\/b><\/td>\n<td><span style=\"font-weight: 400;\">SM\u00d6GEN<\/span><\/td>\n<\/tr>\n<tr>\n<td><b>Pr\u00edchu\u0165<\/b><\/td>\n<td><span style=\"font-weight: 400;\">Lesn\u00e9 bobule (\u010dernica, malina, bor\u016fvka)<\/span><\/td>\n<\/tr>\n<tr>\n<td><b>Typ<\/b><\/td>\n<td><span style=\"font-weight: 400;\">Celobiele vrecko<\/span><\/td>\n<\/tr>\n<\/tbody>\n<\/table>","protected":false},"excerpt":{"rendered":"<p>Nikot\u00ednov\u00e9 vrec\u00fa\u0161ka SM\u00d6GEN Westcoast Berries prin\u00e1\u0161aj\u00fa sladk\u00fa, pikantn\u00fa chu\u0165 <strong data-start=\"65\" data-end=\"86\">Westcoast Berries<\/strong> chu\u0165 in\u0161pirovan\u00e1 drsn\u00fdm z\u00e1padn\u00fdm pobre\u017e\u00edm \u0160v\u00e9dska. <strong data-start=\"134\" data-end=\"142\">Slim<\/strong>, \u00faplne biely form\u00e1t na diskr\u00e9tne a pohodln\u00e9 pou\u017e\u00edvanie. Ka\u017ed\u00e9 vrecko obsahuje <strong data-start=\"212\" data-end=\"229\">8 mg nikot\u00ednu<\/strong>. Vyroben\u00e9 vo \u0160v\u00e9dsku pre osvie\u017euj\u00facu chu\u0165 s prirodzen\u00fdm seversk\u00fdm charakterom.<\/p>","protected":false},"featured_media":3424,"comment_status":"open","ping_status":"closed","template":"","format":[],"meta":{"_acf_changed":false},"product_brand":[],"product_cat":[114],"product_tag":[17015,16583],"flavours":[],"nicotine":[],"class_list":{"0":"post-97613","1":"product","2":"type-product","3":"status-publish","4":"has-post-thumbnail","6":"product_cat-smogen","7":"product_tag-50-off","8":"product_tag-8-mg-pouch","9":"pa_quantity-1-pack","10":"pa_quantity-10-pack","11":"pa_quantity-3-pack","12":"pa_quantity-30-pack","13":"pa_quantity-5-pack","14":"pa_quantity-60-pack","16":"first","17":"instock","18":"sale","19":"taxable","20":"shipping-taxable","21":"purchasable","22":"product-type-variable"},"acf":[],"_links":{"self":[{"href":"https:\/\/whitelip.com\/sk\/wp-json\/wp\/v2\/product\/97613","targetHints":{"allow":["GET"]}}],"collection":[{"href":"https:\/\/whitelip.com\/sk\/wp-json\/wp\/v2\/product"}],"about":[{"href":"https:\/\/whitelip.com\/sk\/wp-json\/wp\/v2\/types\/product"}],"replies":[{"embeddable":true,"href":"https:\/\/whitelip.com\/sk\/wp-json\/wp\/v2\/comments?post=97613"}],"wp:featuredmedia":[{"embeddable":true,"href":"https:\/\/whitelip.com\/sk\/wp-json\/wp\/v2\/media\/3424"}],"wp:attachment":[{"href":"https:\/\/whitelip.com\/sk\/wp-json\/wp\/v2\/media?parent=97613"}],"wp:term":[{"taxonomy":"product_brand","embeddable":true,"href":"https:\/\/whitelip.com\/sk\/wp-json\/wp\/v2\/product_brand?post=97613"},{"taxonomy":"product_cat","embeddable":true,"href":"https:\/\/whitelip.com\/sk\/wp-json\/wp\/v2\/product_cat?post=97613"},{"taxonomy":"product_tag","embeddable":true,"href":"https:\/\/whitelip.com\/sk\/wp-json\/wp\/v2\/product_tag?post=97613"},{"taxonomy":"flavours","embeddable":true,"href":"https:\/\/whitelip.com\/sk\/wp-json\/wp\/v2\/flavours?post=97613"},{"taxonomy":"format","embeddable":true,"href":"https:\/\/whitelip.com\/sk\/wp-json\/wp\/v2\/format?post=97613"},{"taxonomy":"nicotine","embeddable":true,"href":"https:\/\/whitelip.com\/sk\/wp-json\/wp\/v2\/nicotine?post=97613"}],"curies":[{"name":"wp","href":"https:\/\/api.w.org\/{rel}","templated":true}]}}