{"id":97606,"date":"2026-05-08T10:22:42","date_gmt":"2026-05-08T10:22:42","guid":{"rendered":"https:\/\/whitelip.com\/?post_type=product&#038;p=97606"},"modified":"2026-05-09T10:11:29","modified_gmt":"2026-05-09T10:11:29","slug":"smogen-seabreeze-mint-exp-02-25-2026","status":"publish","type":"product","link":"https:\/\/whitelip.com\/sk\/smogen\/smogen-seabreeze-mint-exp-02-25-2026\/","title":{"rendered":"SM\u00d6GEN Seabreeze Mint Exp.02\/25\/2026"},"content":{"rendered":"<h2>SM\u00d6GEN Seabreeze Mint Exp.02\/25\/2026<\/h2>\n<p><span style=\"font-weight: 400;\">Nikot\u00ednov\u00e9 vrec\u00fa\u0161ka SM\u00d6GEN Seabreeze Mint zachyt\u00e1vaj\u00fa chladiv\u00fd, osvie\u017euj\u00faci pocit pobre\u017en\u00e9ho v\u00e1nku po\u010das slne\u010dn\u00e9ho letn\u00e9ho d\u0148a. T\u00e1to pr\u00edchu\u0165 je in\u0161pirovan\u00e1 \u201csj\u00f6bris\u201d - zn\u00e1mym vetrom na z\u00e1padnom pobre\u017e\u00ed \u0160v\u00e9dska - a pon\u00faka svie\u017ei m\u00e4tov\u00fd profil s \u010distou, vzdu\u0161nou svie\u017eos\u0165ou. Ka\u017ed\u00e9 tenk\u00e9, celobiele vrec\u00fa\u0161ko obsahuje 8 mg nikot\u00ednu, tak\u017ee je vhodn\u00e9 pre pravideln\u00fdch u\u017e\u00edvate\u013eov, ktor\u00ed h\u013eadaj\u00fa vyv\u00e1\u017een\u00fd a osvie\u017euj\u00faci z\u00e1\u017eitok. Diskr\u00e9tny form\u00e1t zaru\u010duje pohodln\u00e9 umiestnenie pod perou, ide\u00e1lne na pou\u017e\u00edvanie po\u010das cel\u00e9ho d\u0148a bez zafarbenia zubov. Spolo\u010dnos\u0165 SM\u00d6GEN, vyroben\u00e1 vo \u0160v\u00e9dsku, prin\u00e1\u0161a vrec\u00fa\u0161ko bez tabaku, ktor\u00e9 m\u00e1 korene v morskom charaktere a letnej vitalite.<\/span><\/p>\n<table>\n<tbody>\n<tr>\n<td><b>Atrib\u00fat<\/b><\/td>\n<td><b>Podrobnosti<\/b><\/td>\n<\/tr>\n<tr>\n<td><b>Obsah na plechovku<\/b><\/td>\n<td><span style=\"font-weight: 400;\">12 g (20 vrec\u00fa\u0161ok)<\/span><\/td>\n<\/tr>\n<tr>\n<td><b>Obsah nikot\u00ednu<\/b><\/td>\n<td><span style=\"font-weight: 400;\">13 mg\/g (8 mg na s\u00e1\u010dok)<\/span><\/td>\n<\/tr>\n<tr>\n<td><b>Form\u00e1t vrecka<\/b><\/td>\n<td><span style=\"font-weight: 400;\">Slim<\/span><\/td>\n<\/tr>\n<tr>\n<td><b>V\u00fdrobca<\/b><\/td>\n<td><span style=\"font-weight: 400;\">SM\u00d6GEN<\/span><\/td>\n<\/tr>\n<tr>\n<td><b>Pr\u00edchu\u0165<\/b><\/td>\n<td><span style=\"font-weight: 400;\">M\u00e4ta (in\u0161pirovan\u00e1 morsk\u00fdm v\u00e1nkom)<\/span><\/td>\n<\/tr>\n<tr>\n<td><b>Typ<\/b><\/td>\n<td><span style=\"font-weight: 400;\">Celobiele vrecko<\/span><\/td>\n<\/tr>\n<\/tbody>\n<\/table>","protected":false},"excerpt":{"rendered":"<p>Nikot\u00ednov\u00e9 vrec\u00fa\u0161ka SM\u00d6GEN Seabreeze Mint prin\u00e1\u0161aj\u00fa svie\u017ei, osvie\u017euj\u00faci <strong data-start=\"67\" data-end=\"85\">Seabreeze Mint<\/strong> chu\u0165 in\u0161pirovan\u00e1 z\u00e1padn\u00fdm pobre\u017e\u00edm \u0160v\u00e9dska. <strong data-start=\"126\" data-end=\"134\">Slim<\/strong>, \u00faplne biely form\u00e1t pre diskr\u00e9tne a pohodln\u00e9 pou\u017e\u00edvanie s \u010distou, vzdu\u0161nou svie\u017eos\u0165ou. Ka\u017ed\u00e9 vrecko obsahuje <strong data-start=\"231\" data-end=\"248\">8 mg nikot\u00ednu<\/strong>. Vyroben\u00e9 vo \u0160v\u00e9dsku pre vyv\u00e1\u017een\u00fd, osvie\u017euj\u00faci z\u00e1\u017eitok.<\/p>","protected":false},"featured_media":3422,"comment_status":"open","ping_status":"closed","template":"","format":[],"meta":{"_acf_changed":false},"product_brand":[],"product_cat":[114],"product_tag":[17015,16583],"flavours":[],"nicotine":[],"class_list":{"0":"post-97606","1":"product","2":"type-product","3":"status-publish","4":"has-post-thumbnail","6":"product_cat-smogen","7":"product_tag-50-off","8":"product_tag-8-mg-pouch","9":"pa_quantity-1-pack","10":"pa_quantity-10-pack","11":"pa_quantity-3-pack","12":"pa_quantity-30-pack","13":"pa_quantity-5-pack","14":"pa_quantity-60-pack","16":"first","17":"instock","18":"sale","19":"taxable","20":"shipping-taxable","21":"purchasable","22":"product-type-variable"},"acf":[],"_links":{"self":[{"href":"https:\/\/whitelip.com\/sk\/wp-json\/wp\/v2\/product\/97606","targetHints":{"allow":["GET"]}}],"collection":[{"href":"https:\/\/whitelip.com\/sk\/wp-json\/wp\/v2\/product"}],"about":[{"href":"https:\/\/whitelip.com\/sk\/wp-json\/wp\/v2\/types\/product"}],"replies":[{"embeddable":true,"href":"https:\/\/whitelip.com\/sk\/wp-json\/wp\/v2\/comments?post=97606"}],"wp:featuredmedia":[{"embeddable":true,"href":"https:\/\/whitelip.com\/sk\/wp-json\/wp\/v2\/media\/3422"}],"wp:attachment":[{"href":"https:\/\/whitelip.com\/sk\/wp-json\/wp\/v2\/media?parent=97606"}],"wp:term":[{"taxonomy":"product_brand","embeddable":true,"href":"https:\/\/whitelip.com\/sk\/wp-json\/wp\/v2\/product_brand?post=97606"},{"taxonomy":"product_cat","embeddable":true,"href":"https:\/\/whitelip.com\/sk\/wp-json\/wp\/v2\/product_cat?post=97606"},{"taxonomy":"product_tag","embeddable":true,"href":"https:\/\/whitelip.com\/sk\/wp-json\/wp\/v2\/product_tag?post=97606"},{"taxonomy":"flavours","embeddable":true,"href":"https:\/\/whitelip.com\/sk\/wp-json\/wp\/v2\/flavours?post=97606"},{"taxonomy":"format","embeddable":true,"href":"https:\/\/whitelip.com\/sk\/wp-json\/wp\/v2\/format?post=97606"},{"taxonomy":"nicotine","embeddable":true,"href":"https:\/\/whitelip.com\/sk\/wp-json\/wp\/v2\/nicotine?post=97606"}],"curies":[{"name":"wp","href":"https:\/\/api.w.org\/{rel}","templated":true}]}}