{"id":97598,"date":"2026-05-08T10:15:40","date_gmt":"2026-05-08T10:15:40","guid":{"rendered":"https:\/\/whitelip.com\/?post_type=product&#038;p=97598"},"modified":"2026-05-09T10:11:29","modified_gmt":"2026-05-09T10:11:29","slug":"killa-apple-exp-05-15-2026","status":"publish","type":"product","link":"https:\/\/whitelip.com\/sk\/killa\/killa-apple-exp-05-15-2026\/","title":{"rendered":"KILLA Apple Exp.05\/15\/2026"},"content":{"rendered":"<h2>KILLA Apple Exp.05\/15\/2026<\/h2>\n<p><span style=\"font-weight: 400;\">Nikot\u00ednov\u00e9 vrec\u00fa\u0161ka KILLA Apple prin\u00e1\u0161aj\u00fa svie\u017eu a \u0161\u0165avnat\u00fa pr\u00edchu\u0165 zelen\u00e9ho jablka, ktor\u00e1 poskytuje osvie\u017euj\u00faci a povzbudzuj\u00faci z\u00e1\u017eitok. Tieto vrec\u00fa\u0161ka bez tabaku, ktor\u00e9 s\u00fa prisp\u00f4soben\u00e9 pre pou\u017e\u00edvate\u013eov h\u013eadaj\u00facich siln\u00fd nikot\u00ednov\u00fd z\u00e1sah, pon\u00fakaj\u00fa diskr\u00e9tnu a pohodln\u00fa alternat\u00edvu k tradi\u010dn\u00fdm nikot\u00ednov\u00fdm v\u00fdrobkom. Tenk\u00fd form\u00e1t zaru\u010duje pohodln\u00e9 umiestnenie pod perou, \u010do umo\u017e\u0148uje pou\u017eitie kedyko\u013evek a kdeko\u013evek. KILLA Apple vynik\u00e1 jedine\u010dnou chu\u0165ou a siln\u00fdm \u00fa\u010dinkom, v\u010faka \u010domu je ob\u013e\u00fabenou vo\u013ebou medzi nad\u0161encami nikot\u00ednov\u00fdch vrec\u00fa\u0161ok.<\/span><\/p>\n<table>\n<tbody>\n<tr>\n<td><b>Atrib\u00fat<\/b><\/td>\n<td><b>Podrobnosti<\/b><\/td>\n<\/tr>\n<tr>\n<td><span style=\"font-weight: 400;\">Obsah na plechovku<\/span><\/td>\n<td><span style=\"font-weight: 400;\">16 g (20 vrec\u00fa\u0161ok)<\/span><\/td>\n<\/tr>\n<tr>\n<td><span style=\"font-weight: 400;\">Obsah nikot\u00ednu<\/span><\/td>\n<td><span style=\"font-weight: 400;\">16 mg\/g (12,8 mg na vrecko)<\/span><\/td>\n<\/tr>\n<tr>\n<td><span style=\"font-weight: 400;\">Form\u00e1t vrecka<\/span><\/td>\n<td><span style=\"font-weight: 400;\">Slim<\/span><\/td>\n<\/tr>\n<tr>\n<td><span style=\"font-weight: 400;\">V\u00fdrobca<\/span><\/td>\n<td><span style=\"font-weight: 400;\">Imp\u00e9rium N.G.P<\/span><\/td>\n<\/tr>\n<tr>\n<td><span style=\"font-weight: 400;\">Pr\u00edchu\u0165<\/span><\/td>\n<td><span style=\"font-weight: 400;\">Zelen\u00e9 jablko<\/span><\/td>\n<\/tr>\n<tr>\n<td><span style=\"font-weight: 400;\">Typ<\/span><\/td>\n<td><span style=\"font-weight: 400;\">Celobiele vrecko, bez tabaku<\/span><\/td>\n<\/tr>\n<\/tbody>\n<\/table>","protected":false},"excerpt":{"rendered":"<p>Chrumkav\u00e9, \u0161\u0165avnat\u00e9 <strong data-start=\"13\" data-end=\"28\">zelen\u00e9 jablko<\/strong> pre osvie\u017euj\u00faci a povzbudzuj\u00faci \u00fa\u010dinok. <strong data-start=\"66\" data-end=\"74\">Slim<\/strong>, vrec\u00fa\u0161ka bez tabaku sa diskr\u00e9tne umiestnia pod pery, aby ste ich mohli kedyko\u013evek pohodlne pou\u017ei\u0165. Ka\u017ed\u00e9 vrecko obsahuje <strong data-start=\"174\" data-end=\"194\">12,8 mg nikot\u00ednu<\/strong>, a poskytuje siln\u00fd, uspokojiv\u00fd kopanec.<\/p>","protected":false},"featured_media":97630,"comment_status":"open","ping_status":"closed","template":"","format":[],"meta":{"_acf_changed":false},"product_brand":[],"product_cat":[64],"product_tag":[16676,17015],"flavours":[],"nicotine":[],"class_list":{"0":"post-97598","1":"product","2":"type-product","3":"status-publish","4":"has-post-thumbnail","6":"product_cat-killa","7":"product_tag-12-8-mg-pouch","8":"product_tag-50-off","9":"pa_quantity-1-pack","10":"pa_quantity-10-pack","11":"pa_quantity-3-pack","12":"pa_quantity-30-pack","13":"pa_quantity-5-pack","14":"pa_quantity-60-pack","16":"first","17":"instock","18":"sale","19":"taxable","20":"shipping-taxable","21":"purchasable","22":"product-type-variable"},"acf":[],"_links":{"self":[{"href":"https:\/\/whitelip.com\/sk\/wp-json\/wp\/v2\/product\/97598","targetHints":{"allow":["GET"]}}],"collection":[{"href":"https:\/\/whitelip.com\/sk\/wp-json\/wp\/v2\/product"}],"about":[{"href":"https:\/\/whitelip.com\/sk\/wp-json\/wp\/v2\/types\/product"}],"replies":[{"embeddable":true,"href":"https:\/\/whitelip.com\/sk\/wp-json\/wp\/v2\/comments?post=97598"}],"wp:featuredmedia":[{"embeddable":true,"href":"https:\/\/whitelip.com\/sk\/wp-json\/wp\/v2\/media\/97630"}],"wp:attachment":[{"href":"https:\/\/whitelip.com\/sk\/wp-json\/wp\/v2\/media?parent=97598"}],"wp:term":[{"taxonomy":"product_brand","embeddable":true,"href":"https:\/\/whitelip.com\/sk\/wp-json\/wp\/v2\/product_brand?post=97598"},{"taxonomy":"product_cat","embeddable":true,"href":"https:\/\/whitelip.com\/sk\/wp-json\/wp\/v2\/product_cat?post=97598"},{"taxonomy":"product_tag","embeddable":true,"href":"https:\/\/whitelip.com\/sk\/wp-json\/wp\/v2\/product_tag?post=97598"},{"taxonomy":"flavours","embeddable":true,"href":"https:\/\/whitelip.com\/sk\/wp-json\/wp\/v2\/flavours?post=97598"},{"taxonomy":"format","embeddable":true,"href":"https:\/\/whitelip.com\/sk\/wp-json\/wp\/v2\/format?post=97598"},{"taxonomy":"nicotine","embeddable":true,"href":"https:\/\/whitelip.com\/sk\/wp-json\/wp\/v2\/nicotine?post=97598"}],"curies":[{"name":"wp","href":"https:\/\/api.w.org\/{rel}","templated":true}]}}