{"id":97514,"date":"2026-05-08T09:31:35","date_gmt":"2026-05-08T09:31:35","guid":{"rendered":"https:\/\/whitelip.com\/?post_type=product&#038;p=97514"},"modified":"2026-05-09T10:11:28","modified_gmt":"2026-05-09T10:11:28","slug":"iceberg-cherry-apricot-gum-extreme-exp-05-06-2026","status":"publish","type":"product","link":"https:\/\/whitelip.com\/sk\/iceberg\/iceberg-cherry-apricot-gum-extreme-exp-05-06-2026\/","title":{"rendered":"ICEBERG Cherry Apricot Gum Extreme Exp.05\/06\/2026"},"content":{"rendered":"<h2>ICEBERG Cherry Apricot Gum Extreme Exp.05\/06\/2026<\/h2>\n<p><span style=\"font-weight: 400;\">Nikot\u00ednov\u00e9 vrec\u00fa\u0161ka ICEBERG Cherry Apricot Gum Extreme kombinuj\u00fa v\u00fdrazn\u00fa sladkos\u0165 \u010dere\u0161n\u00ed s jemnou pr\u00edchu\u0165ou marh\u00fa\u013e a s\u00fa zakon\u010den\u00e9 hladk\u00fdm \u017euva\u010dkov\u00fdm z\u00e1krutom. Tento jedine\u010dn\u00fd chu\u0165ov\u00fd profil pon\u00faka n\u00e1dhern\u00fd ovocn\u00fd z\u00e1\u017eitok spojen\u00fd s intenz\u00edvnym nikot\u00ednov\u00fdm n\u00e1bojom, v\u010faka \u010domu je ide\u00e1lny pre sk\u00fasen\u00fdch u\u017e\u00edvate\u013eov. Tieto tenk\u00e9 vrec\u00fa\u0161ka bez tabaku s\u00fa vytvoren\u00e9 na diskr\u00e9tne a pohodln\u00e9 pou\u017e\u00edvanie a poskytuj\u00fa aromatick\u00fa a siln\u00fa nikot\u00ednov\u00fa mo\u017enos\u0165 pre t\u00fdch, ktor\u00ed s\u00fa na cest\u00e1ch.<\/span><\/p>\n<table>\n<tbody>\n<tr>\n<td><b>Atrib\u00fat<\/b><\/td>\n<td><b>Podrobnosti<\/b><\/td>\n<\/tr>\n<tr>\n<td><span style=\"font-weight: 400;\">Obsah na plechovku<\/span><\/td>\n<td><span style=\"font-weight: 400;\">12 g (20 vrec\u00fa\u0161ok)<\/span><\/td>\n<\/tr>\n<tr>\n<td><span style=\"font-weight: 400;\">Obsah nikot\u00ednu<\/span><\/td>\n<td><span style=\"font-weight: 400;\">50 mg\/g (35 mg na vrecko)<\/span><\/td>\n<\/tr>\n<tr>\n<td><span style=\"font-weight: 400;\">Form\u00e1t vrecka<\/span><\/td>\n<td><span style=\"font-weight: 400;\">Slim<\/span><\/td>\n<\/tr>\n<tr>\n<td><span style=\"font-weight: 400;\">V\u00fdrobca<\/span><\/td>\n<td><span style=\"font-weight: 400;\">ICEBERG<\/span><\/td>\n<\/tr>\n<tr>\n<td><span style=\"font-weight: 400;\">Pr\u00edchu\u0165<\/span><\/td>\n<td><span style=\"font-weight: 400;\">\u010cere\u0161\u0148ov\u00e1 marhu\u013eov\u00e1 \u017euva\u010dka<\/span><\/td>\n<\/tr>\n<tr>\n<td><span style=\"font-weight: 400;\">Typ<\/span><\/td>\n<td><span style=\"font-weight: 400;\">Celobiele vrecko, bez tabaku<\/span><\/td>\n<\/tr>\n<\/tbody>\n<\/table>","protected":false},"excerpt":{"rendered":"<p><span style=\"font-weight: 400;\">Nikot\u00ednov\u00e9 vrec\u00fa\u0161ka ICEBERG Cherry Apricot Gum Extreme kombinuj\u00fa v\u00fdrazn\u00fa sladkos\u0165 \u010dere\u0161n\u00ed s jemnou pr\u00edchu\u0165ou marh\u00fa\u013e a s\u00fa zakon\u010den\u00e9 hladk\u00fdm \u017euva\u010dkov\u00fdm z\u00e1krutom. Tento jedine\u010dn\u00fd chu\u0165ov\u00fd profil pon\u00faka n\u00e1dhern\u00fd ovocn\u00fd z\u00e1\u017eitok spojen\u00fd s intenz\u00edvnym nikot\u00ednov\u00fdm n\u00e1bojom, v\u010faka \u010domu je ide\u00e1lny pre sk\u00fasen\u00fdch u\u017e\u00edvate\u013eov. Tieto tenk\u00e9 vrec\u00fa\u0161ka bez tabaku s\u00fa vytvoren\u00e9 na diskr\u00e9tne a pohodln\u00e9 pou\u017e\u00edvanie a poskytuj\u00fa aromatick\u00fa a siln\u00fa nikot\u00ednov\u00fa mo\u017enos\u0165 pre t\u00fdch, ktor\u00ed s\u00fa na cest\u00e1ch.<\/span><\/p>","protected":false},"featured_media":8043,"comment_status":"open","ping_status":"closed","template":"","format":[],"meta":{"_acf_changed":false},"product_brand":[],"product_cat":[50],"product_tag":[16603,17015],"flavours":[],"nicotine":[],"class_list":{"0":"post-97514","1":"product","2":"type-product","3":"status-publish","4":"has-post-thumbnail","6":"product_cat-iceberg","7":"product_tag-35-mg-pouch","8":"product_tag-50-off","9":"pa_quantity-1-pack","10":"pa_quantity-10-pack","11":"pa_quantity-3-pack","12":"pa_quantity-30-pack","13":"pa_quantity-5-pack","14":"pa_quantity-60-pack","16":"first","17":"instock","18":"sale","19":"taxable","20":"shipping-taxable","21":"purchasable","22":"product-type-variable"},"acf":[],"_links":{"self":[{"href":"https:\/\/whitelip.com\/sk\/wp-json\/wp\/v2\/product\/97514","targetHints":{"allow":["GET"]}}],"collection":[{"href":"https:\/\/whitelip.com\/sk\/wp-json\/wp\/v2\/product"}],"about":[{"href":"https:\/\/whitelip.com\/sk\/wp-json\/wp\/v2\/types\/product"}],"replies":[{"embeddable":true,"href":"https:\/\/whitelip.com\/sk\/wp-json\/wp\/v2\/comments?post=97514"}],"wp:featuredmedia":[{"embeddable":true,"href":"https:\/\/whitelip.com\/sk\/wp-json\/wp\/v2\/media\/8043"}],"wp:attachment":[{"href":"https:\/\/whitelip.com\/sk\/wp-json\/wp\/v2\/media?parent=97514"}],"wp:term":[{"taxonomy":"product_brand","embeddable":true,"href":"https:\/\/whitelip.com\/sk\/wp-json\/wp\/v2\/product_brand?post=97514"},{"taxonomy":"product_cat","embeddable":true,"href":"https:\/\/whitelip.com\/sk\/wp-json\/wp\/v2\/product_cat?post=97514"},{"taxonomy":"product_tag","embeddable":true,"href":"https:\/\/whitelip.com\/sk\/wp-json\/wp\/v2\/product_tag?post=97514"},{"taxonomy":"flavours","embeddable":true,"href":"https:\/\/whitelip.com\/sk\/wp-json\/wp\/v2\/flavours?post=97514"},{"taxonomy":"format","embeddable":true,"href":"https:\/\/whitelip.com\/sk\/wp-json\/wp\/v2\/format?post=97514"},{"taxonomy":"nicotine","embeddable":true,"href":"https:\/\/whitelip.com\/sk\/wp-json\/wp\/v2\/nicotine?post=97514"}],"curies":[{"name":"wp","href":"https:\/\/api.w.org\/{rel}","templated":true}]}}