{"id":97362,"date":"2026-05-07T12:07:09","date_gmt":"2026-05-07T12:07:09","guid":{"rendered":"https:\/\/whitelip.com\/?post_type=product&#038;p=97362"},"modified":"2026-05-09T10:11:28","modified_gmt":"2026-05-09T10:11:28","slug":"apres-ski-limited-edition","status":"publish","type":"product","link":"https:\/\/whitelip.com\/sk\/apres\/apres-ski-limited-edition\/","title":{"rendered":"APR\u00c8S Ski limitovan\u00e1 ed\u00edcia"},"content":{"rendered":"<h1 data-section-id=\"ap1ske2\" data-start=\"1\" data-end=\"50\"><strong>Apr\u00e8s Ski Limited Edition<\/strong><\/h1>\n<p data-section-id=\"ap3ske4\" data-start=\"52\" data-end=\"350\">Apr\u00e8s Ski Limited Edition je beznik\u00f3tinov\u00fd nik\u00f3tinov\u00fd s\u00e1\u010dok v \u0161t\u00edhlom form\u00e1te s ovocnou a bobu\u013eovitou pr\u00edchu\u0165ou brusnice, \u010dere\u0161ne a zmie\u0161an\u00fdch bob\u00fa\u013e, vyroben\u00fd spolo\u010dnos\u0165ou Apr\u00e8s Nicotine AB v \u0160v\u00e9dsku. Vydan\u00fd ako limitovan\u00e1 ed\u00edcia, tento produkt kombinuje vyv\u00e1\u017een\u00ed a prirodzen\u00fa sk\u00fasenos\u0165 v degust\u00e1cii s norm\u00e1lnou nik\u00f3tinovou silou. S obsahom nik\u00f3tinu 8 mg\/g (4,4 mg na s\u00e1\u010dok) je to dostupn\u00e1 a chutn\u00e1 vo\u013eba pre t\u00fdch, ktor\u00ed si u\u017e\u00edvaj\u00fa ovocn\u00fd nik\u00f3tinov\u00fd s\u00e1\u010dok na denn\u00e9 pou\u017eitie.<\/p>\n<h2 data-section-id=\"ap5ske6\" data-start=\"352\" data-end=\"370\">Chu\u0165 a sila<\/h2>\n<p data-section-id=\"ap7ske8\" data-start=\"372\" data-end=\"570\">Apr\u00e8s Ski Limited Edition delivers a well-balanced and natural flavour where tart lingonberry meets sweet cherry and mixed berries in a fruity and harmonious combination. The flavour profile is fresh and pleasant without being overwhelming, making this a reliable and enjoyable choice throughout the day. At 8mg\/g (4.4mg per pouch), the nicotine level is moderate &#8211; comfortable and approachable for everyday use regardless of experience level.<\/p>\n<h2 data-section-id=\"ap9ske0\" data-start=\"572\" data-end=\"590\">Form\u00e1t vrecka<\/h2>\n<p data-section-id=\"ap2ske5\" data-start=\"592\" data-end=\"780\">Apr\u00e8s Ski Limited Edition prich\u00e1dza v \u0161t\u00edhlom form\u00e1te. Ka\u017ed\u00e9 balenie obsahuje 20 s\u00e1\u010dkov, \u00faplne bez tab\u00e1ka a koudu. \u0160t\u00edhly s\u00e1\u010dok sa pohodlne a nen\u00e1padne umiest\u0148uje pod peru, \u010do z neho rob\u00ed praktick\u00fa a nen\u00e1padn\u00fa vo\u013ebu na pou\u017eitie kedyko\u013evek a kdeko\u013evek.<\/p>\n<h2 data-section-id=\"ap4ske7\" data-start=\"782\" data-end=\"796\">O Apr\u00e8s<\/h2>\n<p data-section-id=\"ap6ske9\" data-start=\"798\" data-end=\"1050\">Apr\u00e8s was launched in Stockholm in 2020 by Apr\u00e8s Nicotine AB and is rooted in Sweden. The brand focuses on tobacco-free nicotine pouches made with plant-based materials for both pouches and packaging. No.14 Ski Limited Edition 2 is a prime example of Apr\u00e8s&#8217; ambition to combine creative and seasonal flavour profiles with high quality.<\/p>\n<table style=\"height: 235px;\" width=\"383\">\n<tbody>\n<tr>\n<td><b>Atrib\u00fat<\/b><\/td>\n<td><b>Podrobnosti<\/b><\/td>\n<\/tr>\n<tr>\n<td><b>Zna\u010dka<\/b><\/td>\n<td><em><strong>Apr\u00e8s<\/strong><\/em><\/td>\n<\/tr>\n<tr>\n<td><b>Form\u00e1t vrecka<\/b><\/td>\n<td><em><strong>Slim<\/strong><\/em><\/td>\n<\/tr>\n<tr>\n<td><b>Sila<\/b><\/td>\n<td><em><strong>Siln\u00fd<\/strong><\/em><\/td>\n<\/tr>\n<tr>\n<td><b>V\u00fdrobca<\/b><\/td>\n<td><em><strong>Apr\u00e8s Nicotine AB<\/strong><\/em><\/td>\n<\/tr>\n<tr>\n<td><b>Pr\u00edchu\u0165<\/b><\/td>\n<td><span style=\"font-weight: 400;\">Lingonberry, cherry, mixed berries<\/span><\/td>\n<\/tr>\n<tr>\n<td><b>Obsah nikot\u00ednu<\/b><\/td>\n<td><b><span style=\"font-weight: 400;\">8mg\/g (4.4mg per pouch)<\/span><\/b><\/td>\n<\/tr>\n<tr>\n<td><b>Obsah na plechovku<\/b><\/td>\n<td><span style=\"font-weight: 400;\">20 vreciek<\/span><\/td>\n<\/tr>\n<tr>\n<td><b>Kateg\u00f3ria<\/b><\/td>\n<td><em><strong>White Snus<\/strong><\/em><\/td>\n<\/tr>\n<tr>\n<td><b>Typ<\/b><\/td>\n<td><b><span style=\"font-weight: 400;\">Celobiele vrecko, bez tabaku<\/span><\/b><\/td>\n<\/tr>\n<\/tbody>\n<\/table>\n<p>&nbsp;<\/p>","protected":false},"excerpt":{"rendered":"<p>Apr\u00e8s Ski Limited Edition je beznik\u00f3tinov\u00fd nik\u00f3tinov\u00fd s\u00e1\u010dok v \u0161t\u00edhlom form\u00e1te s ovocnou pr\u00edchu\u0165ou brusnice, \u010dere\u0161ne a zmie\u0161an\u00fdch bob\u00fa\u013e. So 8 mg\/g (4,4 mg na s\u00e1\u010dok) poskytuje be\u017en\u00fa nik\u00f3tinovu sk\u00fasenos\u0165 \u2013 dostupn\u00fa a vhodnu na denn\u00e9 pou\u017eitie. 20 s\u00e1\u010dkov v balen\u00ed, vyrobeno spolo\u010dnos\u0165ou Apr\u00e8s Nicotine AB v \u0160v\u00e9dsku.<\/p>","protected":false},"featured_media":97371,"comment_status":"open","ping_status":"closed","template":"","format":[206],"meta":{"_acf_changed":false},"product_brand":[],"product_cat":[41],"product_tag":[16549],"flavours":[196],"nicotine":[230,236],"class_list":{"0":"post-97362","1":"product","2":"type-product","3":"status-publish","4":"has-post-thumbnail","6":"product_cat-apres","7":"product_tag-4-4-mg-pouch","8":"pa_quantity-1-pack","9":"pa_quantity-10-pack","10":"pa_quantity-3-pack","11":"pa_quantity-30-pack","12":"pa_quantity-5-pack","13":"pa_quantity-60-pack","14":"flavours-fruits-berries","15":"format-slim","16":"nicotine-8-mg-g","17":"nicotine-strong","19":"first","20":"instock","21":"taxable","22":"shipping-taxable","23":"purchasable","24":"product-type-variable"},"acf":[],"_links":{"self":[{"href":"https:\/\/whitelip.com\/sk\/wp-json\/wp\/v2\/product\/97362","targetHints":{"allow":["GET"]}}],"collection":[{"href":"https:\/\/whitelip.com\/sk\/wp-json\/wp\/v2\/product"}],"about":[{"href":"https:\/\/whitelip.com\/sk\/wp-json\/wp\/v2\/types\/product"}],"replies":[{"embeddable":true,"href":"https:\/\/whitelip.com\/sk\/wp-json\/wp\/v2\/comments?post=97362"}],"wp:featuredmedia":[{"embeddable":true,"href":"https:\/\/whitelip.com\/sk\/wp-json\/wp\/v2\/media\/97371"}],"wp:attachment":[{"href":"https:\/\/whitelip.com\/sk\/wp-json\/wp\/v2\/media?parent=97362"}],"wp:term":[{"taxonomy":"product_brand","embeddable":true,"href":"https:\/\/whitelip.com\/sk\/wp-json\/wp\/v2\/product_brand?post=97362"},{"taxonomy":"product_cat","embeddable":true,"href":"https:\/\/whitelip.com\/sk\/wp-json\/wp\/v2\/product_cat?post=97362"},{"taxonomy":"product_tag","embeddable":true,"href":"https:\/\/whitelip.com\/sk\/wp-json\/wp\/v2\/product_tag?post=97362"},{"taxonomy":"flavours","embeddable":true,"href":"https:\/\/whitelip.com\/sk\/wp-json\/wp\/v2\/flavours?post=97362"},{"taxonomy":"format","embeddable":true,"href":"https:\/\/whitelip.com\/sk\/wp-json\/wp\/v2\/format?post=97362"},{"taxonomy":"nicotine","embeddable":true,"href":"https:\/\/whitelip.com\/sk\/wp-json\/wp\/v2\/nicotine?post=97362"}],"curies":[{"name":"wp","href":"https:\/\/api.w.org\/{rel}","templated":true}]}}