{"id":97045,"date":"2026-05-05T09:30:16","date_gmt":"2026-05-05T09:30:16","guid":{"rendered":"https:\/\/whitelip.com\/?post_type=product&#038;p=97045"},"modified":"2026-05-09T10:11:28","modified_gmt":"2026-05-09T10:11:28","slug":"xqs-virgin-peppermint-zero-nic","status":"publish","type":"product","link":"https:\/\/whitelip.com\/sk\/uncategorized\/xqs-virgin-peppermint-zero-nic\/","title":{"rendered":"XQS Virgin Peppermint Zero Nic"},"content":{"rendered":"<h1 data-section-id=\"xq1vpe2\" data-start=\"1\" data-end=\"50\"><strong>XQS Virgin Peppermint<\/strong><\/h1>\n<p data-section-id=\"xq3vpe4\" data-start=\"52\" data-end=\"350\">XQS Virgin Peppermint is a nicotine-free and tobacco-free snus in a slim format with a clean and refreshing peppermint flavour, produced by Insurgent Ventures II. Designed as a modern alternative to traditional snus and nicotine pouches, this product delivers a crisp and invigorating mint experience without any nicotine or tobacco whatsoever. It is an ideal choice for those who want to enjoy the ritual and flavour of a pouch without the nicotine &#8211; whether cutting down, staying nicotine-free, or simply enjoying a fresh mint taste on the go.<\/p>\n<h2 data-section-id=\"xq5vpe6\" data-start=\"352\" data-end=\"370\">Chu\u0165 a form\u00e1t<\/h2>\n<p data-section-id=\"xq7vpe8\" data-start=\"372\" data-end=\"570\">XQS Virgin Peppermint prin\u00e1\u0161a ostr\u00fa a osve\u017euj\u00facu pr\u00edchu\u0165 m\u00e4ty s jasn\u00fdm a v\u00fdrazn\u00fdm mintov\u00fdm charakterom, ktor\u00fd p\u00f4sob\u00ed \u010disto a povzbuzuj\u00faco od za\u010diatku do konca. Profil m\u00e4ty je priamy a dobre definovan\u00fd, poskytuj\u00faci uspokojuj\u00faci a chutn\u00fd z\u00e1\u017eitok bez spoliehania sa na nik\u00f3t\u00edn pre \u00fa\u010dinok. To z neho rob\u00ed skvel\u00fa vo\u013ebu pre kohoko\u013evek, kto si u\u017e\u00edva pocit a chu\u0165 vrec\u00fa\u0161ka, ale chce sa \u00faplne vyhn\u00fa\u0165 nik\u00f3t\u00ednu.<\/p>\n<h2 data-section-id=\"xq9vpe0\" data-start=\"572\" data-end=\"590\">Form\u00e1t vrecka<\/h2>\n<p data-section-id=\"xq2vpe5\" data-start=\"592\" data-end=\"780\">XQS Virgin Peppermint sa dod\u00e1va v \u0161t\u00edhlom form\u00e1te. Ka\u017ed\u00e1 plechovka obsahuje 20 vrec\u00fa\u0161ok, v\u0161etky \u00faplne bez nik\u00f3t\u00ednu a tab\u00e1ku. \u0160tihle vrec\u00fa\u0161ko sa pohodlne umiestnuje pod pery a poskytuje rovnomern\u00e9 uvo\u013e\u0148ovanie chuti v praktickom a nevidite\u013enom form\u00e1te vhodnom na pou\u017e\u00edvanie kedyko\u013evek a kdeko\u013evek.<\/p>\n<h2 data-section-id=\"xq4vpe7\" data-start=\"782\" data-end=\"796\">O spolo\u010dnosti XQS<\/h2>\n<p data-section-id=\"xq6vpe9\" data-start=\"798\" data-end=\"1050\">XQS was founded in 2006 with an initial focus on nicotine-free snus, before expanding its range to include tobacco-free nicotine pouches. Today the brand offers a wide variety of flavours and formats across both nicotine-free and nicotine-containing alternatives, making XQS one of the most versatile names in the modern snus category. XQS Virgin Peppermint represents the brand&#8217;s original commitment to flavour without compromise.<\/p>\n<table style=\"height: 235px;\" width=\"383\">\n<tbody>\n<tr>\n<td><b>Atrib\u00fat<\/b><\/td>\n<td><b>Podrobnosti<\/b><\/td>\n<\/tr>\n<tr>\n<td><b>Zna\u010dka<\/b><\/td>\n<td><em><strong>XQS<\/strong><\/em><\/td>\n<\/tr>\n<tr>\n<td><b>Form\u00e1t vrecka<\/b><\/td>\n<td><em><strong>Slim<\/strong><\/em><\/td>\n<\/tr>\n<tr>\n<td><b>Sila<\/b><\/td>\n<td><em><strong>Nicotine-Free<\/strong><\/em><\/td>\n<\/tr>\n<tr>\n<td><b>V\u00fdrobca<\/b><\/td>\n<td><em><strong>Povstaleck\u00e9 podniky II<\/strong><\/em><\/td>\n<\/tr>\n<tr>\n<td><b>Pr\u00edchu\u0165<\/b><\/td>\n<td><span style=\"font-weight: 400;\">M\u00e4ta pieporn\u00e1<\/span><\/td>\n<\/tr>\n<tr>\n<td><b>Obsah nikot\u00ednu<\/b><\/td>\n<td><b><span style=\"font-weight: 400;\">0mg (nicotine-free)<\/span><\/b><\/td>\n<\/tr>\n<tr>\n<td><b>Obsah na plechovku<\/b><\/td>\n<td><span style=\"font-weight: 400;\">20 vreciek<\/span><\/td>\n<\/tr>\n<tr>\n<td><b>Kateg\u00f3ria<\/b><\/td>\n<td><em><strong>Nicotine-Free<\/strong><\/em><\/td>\n<\/tr>\n<tr>\n<td><b>Typ<\/b><\/td>\n<td><b><span style=\"font-weight: 400;\">Celobiele vrecko, bez tabaku<\/span><\/b><\/td>\n<\/tr>\n<\/tbody>\n<\/table>\n<p>&nbsp;<\/p>","protected":false},"excerpt":{"rendered":"<p data-start=\"954\" data-end=\"1091\">XQS Virgin Peppermint je nik\u00f3t\u00edn bezplatn\u00fd a tab\u00e1k bezplatn\u00fd snus v \u0161t\u00edhlom form\u00e1te s \u010distou a osve\u017euj\u00facou pr\u00edchu\u0165ou m\u00e4ty. Perfektn\u00e1 vo\u013eba pre t\u00fdch, ktor\u00ed chc\u00fa z\u00e1\u017eitok s vrec\u00fa\u0161kom bez ak\u00e9hoko\u013evek nik\u00f3t\u00ednu. 20 vrec\u00fa\u0161ok na plechovku, vyroben\u00e9 spolo\u010dnos\u0165ou Insurgent Ventures II.<\/p>","protected":false},"featured_media":97052,"comment_status":"open","ping_status":"closed","template":"","format":[206],"meta":{"_acf_changed":false},"product_brand":[],"product_cat":[15],"product_tag":[17019,16421],"flavours":[199],"nicotine":[],"class_list":{"0":"post-97045","1":"product","2":"type-product","3":"status-publish","4":"has-post-thumbnail","6":"product_cat-uncategorized","7":"product_tag-40-off","8":"product_tag-new","9":"pa_quantity-1-pack","10":"pa_quantity-10-pack","11":"pa_quantity-3-pack","12":"pa_quantity-30-pack","13":"pa_quantity-5-pack","14":"pa_quantity-60-pack","15":"flavours-mint","16":"format-slim","18":"first","19":"instock","20":"sale","21":"taxable","22":"shipping-taxable","23":"purchasable","24":"product-type-variable"},"acf":[],"_links":{"self":[{"href":"https:\/\/whitelip.com\/sk\/wp-json\/wp\/v2\/product\/97045","targetHints":{"allow":["GET"]}}],"collection":[{"href":"https:\/\/whitelip.com\/sk\/wp-json\/wp\/v2\/product"}],"about":[{"href":"https:\/\/whitelip.com\/sk\/wp-json\/wp\/v2\/types\/product"}],"replies":[{"embeddable":true,"href":"https:\/\/whitelip.com\/sk\/wp-json\/wp\/v2\/comments?post=97045"}],"wp:featuredmedia":[{"embeddable":true,"href":"https:\/\/whitelip.com\/sk\/wp-json\/wp\/v2\/media\/97052"}],"wp:attachment":[{"href":"https:\/\/whitelip.com\/sk\/wp-json\/wp\/v2\/media?parent=97045"}],"wp:term":[{"taxonomy":"product_brand","embeddable":true,"href":"https:\/\/whitelip.com\/sk\/wp-json\/wp\/v2\/product_brand?post=97045"},{"taxonomy":"product_cat","embeddable":true,"href":"https:\/\/whitelip.com\/sk\/wp-json\/wp\/v2\/product_cat?post=97045"},{"taxonomy":"product_tag","embeddable":true,"href":"https:\/\/whitelip.com\/sk\/wp-json\/wp\/v2\/product_tag?post=97045"},{"taxonomy":"flavours","embeddable":true,"href":"https:\/\/whitelip.com\/sk\/wp-json\/wp\/v2\/flavours?post=97045"},{"taxonomy":"format","embeddable":true,"href":"https:\/\/whitelip.com\/sk\/wp-json\/wp\/v2\/format?post=97045"},{"taxonomy":"nicotine","embeddable":true,"href":"https:\/\/whitelip.com\/sk\/wp-json\/wp\/v2\/nicotine?post=97045"}],"curies":[{"name":"wp","href":"https:\/\/api.w.org\/{rel}","templated":true}]}}