{"id":9686,"date":"2025-02-12T08:40:19","date_gmt":"2025-02-12T08:40:19","guid":{"rendered":"https:\/\/whitelip.com\/iceberg-sweet-mint-extreme\/"},"modified":"2026-04-21T10:11:30","modified_gmt":"2026-04-21T10:11:30","slug":"iceberg-sweet-mint-extreme","status":"publish","type":"product","link":"https:\/\/whitelip.com\/sk\/iceberg\/iceberg-sweet-mint-extreme\/","title":{"rendered":"ICEBERG Sweet Mint Extreme"},"content":{"rendered":"<h2><strong>ICEBERG Sweet Mint Extreme<\/strong><\/h2>\n<p><span style=\"font-weight: 400;\">Nikot\u00ednov\u00e9 vrec\u00fa\u0161ka ICEBERG Sweet Mint Extreme pon\u00fakaj\u00fa siln\u00fa m\u00e4tov\u00fa pr\u00edchu\u0165 a vysok\u00fd obsah nikot\u00ednu, \u010do je vhodn\u00e9 pre sk\u00fasen\u00fdch u\u017e\u00edvate\u013eov, ktor\u00ed h\u013eadaj\u00fa siln\u00fd z\u00e1\u017eitok. Ka\u017ed\u00e9 vrec\u00fa\u0161ko tenk\u00e9ho form\u00e1tu obsahuje 50 mg nikot\u00ednu na gram, \u010do predstavuje pribli\u017ene 35 mg na vrec\u00fa\u0161ko. Vrec\u00fa\u0161ka s\u00fa navrhnut\u00e9 na diskr\u00e9tne pou\u017e\u00edvanie bez zafarbenia zubov, tak\u017ee s\u00fa ide\u00e1lne na u\u017e\u00edvanie na cest\u00e1ch. Tieto vrec\u00fa\u0161ka, ktor\u00e9 vyr\u00e1ba po\u013esk\u00fd v\u00fdrobca Neoptolem, zn\u00e1my kombin\u00e1ciou modern\u00fdch met\u00f3d s tradi\u010dnou kvalitou, s\u00fa pr\u00edkladom vysok\u00fdch \u0161tandardov a inovat\u00edvnych kombin\u00e1ci\u00ed chut\u00ed.<\/span><\/p>\n<table>\n<tbody>\n<tr>\n<td><b>Atrib\u00fat<\/b><\/td>\n<td><b>Podrobnosti<\/b><\/td>\n<\/tr>\n<tr>\n<td><b>Obsah na plechovku<\/b><\/td>\n<td><span style=\"font-weight: 400;\">13 g (20 vrec\u00fa\u0161ok)<\/span><\/td>\n<\/tr>\n<tr>\n<td><b>Obsah nikot\u00ednu<\/b><\/td>\n<td><span style=\"font-weight: 400;\">50 mg\/g (35 mg na vrecko)<\/span><\/td>\n<\/tr>\n<tr>\n<td><b>Form\u00e1t vrecka<\/b><\/td>\n<td><span style=\"font-weight: 400;\">Slim<\/span><\/td>\n<\/tr>\n<tr>\n<td><b>V\u00fdrobca<\/b><\/td>\n<td><span style=\"font-weight: 400;\">Neoptolem<\/span><\/td>\n<\/tr>\n<tr>\n<td><b>Pr\u00edchu\u0165<\/b><\/td>\n<td><span style=\"font-weight: 400;\">M\u00e4ta<\/span><\/td>\n<\/tr>\n<tr>\n<td><b>Typ<\/b><\/td>\n<td><span style=\"font-weight: 400;\">Celobiele vrecko<\/span><\/td>\n<\/tr>\n<\/tbody>\n<\/table>\n<p>\u00a0<\/p>","protected":false},"excerpt":{"rendered":"<p>ICEBERG Sladk\u00e1 m\u00e4ta pon\u00faka siln\u00fd <strong data-start=\"35\" data-end=\"49\">sladk\u00e1 m\u00e4ta<\/strong> pr\u00edchu\u0165 pre sk\u00fasen\u00fdch pou\u017e\u00edvate\u013eov. <strong data-start=\"80\" data-end=\"88\">Slim<\/strong> vrec\u00fa\u0161ka s\u00fa diskr\u00e9tne a nezafarbuj\u00fa zuby. Ka\u017ed\u00e9 vrecko obsahuje <strong data-start=\"153\" data-end=\"171\">35 mg nikot\u00ednu<\/strong>, \u010d\u00edm sa dosiahol siln\u00fd z\u00e1sah. Vyroben\u00e9 spolo\u010dnos\u0165ou Neoptolem v Po\u013esku.<\/p>","protected":false},"featured_media":9687,"comment_status":"open","ping_status":"closed","template":"","format":[206],"meta":{"_acf_changed":false},"product_brand":[],"product_cat":[50],"product_tag":[16603],"flavours":[199],"nicotine":[226,233],"class_list":{"0":"post-9686","1":"product","2":"type-product","3":"status-publish","4":"has-post-thumbnail","6":"product_cat-iceberg","7":"product_tag-35-mg-pouch","8":"pa_quantity-1-pack","9":"pa_quantity-10-pack","10":"pa_quantity-3-pack","11":"pa_quantity-30-pack","12":"pa_quantity-5-pack","13":"pa_quantity-60-pack","14":"flavours-mint","15":"format-slim","16":"nicotine-50-mg-g","17":"nicotine-extreme","19":"first","20":"instock","21":"taxable","22":"shipping-taxable","23":"purchasable","24":"product-type-variable","25":"has-default-attributes"},"acf":[],"_links":{"self":[{"href":"https:\/\/whitelip.com\/sk\/wp-json\/wp\/v2\/product\/9686","targetHints":{"allow":["GET"]}}],"collection":[{"href":"https:\/\/whitelip.com\/sk\/wp-json\/wp\/v2\/product"}],"about":[{"href":"https:\/\/whitelip.com\/sk\/wp-json\/wp\/v2\/types\/product"}],"replies":[{"embeddable":true,"href":"https:\/\/whitelip.com\/sk\/wp-json\/wp\/v2\/comments?post=9686"}],"wp:featuredmedia":[{"embeddable":true,"href":"https:\/\/whitelip.com\/sk\/wp-json\/wp\/v2\/media\/9687"}],"wp:attachment":[{"href":"https:\/\/whitelip.com\/sk\/wp-json\/wp\/v2\/media?parent=9686"}],"wp:term":[{"taxonomy":"product_brand","embeddable":true,"href":"https:\/\/whitelip.com\/sk\/wp-json\/wp\/v2\/product_brand?post=9686"},{"taxonomy":"product_cat","embeddable":true,"href":"https:\/\/whitelip.com\/sk\/wp-json\/wp\/v2\/product_cat?post=9686"},{"taxonomy":"product_tag","embeddable":true,"href":"https:\/\/whitelip.com\/sk\/wp-json\/wp\/v2\/product_tag?post=9686"},{"taxonomy":"flavours","embeddable":true,"href":"https:\/\/whitelip.com\/sk\/wp-json\/wp\/v2\/flavours?post=9686"},{"taxonomy":"format","embeddable":true,"href":"https:\/\/whitelip.com\/sk\/wp-json\/wp\/v2\/format?post=9686"},{"taxonomy":"nicotine","embeddable":true,"href":"https:\/\/whitelip.com\/sk\/wp-json\/wp\/v2\/nicotine?post=9686"}],"curies":[{"name":"wp","href":"https:\/\/api.w.org\/{rel}","templated":true}]}}