{"id":9681,"date":"2025-02-12T08:40:20","date_gmt":"2025-02-12T08:40:20","guid":{"rendered":"https:\/\/whitelip.com\/iceberg-double-mint-extreme\/"},"modified":"2026-04-29T10:11:12","modified_gmt":"2026-04-29T10:11:12","slug":"iceberg-double-mint-extreme","status":"publish","type":"product","link":"https:\/\/whitelip.com\/sk\/iceberg\/iceberg-double-mint-extreme\/","title":{"rendered":"ICEBERG Double Mint Extreme"},"content":{"rendered":"<h2><strong>ICEBERG Double Mint Extreme<\/strong><\/h2>\n<p><span style=\"font-weight: 400;\">Vrec\u00fa\u0161ka s nikot\u00ednom ICEBERG Double Mint Extreme pon\u00fakaj\u00fa v\u00fdkonn\u00fa chut' m\u00e4ty a vysok\u00fd obsah nikot\u00ednu, \u010d\u00edm sp\u013a\u0148aj\u00fa potreby sk\u00fasen\u00fdch pou\u017e\u00edvate\u013eov h\u013eadaj\u00facich robustn\u00fa sk\u00fasenos\u0165. Ka\u017ed\u00e9 vrec\u00fa\u0161ko v \u0161t\u00edhly form\u00e1te obsahuje 50 mg nikot\u00ednu na gram, \u010do sa rovn\u00e1 pribli\u017ene 35 mg na vrec\u00fa\u0161ko. Vrec\u00fa\u0161ka s\u00fa navrhnut\u00e9 na diskr\u00e9tne pou\u017eitie bez farbenia zubov, \u010d\u00edm s\u00fa ide\u00e1lne na cestovanie. Vyroben\u00e9 spolo\u010dnos\u0165ou Neoptolem, po\u013esk\u00fdm v\u00fdrobcom zn\u00e1mym t\u00fdm, \u017ee sp\u00e1ja s\u00fa\u010dasn\u00e9 met\u00f3dy s tradi\u010dnou kvalitou, tieto vrec\u00fa\u0161ka s\u00fa pr\u00edkladom vysok\u00fdch noriem a inovat\u00edvnych kombin\u00e1ci\u00ed chut\u00ed.<\/span><\/p>\n<p><b>\u0160pecifik\u00e1cie<\/b><\/p>\n<table>\n<tbody>\n<tr>\n<td><b>Atrib\u00fat<\/b><\/td>\n<td><b>Podrobnosti<\/b><\/td>\n<\/tr>\n<tr>\n<td><b>Obsah na plechovku<\/b><\/td>\n<td><span style=\"font-weight: 400;\">13 g (20 vrec\u00fa\u0161ok)<\/span><\/td>\n<\/tr>\n<tr>\n<td><b>Obsah nikot\u00ednu<\/b><\/td>\n<td><span style=\"font-weight: 400;\">50 mg\/g (35 mg na vrecko)<\/span><\/td>\n<\/tr>\n<tr>\n<td><b>Form\u00e1t vrecka<\/b><\/td>\n<td><span style=\"font-weight: 400;\">Slim<\/span><\/td>\n<\/tr>\n<tr>\n<td><b>V\u00fdrobca<\/b><\/td>\n<td><span style=\"font-weight: 400;\">Neoptolem<\/span><\/td>\n<\/tr>\n<tr>\n<td><b>Pr\u00edchu\u0165<\/b><\/td>\n<td><span style=\"font-weight: 400;\">M\u00e4ta<\/span><\/td>\n<\/tr>\n<tr>\n<td><b>Typ<\/b><\/td>\n<td><span style=\"font-weight: 400;\">Celobiele vrecko<\/span><\/td>\n<\/tr>\n<\/tbody>\n<\/table>\n<p>\u00a0<\/p>","protected":false},"excerpt":{"rendered":"<p><span style=\"font-weight: 400;\">Vrec\u00fa\u0161ka s nikot\u00ednom ICEBERG Double Mint Extreme pon\u00fakaj\u00fa v\u00fdkonn\u00fa chut' m\u00e4ty a vysok\u00fd obsah nikot\u00ednu, \u010d\u00edm sp\u013a\u0148aj\u00fa potreby sk\u00fasen\u00fdch pou\u017e\u00edvate\u013eov h\u013eadaj\u00facich robustn\u00fa sk\u00fasenos\u0165. Ka\u017ed\u00e9 vrec\u00fa\u0161ko v \u0161t\u00edhly form\u00e1te obsahuje 50 mg nikot\u00ednu na gram, \u010do sa rovn\u00e1 pribli\u017ene 35 mg na vrec\u00fa\u0161ko. Vrec\u00fa\u0161ka s\u00fa navrhnut\u00e9 na diskr\u00e9tne pou\u017eitie bez farbenia zubov, \u010d\u00edm s\u00fa ide\u00e1lne na cestovanie. Vyroben\u00e9 spolo\u010dnos\u0165ou Neoptolem, po\u013esk\u00fdm v\u00fdrobcom zn\u00e1mym t\u00fdm, \u017ee sp\u00e1ja s\u00fa\u010dasn\u00e9 met\u00f3dy s tradi\u010dnou kvalitou, tieto vrec\u00fa\u0161ka s\u00fa pr\u00edkladom vysok\u00fdch noriem a inovat\u00edvnych kombin\u00e1ci\u00ed chut\u00ed.<\/span><\/p>","protected":false},"featured_media":9682,"comment_status":"open","ping_status":"closed","template":"","format":[206],"meta":{"_acf_changed":false},"product_brand":[],"product_cat":[50],"product_tag":[16603],"flavours":[199],"nicotine":[226,233],"class_list":{"0":"post-9681","1":"product","2":"type-product","3":"status-publish","4":"has-post-thumbnail","6":"product_cat-iceberg","7":"product_tag-35-mg-pouch","8":"pa_quantity-1-pack","9":"pa_quantity-10-pack","10":"pa_quantity-3-pack","11":"pa_quantity-30-pack","12":"pa_quantity-5-pack","13":"pa_quantity-60-pack","14":"flavours-mint","15":"format-slim","16":"nicotine-50-mg-g","17":"nicotine-extreme","19":"first","20":"instock","21":"taxable","22":"shipping-taxable","23":"purchasable","24":"product-type-variable","25":"has-default-attributes"},"acf":[],"_links":{"self":[{"href":"https:\/\/whitelip.com\/sk\/wp-json\/wp\/v2\/product\/9681","targetHints":{"allow":["GET"]}}],"collection":[{"href":"https:\/\/whitelip.com\/sk\/wp-json\/wp\/v2\/product"}],"about":[{"href":"https:\/\/whitelip.com\/sk\/wp-json\/wp\/v2\/types\/product"}],"replies":[{"embeddable":true,"href":"https:\/\/whitelip.com\/sk\/wp-json\/wp\/v2\/comments?post=9681"}],"wp:featuredmedia":[{"embeddable":true,"href":"https:\/\/whitelip.com\/sk\/wp-json\/wp\/v2\/media\/9682"}],"wp:attachment":[{"href":"https:\/\/whitelip.com\/sk\/wp-json\/wp\/v2\/media?parent=9681"}],"wp:term":[{"taxonomy":"product_brand","embeddable":true,"href":"https:\/\/whitelip.com\/sk\/wp-json\/wp\/v2\/product_brand?post=9681"},{"taxonomy":"product_cat","embeddable":true,"href":"https:\/\/whitelip.com\/sk\/wp-json\/wp\/v2\/product_cat?post=9681"},{"taxonomy":"product_tag","embeddable":true,"href":"https:\/\/whitelip.com\/sk\/wp-json\/wp\/v2\/product_tag?post=9681"},{"taxonomy":"flavours","embeddable":true,"href":"https:\/\/whitelip.com\/sk\/wp-json\/wp\/v2\/flavours?post=9681"},{"taxonomy":"format","embeddable":true,"href":"https:\/\/whitelip.com\/sk\/wp-json\/wp\/v2\/format?post=9681"},{"taxonomy":"nicotine","embeddable":true,"href":"https:\/\/whitelip.com\/sk\/wp-json\/wp\/v2\/nicotine?post=9681"}],"curies":[{"name":"wp","href":"https:\/\/api.w.org\/{rel}","templated":true}]}}