{"id":9666,"date":"2025-02-12T08:40:22","date_gmt":"2025-02-12T08:40:22","guid":{"rendered":"https:\/\/whitelip.com\/iceberg-capsule-lime-soda\/"},"modified":"2026-04-21T18:02:03","modified_gmt":"2026-04-21T18:02:03","slug":"iceberg-capsule-lime-soda","status":"publish","type":"product","link":"https:\/\/whitelip.com\/sk\/iceberg\/iceberg-capsule-lime-soda\/","title":{"rendered":"ICEBERG Limetkov\u00e1 s\u00f3da v kapsuliach"},"content":{"rendered":"<h2><strong>ICEBERG Limetkov\u00e1 s\u00f3da v kapsuliach<\/strong><\/h2>\n<p><span style=\"font-weight: 400;\">Nikot\u00ednov\u00e9 vrec\u00fa\u0161ka ICEBERG Capsule Lime Soda pon\u00fakaj\u00fa osvie\u017euj\u00facu zmes limetkovej s\u00f3dy. Ka\u017ed\u00e9 vrec\u00fa\u0161ko tenk\u00e9ho form\u00e1tu obsahuje 50 mg nikot\u00ednu na gram, \u010do predstavuje pribli\u017ene 30 mg v jednom vrec\u00fa\u0161ku, a prin\u00e1\u0161a tak siln\u00fd z\u00e1\u017eitok vhodn\u00fd pre sk\u00fasen\u00fdch u\u017e\u00edvate\u013eov. Ka\u017ed\u00e9 vrec\u00fa\u0161ko obsahuje kapsulu, ktor\u00e1 sa uvo\u013e\u0148uje kliknut\u00edm, \u010do v\u00e1m umo\u017en\u00ed obohati\u0165 limetkov\u00fa pr\u00edchu\u0165 o chladiv\u00fd pr\u00eddavok m\u00e4ty, \u010d\u00edm sa vytvor\u00ed vyv\u00e1\u017een\u00fd, osvie\u017euj\u00faci profil. Vrec\u00fa\u0161ka s\u00fa navrhnut\u00e9 na diskr\u00e9tne pou\u017e\u00edvanie bez zafarbenia zubov, tak\u017ee s\u00fa ide\u00e1lne na vychutn\u00e1vanie na cest\u00e1ch. Tieto vrec\u00fa\u0161ka, ktor\u00e9 vyr\u00e1ba po\u013esk\u00fd v\u00fdrobca Neoptolem, zn\u00e1my sp\u00e1jan\u00edm modern\u00fdch met\u00f3d s tradi\u010dnou kvalitou, s\u00fa pr\u00edkladom vysok\u00fdch \u0161tandardov a inovat\u00edvnych kombin\u00e1ci\u00ed chut\u00ed.<\/span><\/p>\n<table>\n<tbody>\n<tr>\n<td><b>Atrib\u00fat<\/b><\/td>\n<td><b>Podrobnosti<\/b><\/td>\n<\/tr>\n<tr>\n<td><b>Obsah na plechovku<\/b><\/td>\n<td><span style=\"font-weight: 400;\">12 g (20 vrec\u00fa\u0161ok)<\/span><\/td>\n<\/tr>\n<tr>\n<td><b>Obsah nikot\u00ednu<\/b><\/td>\n<td><span style=\"font-weight: 400;\">50 mg\/g (30 mg na vrecko)<\/span><\/td>\n<\/tr>\n<tr>\n<td><b>Form\u00e1t vrecka<\/b><\/td>\n<td><span style=\"font-weight: 400;\">Slim<\/span><\/td>\n<\/tr>\n<tr>\n<td><b>V\u00fdrobca<\/b><\/td>\n<td><span style=\"font-weight: 400;\">Neoptolem<\/span><\/td>\n<\/tr>\n<tr>\n<td><b>Pr\u00edchu\u0165<\/b><\/td>\n<td><span style=\"font-weight: 400;\">Limetka a m\u00e4ta<\/span><\/td>\n<\/tr>\n<tr>\n<td><b>Typ<\/b><\/td>\n<td><span style=\"font-weight: 400;\">Celobiele vrecko<\/span><\/td>\n<\/tr>\n<\/tbody>\n<\/table>","protected":false},"excerpt":{"rendered":"<p>ICEBERG Capsule Lime Soda pon\u00faka osvie\u017euj\u00faci <strong data-start=\"44\" data-end=\"57\">limetkov\u00e1 s\u00f3da<\/strong> s kapsulou, ktor\u00e1 sa uvo\u013e\u0148uje kliknut\u00edm, pre extra chladiv\u00fd pr\u00edval m\u00e4ty. <strong data-start=\"120\" data-end=\"128\">Slim<\/strong> Celobiele vrec\u00fa\u0161ka sa diskr\u00e9tne umiestnia pod pery bez zafarbenia. Ka\u017ed\u00e9 vrecko obsahuje <strong data-start=\"214\" data-end=\"232\">30 mg nikot\u00ednu<\/strong>, \u010do predstavuje siln\u00fd a vyv\u00e1\u017een\u00fd \u00fader. Neobsahuje tabak. Vyr\u00e1ba Neoptolem v Po\u013esku.<\/p>","protected":false},"featured_media":9667,"comment_status":"open","ping_status":"closed","template":"","format":[206],"meta":{"_acf_changed":false},"product_brand":[],"product_cat":[50],"product_tag":[16605],"flavours":[190,199],"nicotine":[226,233],"class_list":{"0":"post-9666","1":"product","2":"type-product","3":"status-publish","4":"has-post-thumbnail","6":"product_cat-iceberg","7":"product_tag-30-mg-pouch","8":"pa_quantity-1-pack","9":"pa_quantity-10-pack","10":"pa_quantity-3-pack","11":"pa_quantity-30-pack","12":"pa_quantity-5-pack","13":"pa_quantity-60-pack","14":"flavours-citrus","15":"flavours-mint","16":"format-slim","17":"nicotine-50-mg-g","18":"nicotine-extreme","20":"first","21":"instock","22":"taxable","23":"shipping-taxable","24":"purchasable","25":"product-type-variable","26":"has-default-attributes"},"acf":[],"_links":{"self":[{"href":"https:\/\/whitelip.com\/sk\/wp-json\/wp\/v2\/product\/9666","targetHints":{"allow":["GET"]}}],"collection":[{"href":"https:\/\/whitelip.com\/sk\/wp-json\/wp\/v2\/product"}],"about":[{"href":"https:\/\/whitelip.com\/sk\/wp-json\/wp\/v2\/types\/product"}],"replies":[{"embeddable":true,"href":"https:\/\/whitelip.com\/sk\/wp-json\/wp\/v2\/comments?post=9666"}],"wp:featuredmedia":[{"embeddable":true,"href":"https:\/\/whitelip.com\/sk\/wp-json\/wp\/v2\/media\/9667"}],"wp:attachment":[{"href":"https:\/\/whitelip.com\/sk\/wp-json\/wp\/v2\/media?parent=9666"}],"wp:term":[{"taxonomy":"product_brand","embeddable":true,"href":"https:\/\/whitelip.com\/sk\/wp-json\/wp\/v2\/product_brand?post=9666"},{"taxonomy":"product_cat","embeddable":true,"href":"https:\/\/whitelip.com\/sk\/wp-json\/wp\/v2\/product_cat?post=9666"},{"taxonomy":"product_tag","embeddable":true,"href":"https:\/\/whitelip.com\/sk\/wp-json\/wp\/v2\/product_tag?post=9666"},{"taxonomy":"flavours","embeddable":true,"href":"https:\/\/whitelip.com\/sk\/wp-json\/wp\/v2\/flavours?post=9666"},{"taxonomy":"format","embeddable":true,"href":"https:\/\/whitelip.com\/sk\/wp-json\/wp\/v2\/format?post=9666"},{"taxonomy":"nicotine","embeddable":true,"href":"https:\/\/whitelip.com\/sk\/wp-json\/wp\/v2\/nicotine?post=9666"}],"curies":[{"name":"wp","href":"https:\/\/api.w.org\/{rel}","templated":true}]}}