{"id":9638,"date":"2025-01-31T10:04:39","date_gmt":"2025-01-31T10:04:39","guid":{"rendered":"https:\/\/whitelip.com\/loop-smooth-mint-hyper-strong\/"},"modified":"2026-05-06T10:11:17","modified_gmt":"2026-05-06T10:11:17","slug":"loop-smooth-mint-hyper-strong","status":"publish","type":"product","link":"https:\/\/whitelip.com\/sk\/loop\/loop-smooth-mint-hyper-strong\/","title":{"rendered":"LOOP Smooth Mint Hyper Strong"},"content":{"rendered":"<h2><strong>LOOP Smooth Mint Hyper Strong<\/strong><\/h2>\n<p>LOOP Smooth Mint Hyper Strong poskytuje mimoriadne vysok\u00e9 mno\u017estvo nikot\u00ednu spolu so svie\u017eou m\u00e4tovou pr\u00edchu\u0165ou so sladk\u00fdmi prvkami. Vrec\u00fa\u0161ka s\u00fa v tenkom form\u00e1te so silou nikot\u00ednu 25 mg\/g.<\/p>\n<ul>\n<li>Pr\u00edchu\u0165: M\u00e4ta<\/li>\n<li>Form\u00e1t: Slim<\/li>\n<li>Nikot\u00edn: 25 mg\/g<\/li>\n<li>Vreck\u00e1: 22 ks<\/li>\n<li>Hmotnos\u0165: 13,8 g<\/li>\n<li>Zna\u010dka: <a href=\"https:\/\/whitelip.se\/en\/loop\" target=\"_blank\" rel=\"noopener\">LOOP<\/a><\/li>\n<li>V\u00fdrobca: <a href=\"https:\/\/anothersnusfactory.com\/about\/\" target=\"_blank\" rel=\"noopener\">LOOP<\/a><\/li>\n<\/ul>\n<p><em><strong>O zna\u010dke: LOOP<\/strong><\/em><\/p>\n<p>Objavte pohodlie a rozmanitos\u0165 nikot\u00ednov\u00fdch vrec\u00fa\u0161ok LOOP - sortiment, ktor\u00fd sp\u00e1ja vysok\u00fa kvalitu s r\u00f4znymi vzru\u0161uj\u00facimi pr\u00edchu\u0165ami a silou nikot\u00ednu. V\u010faka diskr\u00e9tnemu a pohodln\u00e9mu dizajnu pon\u00faka LOOP \u0161t\u00fdlov\u00e9 rie\u0161enie na uspokojenie nikot\u00ednov\u00fdch t\u00fa\u017eob. Presk\u00famajte n\u00e1\u0161 \u0161irok\u00fd sortiment nikot\u00ednov\u00fdch vrec\u00fa\u0161ok LOOP a n\u00e1jdite si svoju ob\u013e\u00faben\u00fa pr\u00edchu\u0165 pre pr\u00edjemn\u00fd a diskr\u00e9tny nikot\u00ednov\u00fd z\u00e1\u017eitok kedyko\u013evek.<\/p>\n<p><em><strong>O str\u00e1nke Whitelip.se:\u00a0<\/strong><\/em><\/p>\n<p><span data-contrast=\"auto\">Vitajte na str\u00e1nke Whitelip.se, va\u0161ej kone\u010dnej destin\u00e1cii pre vysokokvalitn\u00e9 nikot\u00ednov\u00e9 vrec\u00fa\u0161ka. Presk\u00famajte n\u00e1\u0161 \u0161irok\u00fd sortiment v\u00fdrobkov navrhnut\u00fdch tak, aby uspokojili va\u0161e potreby v oblasti nikot\u00ednu, s pohodln\u00fdm doru\u010den\u00edm do Spojen\u00fdch \u0161t\u00e1tov a Eur\u00f3py a s mo\u017enos\u0165ou bezplatnej dopravy pri pokladni. Zv\u00fd\u0161te svoju spokojnos\u0165 s ka\u017ed\u00fdm n\u00e1kupom, preto\u017ee v\u00e1m prin\u00e1\u0161ame \u0161pi\u010dkov\u00e9 zna\u010dky a bezprobl\u00e9mov\u00e9 doru\u010denie a\u017e k va\u0161im dver\u00e1m. Za\u017eite maxim\u00e1lne pohodlie a prvotriednu kvalitu len na Whitelip.se. Nakupujte teraz a doprajte si p\u00f4\u017eitok z pr\u00e9miov\u00fdch nikot\u00ednov\u00fdch vrec\u00fa\u0161ok v celej bielej farbe.<\/span><\/p>","protected":false},"excerpt":{"rendered":"<p>Mimoriadne vysok\u00e1 <strong data-start=\"11\" data-end=\"26\">hladk\u00e1 m\u00e4ta<\/strong> so svie\u017eimi sladk\u00fdmi t\u00f3nmi. <strong data-start=\"52\" data-end=\"60\">Slim<\/strong>, vrec\u00fa\u0161ka bez tabaku sa diskr\u00e9tne vkladaj\u00fa pod pery, aby sa dali \u010disto a pohodlne pou\u017e\u00edva\u0165. Sila nikot\u00ednu <strong data-start=\"157\" data-end=\"168\">25 mg\/g<\/strong> pre mimoriadne siln\u00fd z\u00e1\u017eitok.<\/p>","protected":false},"featured_media":9639,"comment_status":"open","ping_status":"closed","template":"","format":[206],"meta":{"_acf_changed":false},"product_brand":[],"product_cat":[32],"product_tag":[17005],"flavours":[199],"nicotine":[232,219],"class_list":{"0":"post-9638","1":"product","2":"type-product","3":"status-publish","4":"has-post-thumbnail","6":"product_cat-loop","7":"product_tag-15-6-mg-pouch","8":"pa_quantity-1-pack","9":"pa_quantity-10-pack","10":"pa_quantity-3-pack","11":"pa_quantity-30-pack","12":"pa_quantity-5-pack","13":"pa_quantity-60-pack","14":"flavours-mint","15":"format-slim","16":"nicotine-extra-strong","17":"nicotine-25-mg-g","19":"first","20":"instock","21":"taxable","22":"shipping-taxable","23":"purchasable","24":"product-type-variable","25":"has-default-attributes"},"acf":[],"_links":{"self":[{"href":"https:\/\/whitelip.com\/sk\/wp-json\/wp\/v2\/product\/9638","targetHints":{"allow":["GET"]}}],"collection":[{"href":"https:\/\/whitelip.com\/sk\/wp-json\/wp\/v2\/product"}],"about":[{"href":"https:\/\/whitelip.com\/sk\/wp-json\/wp\/v2\/types\/product"}],"replies":[{"embeddable":true,"href":"https:\/\/whitelip.com\/sk\/wp-json\/wp\/v2\/comments?post=9638"}],"wp:featuredmedia":[{"embeddable":true,"href":"https:\/\/whitelip.com\/sk\/wp-json\/wp\/v2\/media\/9639"}],"wp:attachment":[{"href":"https:\/\/whitelip.com\/sk\/wp-json\/wp\/v2\/media?parent=9638"}],"wp:term":[{"taxonomy":"product_brand","embeddable":true,"href":"https:\/\/whitelip.com\/sk\/wp-json\/wp\/v2\/product_brand?post=9638"},{"taxonomy":"product_cat","embeddable":true,"href":"https:\/\/whitelip.com\/sk\/wp-json\/wp\/v2\/product_cat?post=9638"},{"taxonomy":"product_tag","embeddable":true,"href":"https:\/\/whitelip.com\/sk\/wp-json\/wp\/v2\/product_tag?post=9638"},{"taxonomy":"flavours","embeddable":true,"href":"https:\/\/whitelip.com\/sk\/wp-json\/wp\/v2\/flavours?post=9638"},{"taxonomy":"format","embeddable":true,"href":"https:\/\/whitelip.com\/sk\/wp-json\/wp\/v2\/format?post=9638"},{"taxonomy":"nicotine","embeddable":true,"href":"https:\/\/whitelip.com\/sk\/wp-json\/wp\/v2\/nicotine?post=9638"}],"curies":[{"name":"wp","href":"https:\/\/api.w.org\/{rel}","templated":true}]}}