{"id":96337,"date":"2026-04-28T09:53:19","date_gmt":"2026-04-28T09:53:19","guid":{"rendered":"https:\/\/whitelip.com\/?post_type=product&#038;p=96337"},"modified":"2026-04-29T10:11:36","modified_gmt":"2026-04-29T10:11:36","slug":"xqs-the-menthol-11mg","status":"publish","type":"product","link":"https:\/\/whitelip.com\/sk\/xqs\/xqs-the-menthol-11mg\/","title":{"rendered":"XQS The Menthol 11mg"},"content":{"rendered":"<h1 data-section-id=\"xq1tme2\" data-start=\"1\" data-end=\"50\"><strong>XQS The Menthol 11mg<\/strong><\/h1>\n<p data-section-id=\"xq3tme4\" data-start=\"52\" data-end=\"350\">XQS The Menthol 11mg je beznik\u00f3tinov\u00fd nik\u00f3tinov\u00fd vank\u00fa\u0161ik v stihnutom form\u00e1te s \u013eadov\u00fdm a intenz\u00edvnym mentolom, vyroben\u00fd spolo\u010dnos\u0165ou Insurgent Ventures II. Pon\u00faka ostr\u00fd a povzbudiv\u00fd chladiv\u00fd \u00fa\u010dinok, ktor\u00fd zost\u00e1va studen\u00fd a svie\u017eiaci v priebehu pou\u017eitia a pred ukon\u010den\u00edm sa zm\u00e4k\u010duje na dlhodob\u00fd \u013eadov\u00fd n\u00e1dych, \u010d\u00edm tento produkt pon\u00faka jeden z najv\u00fdraznej\u0161\u00edch chladiacich z\u00e1\u017eitkov v sortimente XQS. S obsahom nik\u00f3tinu 14,67 mg\/g (11 mg na vank\u00fa\u0161ik) je to extra siln\u00e1 mo\u017enos\u0165 pre sk\u00fasen\u00fdch pou\u017e\u00edvate\u013eov, ktor\u00ed chc\u00fa mocn\u00fd nik\u00f3tinov\u00fd \u00fader v kombin\u00e1cii s \u010distou a intenz\u00edvnou mentolovou pr\u00edchu\u0165ou.<\/p>\n<h2 data-section-id=\"xq5tme6\" data-start=\"352\" data-end=\"370\">Chu\u0165 a sila<\/h2>\n<p data-section-id=\"xq7tme8\" data-start=\"372\" data-end=\"570\">XQS The Menthol 11mg poskytuje \u010dist\u00fa a intenz\u00edvnu mentolovu pr\u00edchu\u0165, ktor\u00e1 sa zd\u00e1 by\u0165 ostr\u00e1 a \u013eadov\u00e1 od prvej chv\u00edle a postupne sa ust\u00e1li na dlhodobom a osvie\u017euj\u00facom z\u00e1vere. Mentolov\u00fd profil je \u010dist\u00fd a presne definovan\u00fd bez pocitu umelosti, \u010d\u00edm poskytuje konzistentn\u00fa a uspokojuj\u00facu chladiacu senz\u00e1ciu v priebehu pou\u017eitia. Pri 14,67 mg\/g (11 mg na vank\u00fa\u0161ik) je to extra siln\u00fd nik\u00f3tinov\u00fd vank\u00fa\u0161ik, ktor\u00fd poskytuje jasn\u00e9 a v\u00fdrazn\u00e9 uvo\u013enenie pre sk\u00fasen\u00fdch pou\u017e\u00edvate\u013eov, ktor\u00ed chc\u00fa silu aj jasne chladn\u00fd z\u00e1\u017eitok.<\/p>\n<h2 data-section-id=\"xq9tme0\" data-start=\"572\" data-end=\"590\">Form\u00e1t vrecka<\/h2>\n<p data-section-id=\"xq2tme5\" data-start=\"592\" data-end=\"780\">XQS The Menthol 11mg prich\u00e1dza v stihnutom form\u00e1te s vank\u00fa\u0161ikmi v\u00e1\u017eiacimi 0,75 g ka\u017ed\u00fd. Ka\u017ed\u00e1 d\u00f3za obsahuje 20 vank\u00fa\u0161ikov, v\u0161etky \u00faplne bez tab\u00e1ku a d\u00fdmu. Stihnut\u00fd vank\u00fa\u0161ik sed\u00ed diskr\u00e9tne a pohodlne pod spodn\u00fd ret, \u010d\u00edm poskytuje rovnomern\u00e9 uvo\u013enenie chuti a nik\u00f3tinu v praktickom a nen\u00e1padnom form\u00e1te vhodnom na ka\u017edodenn\u00e9 pou\u017eitie.<\/p>\n<h2 data-section-id=\"xq4tme7\" data-start=\"782\" data-end=\"796\">O spolo\u010dnosti XQS<\/h2>\n<p data-section-id=\"xq6tme9\" data-start=\"798\" data-end=\"1050\">XQS was founded in 2006 in Sweden and was one of the first brands to offer tobacco-free nicotine pouches. The range covers nicotine pouches and nicotine-free alternatives across a wide variety of flavours and strengths. XQS The Menthol 11mg is a prime example of the brand&#8217;s ability to combine high nicotine strength with a clean and precisely defined flavour profile.<\/p>\n<table style=\"height: 235px;\" width=\"383\">\n<tbody>\n<tr>\n<td><b>Atrib\u00fat<\/b><\/td>\n<td><b>Podrobnosti<\/b><\/td>\n<\/tr>\n<tr>\n<td><b>Zna\u010dka<\/b><\/td>\n<td><em><strong>XQS<\/strong><\/em><\/td>\n<\/tr>\n<tr>\n<td><b>Form\u00e1t vrecka<\/b><\/td>\n<td><em><strong>Slim<\/strong><\/em><\/td>\n<\/tr>\n<tr>\n<td><b>Sila<\/b><\/td>\n<td><em><strong>Extra siln\u00fd<\/strong><\/em><\/td>\n<\/tr>\n<tr>\n<td><b>V\u00fdrobca<\/b><\/td>\n<td><em><strong>Povstaleck\u00e9 podniky II<\/strong><\/em><\/td>\n<\/tr>\n<tr>\n<td><b>Pr\u00edchu\u0165<\/b><\/td>\n<td><span style=\"font-weight: 400;\">Mentol<\/span><\/td>\n<\/tr>\n<tr>\n<td><b>Obsah nikot\u00ednu<\/b><\/td>\n<td><b><span style=\"font-weight: 400;\">14.67mg\/g (11mg per pouch)<\/span><\/b><\/td>\n<\/tr>\n<tr>\n<td><b>Obsah na plechovku<\/b><\/td>\n<td><span style=\"font-weight: 400;\">20 vreciek<\/span><\/td>\n<\/tr>\n<tr>\n<td><b>Kateg\u00f3ria<\/b><\/td>\n<td><em><strong>White Snus<\/strong><\/em><\/td>\n<\/tr>\n<tr>\n<td><b>Typ<\/b><\/td>\n<td><b><span style=\"font-weight: 400;\">Celobiele vrecko, bez tabaku<\/span><\/b><\/td>\n<\/tr>\n<\/tbody>\n<\/table>\n<p>&nbsp;<\/p>","protected":false},"excerpt":{"rendered":"<p data-start=\"954\" data-end=\"1091\">XQS The Menthol 11mg je beznik\u00f3tinov\u00fd nik\u00f3tinov\u00fd vank\u00fa\u0161ik v stihnutom form\u00e1te s ostr\u00fdm a \u013eadov\u00fdm mentolom a dlhodob\u00fdm chladiacim dokon\u010den\u00edm. Pri 14,67 mg\/g (11 mg na vank\u00fa\u0161ik) poskytuje extra siln\u00fd nik\u00f3tinov\u00fd z\u00e1\u017eitok pre sk\u00fasen\u00fdch pou\u017e\u00edvate\u013eov.<\/p>","protected":false},"featured_media":96344,"comment_status":"open","ping_status":"closed","template":"","format":[206],"meta":{"_acf_changed":false},"product_brand":[],"product_cat":[27],"product_tag":[16551,16421],"flavours":[199],"nicotine":[211,232],"class_list":{"0":"post-96337","1":"product","2":"type-product","3":"status-publish","4":"has-post-thumbnail","6":"product_cat-xqs","7":"product_tag-11-mg-pouch","8":"product_tag-new","9":"pa_quantity-1-pack","10":"pa_quantity-10-pack","11":"pa_quantity-3-pack","12":"pa_quantity-30-pack","13":"pa_quantity-5-pack","14":"pa_quantity-60-pack","15":"flavours-mint","16":"format-slim","17":"nicotine-14-mg-g","18":"nicotine-extra-strong","20":"first","21":"instock","22":"taxable","23":"shipping-taxable","24":"purchasable","25":"product-type-variable"},"acf":[],"_links":{"self":[{"href":"https:\/\/whitelip.com\/sk\/wp-json\/wp\/v2\/product\/96337","targetHints":{"allow":["GET"]}}],"collection":[{"href":"https:\/\/whitelip.com\/sk\/wp-json\/wp\/v2\/product"}],"about":[{"href":"https:\/\/whitelip.com\/sk\/wp-json\/wp\/v2\/types\/product"}],"replies":[{"embeddable":true,"href":"https:\/\/whitelip.com\/sk\/wp-json\/wp\/v2\/comments?post=96337"}],"wp:featuredmedia":[{"embeddable":true,"href":"https:\/\/whitelip.com\/sk\/wp-json\/wp\/v2\/media\/96344"}],"wp:attachment":[{"href":"https:\/\/whitelip.com\/sk\/wp-json\/wp\/v2\/media?parent=96337"}],"wp:term":[{"taxonomy":"product_brand","embeddable":true,"href":"https:\/\/whitelip.com\/sk\/wp-json\/wp\/v2\/product_brand?post=96337"},{"taxonomy":"product_cat","embeddable":true,"href":"https:\/\/whitelip.com\/sk\/wp-json\/wp\/v2\/product_cat?post=96337"},{"taxonomy":"product_tag","embeddable":true,"href":"https:\/\/whitelip.com\/sk\/wp-json\/wp\/v2\/product_tag?post=96337"},{"taxonomy":"flavours","embeddable":true,"href":"https:\/\/whitelip.com\/sk\/wp-json\/wp\/v2\/flavours?post=96337"},{"taxonomy":"format","embeddable":true,"href":"https:\/\/whitelip.com\/sk\/wp-json\/wp\/v2\/format?post=96337"},{"taxonomy":"nicotine","embeddable":true,"href":"https:\/\/whitelip.com\/sk\/wp-json\/wp\/v2\/nicotine?post=96337"}],"curies":[{"name":"wp","href":"https:\/\/api.w.org\/{rel}","templated":true}]}}