{"id":9633,"date":"2025-01-31T10:02:02","date_gmt":"2025-01-31T10:02:02","guid":{"rendered":"https:\/\/whitelip.com\/loop-ice-cool-mint-hyper-strong\/"},"modified":"2026-04-29T10:11:12","modified_gmt":"2026-04-29T10:11:12","slug":"loop-ice-cool-mint-hyper-strong","status":"publish","type":"product","link":"https:\/\/whitelip.com\/sk\/loop\/loop-ice-cool-mint-hyper-strong\/","title":{"rendered":"LOOP Ice Cool Mint Hyper Strong"},"content":{"rendered":"<h2><strong>LOOP Ice Cool Mint Hyper Strong<\/strong><\/h2>\n<p><span style=\"font-weight: 400;\">LOOP Ice Cool Mint Hyper Strong prin\u00e1\u0161a svie\u017ei a osvie\u017euj\u00faci pr\u00edval \u013eadovej m\u00e4tovej pr\u00edchute, ktor\u00fd pon\u00faka osvie\u017euj\u00faci a revitalizuj\u00faci nikot\u00ednov\u00fd z\u00e1\u017eitok. Tieto tenk\u00e9 nikot\u00ednov\u00e9 vrec\u00fa\u0161ka s\u00fa ur\u010den\u00e9 pre pou\u017e\u00edvate\u013eov, ktor\u00ed h\u013eadaj\u00fa vyv\u00e1\u017een\u00fa silu nikot\u00ednu s \u010distou a chladivou chu\u0165ou. Diskr\u00e9tny form\u00e1t zaru\u010duje pohodln\u00e9 ulo\u017eenie pod perou, tak\u017ee je ide\u00e1lny na vychutn\u00e1vanie na cest\u00e1ch. LOOP Ice Cool Mint Hyper Strong poskytuje osvie\u017euj\u00faci pocit, ktor\u00fd ocenia milovn\u00edci m\u00e4ty.<\/span><\/p>\n<table>\n<tbody>\n<tr>\n<td><b>Atrib\u00fat<\/b><\/td>\n<td><b>Podrobnosti<\/b><\/td>\n<\/tr>\n<tr>\n<td><span style=\"font-weight: 400;\">Obsah na plechovku<\/span><\/td>\n<td><span style=\"font-weight: 400;\">12 g (20 vrec\u00fa\u0161ok)<\/span><\/td>\n<\/tr>\n<tr>\n<td><span style=\"font-weight: 400;\">Obsah nikot\u00ednu<\/span><\/td>\n<td><span style=\"font-weight: 400;\">25 mg\/g<\/span><\/td>\n<\/tr>\n<tr>\n<td><span style=\"font-weight: 400;\">Form\u00e1t vrecka<\/span><\/td>\n<td><span style=\"font-weight: 400;\">Slim<\/span><\/td>\n<\/tr>\n<tr>\n<td><span style=\"font-weight: 400;\">V\u00fdrobca<\/span><\/td>\n<td><span style=\"font-weight: 400;\">LOOP<\/span><\/td>\n<\/tr>\n<tr>\n<td><span style=\"font-weight: 400;\">Pr\u00edchu\u0165<\/span><\/td>\n<td><span style=\"font-weight: 400;\">\u013dadovo chladiv\u00e1 m\u00e4ta<\/span><\/td>\n<\/tr>\n<tr>\n<td><span style=\"font-weight: 400;\">Typ<\/span><\/td>\n<td><span style=\"font-weight: 400;\">Celobiele vrecko, bez tabaku<\/span><\/td>\n<\/tr>\n<\/tbody>\n<\/table>","protected":false},"excerpt":{"rendered":"<p>Svie\u017ee, povzbudiv\u00e9 <strong data-start=\"20\" data-end=\"37\">\u013eadovo chladiv\u00e1 m\u00e4ta<\/strong> s \u010dist\u00fdm, osvie\u017euj\u00facim chladom. <strong data-start=\"70\" data-end=\"78\">Slim<\/strong>, beztabakov\u00e9 vrec\u00fa\u0161ka sa diskr\u00e9tne vkladaj\u00fa pod pery na pohodln\u00e9 pou\u017e\u00edvanie na cest\u00e1ch. Poskytuje <strong data-start=\"173\" data-end=\"203\">vyv\u00e1\u017een\u00e1 sila nikot\u00ednu<\/strong> s revitaliza\u010dn\u00fdm m\u00e4tov\u00fdm povrchom.<\/p>","protected":false},"featured_media":9634,"comment_status":"open","ping_status":"closed","template":"","format":[206],"meta":{"_acf_changed":false},"product_brand":[],"product_cat":[32],"product_tag":[17005],"flavours":[199],"nicotine":[232,219],"class_list":{"0":"post-9633","1":"product","2":"type-product","3":"status-publish","4":"has-post-thumbnail","6":"product_cat-loop","7":"product_tag-15-6-mg-pouch","8":"pa_quantity-1-pack","9":"pa_quantity-10-pack","10":"pa_quantity-3-pack","11":"pa_quantity-30-pack","12":"pa_quantity-5-pack","13":"pa_quantity-60-pack","14":"flavours-mint","15":"format-slim","16":"nicotine-extra-strong","17":"nicotine-25-mg-g","19":"first","20":"instock","21":"taxable","22":"shipping-taxable","23":"purchasable","24":"product-type-variable","25":"has-default-attributes"},"acf":[],"_links":{"self":[{"href":"https:\/\/whitelip.com\/sk\/wp-json\/wp\/v2\/product\/9633","targetHints":{"allow":["GET"]}}],"collection":[{"href":"https:\/\/whitelip.com\/sk\/wp-json\/wp\/v2\/product"}],"about":[{"href":"https:\/\/whitelip.com\/sk\/wp-json\/wp\/v2\/types\/product"}],"replies":[{"embeddable":true,"href":"https:\/\/whitelip.com\/sk\/wp-json\/wp\/v2\/comments?post=9633"}],"wp:featuredmedia":[{"embeddable":true,"href":"https:\/\/whitelip.com\/sk\/wp-json\/wp\/v2\/media\/9634"}],"wp:attachment":[{"href":"https:\/\/whitelip.com\/sk\/wp-json\/wp\/v2\/media?parent=9633"}],"wp:term":[{"taxonomy":"product_brand","embeddable":true,"href":"https:\/\/whitelip.com\/sk\/wp-json\/wp\/v2\/product_brand?post=9633"},{"taxonomy":"product_cat","embeddable":true,"href":"https:\/\/whitelip.com\/sk\/wp-json\/wp\/v2\/product_cat?post=9633"},{"taxonomy":"product_tag","embeddable":true,"href":"https:\/\/whitelip.com\/sk\/wp-json\/wp\/v2\/product_tag?post=9633"},{"taxonomy":"flavours","embeddable":true,"href":"https:\/\/whitelip.com\/sk\/wp-json\/wp\/v2\/flavours?post=9633"},{"taxonomy":"format","embeddable":true,"href":"https:\/\/whitelip.com\/sk\/wp-json\/wp\/v2\/format?post=9633"},{"taxonomy":"nicotine","embeddable":true,"href":"https:\/\/whitelip.com\/sk\/wp-json\/wp\/v2\/nicotine?post=9633"}],"curies":[{"name":"wp","href":"https:\/\/api.w.org\/{rel}","templated":true}]}}