{"id":96166,"date":"2026-04-27T12:07:50","date_gmt":"2026-04-27T12:07:50","guid":{"rendered":"https:\/\/whitelip.com\/?post_type=product&#038;p=96166"},"modified":"2026-04-29T10:11:36","modified_gmt":"2026-04-29T10:11:36","slug":"x-booster-coffee-caramel-caffeine-exp-05-21-2026","status":"publish","type":"product","link":"https:\/\/whitelip.com\/sk\/x-booster\/x-booster-coffee-caramel-caffeine-exp-05-21-2026\/","title":{"rendered":"X-BOOSTER Coffee &#038; Caramel Caffeine Exp.05\/21\/2026"},"content":{"rendered":"<h2>X-BOOSTER Coffee &amp; Caramel Caffeine Exp.05\/21\/2026<\/h2>\n<p class=\"\" data-start=\"76\" data-end=\"609\">Vrec\u00fa\u0161ka X-BOOSTER Coffee &amp; Caramel Caffeine prin\u00e1\u0161aj\u00fa jemn\u00fa a vyv\u00e1\u017een\u00fa chu\u0165 k\u00e1vy a karamelu. Ka\u017ed\u00e9 tenk\u00e9 biele kofe\u00ednov\u00e9 vrec\u00fa\u0161ko obsahuje 80 mg kofe\u00ednu a pon\u00faka tak nakopnutie, ktor\u00e9 je vhodn\u00e9 pre v\u0161etk\u00fdch, ktor\u00ed maj\u00fa radi vyv\u00e1\u017een\u00fa chu\u0165 a stabiln\u00fa intenzitu. Diskr\u00e9tny, pohodln\u00fd a ne\u0161piniv\u00fd X-BOOSTER Cool Mint Caffeine je vyroben\u00fd spolo\u010dnos\u0165ou 77 Group, aby zabezpe\u010dil vysok\u00fa kvalitu, v\u00fdrazn\u00fa chu\u0165 a z\u00e1\u017eitok bez nikot\u00ednu.<\/p>\n<table>\n<tbody>\n<tr>\n<td><b>Atrib\u00fat<\/b><\/td>\n<td><b>Podrobnosti<\/b><\/td>\n<\/tr>\n<tr>\n<td><b>Obsah na plechovku<\/b><\/td>\n<td><span style=\"font-weight: 400;\">13 g (20 vrec\u00fa\u0161ok)<\/span><\/td>\n<\/tr>\n<tr>\n<td><b>Obsah nikot\u00ednu<\/b><\/td>\n<td><span style=\"font-weight: 400;\">80 mg\/s\u00e1\u010dok<\/span><\/td>\n<\/tr>\n<tr>\n<td><b>Form\u00e1t vrecka<\/b><\/td>\n<td><span style=\"font-weight: 400;\">Slim<\/span><\/td>\n<\/tr>\n<tr>\n<td><b>V\u00fdrobca<\/b><\/td>\n<td><span style=\"font-weight: 400;\">77 Skupina<\/span><\/td>\n<\/tr>\n<tr>\n<td><b>Pr\u00edchu\u0165<\/b><\/td>\n<td><span style=\"font-weight: 400;\">K\u00e1vou a karamel<\/span><\/td>\n<\/tr>\n<tr>\n<td><b>Typ<\/b><\/td>\n<td><span style=\"font-weight: 400;\">Celobiele vrecko<\/span><\/td>\n<\/tr>\n<\/tbody>\n<\/table>","protected":false},"excerpt":{"rendered":"<p class=\"translation-block\">X-BOOSTER Coffee &amp;amp; Caramel pon\u00faka jemn\u00fd, vyv\u00e1\u017een\u00fd mix k\u00e1vovej a karamelnej chuti. \u0160t\u00edhle biele vreck\u00e1 s\u00fa diskr\u00e9tne, pohodln\u00e9 a bez \u0161kv\u0155n. Ka\u017ed\u00e9 vrecko obsahuje 80 mg kofe\u00ednu na stabiln\u00fa a spo\u013eahliv\u00fa intenzitu. Vytvoren\u00e9 spolo\u010dnos\u0165ou 77 Group na vysok\u00fa kvalitu, v\u00fdrazn\u00fa chu\u0165 a sk\u00fasenos\u0165 bez nikot\u00ednu.<\/p>","protected":false},"featured_media":28021,"comment_status":"open","ping_status":"closed","template":"","format":[],"meta":{"_acf_changed":false},"product_brand":[],"product_cat":[241],"product_tag":[17015],"flavours":[],"nicotine":[],"class_list":{"0":"post-96166","1":"product","2":"type-product","3":"status-publish","4":"has-post-thumbnail","6":"product_cat-x-booster","7":"product_tag-50-off","8":"pa_quantity-1-pack","9":"pa_quantity-10-pack","10":"pa_quantity-3-pack","11":"pa_quantity-30-pack","12":"pa_quantity-5-pack","13":"pa_quantity-60-pack","15":"first","16":"instock","17":"sale","18":"taxable","19":"shipping-taxable","20":"purchasable","21":"product-type-variable"},"acf":[],"_links":{"self":[{"href":"https:\/\/whitelip.com\/sk\/wp-json\/wp\/v2\/product\/96166","targetHints":{"allow":["GET"]}}],"collection":[{"href":"https:\/\/whitelip.com\/sk\/wp-json\/wp\/v2\/product"}],"about":[{"href":"https:\/\/whitelip.com\/sk\/wp-json\/wp\/v2\/types\/product"}],"replies":[{"embeddable":true,"href":"https:\/\/whitelip.com\/sk\/wp-json\/wp\/v2\/comments?post=96166"}],"wp:featuredmedia":[{"embeddable":true,"href":"https:\/\/whitelip.com\/sk\/wp-json\/wp\/v2\/media\/28021"}],"wp:attachment":[{"href":"https:\/\/whitelip.com\/sk\/wp-json\/wp\/v2\/media?parent=96166"}],"wp:term":[{"taxonomy":"product_brand","embeddable":true,"href":"https:\/\/whitelip.com\/sk\/wp-json\/wp\/v2\/product_brand?post=96166"},{"taxonomy":"product_cat","embeddable":true,"href":"https:\/\/whitelip.com\/sk\/wp-json\/wp\/v2\/product_cat?post=96166"},{"taxonomy":"product_tag","embeddable":true,"href":"https:\/\/whitelip.com\/sk\/wp-json\/wp\/v2\/product_tag?post=96166"},{"taxonomy":"flavours","embeddable":true,"href":"https:\/\/whitelip.com\/sk\/wp-json\/wp\/v2\/flavours?post=96166"},{"taxonomy":"format","embeddable":true,"href":"https:\/\/whitelip.com\/sk\/wp-json\/wp\/v2\/format?post=96166"},{"taxonomy":"nicotine","embeddable":true,"href":"https:\/\/whitelip.com\/sk\/wp-json\/wp\/v2\/nicotine?post=96166"}],"curies":[{"name":"wp","href":"https:\/\/api.w.org\/{rel}","templated":true}]}}