{"id":96134,"date":"2026-04-27T11:15:17","date_gmt":"2026-04-27T11:15:17","guid":{"rendered":"https:\/\/whitelip.com\/?post_type=product&#038;p=96134"},"modified":"2026-04-29T10:11:36","modified_gmt":"2026-04-29T10:11:36","slug":"velo-salty-liquorice-exp-05-11-2026","status":"publish","type":"product","link":"https:\/\/whitelip.com\/sk\/velo\/velo-salty-liquorice-exp-05-11-2026\/","title":{"rendered":"VELO Salty Liquorice Exp.05\/11\/2026"},"content":{"rendered":"<h2>VELO Salty Liquorice Exp.05\/11\/2026<\/h2>\n<p><span style=\"font-weight: 400;\">VELO Slan\u00e1 sladk\u00e1 drie\u0148 predstavuje sofistikovan\u00fa zmes bohatej chuti sladk\u00e9ho drie\u0148a, obohaten\u00fa o jemn\u00e9 t\u00f3ny an\u00edzu a salmiaku, ktor\u00e1 prin\u00e1\u0161a v\u00fdrazn\u00fd a uspokojiv\u00fd chu\u0165ov\u00fd z\u00e1\u017eitok. Tieto tenk\u00e9, \u00faplne biele nikot\u00ednov\u00e9 vrec\u00fa\u0161ka s\u00fa starostlivo vyroben\u00e9 pre diskr\u00e9tne a pohodln\u00e9 nosenie, \u010do zaru\u010duje konzistentn\u00e9 a kontrolovan\u00e9 uvo\u013e\u0148ovanie chuti a nikot\u00ednu. VELO Salty Liquorice, ktor\u00fd neobsahuje tabak a je ur\u010den\u00fd pre t\u00fdch, ktor\u00ed oce\u0148uj\u00fa klasick\u00e9 sladk\u00e9 drievko, pon\u00faka rafinovan\u00fa vo\u013ebu pre pou\u017e\u00edvate\u013eov, ktor\u00ed h\u013eadaj\u00fa kvalitu a eleganciu svojich nikot\u00ednov\u00fdch v\u00fdrobkov.<\/span><\/p>\n<table>\n<tbody>\n<tr>\n<td><b>Atrib\u00fat<\/b><\/td>\n<td><b>Podrobnosti<\/b><\/td>\n<\/tr>\n<tr>\n<td><span style=\"font-weight: 400;\">Zna\u010dka<\/span><\/td>\n<td><span style=\"font-weight: 400;\">VELO<\/span><\/td>\n<\/tr>\n<tr>\n<td><span style=\"font-weight: 400;\">Typ v\u00fdrobku<\/span><\/td>\n<td><span style=\"font-weight: 400;\">V\u0161etky biele nikot\u00ednov\u00e9 vreck\u00e1<\/span><\/td>\n<\/tr>\n<tr>\n<td><span style=\"font-weight: 400;\">Form\u00e1t<\/span><\/td>\n<td><span style=\"font-weight: 400;\">Slim<\/span><\/td>\n<\/tr>\n<tr>\n<td><span style=\"font-weight: 400;\">Pr\u00edchu\u0165<\/span><\/td>\n<td><span style=\"font-weight: 400;\">Sladk\u00e9 drievko s t\u00f3nmi an\u00edzu a salmiaku<\/span><\/td>\n<\/tr>\n<tr>\n<td><span style=\"font-weight: 400;\">Sila nikot\u00ednu<\/span><\/td>\n<td><span style=\"font-weight: 400;\">14 mg\/g (10 mg na vrecko)<\/span><\/td>\n<\/tr>\n<tr>\n<td><span style=\"font-weight: 400;\">Hmotnos\u0165 porcie<\/span><\/td>\n<td><span style=\"font-weight: 400;\">0,7 gramu<\/span><\/td>\n<\/tr>\n<tr>\n<td><span style=\"font-weight: 400;\">Po\u010det porci\u00ed<\/span><\/td>\n<td><span style=\"font-weight: 400;\">20 za plechovku<\/span><\/td>\n<\/tr>\n<tr>\n<td><span style=\"font-weight: 400;\">Celkov\u00e1 hmotnos\u0165 plechovky<\/span><\/td>\n<td><span style=\"font-weight: 400;\">14 gramov<\/span><\/td>\n<\/tr>\n<tr>\n<td><span style=\"font-weight: 400;\">V\u00fdrobca<\/span><\/td>\n<td><span style=\"font-weight: 400;\">BAT<\/span><\/td>\n<\/tr>\n<tr>\n<td><span style=\"font-weight: 400;\">Pozoruhodn\u00e9 funkcie<\/span><\/td>\n<td><span style=\"font-weight: 400;\">Bez tabaku, diskr\u00e9tne tenk\u00e9 porcie, vyv\u00e1\u017een\u00fd profil chuti sladk\u00e9ho drievka<\/span><\/td>\n<\/tr>\n<\/tbody>\n<\/table>","protected":false},"excerpt":{"rendered":"<p>VELO Nikot\u00ednov\u00e9 vrec\u00fa\u0161ka Salty Liquorice prin\u00e1\u0161aj\u00fa bohat\u00fa, v\u00fdrazn\u00fa <strong data-start=\"66\" data-end=\"85\">Slan\u00e9 sladk\u00e9 drievko<\/strong> chu\u0165 s t\u00f3nmi an\u00edzu a salmiaku. <strong data-start=\"126\" data-end=\"134\">Slim<\/strong>, \u00faplne biely form\u00e1t pre diskr\u00e9tne, pohodln\u00e9 pou\u017e\u00edvanie a konzistentn\u00e9, rafinovan\u00e9 uvo\u013e\u0148ovanie. Ka\u017ed\u00e9 vrecko obsahuje <strong data-start=\"238\" data-end=\"256\">10 mg nikot\u00ednu<\/strong>.<\/p>","protected":false},"featured_media":8340,"comment_status":"open","ping_status":"closed","template":"","format":[206],"meta":{"_acf_changed":false},"product_brand":[],"product_cat":[48],"product_tag":[16587,17015],"flavours":[198],"nicotine":[],"class_list":{"0":"post-96134","1":"product","2":"type-product","3":"status-publish","4":"has-post-thumbnail","6":"product_cat-velo","7":"product_tag-10-mg-pouch","8":"product_tag-50-off","9":"pa_quantity-1-pack","10":"pa_quantity-10-pack","11":"pa_quantity-3-pack","12":"pa_quantity-30-pack","13":"pa_quantity-5-pack","14":"pa_quantity-60-pack","15":"flavours-licorice","16":"format-slim","18":"first","19":"instock","20":"sale","21":"taxable","22":"shipping-taxable","23":"purchasable","24":"product-type-variable"},"acf":[],"_links":{"self":[{"href":"https:\/\/whitelip.com\/sk\/wp-json\/wp\/v2\/product\/96134","targetHints":{"allow":["GET"]}}],"collection":[{"href":"https:\/\/whitelip.com\/sk\/wp-json\/wp\/v2\/product"}],"about":[{"href":"https:\/\/whitelip.com\/sk\/wp-json\/wp\/v2\/types\/product"}],"replies":[{"embeddable":true,"href":"https:\/\/whitelip.com\/sk\/wp-json\/wp\/v2\/comments?post=96134"}],"wp:featuredmedia":[{"embeddable":true,"href":"https:\/\/whitelip.com\/sk\/wp-json\/wp\/v2\/media\/8340"}],"wp:attachment":[{"href":"https:\/\/whitelip.com\/sk\/wp-json\/wp\/v2\/media?parent=96134"}],"wp:term":[{"taxonomy":"product_brand","embeddable":true,"href":"https:\/\/whitelip.com\/sk\/wp-json\/wp\/v2\/product_brand?post=96134"},{"taxonomy":"product_cat","embeddable":true,"href":"https:\/\/whitelip.com\/sk\/wp-json\/wp\/v2\/product_cat?post=96134"},{"taxonomy":"product_tag","embeddable":true,"href":"https:\/\/whitelip.com\/sk\/wp-json\/wp\/v2\/product_tag?post=96134"},{"taxonomy":"flavours","embeddable":true,"href":"https:\/\/whitelip.com\/sk\/wp-json\/wp\/v2\/flavours?post=96134"},{"taxonomy":"format","embeddable":true,"href":"https:\/\/whitelip.com\/sk\/wp-json\/wp\/v2\/format?post=96134"},{"taxonomy":"nicotine","embeddable":true,"href":"https:\/\/whitelip.com\/sk\/wp-json\/wp\/v2\/nicotine?post=96134"}],"curies":[{"name":"wp","href":"https:\/\/api.w.org\/{rel}","templated":true}]}}