{"id":9595,"date":"2025-01-28T13:01:22","date_gmt":"2025-01-28T13:01:22","guid":{"rendered":"https:\/\/whitelip.com\/helwit-pear\/"},"modified":"2026-04-27T10:10:31","modified_gmt":"2026-04-27T10:10:31","slug":"helwit-pear","status":"publish","type":"product","link":"https:\/\/whitelip.com\/sk\/helwit\/helwit-pear\/","title":{"rendered":"Hru\u0161ka HELWIT"},"content":{"rendered":"<h2><strong>Hru\u0161ka HELWIT<\/strong><\/h2>\n<p><span style=\"font-weight: 400;\">Nikot\u00ednov\u00e9 vrec\u00fa\u0161ka HELWIT Pear pon\u00fakaj\u00fa lahodn\u00fa zmes \u010derstvo natrhan\u00fdch hru\u0161iek. Ka\u017ed\u00e9 vrec\u00fa\u0161ko tenk\u00e9ho form\u00e1tu obsahuje 9 mg nikot\u00ednu na gram, \u010do predstavuje pribli\u017ene 4,5 mg na vrec\u00fa\u0161ko, a poskytuje tak vyv\u00e1\u017een\u00fd z\u00e1\u017eitok vhodn\u00fd pre pravideln\u00fdch u\u017e\u00edvate\u013eov. Vrec\u00fa\u0161ka s\u00fa navrhnut\u00e9 na diskr\u00e9tne pou\u017e\u00edvanie bez zafarbenia zubov. Tieto vrec\u00fa\u0161ka, ktor\u00e9 vyr\u00e1ba \u0161v\u00e9dsky v\u00fdrobca YOIK AB, zn\u00e1my kombin\u00e1ciou modern\u00fdch met\u00f3d s tradi\u010dnou kvalitou, s\u00fa pr\u00edkladom vysok\u00fdch \u0161tandardov a inovat\u00edvnych kombin\u00e1ci\u00ed chut\u00ed.<\/span><\/p>\n<table>\n<tbody>\n<tr>\n<td><b>Atrib\u00fat<\/b><\/td>\n<td><b>Podrobnosti<\/b><\/td>\n<\/tr>\n<tr>\n<td><b>Obsah na plechovku<\/b><\/td>\n<td><span style=\"font-weight: 400;\">10 g (20 vrec\u00fa\u0161ok)<\/span><\/td>\n<\/tr>\n<tr>\n<td><b>Obsah nikot\u00ednu<\/b><\/td>\n<td><span style=\"font-weight: 400;\">9 mg\/g (4,5 mg na vrecko)<\/span><\/td>\n<\/tr>\n<tr>\n<td><b>Form\u00e1t vrecka<\/b><\/td>\n<td><span style=\"font-weight: 400;\">Slim<\/span><\/td>\n<\/tr>\n<tr>\n<td><b>V\u00fdrobca<\/b><\/td>\n<td><span style=\"font-weight: 400;\">SPOLO\u010cNOS\u0164 YOIK AB<\/span><\/td>\n<\/tr>\n<tr>\n<td><b>Pr\u00edchu\u0165<\/b><\/td>\n<td><span style=\"font-weight: 400;\">Mocha (k\u00e1va, karamel, \u010dokol\u00e1da)<\/span><\/td>\n<\/tr>\n<tr>\n<td><b>Typ<\/b><\/td>\n<td><span style=\"font-weight: 400;\">Celobiele vrecko<\/span><\/td>\n<\/tr>\n<\/tbody>\n<\/table>","protected":false},"excerpt":{"rendered":"<p>\u0160\u0165avnat\u00e9, \u010derstv\u00e9 <strong data-start=\"13\" data-end=\"21\">hru\u0161ka<\/strong> chu\u0165 s jemn\u00fdm, vyv\u00e1\u017een\u00fdm profilom. <strong data-start=\"62\" data-end=\"70\">Slim<\/strong>, \u00faplne biele vrec\u00fa\u0161ka bez tabaku sa diskr\u00e9tne umiestnia pod pery a nezafarbia zuby. Ka\u017ed\u00e9 vrec\u00fa\u0161ko obsahuje <strong data-start=\"176\" data-end=\"196\">~4,5 mg nikot\u00ednu<\/strong> (9 mg\/g), \u010do prin\u00e1\u0161a vyv\u00e1\u017een\u00e9 a uspokojuj\u00face uvo\u013e\u0148ovanie. V\u00fdrobca: YOIK AB (\u0160v\u00e9dsko).<\/p>","protected":false},"featured_media":9596,"comment_status":"open","ping_status":"closed","template":"","format":[206],"meta":{"_acf_changed":false},"product_brand":[],"product_cat":[52],"product_tag":[16595],"flavours":[196],"nicotine":[231,236],"class_list":{"0":"post-9595","1":"product","2":"type-product","3":"status-publish","4":"has-post-thumbnail","6":"product_cat-helwit","7":"product_tag-4-5-mg-pouch","8":"pa_quantity-1-pack","9":"pa_quantity-10-pack","10":"pa_quantity-3-pack","11":"pa_quantity-30-pack","12":"pa_quantity-5-pack","13":"pa_quantity-60-pack","14":"flavours-fruits-berries","15":"format-slim","16":"nicotine-9-mg-g","17":"nicotine-strong","19":"first","20":"outofstock","21":"taxable","22":"shipping-taxable","23":"purchasable","24":"product-type-variable","25":"has-default-attributes"},"acf":[],"_links":{"self":[{"href":"https:\/\/whitelip.com\/sk\/wp-json\/wp\/v2\/product\/9595","targetHints":{"allow":["GET"]}}],"collection":[{"href":"https:\/\/whitelip.com\/sk\/wp-json\/wp\/v2\/product"}],"about":[{"href":"https:\/\/whitelip.com\/sk\/wp-json\/wp\/v2\/types\/product"}],"replies":[{"embeddable":true,"href":"https:\/\/whitelip.com\/sk\/wp-json\/wp\/v2\/comments?post=9595"}],"wp:featuredmedia":[{"embeddable":true,"href":"https:\/\/whitelip.com\/sk\/wp-json\/wp\/v2\/media\/9596"}],"wp:attachment":[{"href":"https:\/\/whitelip.com\/sk\/wp-json\/wp\/v2\/media?parent=9595"}],"wp:term":[{"taxonomy":"product_brand","embeddable":true,"href":"https:\/\/whitelip.com\/sk\/wp-json\/wp\/v2\/product_brand?post=9595"},{"taxonomy":"product_cat","embeddable":true,"href":"https:\/\/whitelip.com\/sk\/wp-json\/wp\/v2\/product_cat?post=9595"},{"taxonomy":"product_tag","embeddable":true,"href":"https:\/\/whitelip.com\/sk\/wp-json\/wp\/v2\/product_tag?post=9595"},{"taxonomy":"flavours","embeddable":true,"href":"https:\/\/whitelip.com\/sk\/wp-json\/wp\/v2\/flavours?post=9595"},{"taxonomy":"format","embeddable":true,"href":"https:\/\/whitelip.com\/sk\/wp-json\/wp\/v2\/format?post=9595"},{"taxonomy":"nicotine","embeddable":true,"href":"https:\/\/whitelip.com\/sk\/wp-json\/wp\/v2\/nicotine?post=9595"}],"curies":[{"name":"wp","href":"https:\/\/api.w.org\/{rel}","templated":true}]}}