{"id":9565,"date":"2025-01-28T11:35:10","date_gmt":"2025-01-28T11:35:10","guid":{"rendered":"https:\/\/whitelip.com\/helwit-blueberry-extra-strong\/"},"modified":"2026-04-27T10:10:31","modified_gmt":"2026-04-27T10:10:31","slug":"helwit-blueberry-extra-strong","status":"publish","type":"product","link":"https:\/\/whitelip.com\/sk\/helwit\/helwit-blueberry-extra-strong\/","title":{"rendered":"HELWIT Blueberry Extra Strong"},"content":{"rendered":"<h2><strong>HELWIT Blueberry Extra Strong<\/strong><\/h2>\n<p><span style=\"font-weight: 400;\">Nikot\u00ednov\u00e9 vrec\u00fa\u0161ka HELWIT Blueberry Extra Strong pon\u00fakaj\u00fa n\u00e1dhern\u00fa zmes sladkej a svie\u017eej pr\u00edchute \u010du\u010doriedok, ktor\u00e1 pripom\u00edna pokojn\u00fa prech\u00e1dzku lesom. Ka\u017ed\u00e9 vrec\u00fa\u0161ko tenk\u00e9ho form\u00e1tu obsahuje 7,5 mg nikot\u00ednu v jednom vrec\u00fa\u0161ku, \u010do poskytuje vyv\u00e1\u017een\u00fd z\u00e1\u017eitok vhodn\u00fd pre pravideln\u00fdch u\u017e\u00edvate\u013eov. Vrec\u00fa\u0161ka s\u00fa navrhnut\u00e9 na diskr\u00e9tne pou\u017e\u00edvanie bez zafarbenia zubov, tak\u017ee s\u00fa ide\u00e1lne na u\u017e\u00edvanie na cest\u00e1ch. Tieto vrec\u00fa\u0161ka vyr\u00e1ba spolo\u010dnos\u0165 YOIK AB, \u0161v\u00e9dsky v\u00fdrobca zn\u00e1my sp\u00e1jan\u00edm modern\u00fdch met\u00f3d s tradi\u010dnou kvalitou, a s\u00fa tak pr\u00edkladom vysok\u00fdch \u0161tandardov a inovat\u00edvnych kombin\u00e1ci\u00ed chut\u00ed.<\/span><\/p>\n<table>\n<tbody>\n<tr>\n<td><b>Atrib\u00fat<\/b><\/td>\n<td><b>Podrobnosti<\/b><\/td>\n<\/tr>\n<tr>\n<td><b>Obsah na plechovku<\/b><\/td>\n<td><span style=\"font-weight: 400;\">10 g (20 vrec\u00fa\u0161ok)<\/span><\/td>\n<\/tr>\n<tr>\n<td><b>Obsah nikot\u00ednu<\/b><\/td>\n<td><span style=\"font-weight: 400;\">15 mg\/g (7,5 mg na vrecko)<\/span><\/td>\n<\/tr>\n<tr>\n<td><b>Form\u00e1t vrecka<\/b><\/td>\n<td><span style=\"font-weight: 400;\">Slim<\/span><\/td>\n<\/tr>\n<tr>\n<td><b>V\u00fdrobca<\/b><\/td>\n<td><span style=\"font-weight: 400;\">SPOLO\u010cNOS\u0164 YOIK AB<\/span><\/td>\n<\/tr>\n<tr>\n<td><b>Pr\u00edchu\u0165<\/b><\/td>\n<td><span style=\"font-weight: 400;\">\u010cu\u010doriedky<\/span><\/td>\n<\/tr>\n<tr>\n<td><b>Typ<\/b><\/td>\n<td><span style=\"font-weight: 400;\">Celobiele vrecko<\/span><\/td>\n<\/tr>\n<\/tbody>\n<\/table>","protected":false},"excerpt":{"rendered":"<article class=\"text-token-text-primary w-full focus:outline-none [--shadow-height:45px] has-data-writing-block:pointer-events-none has-data-writing-block:-mt-(--shadow-height) has-data-writing-block:pt-(--shadow-height) [&amp;:has([data-writing-block])&gt;*]:pointer-events-auto [content-visibility:auto] supports-[content-visibility:auto]:[contain-intrinsic-size:auto_100lvh] scroll-mt-[calc(var(--header-height)+min(200px,max(70px,20svh)))]\" dir=\"auto\" tabindex=\"-1\" data-turn-id=\"9ce0c935-7513-48a1-abfa-6bef7dc1ef9b\" data-testid=\"conversation-turn-100\" data-scroll-anchor=\"true\" data-turn=\"assistant\">\n<div class=\"text-base my-auto mx-auto pb-10 [--thread-content-margin:--spacing(4)] thread-sm:[--thread-content-margin:--spacing(6)] thread-lg:[--thread-content-margin:--spacing(16)] px-(--thread-content-margin)\">\n<div class=\"[--thread-content-max-width:40rem] thread-lg:[--thread-content-max-width:48rem] mx-auto max-w-(--thread-content-max-width) flex-1 group\/turn-messages focus-visible:outline-hidden relative flex w-full min-w-0 flex-col agent-turn\" tabindex=\"-1\">\n<div class=\"flex max-w-full flex-col grow\">\n<div class=\"min-h-8 text-message relative flex w-full flex-col items-end gap-2 text-start break-words whitespace-normal [.text-message+&amp;]:mt-1\" dir=\"auto\" data-message-author-role=\"assistant\" data-message-id=\"eeaeb8e0-d695-41c0-9b68-055c2cd116ab\" data-message-model-slug=\"gpt-5-thinking\">\n<div class=\"flex w-full flex-col gap-1 empty:hidden first:pt-[1px]\">\n<div class=\"markdown prose dark:prose-invert w-full break-words dark markdown-new-styling\">\n<p data-start=\"0\" data-end=\"268\" data-is-last-node=\"\" data-is-only-node=\"\">Sweet, fresh <strong data-start=\"13\" data-end=\"26\">blueberry<\/strong> reminiscent of a serene forest stroll. <strong data-start=\"66\" data-end=\"74\">Slim<\/strong>, all-white, tobacco-free pouches sit discreetly under the lip and won\u2019t stain teeth, ideal for on-the-go use. Each pouch contains <strong data-start=\"205\" data-end=\"224\">7,5 mg nicotine<\/strong>, delivering a balanced, satisfying release.<\/p>\n<\/div>\n<\/div>\n<\/div>\n<\/div>\n<div class=\"z-0 flex min-h-[46px] justify-start\"><\/div>\n<div class=\"mt-3 w-full empty:hidden\">\n<div class=\"text-center\"><\/div>\n<\/div>\n<\/div>\n<\/div>\n<\/article>\n<div class=\"pointer-events-none h-px w-px\" aria-hidden=\"true\" data-edge=\"true\"><\/div>\n","protected":false},"featured_media":9566,"comment_status":"open","ping_status":"closed","template":"","format":[206],"meta":{"_acf_changed":false},"product_brand":[],"product_cat":[52],"product_tag":[16601],"flavours":[196],"nicotine":[212,232],"class_list":{"0":"post-9565","1":"product","2":"type-product","3":"status-publish","4":"has-post-thumbnail","6":"product_cat-helwit","7":"product_tag-7-5-mg-pouch","8":"pa_quantity-1-pack","9":"pa_quantity-10-pack","10":"pa_quantity-3-pack","11":"pa_quantity-30-pack","12":"pa_quantity-5-pack","13":"pa_quantity-60-pack","14":"flavours-fruits-berries","15":"format-slim","16":"nicotine-15-mg-g","17":"nicotine-extra-strong","19":"first","20":"instock","21":"taxable","22":"shipping-taxable","23":"purchasable","24":"product-type-variable","25":"has-default-attributes"},"acf":[],"_links":{"self":[{"href":"https:\/\/whitelip.com\/sk\/wp-json\/wp\/v2\/product\/9565","targetHints":{"allow":["GET"]}}],"collection":[{"href":"https:\/\/whitelip.com\/sk\/wp-json\/wp\/v2\/product"}],"about":[{"href":"https:\/\/whitelip.com\/sk\/wp-json\/wp\/v2\/types\/product"}],"replies":[{"embeddable":true,"href":"https:\/\/whitelip.com\/sk\/wp-json\/wp\/v2\/comments?post=9565"}],"wp:featuredmedia":[{"embeddable":true,"href":"https:\/\/whitelip.com\/sk\/wp-json\/wp\/v2\/media\/9566"}],"wp:attachment":[{"href":"https:\/\/whitelip.com\/sk\/wp-json\/wp\/v2\/media?parent=9565"}],"wp:term":[{"taxonomy":"product_brand","embeddable":true,"href":"https:\/\/whitelip.com\/sk\/wp-json\/wp\/v2\/product_brand?post=9565"},{"taxonomy":"product_cat","embeddable":true,"href":"https:\/\/whitelip.com\/sk\/wp-json\/wp\/v2\/product_cat?post=9565"},{"taxonomy":"product_tag","embeddable":true,"href":"https:\/\/whitelip.com\/sk\/wp-json\/wp\/v2\/product_tag?post=9565"},{"taxonomy":"flavours","embeddable":true,"href":"https:\/\/whitelip.com\/sk\/wp-json\/wp\/v2\/flavours?post=9565"},{"taxonomy":"format","embeddable":true,"href":"https:\/\/whitelip.com\/sk\/wp-json\/wp\/v2\/format?post=9565"},{"taxonomy":"nicotine","embeddable":true,"href":"https:\/\/whitelip.com\/sk\/wp-json\/wp\/v2\/nicotine?post=9565"}],"curies":[{"name":"wp","href":"https:\/\/api.w.org\/{rel}","templated":true}]}}